{"id":1287,"date":"2024-09-17T12:59:09","date_gmt":"2024-09-17T10:59:09","guid":{"rendered":"https:\/\/semmelweis.hu\/rehabilitaciosklinika\/?page_id=1287"},"modified":"2024-11-28T14:56:30","modified_gmt":"2024-11-28T13:56:30","slug":"laborkoordinacio","status":"publish","type":"page","link":"https:\/\/semmelweis.hu\/rehabilitaciosklinika\/betegellatas\/diagnosztika\/laborkoordinacio\/","title":{"rendered":"Laborkoordin\u00e1ci\u00f3"},"content":{"rendered":"<div class=\"w-100 keretes\">\n<p><strong>Helye: <\/strong>A \u00e9p\u00fclet f\u00f6ldszint 1 ajt\u00f3<\/p>\n<p><strong>Vezet\u0151:<\/strong> Dr. Boros Erzs\u00e9bet<br \/>\n<strong>Laborkoordin\u00e1tor:<\/strong> Simonn\u00e9 Gy\u00f6rgy Hajnal<\/p>\n<\/div>\n<p>A Laborkoordin\u00e1ci\u00f3 az int\u00e9zet fekv\u0151 \u00e9s j\u00e1r\u00f3 beteg ell\u00e1t\u00e1s\u00e1hoz sz\u00fcks\u00e9ges laborat\u00f3riumi sz\u00fcks\u00e9gleteit koordin\u00e1lja, \u00e1tveszi a vizsg\u00e1lati anyagokat, elv\u00e9gzi \u00e9s ellen\u0151rzi a sz\u00fcks\u00e9ges adminisztr\u00e1ci\u00f3t, gondoskodik a vizsg\u00e1lati anyagok tov\u00e1bb\u00edt\u00e1s\u00e1r\u00f3l, az int\u00e9zettel szerz\u0151d\u00e9sben \u00e1ll\u00f3 szolg\u00e1ltat\u00f3k fel\u00e9, valamint a vissza\u00e9rkezett vizsg\u00e1lati eredm\u00e9nyeket, a vizsg\u00e1latot k\u00e9r\u0151 egys\u00e9geknek elk\u00fcldi. Seg\u00edts\u00e9get ny\u00fajt a laborat\u00f3riumi vizsg\u00e1latokkal kapcsolatos k\u00e9rd\u00e9sekben. R\u00e9szt vesz a k\u00f3rh\u00e1zi fert\u0151z\u00e9sek megel\u0151z\u00e9s\u00e9ben.<\/p>\n","protected":false},"excerpt":{"rendered":"<p>Helye: A \u00e9p\u00fclet f\u00f6ldszint 1 ajt\u00f3 Vezet\u0151: Dr. Boros Erzs\u00e9bet Laborkoordin\u00e1tor: Simonn\u00e9 Gy\u00f6rgy Hajnal A Laborkoordin\u00e1ci\u00f3 az int\u00e9zet fekv\u0151 \u00e9s j\u00e1r\u00f3 beteg ell\u00e1t\u00e1s\u00e1hoz sz\u00fcks\u00e9ges laborat\u00f3riumi sz\u00fcks\u00e9gleteit koordin\u00e1lja, \u00e1tveszi a vizsg\u00e1lati anyagokat, elv\u00e9gzi \u00e9s ellen\u0151rzi a sz\u00fcks\u00e9ges adminisztr\u00e1ci\u00f3t, gondoskodik a vizsg\u00e1lati anyagok tov\u00e1bb\u00edt\u00e1s\u00e1r\u00f3l, az int\u00e9zettel szerz\u0151d\u00e9sben \u00e1ll\u00f3 szolg\u00e1ltat\u00f3k fel\u00e9, valamint a vissza\u00e9rkezett vizsg\u00e1lati eredm\u00e9nyeket, a vizsg\u00e1latot &hellip;<\/p>\n","protected":false},"author":102388,"featured_media":0,"parent":1240,"menu_order":0,"comment_status":"closed","ping_status":"closed","template":"","meta":{"_acf_changed":false,"footnotes":""},"categories":[],"tags":[],"class_list":["post-1287","page","type-page","status-publish","hentry"],"acf":[],"_links":{"self":[{"href":"https:\/\/semmelweis.hu\/rehabilitaciosklinika\/wp-json\/wp\/v2\/pages\/1287","targetHints":{"allow":["GET"]}}],"collection":[{"href":"https:\/\/semmelweis.hu\/rehabilitaciosklinika\/wp-json\/wp\/v2\/pages"}],"about":[{"href":"https:\/\/semmelweis.hu\/rehabilitaciosklinika\/wp-json\/wp\/v2\/types\/page"}],"author":[{"embeddable":true,"href":"https:\/\/semmelweis.hu\/rehabilitaciosklinika\/wp-json\/wp\/v2\/users\/102388"}],"replies":[{"embeddable":true,"href":"https:\/\/semmelweis.hu\/rehabilitaciosklinika\/wp-json\/wp\/v2\/comments?post=1287"}],"version-history":[{"count":5,"href":"https:\/\/semmelweis.hu\/rehabilitaciosklinika\/wp-json\/wp\/v2\/pages\/1287\/revisions"}],"predecessor-version":[{"id":2582,"href":"https:\/\/semmelweis.hu\/rehabilitaciosklinika\/wp-json\/wp\/v2\/pages\/1287\/revisions\/2582"}],"up":[{"embeddable":true,"href":"https:\/\/semmelweis.hu\/rehabilitaciosklinika\/wp-json\/wp\/v2\/pages\/1240"}],"wp:attachment":[{"href":"https:\/\/semmelweis.hu\/rehabilitaciosklinika\/wp-json\/wp\/v2\/media?parent=1287"}],"wp:term":[{"taxonomy":"category","embeddable":true,"href":"https:\/\/semmelweis.hu\/rehabilitaciosklinika\/wp-json\/wp\/v2\/categories?post=1287"},{"taxonomy":"post_tag","embeddable":true,"href":"https:\/\/semmelweis.hu\/rehabilitaciosklinika\/wp-json\/wp\/v2\/tags?post=1287"}],"curies":[{"name":"wp","href":"https:\/\/api.w.org\/{rel}","templated":true}]}}