{"id":1284,"date":"2024-09-17T12:57:34","date_gmt":"2024-09-17T10:57:34","guid":{"rendered":"https:\/\/semmelweis.hu\/rehabilitaciosklinika\/?page_id=1284"},"modified":"2025-10-03T10:27:49","modified_gmt":"2025-10-03T08:27:49","slug":"urologiai-szakrendeles-es-urodinamikai-laboratorium","status":"publish","type":"page","link":"https:\/\/semmelweis.hu\/rehabilitaciosklinika\/betegellatas\/szakrendelesek\/urologiai-szakrendeles-es-urodinamikai-laboratorium\/","title":{"rendered":"Urol\u00f3giai Szakrendel\u00e9s \u00e9s Urodinamikai Laborat\u00f3rium &#8211; 01H721102 \u00e9s 01H72UD01"},"content":{"rendered":"<div class=\"keretes w-100\">\n<p><strong>Helye: <\/strong>F\u0151\u00e9p\u00fclet, A sz\u00e1rny, f\u00f6ldszint<\/p>\n<p><strong>F\u0151orvos: <\/strong>Dr. Bany\u00f3 Tam\u00e1s<br \/>\n<strong>Vezet\u0151 asszisztens:<\/strong> Czikhardt Szilvia<\/p>\n<\/div>\n<p><strong>El\u0151zetes bejelentkez\u00e9s<\/strong> sz\u00fcks\u00e9ges a megadott telefonsz\u00e1mokon.<\/p>\n<p><strong>Id\u0151pontk\u00e9r\u00e9s:<br \/>\n<\/strong>Telefon: +36 1 391 1900\/1220 vagy +36 70 440-4597<br \/>\nA telefonsz\u00e1mok csak munkaid\u0151ben h\u00edvhat\u00f3ak. Munkat\u00e1rsunk visszah\u00edv\u00e1st nem tud kezdem\u00e9nyezni.<\/p>\n<h5>Urol\u00f3giai \u00e9s urodin\u00e1mia szakrendel\u00e9s rendel\u00e9si id\u0151pontjai:<\/h5>\n<p>Szerda: 7.00\u201318.00<\/p>\n<p>&nbsp;<\/p>\n<p>&nbsp;<\/p>\n<p>&nbsp;<\/p>\n","protected":false},"excerpt":{"rendered":"<p>Helye: F\u0151\u00e9p\u00fclet, A sz\u00e1rny, f\u00f6ldszint<br \/>\nF\u0151orvos: Dr. Bany\u00f3 Tam\u00e1s<br \/>\nVezet\u0151 asszisztens: Czikhardt Szilvia<\/p>\n<p>El\u0151zetes bejelentkez\u00e9s sz\u00fcks\u00e9ges a megadott telefonsz\u00e1mokon.<br \/>\nId\u0151pontk\u00e9r\u00e9s:<br \/>\nTelefon: +36 1 391 1900\/1220 vagy +36 70 440-4597<br \/>\nA telefonsz\u00e1mok csak munkaid\u0151ben h\u00edvhat\u00f3ak. Munkat\u00e1rsunk visszah\u00edv\u00e1st nem tud kezdem\u00e9nyezni.<br \/>\nUrol\u00f3giai \u00e9s urodin\u00e1mia szakrendel\u00e9s rendel\u00e9si id\u0151pontjai:<br \/>\nSzerda: 7.00\u201318.00<br \/>\n&nbsp;<br \/>\n&nbsp;<br \/>\n&nbsp;<\/p>\n","protected":false},"author":102388,"featured_media":0,"parent":1238,"menu_order":1,"comment_status":"closed","ping_status":"closed","template":"","meta":{"_acf_changed":false,"footnotes":""},"categories":[],"tags":[],"class_list":["post-1284","page","type-page","status-publish","hentry"],"acf":[],"_links":{"self":[{"href":"https:\/\/semmelweis.hu\/rehabilitaciosklinika\/wp-json\/wp\/v2\/pages\/1284","targetHints":{"allow":["GET"]}}],"collection":[{"href":"https:\/\/semmelweis.hu\/rehabilitaciosklinika\/wp-json\/wp\/v2\/pages"}],"about":[{"href":"https:\/\/semmelweis.hu\/rehabilitaciosklinika\/wp-json\/wp\/v2\/types\/page"}],"author":[{"embeddable":true,"href":"https:\/\/semmelweis.hu\/rehabilitaciosklinika\/wp-json\/wp\/v2\/users\/102388"}],"replies":[{"embeddable":true,"href":"https:\/\/semmelweis.hu\/rehabilitaciosklinika\/wp-json\/wp\/v2\/comments?post=1284"}],"version-history":[{"count":11,"href":"https:\/\/semmelweis.hu\/rehabilitaciosklinika\/wp-json\/wp\/v2\/pages\/1284\/revisions"}],"predecessor-version":[{"id":3531,"href":"https:\/\/semmelweis.hu\/rehabilitaciosklinika\/wp-json\/wp\/v2\/pages\/1284\/revisions\/3531"}],"up":[{"embeddable":true,"href":"https:\/\/semmelweis.hu\/rehabilitaciosklinika\/wp-json\/wp\/v2\/pages\/1238"}],"wp:attachment":[{"href":"https:\/\/semmelweis.hu\/rehabilitaciosklinika\/wp-json\/wp\/v2\/media?parent=1284"}],"wp:term":[{"taxonomy":"category","embeddable":true,"href":"https:\/\/semmelweis.hu\/rehabilitaciosklinika\/wp-json\/wp\/v2\/categories?post=1284"},{"taxonomy":"post_tag","embeddable":true,"href":"https:\/\/semmelweis.hu\/rehabilitaciosklinika\/wp-json\/wp\/v2\/tags?post=1284"}],"curies":[{"name":"wp","href":"https:\/\/api.w.org\/{rel}","templated":true}]}}