{"id":1281,"date":"2024-09-17T12:57:02","date_gmt":"2024-09-17T10:57:02","guid":{"rendered":"https:\/\/semmelweis.hu\/rehabilitaciosklinika\/?page_id=1281"},"modified":"2024-11-28T13:47:29","modified_gmt":"2024-11-28T12:47:29","slug":"kozponti-jarobeteg-rendelo","status":"publish","type":"page","link":"https:\/\/semmelweis.hu\/rehabilitaciosklinika\/betegellatas\/szakrendelesek\/kozponti-jarobeteg-rendelo\/","title":{"rendered":"K\u00f6zponti J\u00e1r\u00f3beteg Rendel\u0151"},"content":{"rendered":"<div class=\"keretes w-100\">\n<p><strong>Helye: <\/strong>F\u0151\u00e9p\u00fclet, A sz\u00e1rny, f\u00f6ldszint<br \/>\n<strong>Vezet\u0151 asszisztens:<\/strong> Mekler Attil\u00e1n\u00e9<br \/>\n<strong>E-mail:<\/strong> mekler.attilane@semmelweis.hu<br \/>\n<strong>Telefon:<\/strong> +36 1 391 1934<\/p>\n<\/div>\n<p>Klinik\u00e1nk betegei r\u00e9sz\u00e9re az al\u00e1bbi szakter\u00fcleteken biztos\u00edt meghat\u00e1rozott, <strong>el\u0151re egyeztetett id\u0151pontban<\/strong> szakorvosi konz\u00edliumot:<\/p>\n<ul style=\"list-style-type: disc\">\n<li>belgy\u00f3gy\u00e1szat,<\/li>\n<li>szem\u00e9szet,<\/li>\n<li>b\u0151rgy\u00f3gy\u00e1szat,<\/li>\n<li>pszichi\u00e1tria,<\/li>\n<li>f\u00fcl-orr-g\u00e9g\u00e9szet,<\/li>\n<li>fog\u00e1szat,<\/li>\n<li>foglalkoz\u00e1s eg\u00e9szs\u00e9g\u00fcgy.<\/li>\n<\/ul>\n","protected":false},"excerpt":{"rendered":"<p>Helye: F\u0151\u00e9p\u00fclet, A sz\u00e1rny, f\u00f6ldszint<br \/>\nVezet\u0151 asszisztens: Mekler Attil\u00e1n\u00e9<br \/>\nE-mail: mekler.attilane@semmelweis.hu<br \/>\nTelefon: +36 1 391 1934<\/p>\n<p>Klinik\u00e1nk betegei r\u00e9sz\u00e9re az al\u00e1bbi szakter\u00fcleteken biztos\u00edt meghat\u00e1rozott, el\u0151re egyeztetett id\u0151pontban szakorvosi konz\u00edliumot:<\/p>\n<p>belgy\u00f3gy\u00e1szat,<br \/>\nszem\u00e9szet,<br \/>\nb\u0151rgy\u00f3gy\u00e1szat,<br \/>\npszichi\u00e1tria,<br \/>\nf\u00fcl-orr-g\u00e9g\u00e9szet,<br \/>\nfog\u00e1szat,<br \/>\nfoglalkoz\u00e1s eg\u00e9szs\u00e9g\u00fcgy.<\/p>\n","protected":false},"author":102388,"featured_media":0,"parent":1238,"menu_order":0,"comment_status":"closed","ping_status":"closed","template":"","meta":{"_acf_changed":false,"footnotes":""},"categories":[],"tags":[],"class_list":["post-1281","page","type-page","status-publish","hentry"],"acf":[],"_links":{"self":[{"href":"https:\/\/semmelweis.hu\/rehabilitaciosklinika\/wp-json\/wp\/v2\/pages\/1281","targetHints":{"allow":["GET"]}}],"collection":[{"href":"https:\/\/semmelweis.hu\/rehabilitaciosklinika\/wp-json\/wp\/v2\/pages"}],"about":[{"href":"https:\/\/semmelweis.hu\/rehabilitaciosklinika\/wp-json\/wp\/v2\/types\/page"}],"author":[{"embeddable":true,"href":"https:\/\/semmelweis.hu\/rehabilitaciosklinika\/wp-json\/wp\/v2\/users\/102388"}],"replies":[{"embeddable":true,"href":"https:\/\/semmelweis.hu\/rehabilitaciosklinika\/wp-json\/wp\/v2\/comments?post=1281"}],"version-history":[{"count":7,"href":"https:\/\/semmelweis.hu\/rehabilitaciosklinika\/wp-json\/wp\/v2\/pages\/1281\/revisions"}],"predecessor-version":[{"id":2557,"href":"https:\/\/semmelweis.hu\/rehabilitaciosklinika\/wp-json\/wp\/v2\/pages\/1281\/revisions\/2557"}],"up":[{"embeddable":true,"href":"https:\/\/semmelweis.hu\/rehabilitaciosklinika\/wp-json\/wp\/v2\/pages\/1238"}],"wp:attachment":[{"href":"https:\/\/semmelweis.hu\/rehabilitaciosklinika\/wp-json\/wp\/v2\/media?parent=1281"}],"wp:term":[{"taxonomy":"category","embeddable":true,"href":"https:\/\/semmelweis.hu\/rehabilitaciosklinika\/wp-json\/wp\/v2\/categories?post=1281"},{"taxonomy":"post_tag","embeddable":true,"href":"https:\/\/semmelweis.hu\/rehabilitaciosklinika\/wp-json\/wp\/v2\/tags?post=1281"}],"curies":[{"name":"wp","href":"https:\/\/api.w.org\/{rel}","templated":true}]}}