{"id":1278,"date":"2024-09-17T12:56:34","date_gmt":"2024-09-17T10:56:34","guid":{"rendered":"https:\/\/semmelweis.hu\/rehabilitaciosklinika\/?page_id=1278"},"modified":"2025-12-04T10:10:32","modified_gmt":"2025-12-04T09:10:32","slug":"vegyes-profilu-mozgasszervi-rehabilitacios-osztaly-lymphoedema-szakambulancia","status":"publish","type":"page","link":"https:\/\/semmelweis.hu\/rehabilitaciosklinika\/betegellatas\/szakrendelesek\/vegyes-profilu-mozgasszervi-rehabilitacios-osztaly-lymphoedema-szakambulancia\/","title":{"rendered":"Lymphoedema Szakambulancia &#8211; 01H7P2203"},"content":{"rendered":"<div class=\"keretes w-100\">\n<p><strong>Helye:<\/strong> F\u0151\u00e9p\u00fclet, A sz\u00e1rny, III. emelet, Vegyes Profil\u00fa Mozg\u00e1sszervi Rehabilit\u00e1ci\u00f3s Oszt\u00e1ly<\/p>\n<p><strong>Orvosok: <\/strong>Dr. Boros Erzs\u00e9bet,\u00a0<span style=\"font-size: 1rem\">Dr. Hampel Katalin, <\/span><span style=\"font-size: 1rem\">Dr. Ken\u00e9z J\u00falia\u00a0<\/span><\/p>\n<\/div>\n<h2>Bejelentkez\u00e9s:<\/h2>\n<p>Az ambul\u00e1ns vizsg\u00e1lat <strong>el\u0151jegyz\u00e9s<\/strong> alapj\u00e1n t\u00f6rt\u00e9nik. <strong>Beutal\u00f3<\/strong> sz\u00fcks\u00e9ges.<\/p>\n<p><strong>Id\u0151pontk\u00e9r\u00e9s:<\/strong><br \/>\ntelefon: (+ 36 1) 391-1959 vagy 391-1900\/1183\u00a0<br \/>\nh\u00e9tf\u0151, szerda: 13:00 &#8211; 15:00 k\u00f6z\u00f6tt, p\u00e9ntek: 8:00 \u2013 13:00 k\u00f6z\u00f6tt\u00a0<\/p>\n<p><strong>Az ambul\u00e1ns rendel\u00e9st v\u00e9gz\u0151 orvosok:<\/strong><\/p>\n<p>Dr. Boros Erzs\u00e9bet\u00a0<br \/>\nDr. Ken\u00e9z J\u00falia\u00a0<br \/>\nDr. Zsiga Katalin PhD<br \/>\nDr. F\u00f3ri\u00e1n-Szab\u00f3 Mih\u00e1ly<br \/>\nDr. Tak\u00e1cs \u00c9va<\/p>\n<h2>Betegell\u00e1t\u00e1si feladatok, szolg\u00e1ltat\u00e1sok:<\/h2>\n<p>A nyirokpang\u00e1sos betegek komplex oedema-redukci\u00f3s kezel\u00e9se, manu\u00e1lis \u00e9s g\u00e9pi drainage, kompresszi\u00f3s seg\u00e9deszk\u00f6z\u00f6kkel ell\u00e1t\u00e1s, eduk\u00e1ci\u00f3 ill. sz\u00fcks\u00e9g szerint kieg\u00e9sz\u00edt\u0151 ter\u00e1pi\u00e1k seg\u00edts\u00e9g\u00e9vel.<\/p>\n<p><strong>Kezel\u00e9si id\u0151:<\/strong> a fekv\u0151 \u00e9s ambul\u00e1ns (bej\u00e1r\u00f3) betegek kezel\u00e9si ideje 2-4 h\u00e9t, a nyirokpang\u00e1s st\u00e1dium\u00e1t\u00f3l f\u00fcgg\u0151en.<\/p>\n<p><strong>Az ambul\u00e1ns ell\u00e1t\u00e1s c\u00e9lja:<\/strong> a v\u00e9gtagok t\u00e9rfogat\u00e1nak cs\u00f6kkent\u00e9se, ez\u00e1ltal a t\u00e1rsul\u00f3 panaszok m\u00e9rs\u00e9kl\u00e9se, a betegek mozg\u00e1sk\u00e9szs\u00e9g\u00e9nek jav\u00edt\u00e1sa. Tov\u00e1bbi c\u00e9l a betegek oktat\u00e1sa a f\u00e1sliz\u00e1s, kompresszi\u00f3s eszk\u00f6z\u00f6k haszn\u00e1lat\u00e1ra, \u00e9letm\u00f3dvezet\u00e9sre, valamint a sz\u00fcks\u00e9ges mozg\u00e1ster\u00e1pia begyakorl\u00e1sa.<\/p>\n","protected":false},"excerpt":{"rendered":"<p>Helye: F\u0151\u00e9p\u00fclet, A sz\u00e1rny, III. emelet, Vegyes Profil\u00fa Mozg\u00e1sszervi Rehabilit\u00e1ci\u00f3s Oszt\u00e1ly Orvosok: Dr. Boros Erzs\u00e9bet,\u00a0Dr. Hampel Katalin, Dr. Ken\u00e9z J\u00falia\u00a0 Bejelentkez\u00e9s: Az ambul\u00e1ns vizsg\u00e1lat el\u0151jegyz\u00e9s alapj\u00e1n t\u00f6rt\u00e9nik. Beutal\u00f3 sz\u00fcks\u00e9ges. Id\u0151pontk\u00e9r\u00e9s: telefon: (+ 36 1) 391-1959 vagy 391-1900\/1183\u00a0 h\u00e9tf\u0151, szerda: 13:00 &#8211; 15:00 k\u00f6z\u00f6tt, p\u00e9ntek: 8:00 \u2013 13:00 k\u00f6z\u00f6tt\u00a0 Az ambul\u00e1ns rendel\u00e9st v\u00e9gz\u0151 orvosok: Dr. Boros &hellip;<\/p>\n","protected":false},"author":102388,"featured_media":0,"parent":1238,"menu_order":1,"comment_status":"closed","ping_status":"closed","template":"","meta":{"_acf_changed":false,"footnotes":""},"categories":[],"tags":[],"class_list":["post-1278","page","type-page","status-publish","hentry"],"acf":[],"_links":{"self":[{"href":"https:\/\/semmelweis.hu\/rehabilitaciosklinika\/wp-json\/wp\/v2\/pages\/1278","targetHints":{"allow":["GET"]}}],"collection":[{"href":"https:\/\/semmelweis.hu\/rehabilitaciosklinika\/wp-json\/wp\/v2\/pages"}],"about":[{"href":"https:\/\/semmelweis.hu\/rehabilitaciosklinika\/wp-json\/wp\/v2\/types\/page"}],"author":[{"embeddable":true,"href":"https:\/\/semmelweis.hu\/rehabilitaciosklinika\/wp-json\/wp\/v2\/users\/102388"}],"replies":[{"embeddable":true,"href":"https:\/\/semmelweis.hu\/rehabilitaciosklinika\/wp-json\/wp\/v2\/comments?post=1278"}],"version-history":[{"count":10,"href":"https:\/\/semmelweis.hu\/rehabilitaciosklinika\/wp-json\/wp\/v2\/pages\/1278\/revisions"}],"predecessor-version":[{"id":3670,"href":"https:\/\/semmelweis.hu\/rehabilitaciosklinika\/wp-json\/wp\/v2\/pages\/1278\/revisions\/3670"}],"up":[{"embeddable":true,"href":"https:\/\/semmelweis.hu\/rehabilitaciosklinika\/wp-json\/wp\/v2\/pages\/1238"}],"wp:attachment":[{"href":"https:\/\/semmelweis.hu\/rehabilitaciosklinika\/wp-json\/wp\/v2\/media?parent=1278"}],"wp:term":[{"taxonomy":"category","embeddable":true,"href":"https:\/\/semmelweis.hu\/rehabilitaciosklinika\/wp-json\/wp\/v2\/categories?post=1278"},{"taxonomy":"post_tag","embeddable":true,"href":"https:\/\/semmelweis.hu\/rehabilitaciosklinika\/wp-json\/wp\/v2\/tags?post=1278"}],"curies":[{"name":"wp","href":"https:\/\/api.w.org\/{rel}","templated":true}]}}