{"id":1274,"date":"2024-09-17T12:51:39","date_gmt":"2024-09-17T10:51:39","guid":{"rendered":"https:\/\/semmelweis.hu\/rehabilitaciosklinika\/?page_id=1274"},"modified":"2026-03-24T13:01:36","modified_gmt":"2026-03-24T12:01:36","slug":"amputalt-betegek-rehabilitacios-osztalya","status":"publish","type":"page","link":"https:\/\/semmelweis.hu\/rehabilitaciosklinika\/betegellatas\/osztalyok\/amputalt-betegek-rehabilitacios-osztalya\/","title":{"rendered":"Amput\u00e1lt Betegek Rehabilit\u00e1ci\u00f3s Oszt\u00e1lya &#8211; 01H7R2212"},"content":{"rendered":"<div class=\"keretes w-100\">\n<p><strong>Helye: <\/strong>J \u00e9p\u00fclet &#8211; pavilon<br \/>\n<strong>NEAK k\u00f3d: <\/strong>01H7R2212<\/p>\n<p><strong>Oszt\u00e1lyvezet\u0151 f\u0151orvos:<\/strong> Dr. Boldis M\u00e1rta\u00a0<br \/>\n<strong>Oszt\u00e1lyos vezet\u0151 \u00e1pol\u00f3:<\/strong> Z\u00e1tonyi Ildik\u00f3<\/p>\n<\/div>\n<h2>Betegfelv\u00e9tel<\/h2>\n<p>Oszt\u00e1lyos betegfelv\u00e9tel el\u0151zetes ambul\u00e1ns vizsg\u00e1latot vagy telefonos konz\u00edliumot k\u00f6vet\u0151en, <strong>beutal\u00f3val, el\u0151jegyz\u00e9s alapj\u00e1n<\/strong> t\u00f6rt\u00e9nik.<\/p>\n<p><strong>Id\u0151pontk\u00e9r\u00e9s:<\/strong><br \/>\nTelefon: (+36 1) 391-1900\/8080<br \/>\n<span style=\"font-size: 1rem\">H\u00e9tf\u0151t\u0151l p\u00e9ntekig: 8:00-12:00<\/span><\/p>\n<p><strong>Ambulancia <\/strong>&#8211; <strong>01H7P2211<\/strong><br \/>\nkedd: 8:00-11:00<br \/>\ncs\u00fct\u00f6rt\u00f6k: 8:00-11:00<\/p>\n<p><strong>E-mail:<\/strong> <a href=\"mailto:turbucz.zsuzsanna@semmelweis.hu\">turbucz.zsuzsanna@semmelweis.hu<\/a><\/p>\n<h2>Betegell\u00e1t\u00e1si feladatok \u00e9s szolg\u00e1ltat\u00e1sok<\/h2>\n<p>Az Amput\u00e1lt Betegek Rehabilit\u00e1ci\u00f3s Oszt\u00e1lya 40 \u00e1ggyal m\u0171k\u00f6dik. Az amput\u00e1ci\u00f3 nagyr\u00e9szt az \u00e9r- \u00e9s a cukorbetegs\u00e9g s\u00falyos sz\u00f6v\u0151dm\u00e9nye, kisebb r\u00e9szt baleset, daganatos megbeteged\u00e9s, fejl\u0151d\u00e9si rendelleness\u00e9g k\u00f6vetkezm\u00e9nye lehet. A n\u00e9pbetegs\u00e9gek nyom\u00e1n egyre n\u00f6vekv\u0151 sz\u00e1mban speci\u00e1lis ell\u00e1t\u00e1si ig\u00e9nyk\u00e9nt jelentkezik.<\/p>\n<p>Az oszt\u00e1ly h\u00e1tteret biztos\u00edt a Klinik\u00e1n m\u0171k\u00f6d\u0151 Amput\u00e1ci\u00f3s Seb\u00e9szeti Oszt\u00e1lynak a rehabilit\u00e1ci\u00f3s ell\u00e1t\u00e1s sor\u00e1n, de k\u00f6zvetlen\u00fcl is vesz \u00e1t amput\u00e1lt betegeket m\u00e1s k\u00f3rh\u00e1zakb\u00f3l is, valamint kisebb sz\u00e1mban nagy\u00edz\u00fcleti prot\u00e9zism\u0171t\u00e9ten \u00e1tesett betegek rehabilit\u00e1ci\u00f3j\u00e1t v\u00e9gzi.<\/p>\n<p>Tev\u00e9kenys\u00e9gi k\u00f6re a m\u0171t\u00e9t ut\u00e1ni fokozatos mobiliz\u00e1l\u00e1s, diabeteszes betegek l\u00e1bprobl\u00e9m\u00e1inak konzervat\u00edv kezel\u00e9se, sebkezel\u00e9s, folyamatos kontroll melletti protetiz\u00e1l\u00e1s, vasoakt\u00edv inf\u00fazi\u00f3s kezel\u00e9s \u00e9s kond\u00edci\u00f3jav\u00edt\u00e1s.<\/p>\n<p>A terhelhet\u0151s\u00e9g f\u00fcggv\u00e9ny\u00e9ben, az oszt\u00e1lyos ell\u00e1t\u00e1s mellett a betegeknek lehet\u0151s\u00e9g\u00fck ny\u00edlik egy\u00e9ni \u00e9s csoportos torn\u00e1ra, ergoter\u00e1pi\u00e1s kezel\u00e9sekre, fizioter\u00e1pi\u00e1ra, hidroter\u00e1pi\u00e1ra \u00e9s klinikai sportter\u00e1pi\u00e1ra is.<\/p>\n<p>A s\u00falyos, kr\u00f3nikus betegs\u00e9gben szenved\u0151k lelki gondoz\u00e1sa is fontos r\u00e9sze a rehabilit\u00e1ci\u00f3nak, valamint szoci\u00e1lis munk\u00e1s is foglalkozik betegeinkkel.<\/p>\n<h2>Munkat\u00e1rsak<\/h2>\n<h5>Orvosok:<\/h5>\n<p>Dr. Boldis M\u00e1rta<br \/>\nDr. M\u00e1rialigeti Zsuzsa Frida\u00a0<br \/>\nDr. Jancs\u00f3 \u00c1gnes Judit<br \/>\nDr. Szak\u00e1ly Eszter (tart\u00f3san t\u00e1vol)<\/p>\n<h5>Terapeut\u00e1k:<\/h5>\n<p>Kov\u00e1cs Zs\u00f3fia<br \/>\nOrova Orsolya (tart\u00f3san t\u00e1vol)<br \/>\nGorell N\u00f3ra Julianna<br \/>\nB\u00e1tori \u00c1gnes\u00a0<br \/>\nT\u00f3th-Megyesi L\u00edvia\u00a0<br \/>\nFrig\u00f3 Katalin (tart\u00f3san t\u00e1vol)<br \/>\nBalics Krist\u00f3f\u00a0<br \/>\nTornai Orsolya<br \/>\nHavasi Vikt\u00f3ria ergoterapeuta<\/p>\n<h5>Szoci\u00e1lis munk\u00e1s:<\/h5>\n<p>Szab\u00f3 Anett<\/p>\n<h5>Szakpszichol\u00f3gus:<\/h5>\n<p>S\u00e1ndor \u00c9va\u00a0<\/p>\n<h5>Dietetikus:<\/h5>\n<p>Polyovka Mariann<\/p>\n<h5>\u00c1pol\u00f3k:<\/h5>\n<p>Z\u00e1tonyi Ildik\u00f3\u00a0<br \/>\nAngyal T\u00fcnde\u00a0<br \/>\nSzab\u00f3 Zolt\u00e1nn\u00e9\u00a0<br \/>\nFekete Ivett\u00a0<br \/>\nV\u00e1rb\u00edr\u00f3 Zolt\u00e1n\u00a0<br \/>\nG\u00e1l K\u00e1roly\u00a0<br \/>\nSz\u00e1nt\u00f3-T\u00f3th Melinda (tart\u00f3san t\u00e1vol)<br \/>\nKov\u00e1cs Judit<br \/>\nJuh\u00e1szn\u00e9 Kov\u00e1cs Erzs\u00e9bet\u00a0<br \/>\nGy\u00f6rk\u00f6s Istv\u00e1n<br \/>\nVarga \u00c9va\u00a0<\/p>\n<h5>Oszt\u00e1lyos adminisztr\u00e1tor:<\/h5>\n<p>Ballayn\u00e9 Turbucz M\u00e1ria Zsuzsanna<\/p>\n<p>&nbsp;<\/p>\n","protected":false},"excerpt":{"rendered":"<p>Helye: J \u00e9p\u00fclet &#8211; pavilon NEAK k\u00f3d: 01H7R2212 Oszt\u00e1lyvezet\u0151 f\u0151orvos: Dr. Boldis M\u00e1rta\u00a0 Oszt\u00e1lyos vezet\u0151 \u00e1pol\u00f3: Z\u00e1tonyi Ildik\u00f3 Betegfelv\u00e9tel Oszt\u00e1lyos betegfelv\u00e9tel el\u0151zetes ambul\u00e1ns vizsg\u00e1latot vagy telefonos konz\u00edliumot k\u00f6vet\u0151en, beutal\u00f3val, el\u0151jegyz\u00e9s alapj\u00e1n t\u00f6rt\u00e9nik. Id\u0151pontk\u00e9r\u00e9s: Telefon: (+36 1) 391-1900\/8080 H\u00e9tf\u0151t\u0151l p\u00e9ntekig: 8:00-12:00 Ambulancia &#8211; 01H7P2211 kedd: 8:00-11:00 cs\u00fct\u00f6rt\u00f6k: 8:00-11:00 E-mail: <a href=\"mailto:turbucz.zsuzsanna@semmelweis.hu\">turbucz.zsuzsanna@semmelweis.hu<\/a> Betegell\u00e1t\u00e1si feladatok \u00e9s szolg\u00e1ltat\u00e1sok Az Amput\u00e1lt Betegek &hellip;<\/p>\n","protected":false},"author":102388,"featured_media":0,"parent":1236,"menu_order":0,"comment_status":"closed","ping_status":"closed","template":"","meta":{"_acf_changed":false,"footnotes":""},"categories":[],"tags":[],"class_list":["post-1274","page","type-page","status-publish","hentry"],"acf":[],"_links":{"self":[{"href":"https:\/\/semmelweis.hu\/rehabilitaciosklinika\/wp-json\/wp\/v2\/pages\/1274","targetHints":{"allow":["GET"]}}],"collection":[{"href":"https:\/\/semmelweis.hu\/rehabilitaciosklinika\/wp-json\/wp\/v2\/pages"}],"about":[{"href":"https:\/\/semmelweis.hu\/rehabilitaciosklinika\/wp-json\/wp\/v2\/types\/page"}],"author":[{"embeddable":true,"href":"https:\/\/semmelweis.hu\/rehabilitaciosklinika\/wp-json\/wp\/v2\/users\/102388"}],"replies":[{"embeddable":true,"href":"https:\/\/semmelweis.hu\/rehabilitaciosklinika\/wp-json\/wp\/v2\/comments?post=1274"}],"version-history":[{"count":13,"href":"https:\/\/semmelweis.hu\/rehabilitaciosklinika\/wp-json\/wp\/v2\/pages\/1274\/revisions"}],"predecessor-version":[{"id":3855,"href":"https:\/\/semmelweis.hu\/rehabilitaciosklinika\/wp-json\/wp\/v2\/pages\/1274\/revisions\/3855"}],"up":[{"embeddable":true,"href":"https:\/\/semmelweis.hu\/rehabilitaciosklinika\/wp-json\/wp\/v2\/pages\/1236"}],"wp:attachment":[{"href":"https:\/\/semmelweis.hu\/rehabilitaciosklinika\/wp-json\/wp\/v2\/media?parent=1274"}],"wp:term":[{"taxonomy":"category","embeddable":true,"href":"https:\/\/semmelweis.hu\/rehabilitaciosklinika\/wp-json\/wp\/v2\/categories?post=1274"},{"taxonomy":"post_tag","embeddable":true,"href":"https:\/\/semmelweis.hu\/rehabilitaciosklinika\/wp-json\/wp\/v2\/tags?post=1274"}],"curies":[{"name":"wp","href":"https:\/\/api.w.org\/{rel}","templated":true}]}}