{"id":1271,"date":"2024-09-17T12:51:14","date_gmt":"2024-09-17T10:51:14","guid":{"rendered":"https:\/\/semmelweis.hu\/rehabilitaciosklinika\/?page_id=1271"},"modified":"2025-11-21T11:52:50","modified_gmt":"2025-11-21T10:52:50","slug":"sulyos-kozponti-idegrendszeri-serultek-emeltszintu-kronikus-osztalya","status":"publish","type":"page","link":"https:\/\/semmelweis.hu\/rehabilitaciosklinika\/betegellatas\/osztalyok\/sulyos-kozponti-idegrendszeri-serultek-emeltszintu-kronikus-osztalya\/","title":{"rendered":"S\u00falyos K\u00f6zponti Idegrendszeri S\u00e9r\u00fcltek Emeltszint\u0171 Kr\u00f3nikus Oszt\u00e1lya &#8211; 01H7C2217"},"content":{"rendered":"<div class=\"keretes w-100\">\n<p><strong>Helye: <\/strong>H \u00e9p\u00fclet<\/p>\n<p><strong>\u00c1gysz\u00e1m:<\/strong> 20 \u00e1gy<\/p>\n<p><strong>Oszt\u00e1lyvezet\u0151:<\/strong> Dr. Derh\u00e1n Tam\u00e1s Ern\u0151 (<a href=\"mailto:derhan.tamas.erno@semmelweis.hu\">derhan.tamas.erno@semmelweis.hu<\/a>)<br \/>\n<strong>Oszt\u00e1lyos vezet\u0151 \u00e1pol\u00f3:<\/strong> Kuzm\u00e1nyi \u00c9va (<a href=\"mailto:kuzmanyi.eva@semmelweis.hu\">kuzmanyi.eva@semmelweis.hu<\/a>)<\/p>\n<\/div>\n<h2>Betegfelv\u00e9tel:<\/h2>\n<p>Az oszt\u00e1lyra, <strong>el\u0151zetes szakorvosi konz\u00edliumot k\u00f6vet\u0151en<\/strong>, stabil vegetat\u00edvum\u00fa \u00e9s neurol\u00f3giai st\u00e1tusz\u00fa betegeket vesz\u00fcnk fel. A betegfelv\u00e9tel <strong>el\u0151jegyz\u00e9s szerint<\/strong>\u00a0t\u00f6rt\u00e9nik.<\/p>\n<h3>Telefon:<\/h3>\n<p>Oszt\u00e1lyvezet\u0151: (+36 1) 391-1900\/8085 mell\u00e9k<br \/>\nF\u0151n\u0151v\u00e9ri: (+36 1) 391-1900\/8081 mell\u00e9k<br \/>\nOszt\u00e1lyiroda: ( +36 1) 391-1900\/8084 mell\u00e9k<br \/>\nN\u0151v\u00e9rpult: (+36 1) 391 1900\/8075 mell\u00e9k<br \/>\nOrvosi szoba (+ 36 1) 391 1900\/8083 mell\u00e9k<\/p>\n<h3>E-mail: <u><\/u><\/h3>\n<p><u><a href=\"mailto:turbucz.zsuzsanna@semmelweis.hu\">turbucz.zsuzsanna@semmelweis.hu<\/a><\/u><\/p>\n<h2>Betegell\u00e1t\u00e1si feladatok \u00e9s szolg\u00e1ltat\u00e1sok<\/h2>\n<p>A <strong>S\u00falyos k\u00f6zponti idegrendszeri s\u00e9r\u00fcltek emelt szint\u0171 kr\u00f3nikus oszt\u00e1lya<\/strong> 20 \u00e1ggyal m\u0171k\u00f6dik. Itt azon betegek \u00e1tmeneti kr\u00f3nikus ell\u00e1t\u00e1sa folyik, akikn\u00e9l \u00e1llapotuk miatt rehabilit\u00e1ci\u00f3 valamilyen okb\u00f3l nem v\u00e9gezhet\u0151, de sz\u00fcks\u00e9g\u00fck van arra a speci\u00e1lis szaktud\u00e1sra illetve tapasztalatra, amely a Rehabilit\u00e1ci\u00f3s Klinik\u00e1n a hasonl\u00f3 funkcion\u00e1lis illetve tudati \u00e1llapotban kezeltek kapcs\u00e1n rendelkez\u00e9sre \u00e1ll.<\/p>\n<p>Az oszt\u00e1ly f\u0151 feladata e speci\u00e1lis betegcsoport \u00e1pol\u00e1sa, illetve az \u00e1llapotuk k\u00f6vetkezt\u00e9ben kialakul\u00f3 sz\u00f6v\u0151dm\u00e9nyek (alult\u00e1pl\u00e1lts\u00e1g, nyom\u00e1si fek\u00e9ly, \u00edz\u00fcleti elmereved\u00e9sek) megel\u0151z\u00e9se, kezel\u00e9se.\u00a0<\/p>\n<p>Oszt\u00e1lyunk egyr\u00e9szt olyan, rehabilit\u00e1ci\u00f3ra m\u00e9g nem alkalmas betegek \u00e1tmeneti elhelyez\u00e9s\u00e9re ad lehet\u0151s\u00e9get, akik szorosabb megfigyel\u00e9st ig\u00e9nyelnek a rehabilit\u00e1ci\u00f3 lehet\u0151s\u00e9g\u00e9t cs\u00f6kkent\u0151 sz\u00f6v\u0151dm\u00e9nyek kialakul\u00e1s\u00e1nak vesz\u00e9lye miatt. A Rehabilit\u00e1ci\u00f3s Klinika rehabilit\u00e1ci\u00f3s oszt\u00e1lyaival, szakorvosaival szoros egy\u00fcttm\u0171k\u00f6d\u00e9sben lehet\u0151s\u00e9g ny\u00edlik a rehabilit\u00e1ci\u00f3ra alkalmass\u00e1 v\u00e1l\u00f3 betegek miel\u0151bbi kiemel\u00e9s\u00e9re \u00e9s int\u00e9zeten bel\u00fcli \u00e1thelyez\u00e9s\u00e9re.<\/p>\n<h5>\u00c1tmeneti \u00e1pol\u00e1si seg\u00edts\u00e9g<\/h5>\n<p>\u00c1tmeneti \u00e1pol\u00e1si seg\u00edts\u00e9get ny\u00fajtunk olyan betegek sz\u00e1m\u00e1ra, akikn\u00e9l a tov\u00e1bbi rehabilit\u00e1ci\u00f3 m\u00e1r nem, vagy egy\u00e1ltal\u00e1n nem lehets\u00e9ges, de elhelyez\u00e9s\u00fck m\u00e9g nem megoldott. Ezzel szeretn\u00e9nk a csal\u00e1doknak id\u0151t adni arra, hogy a megv\u00e1ltozott \u00e9lethelyzetet elfogadj\u00e1k, \u00e1tgondolj\u00e1k. Amennyiben az otthoni \u00e1pol\u00e1s mellett d\u00f6ntenek, oszt\u00e1lyunkon seg\u00edtj\u00fck \u0151ket a szakszer\u0171 ell\u00e1t\u00e1ssal kapcsolatos feladatokra felk\u00e9sz\u00edteni. Erre a c\u00e9lra kialak\u00edtott oktat\u00f3teremmel is rendelkez\u00fcnk, ahol k\u00e9pzett \u00e1pol\u00f3k, dietetikusok, gy\u00f3gytorn\u00e1szok seg\u00edtenek a gyakorlati tudnival\u00f3k, \u00e9s az \u00e1pol\u00e1si seg\u00e9deszk\u00f6z\u00f6k haszn\u00e1lat\u00e1nak elsaj\u00e1t\u00edt\u00e1s\u00e1ban.<\/p>\n<p>Nagyon fontosnak tartjuk azon csal\u00e1dok seg\u00edt\u00e9s\u00e9t is, akik s\u00falyosan s\u00e9r\u00fclt csal\u00e1dtagjaikat m\u00e1r hosszabb ideje otthon \u00e1polj\u00e1k. El\u0151zetes egyeztet\u00e9s ut\u00e1n a p\u00e1cienst oszt\u00e1lyunkra felvessz\u00fck \u00e9s az \u00e1pol\u00e1st egy id\u0151re biztos\u00edtjuk a csal\u00e1dtagok tehermentes\u00edt\u00e9se c\u00e9lj\u00e1b\u00f3l.<\/p>\n<h5>Egy\u00e9b tudnival\u00f3k:<\/h5>\n<p>Betegeink magas szint\u0171 ell\u00e1t\u00e1s\u00e1t szakorvos, szak\u00e1pol\u00f3, dietetikus, gy\u00f3gytorn\u00e1sz, gy\u00f3gymassz\u0151r \u00e9s pszichol\u00f3gus seg\u00edti. Az oszt\u00e1lyon kezel\u00e9s, megfigyel\u00e9s sor\u00e1n felmer\u00fcl\u0151 \u00faj k\u00f3risme (pl.: t\u00fcd\u0151gyullad\u00e1s, h\u00fagy\u00fati fert\u0151z\u00e9s, stb.) meg\u00e1llap\u00edt\u00e1s\u00e1hoz vagy annak pontos\u00edt\u00e1s\u00e1hoz, a kezel\u00e9s eredm\u00e9ny\u00e9nek nyomon k\u00f6vet\u00e9s\u00e9hez vizsg\u00e1latokat v\u00e9gz\u00fcnk (orvosi betegvizsg\u00e1lat, v\u00e9rv\u00e9tel \u00e9s m\u00e1s laborat\u00f3riumi vizsg\u00e1latok, EKG, r\u00f6ntgen, ultrahang, stb.).<\/p>\n<p>\u00c1pol\u00e1sunk sor\u00e1n a legnagyobb gondoss\u00e1g mellett is fell\u00e9phetnek tov\u00e1bbi betegs\u00e9gek, sz\u00f6v\u0151dm\u00e9nyek (pl: k\u00f3rh\u00e1zban szerzett fert\u0151z\u00e9sek), amelyek ell\u00e1t\u00e1s\u00e1t oszt\u00e1lyunkon megkezdj\u00fck, azonban sz\u00fcks\u00e9g lehet a beteg akut ell\u00e1t\u00f3 int\u00e9zeti elhelyez\u00e9s\u00e9re vagy szakmailag illet\u00e9kes helyre t\u00f6rt\u00e9n\u0151 \u00e1thelyez\u00e9s\u00e9re a Klinik\u00e1n nem elh\u00e1r\u00edthat\u00f3 komplik\u00e1ci\u00f3 fell\u00e9p\u00e9se, vagy speci\u00e1lis vizsg\u00e1lat indokolts\u00e1ga eset\u00e9n.<\/p>\n<h3>Munkat\u00e1rsak:<\/h3>\n<p><strong>ORVOSOK:<\/strong><br \/>\nDr. Derh\u00e1n Tam\u00e1s Ern\u0151 belgy\u00f3gy\u00e1sz, geri\u00e1ter<br \/>\nDr. Hampel Katalin Erzs\u00e9bet orvosi rehabilit\u00e1ci\u00f3 \u00e9s fiz. med.<\/p>\n<p><strong>Szakpszichol\u00f3gus<\/strong><br \/>\nS\u00e1ndor \u00c9va<\/p>\n<p><strong>Terapeut\u00e1k:<\/strong><br \/>\nKecsk\u00e9s Klaudia gy\u00f3gytorn\u00e1sz<br \/>\nValkovszky D\u00e9nes gy\u00f3gytorn\u00e1sz<br \/>\nKassay Bernadett \u00f6nk\u00e9ntes gy\u00f3gytorn\u00e1sz<br \/>\nBern\u00e1thn\u00e9 Berke D\u00f3ra (tart\u00f3san t\u00e1vol)<br \/>\nSomk\u00fati-Hamar Katalin<\/p>\n<p>&nbsp;<\/p>\n<p><strong>Dietetikus<\/strong><br \/>\nN\u00e1dor Nikolett<\/p>\n<p><strong>Vezet\u0151 \u00e1pol\u00f3<\/strong><br \/>\nKuzm\u00e1nyi \u00c9va<\/p>\n<p><strong>\u00c1pol\u00f3k<\/strong><br \/>\nDobrocs\u00e1nyi Katalin<br \/>\nS\u00fcli Veronika<br \/>\nNagyn\u00e9 Varga \u00c9va<br \/>\nBorsai D\u00e1niel<br \/>\nAntal Alexandra<br \/>\nP\u00e1ll Zsuzsanna<br \/>\nFarkas Dorina<br \/>\nT\u00f3thn\u00e9 K\u00f6rtv\u00e9lyessy Eszter<br \/>\nPapp Istv\u00e1n<\/p>\n<p><strong>Adminisztr\u00e1tor<\/strong><br \/>\nBallayn\u00e9 Turbucz M\u00e1ria Zsuzsanna<\/p>\n","protected":false},"excerpt":{"rendered":"<p>Helye: H \u00e9p\u00fclet \u00c1gysz\u00e1m: 20 \u00e1gy Oszt\u00e1lyvezet\u0151: Dr. Derh\u00e1n Tam\u00e1s Ern\u0151 ( <a href=\"mailto:derhan.tamas.erno@semmelweis.hu\">derhan.tamas.erno@semmelweis.hu<\/a> ) Oszt\u00e1lyos vezet\u0151 \u00e1pol\u00f3: Kuzm\u00e1nyi \u00c9va ( <a href=\"mailto:kuzmanyi.eva@semmelweis.hu\">kuzmanyi.eva@semmelweis.hu<\/a> ) Betegfelv\u00e9tel: Az oszt\u00e1lyra, el\u0151zetes szakorvosi konz\u00edliumot k\u00f6vet\u0151en, stabil vegetat\u00edvum\u00fa \u00e9s neurol\u00f3giai st\u00e1tusz\u00fa betegeket vesz\u00fcnk fel. A betegfelv\u00e9tel el\u0151jegyz\u00e9s szerint\u00a0t\u00f6rt\u00e9nik. Telefon: Oszt\u00e1lyvezet\u0151: (+36 1) 391-1900\/8085 mell\u00e9k F\u0151n\u0151v\u00e9ri: (+36 1) 391-1900\/8081 mell\u00e9k Oszt\u00e1lyiroda: ( +36 1) 391-1900\/8084 &hellip;<\/p>\n","protected":false},"author":102388,"featured_media":0,"parent":1236,"menu_order":0,"comment_status":"closed","ping_status":"closed","template":"","meta":{"_acf_changed":false,"footnotes":""},"categories":[],"tags":[],"class_list":["post-1271","page","type-page","status-publish","hentry"],"acf":[],"_links":{"self":[{"href":"https:\/\/semmelweis.hu\/rehabilitaciosklinika\/wp-json\/wp\/v2\/pages\/1271","targetHints":{"allow":["GET"]}}],"collection":[{"href":"https:\/\/semmelweis.hu\/rehabilitaciosklinika\/wp-json\/wp\/v2\/pages"}],"about":[{"href":"https:\/\/semmelweis.hu\/rehabilitaciosklinika\/wp-json\/wp\/v2\/types\/page"}],"author":[{"embeddable":true,"href":"https:\/\/semmelweis.hu\/rehabilitaciosklinika\/wp-json\/wp\/v2\/users\/102388"}],"replies":[{"embeddable":true,"href":"https:\/\/semmelweis.hu\/rehabilitaciosklinika\/wp-json\/wp\/v2\/comments?post=1271"}],"version-history":[{"count":13,"href":"https:\/\/semmelweis.hu\/rehabilitaciosklinika\/wp-json\/wp\/v2\/pages\/1271\/revisions"}],"predecessor-version":[{"id":3657,"href":"https:\/\/semmelweis.hu\/rehabilitaciosklinika\/wp-json\/wp\/v2\/pages\/1271\/revisions\/3657"}],"up":[{"embeddable":true,"href":"https:\/\/semmelweis.hu\/rehabilitaciosklinika\/wp-json\/wp\/v2\/pages\/1236"}],"wp:attachment":[{"href":"https:\/\/semmelweis.hu\/rehabilitaciosklinika\/wp-json\/wp\/v2\/media?parent=1271"}],"wp:term":[{"taxonomy":"category","embeddable":true,"href":"https:\/\/semmelweis.hu\/rehabilitaciosklinika\/wp-json\/wp\/v2\/categories?post=1271"},{"taxonomy":"post_tag","embeddable":true,"href":"https:\/\/semmelweis.hu\/rehabilitaciosklinika\/wp-json\/wp\/v2\/tags?post=1271"}],"curies":[{"name":"wp","href":"https:\/\/api.w.org\/{rel}","templated":true}]}}