{"id":1267,"date":"2024-09-17T12:50:21","date_gmt":"2024-09-17T10:50:21","guid":{"rendered":"https:\/\/semmelweis.hu\/rehabilitaciosklinika\/?page_id=1267"},"modified":"2026-03-27T10:08:45","modified_gmt":"2026-03-27T09:08:45","slug":"vegyes-profilu-mozgasszervi-rehabilitacios-osztaly-kiemelt-reszleg-es-nappali-korhaz","status":"publish","type":"page","link":"https:\/\/semmelweis.hu\/rehabilitaciosklinika\/betegellatas\/osztalyok\/vegyes-profilu-mozgasszervi-rehabilitacios-osztaly-kiemelt-reszleg-es-nappali-korhaz\/","title":{"rendered":"Vegyes Profil\u00fa Mozg\u00e1sszervi Rehabilit\u00e1ci\u00f3s Oszt\u00e1ly, Kiemelt R\u00e9szleg \u00e9s Nappali K\u00f3rh\u00e1z &#8211; 01H7R2211"},"content":{"rendered":"<div class=\"keretes w-100\">\n<p><strong>Helye: <\/strong>A \u00e9p\u00fclet III. emelet<\/p>\n<p><strong>Oszt\u00e1lyvezet\u0151 f\u0151orvos:<\/strong> Dr. Boros Erzs\u00e9bet<br \/>\n<strong>Oszt\u00e1lyos vezet\u0151 \u00e1pol\u00f3:<\/strong> Gyebn\u00e1r Ir\u00e9n<br \/>\n<strong>Oszt\u00e1lyos adminisztr\u00e1tor:<\/strong> K\u00f6bli Anita<\/p>\n<\/div>\n<h2>Betegfelv\u00e9tel:<\/h2>\n<p>Az oszt\u00e1ly a betegeket az orsz\u00e1g b\u00e1rmely ter\u00fclet\u00e9r\u0151l, k\u00f3rh\u00e1zb\u00f3l vagy a beteg otthon\u00e1b\u00f3l fogadja el\u0151zetes helysz\u00edni vagy telefonkonz\u00edlium alapj\u00e1n.\u00a0A <strong>h\u00e1ziorvosok\/szakorvosok \u00e1ltal beutalt<\/strong> betegeket az ambulanci\u00e1n t\u00f6rt\u00e9nt vizsg\u00e1latot k\u00f6vet\u0151en <strong>el\u0151jegyz\u00e9sbe<\/strong> veszik.<\/p>\n<h5>A rehabilit\u00e1ci\u00f3s mozg\u00e1sszervi szakambulancia &#8211; 01H7P2210<\/h5>\n<p>Az ambul\u00e1ns vizsg\u00e1lat el\u0151jegyz\u00e9s alapj\u00e1n t\u00f6rt\u00e9nik, <span style=\"font-size: 1rem\">beutal\u00f3 sz\u00fcks\u00e9ges.<\/span><\/p>\n<p><strong>Id\u0151pontk\u00e9r\u00e9s:<br \/>\n<\/strong>Telefon: (+36 1) 391-1959 vagy a (+36 1) 391-1900\/1183<br \/>\nh\u00e9tf\u0151, szerda: 13:00 &#8211; 15:00 k\u00f6z\u00f6tt, p\u00e9ntek: 8:00 \u2013 13:00 k\u00f6z\u00f6tt\u00a0<\/p>\n<p><strong>Helye:<\/strong> A \u00e9p\u00fclet III. emelet<br \/>\n<strong>Telefon:<\/strong> (+36 1) 391-1959<\/p>\n<p><strong>E-mail:<\/strong> <a href=\"mailto:vemo.rehabklinika@semmelweis.hu\">vemo.rehabklinika@semmelweis.hu<\/a><\/p>\n<p>Az oszt\u00e1lyon <a href=\"https:\/\/semmelweis.hu\/rehabilitaciosklinika\/betegellatas\/szakrendelesek\/vegyes-profilu-mozgasszervi-rehabilitacios-osztaly-lymphoedema-szakambulancia\/\"><strong>Lymphoedema Szakambulancia &#8211; 01H7P2203<\/strong><\/a> is m\u0171k\u00f6dik.\u00a0<\/p>\n<h2>Betegell\u00e1t\u00e1si feladatok szolg\u00e1ltat\u00e1sok:<\/h2>\n<p>Az oszt\u00e1ly k\u00fcl\u00f6nb\u00f6z\u0151 neurol\u00f3giai (stroke ut\u00e1n), mozg\u00e1sszervi betegs\u00e9gekben szenved\u0151, baleseti s\u00e9r\u00fcl\u00e9st szenvedett, gerinc-, csont-\u00edz\u00fcleti m\u0171t\u00e9ten \u00e1tesett betegek, 10 \u00e9v feletti gyermekek min\u00e9l koraibb orvosi rehabilit\u00e1ci\u00f3j\u00e1t, valamint Heine-Medin k\u00f3rt szenvedett betegek \u00e9s lymphoedem\u00e1s betegek komplex kezel\u00e9s\u00e9t v\u00e9gzi.<\/p>\n<p>A betegek programja a rehabilit\u00e1ci\u00f3s team \u00e1ltal meghat\u00e1rozott napirend szerint, az aktu\u00e1lis \u00e1llapotnak, sz\u00fcks\u00e9gleteknek megfelel\u0151en t\u00f6rt\u00e9nik. Az \u00e1pol\u00e1si \u00e9s orvosi tev\u00e9kenys\u00e9g kieg\u00e9sz\u00fcl egy\u00e9b ter\u00e1pi\u00e1s lehet\u0151s\u00e9gekkel is, pl.: egy\u00e9ni \u00e9s csoportos gy\u00f3gytorna, fizikoter\u00e1pia, massz\u00e1zs, ergoter\u00e1pia, kondicion\u00e1l\u00f3 torna, v\u00edz alatti torna.<\/p>\n<p>A betegek programj\u00e1t sz\u00fcks\u00e9g eset\u00e9n kieg\u00e9sz\u00edti pszichol\u00f3giai, logop\u00e9diai, pedag\u00f3giai foglalkoz\u00e1s, munkapszichol\u00f3giai vizsg\u00e1lat, tan\u00e1csad\u00e1s, valamint szoci\u00e1lis tan\u00e1csad\u00e1s, sz\u00fcks\u00e9g eset\u00e9n szoci\u00e1lis \u00fcgyint\u00e9z\u00e9s. A betegeket lehet\u0151s\u00e9g szerint a bentl\u00e9t\u00fck alatt ell\u00e1tj\u00e1k a mozg\u00e1shoz, \u00f6nell\u00e1t\u00e1shoz vagy otthoni \u00e1pol\u00e1sukhoz sz\u00fcks\u00e9ges gy\u00f3gy\u00e1szati, illetve rehabilit\u00e1ci\u00f3s seg\u00e9deszk\u00f6zzel.<\/p>\n<p>Tev\u00e9kenys\u00e9g\u00fck fontos r\u00e9sze a beteg \u00e9s csal\u00e1dj\u00e1nak felk\u00e9sz\u00edt\u00e9se az otthoni \u00e9letre, valamint az \u00e9letm\u00f3dbeli \u00e9s di\u00e9t\u00e1s tan\u00e1csad\u00e1s.\u00a0Az oszt\u00e1ly a szolg\u00e1ltat\u00e1sait a beteg \u00e1llapot\u00e1t\u00f3l f\u00fcgg\u0151en fekv\u0151beteg vagy nappali k\u00f3rh\u00e1zi ell\u00e1t\u00e1s keret\u00e9ben biztos\u00edtja.<\/p>\n<p>Az oszt\u00e1ly dolgoz\u00f3i r\u00e9szt vesznek k\u00fcl\u00f6nb\u00f6z\u0151 rehabilit\u00e1ci\u00f3s szakemberek \u00e9s szakvizsg\u00e1ra k\u00e9sz\u00fcl\u0151 orvosok k\u00e9pz\u00e9s\u00e9ben, tov\u00e1bbk\u00e9pz\u00e9s\u00e9ben mind elm\u00e9leti, mind gyakorlati k\u00e9pz\u00e9s form\u00e1j\u00e1ban.<\/p>\n<h2>Munkat\u00e1rsak<\/h2>\n<h5>Orvosok:<\/h5>\n<p>Dr. Boros Erzs\u00e9bet\u00a0<br \/>\nDr. Ken\u00e9z J\u00falia\u00a0<br \/>\nDr. Zsiga Katalin<br \/>\nDr. F\u00f3ri\u00e1n-Szab\u00f3 Mih\u00e1ly\u00a0<br \/>\nDr. Tak\u00e1cs \u00c9va\u00a0<\/p>\n<h5>Szakpszichol\u00f3gusok:<\/h5>\n<p>Dr. S. Nagy Zita, PhD.<\/p>\n<h5>Dietetikus:<\/h5>\n<p>Polyovka Mariann<\/p>\n<h5>Logop\u00e9dus:<\/h5>\n<p>Dr. Zakari\u00e1s Lilla, PhD.<\/p>\n<h5>Gy\u00f3gytorn\u00e1szok:<\/h5>\n<p>Bagyinszki Anna\u00a0<br \/>\nBarkai Ren\u00e1ta\u00a0<br \/>\nFarkas-Cser \u00c1gnes (tart\u00f3san t\u00e1vol)<br \/>\nFekete Dorottya<br \/>\nJ\u00e1vor Zsuzsa\u00a0<br \/>\nKov\u00e1cs Bence\u00a0<br \/>\nMeszleny D\u00f3ra\u00a0<br \/>\nMikl\u00f3dy-Tr\u00e1sy Eszter\u00a0<br \/>\nNemes-Toldi Judit<br \/>\nPrezenszki-Lakatos Emese (tart\u00f3san t\u00e1vol)<br \/>\nVeres Szapu \u00c9va (tart\u00f3san t\u00e1vol)<br \/>\nCserkuti Vikt\u00f3ria<br \/>\nMoulinier Esther<\/p>\n<h5>\u00c1pol\u00f3k:<\/h5>\n<p>Berg F\u00e9lix<br \/>\nBern\u00e1th Henrietta\u00a0<br \/>\nD\u00e1vid Ibolya<br \/>\nDobrik M\u00e1ria\u00a0<br \/>\nKap\u00f3cs Hanna No\u00e9mi<br \/>\nKen\u00e9z Krist\u00f3f<br \/>\nKohon Marianna<br \/>\nMoln\u00e1r Veron<br \/>\nN\u00e9gyessy J\u00falia<br \/>\n\u00d6kr\u00f6sn\u00e9 Farag\u00f3 M\u00f3nika<br \/>\nP\u00f3csik Erzs\u00e9bet<br \/>\nT\u00f3th Judit<\/p>\n<h5>Fizikoter\u00e1pi\u00e1s asszisztens:<\/h5>\n<p>De\u00e1k Gy\u00f6rgy\u00a0<\/p>\n<h5>Ergoterapeuta:<\/h5>\n<p>Kov\u00e1cs Nikolett\u00a0<\/p>\n<h5>Szoci\u00e1lis munk\u00e1s:<\/h5>\n<p>Sz\u00e9l Barbara<\/p>\n","protected":false},"excerpt":{"rendered":"<p>Helye: A \u00e9p\u00fclet III. emelet Oszt\u00e1lyvezet\u0151 f\u0151orvos: Dr. Boros Erzs\u00e9bet Oszt\u00e1lyos vezet\u0151 \u00e1pol\u00f3: Gyebn\u00e1r Ir\u00e9n Oszt\u00e1lyos adminisztr\u00e1tor: K\u00f6bli Anita Betegfelv\u00e9tel: Az oszt\u00e1ly a betegeket az orsz\u00e1g b\u00e1rmely ter\u00fclet\u00e9r\u0151l, k\u00f3rh\u00e1zb\u00f3l vagy a beteg otthon\u00e1b\u00f3l fogadja el\u0151zetes helysz\u00edni vagy telefonkonz\u00edlium alapj\u00e1n.\u00a0A h\u00e1ziorvosok\/szakorvosok \u00e1ltal beutalt betegeket az ambulanci\u00e1n t\u00f6rt\u00e9nt vizsg\u00e1latot k\u00f6vet\u0151en el\u0151jegyz\u00e9sbe veszik. A rehabilit\u00e1ci\u00f3s mozg\u00e1sszervi szakambulancia &#8211; &hellip;<\/p>\n","protected":false},"author":102388,"featured_media":0,"parent":1236,"menu_order":0,"comment_status":"closed","ping_status":"closed","template":"","meta":{"_acf_changed":false,"footnotes":""},"categories":[],"tags":[],"class_list":["post-1267","page","type-page","status-publish","hentry"],"acf":[],"_links":{"self":[{"href":"https:\/\/semmelweis.hu\/rehabilitaciosklinika\/wp-json\/wp\/v2\/pages\/1267","targetHints":{"allow":["GET"]}}],"collection":[{"href":"https:\/\/semmelweis.hu\/rehabilitaciosklinika\/wp-json\/wp\/v2\/pages"}],"about":[{"href":"https:\/\/semmelweis.hu\/rehabilitaciosklinika\/wp-json\/wp\/v2\/types\/page"}],"author":[{"embeddable":true,"href":"https:\/\/semmelweis.hu\/rehabilitaciosklinika\/wp-json\/wp\/v2\/users\/102388"}],"replies":[{"embeddable":true,"href":"https:\/\/semmelweis.hu\/rehabilitaciosklinika\/wp-json\/wp\/v2\/comments?post=1267"}],"version-history":[{"count":13,"href":"https:\/\/semmelweis.hu\/rehabilitaciosklinika\/wp-json\/wp\/v2\/pages\/1267\/revisions"}],"predecessor-version":[{"id":3857,"href":"https:\/\/semmelweis.hu\/rehabilitaciosklinika\/wp-json\/wp\/v2\/pages\/1267\/revisions\/3857"}],"up":[{"embeddable":true,"href":"https:\/\/semmelweis.hu\/rehabilitaciosklinika\/wp-json\/wp\/v2\/pages\/1236"}],"wp:attachment":[{"href":"https:\/\/semmelweis.hu\/rehabilitaciosklinika\/wp-json\/wp\/v2\/media?parent=1267"}],"wp:term":[{"taxonomy":"category","embeddable":true,"href":"https:\/\/semmelweis.hu\/rehabilitaciosklinika\/wp-json\/wp\/v2\/categories?post=1267"},{"taxonomy":"post_tag","embeddable":true,"href":"https:\/\/semmelweis.hu\/rehabilitaciosklinika\/wp-json\/wp\/v2\/tags?post=1267"}],"curies":[{"name":"wp","href":"https:\/\/api.w.org\/{rel}","templated":true}]}}