{"id":1264,"date":"2024-09-17T12:49:52","date_gmt":"2024-09-17T10:49:52","guid":{"rendered":"https:\/\/semmelweis.hu\/rehabilitaciosklinika\/?page_id=1264"},"modified":"2026-02-18T11:31:49","modified_gmt":"2026-02-18T10:31:49","slug":"szeptikus-mozgasszervi-rehabilitacios-osztaly","status":"publish","type":"page","link":"https:\/\/semmelweis.hu\/rehabilitaciosklinika\/betegellatas\/osztalyok\/szeptikus-mozgasszervi-rehabilitacios-osztaly\/","title":{"rendered":"Szeptikus Mozg\u00e1sszervi Rehabilit\u00e1ci\u00f3s Oszt\u00e1ly &#8211; 01H7R2202"},"content":{"rendered":"<div class=\"keretes w-100\">\n<p><strong>Helye: <\/strong>F\u0151\u00e9p\u00fclet, A. sz\u00e1rny, 1. em.<\/p>\n<p><strong>Oszt\u00e1lyvezet\u0151 f\u0151orvos:<\/strong> Dr. Farkas P\u00e9ter\u00a0<br \/>\n<strong>Oszt\u00e1lyos vezet\u0151 \u00e1pol\u00f3:<\/strong> Szeehofner Mariann\u00a0<\/p>\n<\/div>\n<h2>Betegfelv\u00e9tel<\/h2>\n<p>El\u0151zetes ambul\u00e1ns vizsg\u00e1latot k\u00f6vet\u0151en, illetve Budapest ter\u00fclet\u00e9n helysz\u00edni vagy telefon konz\u00edliumot k\u00f6vet\u0151en <strong>beutal\u00f3val, el\u0151jegyz\u00e9s alapj\u00e1n<\/strong> t\u00f6rt\u00e9nik.<\/p>\n<h5>Ambulancia &#8211; 01H7P2204<\/h5>\n<p><strong>Id\u0151pontk\u00e9r\u00e9s:<\/strong><br \/>\nTelefon: (+36 1) 391-1940<br \/>\nH\u00e9tf\u0151t\u0151l p\u00e9ntekig 7:00 \u00e9s 8:00 k\u00f6z\u00f6tt<\/p>\n<p><strong>A vizsg\u00e1lat helye:<\/strong> <br \/>\nF\u0151\u00e9p\u00fclet f\u00f6ldszinti Ambulanci\u00e1n<\/p>\n<p><strong>A vizsg\u00e1lat ideje <\/strong>&#8211; el\u0151jegyz\u00e9s alapj\u00e1n: <br \/>\nszerda: 10:00-14:00\u00a0<br \/>\np\u00e9ntek: megbesz\u00e9l\u00e9s szerint<\/p>\n<p><strong>E-mail:<\/strong> <a href=\"mailto:farkas.peter3@semmelweis.hu\">farkas.peter3@semmelweis.hu<\/a><\/p>\n<h2>Betegell\u00e1t\u00e1si feladatok \u00e9s szolg\u00e1ltat\u00e1sok<\/h2>\n<p>Az oszt\u00e1ly olyan csont-\u00edz\u00fcleti fert\u0151z\u00e9sek konzervat\u00edv \u00e9s m\u0171t\u00e9ti kezel\u00e9s\u00e9vel foglalkozik, amelyekben az infekci\u00f3 k\u00f6vetkezt\u00e9ben, vagy att\u00f3l f\u00fcggetlen\u00fcl t\u00f6bbsz\u00f6r\u00f6s k\u00e1rosod\u00e1sok alakulnak ki, \u00e9s olyan fogyat\u00e9koss\u00e1g j\u00f6n l\u00e9tre, amely a betegek \u00f6nell\u00e1t\u00f3 k\u00e9pess\u00e9g\u00e9t, a mindennapi \u00e9lettev\u00e9kenys\u00e9g\u00e9t akad\u00e1lyozza. Emellett az oszt\u00e1ly a rehabilit\u00e1ci\u00f3s ell\u00e1t\u00e1s k\u00f6zben kialakult, \u00e9s a rehabilit\u00e1ci\u00f3t nehez\u00edt\u0151 vagy akad\u00e1lyoz\u00f3 csont-\u00edz\u00fcleti infekci\u00f3k kezel\u00e9s\u00e9t is v\u00e9gzi.<\/p>\n<p>Az osteomyelitis \u00e9s csont-\u00edz\u00fcleti tuberkul\u00f3zis mellett a nagy\u00edz\u00fcleti endoprotetika szeptikus sz\u00f6v\u0151dm\u00e9nyeinek, a traumatol\u00f3giai ell\u00e1t\u00e1st k\u00f6vet\u0151 infekci\u00f3knak, valamint a diabeteszes fert\u0151z\u00f6tt l\u00e1bsz\u00f6v\u0151dm\u00e9nyeknek az eseteit is ell\u00e1tja. Szeptikus rehabilit\u00e1ci\u00f3s ell\u00e1t\u00e1sra csak stabil, terhelhet\u0151, rehabilit\u00e1ci\u00f3ra alkalmas \u00e1llapot\u00fa betegek ker\u00fclhetnek.<\/p>\n<p>Az oszt\u00e1ly m\u0171k\u00f6d\u00e9se sor\u00e1n a sz\u00fcks\u00e9ges m\u0171t\u00e9ti beavatkoz\u00e1sokat \u00e9s az azt k\u00f6vet\u0151 rehabilit\u00e1ci\u00f3t \u00f6sszehangoltan v\u00e9gzi. Ezt a tev\u00e9kenys\u00e9get multi-professzion\u00e1lis team munk\u00e1ban orvosok, gy\u00f3gytorn\u00e1szok, \u00e1pol\u00f3k, sebkezel\u0151k, pszichol\u00f3gus, szoci\u00e1lis munk\u00e1s, ergoterapeuta valamint ortop\u00e9d m\u0171szer\u00e9sz szakemberek r\u00e9szv\u00e9tel\u00e9vel folytatja.<\/p>\n<p>A csont-\u00edz\u00fcleti infekci\u00f3 akut klinikai jeleinek megsz\u0171n\u00e9s\u00e9t k\u00f6vet\u0151en, a rehabilit\u00e1ci\u00f3s program r\u00e9szek\u00e9nt a Klinika k\u00f6zponti szolg\u00e1ltat\u00e1sait (hidroter\u00e1pia, fizikoter\u00e1pia, ergoter\u00e1pia \u00e9s sportter\u00e1pia) is gyakran ig\u00e9nybe veszi.<\/p>\n<p>Az oszt\u00e1ly dolgoz\u00f3i a gy\u00f3gy\u00edt\u00f3 munka mellett jelent\u0151s feladatot v\u00e1llalnak az int\u00e9zet oktat\u00e1si munk\u00e1j\u00e1ban is. A gradu\u00e1lis \u00e9s postgradu\u00e1lis orvosk\u00e9pz\u00e9s mellett a gy\u00f3gytorn\u00e1szok, eg\u00e9szs\u00e9g\u00fcgyi szakdolgoz\u00f3k oktat\u00e1sa \u00e9s k\u00e9pz\u00e9se is helyet kap az oszt\u00e1ly tev\u00e9kenys\u00e9g\u00e9ben. Tapasztalatainkat rendszeresen publik\u00e1ljuk, valamint a hazai \u00e9s a nemzetk\u00f6zi szakmai munk\u00e1ban \u00e9s k\u00f6z\u00e9letben is r\u00e9szt vesz\u00fcnk.<\/p>\n<h5>A rehabilit\u00e1ci\u00f3 befejez\u00e9s\u00e9nek felt\u00e9tele<\/h5>\n<p>A csontfolyamatok helyre\u00e1ll\u00e1sa \u00e9s a klinikai panaszok l\u00e9nyeges visszafejl\u0151d\u00e9se, valamint a k\u00f6zleked\u0151k\u00e9pess\u00e9g helyre\u00e1ll\u00edt\u00e1sa.<\/p>\n<h2>Munkat\u00e1rsak<\/h2>\n<h5>Orvosok<\/h5>\n<p>Dr. Farkas P\u00e9ter\u00a0<br \/>\nDr. Jancs\u00f3 \u00c1gnes\u00a0<br \/>\nDr. P\u00e1l Hunor<\/p>\n<h5>Adminisztr\u00e1torok<\/h5>\n<p>Kerekes Mih\u00e1lyn\u00e9<br \/>\nT\u00f6r\u00f6k Zsuzsanna<\/p>\n<h5>Szakpszichol\u00f3gusok<\/h5>\n<p>Dr. Ambr\u00f3 \u00c1gnes PhD<\/p>\n<h5>Szoci\u00e1lis munk\u00e1s<\/h5>\n<p>Sz\u00e9l Barbara\u00a0<\/p>\n<h5>Dietetikus:<\/h5>\n<p>Terj\u00e9k D\u00f3ra<\/p>\n<h5>Gy\u00f3gytorn\u00e1szok<\/h5>\n<p>Feh\u00e9r Vikt\u00f3ria<br \/>\nHerendi Zsuzsanna\u00a0<br \/>\nHesz M\u00e1ria\u00a0<br \/>\nPint\u00e9r Lilla\u00a0<br \/>\nPogonyin\u00e9 B\u00f3di Anita<br \/>\nF\u00e9zler Nikol<\/p>\n<h5>\u00c1pol\u00f3k<\/h5>\n<p>Hord\u00f3si \u00c9va\u00a0<br \/>\nKir\u00e1ly Kitty\u00a0<br \/>\nKoll\u00e1r No\u00e9mi<br \/>\nKondor Judit\u00a0<br \/>\nNagy Szilvia<br \/>\n\u00d6kr\u00f6s Csaba\u00a0<br \/>\nPet\u0151 Domonkos\u00a0<br \/>\nPopovicsn\u00e9 Bakai Ildik\u00f3\u00a0<br \/>\nUrveczki L\u00e1szl\u00f3n\u00e9\u00a0<br \/>\nV\u00edg Norbert<\/p>\n","protected":false},"excerpt":{"rendered":"<p>Helye: F\u0151\u00e9p\u00fclet, A. sz\u00e1rny, 1. em. Oszt\u00e1lyvezet\u0151 f\u0151orvos: Dr. Farkas P\u00e9ter\u00a0 Oszt\u00e1lyos vezet\u0151 \u00e1pol\u00f3: Szeehofner Mariann\u00a0 Betegfelv\u00e9tel El\u0151zetes ambul\u00e1ns vizsg\u00e1latot k\u00f6vet\u0151en, illetve Budapest ter\u00fclet\u00e9n helysz\u00edni vagy telefon konz\u00edliumot k\u00f6vet\u0151en beutal\u00f3val, el\u0151jegyz\u00e9s alapj\u00e1n t\u00f6rt\u00e9nik. Ambulancia &#8211; 01H7P2204 Id\u0151pontk\u00e9r\u00e9s: Telefon: (+36 1) 391-1940 H\u00e9tf\u0151t\u0151l p\u00e9ntekig 7:00 \u00e9s 8:00 k\u00f6z\u00f6tt A vizsg\u00e1lat helye: F\u0151\u00e9p\u00fclet f\u00f6ldszinti Ambulanci\u00e1n A vizsg\u00e1lat &hellip;<\/p>\n","protected":false},"author":102388,"featured_media":0,"parent":1236,"menu_order":0,"comment_status":"closed","ping_status":"closed","template":"","meta":{"_acf_changed":false,"footnotes":""},"categories":[],"tags":[],"class_list":["post-1264","page","type-page","status-publish","hentry"],"acf":[],"_links":{"self":[{"href":"https:\/\/semmelweis.hu\/rehabilitaciosklinika\/wp-json\/wp\/v2\/pages\/1264","targetHints":{"allow":["GET"]}}],"collection":[{"href":"https:\/\/semmelweis.hu\/rehabilitaciosklinika\/wp-json\/wp\/v2\/pages"}],"about":[{"href":"https:\/\/semmelweis.hu\/rehabilitaciosklinika\/wp-json\/wp\/v2\/types\/page"}],"author":[{"embeddable":true,"href":"https:\/\/semmelweis.hu\/rehabilitaciosklinika\/wp-json\/wp\/v2\/users\/102388"}],"replies":[{"embeddable":true,"href":"https:\/\/semmelweis.hu\/rehabilitaciosklinika\/wp-json\/wp\/v2\/comments?post=1264"}],"version-history":[{"count":12,"href":"https:\/\/semmelweis.hu\/rehabilitaciosklinika\/wp-json\/wp\/v2\/pages\/1264\/revisions"}],"predecessor-version":[{"id":3767,"href":"https:\/\/semmelweis.hu\/rehabilitaciosklinika\/wp-json\/wp\/v2\/pages\/1264\/revisions\/3767"}],"up":[{"embeddable":true,"href":"https:\/\/semmelweis.hu\/rehabilitaciosklinika\/wp-json\/wp\/v2\/pages\/1236"}],"wp:attachment":[{"href":"https:\/\/semmelweis.hu\/rehabilitaciosklinika\/wp-json\/wp\/v2\/media?parent=1264"}],"wp:term":[{"taxonomy":"category","embeddable":true,"href":"https:\/\/semmelweis.hu\/rehabilitaciosklinika\/wp-json\/wp\/v2\/categories?post=1264"},{"taxonomy":"post_tag","embeddable":true,"href":"https:\/\/semmelweis.hu\/rehabilitaciosklinika\/wp-json\/wp\/v2\/tags?post=1264"}],"curies":[{"name":"wp","href":"https:\/\/api.w.org\/{rel}","templated":true}]}}