{"id":1262,"date":"2024-09-17T12:49:26","date_gmt":"2024-09-17T10:49:26","guid":{"rendered":"https:\/\/semmelweis.hu\/rehabilitaciosklinika\/?page_id=1262"},"modified":"2026-02-18T11:30:30","modified_gmt":"2026-02-18T10:30:30","slug":"korai-reszleg-koma-centrum","status":"publish","type":"page","link":"https:\/\/semmelweis.hu\/rehabilitaciosklinika\/betegellatas\/osztalyok\/korai-reszleg-koma-centrum\/","title":{"rendered":"Agys\u00e9r\u00fcltek Rehabilit\u00e1ci\u00f3s Oszt\u00e1lya Korai R\u00e9szleg &#8211; K\u00f3ma Centrum &#8211; 01H7R2206"},"content":{"rendered":"<div class=\"keretes w-100\">\n<p><strong>Helye: <\/strong>F\u0151\u00e9p\u00fclet, C sz\u00e1rny -1 emelet<strong>\u00a0<\/strong><\/p>\n<p><strong>Oszt\u00e1lyvezet\u0151 f\u0151orvos:<\/strong> Dr. D\u00e9nes Zolt\u00e1n<\/p>\n<p><strong>R\u00e9szlegvezet\u0151 f\u0151orvos:<\/strong> Dr. Belinszkaja Galina<br \/>\n<strong>Oszt\u00e1lyos vezet\u0151 \u00e1pol\u00f3:<\/strong> Bodz\u00e1k Gerg\u0151<br \/>\n<strong>Oszt\u00e1lyos adminisztr\u00e1tor:<\/strong> P\u00e9k Tam\u00e1s<\/p>\n<\/div>\n<h2>Betegfelv\u00e9tel<\/h2>\n<p>A s\u00falyos agyk\u00e1rosod\u00e1st szenvedett k\u00f3m\u00e1s (vegetat\u00edv \u00e1llapot\u00fa), vagy minim\u00e1lis v\u00e1laszreakci\u00f3 \u00e1llapot\u00e1ban lev\u0151 betegek az akut ell\u00e1t\u00e1st k\u00f6vet\u0151en <strong>el\u0151zetes konz\u00edlium ut\u00e1n<\/strong> ker\u00fclnek \u00e1tv\u00e9telre (Budapesten szem\u00e9lyes konzult\u00e1ci\u00f3, az orsz\u00e1g m\u00e1s r\u00e9sz\u00e9b\u0151l telefon konzult\u00e1ci\u00f3t k\u00f6vet\u0151en). Az intenz\u00edv oszt\u00e1lyr\u00f3l t\u00f6rt\u00e9n\u0151 korai \u00e1tv\u00e9tel c\u00e9lja a speci\u00e1lis foglalkoz\u00e1sok elkezd\u00e9se, a sz\u00f6v\u0151dm\u00e9nyek kialakul\u00e1s\u00e1nak megakad\u00e1lyoz\u00e1sa, a folyamatos \u00e9szlel\u00e9s biztos\u00edt\u00e1sa.<\/p>\n<h5><span style=\"color: #000000\">Telefon:\u00a0<\/span><\/h5>\n<p><strong>Oszt\u00e1lyvezet\u0151 f\u0151orvos:<\/strong> (+36 1) 391 1951<\/p>\n<p><strong>R\u00e9szlegvezet\u0151 f\u0151orvos:<\/strong> (+36 1) 391-1900\/8060 mell\u00e9k<br \/>\n<strong>Oszt\u00e1lyiroda:<\/strong> (+36 1) 391-1900\/8055 mell\u00e9k<br \/>\n<strong>N\u0151v\u00e9rpult:<\/strong> (+36 1) 391-1900\/1360 mell\u00e9k<\/p>\n<h2>Betegell\u00e1t\u00e1si feladatok \u00e9s szolg\u00e1ltat\u00e1sok<\/h2>\n<p><strong>A k\u00f3m\u00e1s \u00e1llapot\u00fa \u00e9s minim\u00e1lis v\u00e1laszreakci\u00f3j\u00fa s\u00falyos agys\u00e9r\u00fclt betegek rehabilit\u00e1ci\u00f3s r\u00e9szlege<\/strong> a Rehabilit\u00e1ci\u00f3s Klinika <strong>Agys\u00e9r\u00fcltek Rehabilit\u00e1ci\u00f3s Oszt\u00e1ly<\/strong>\u00e1nak korai r\u00e9szlege. R\u00e9szleg\u00fcnk 8 \u00e1ggyal m\u0171k\u00f6dik \u00e9s agyk\u00e1rosod\u00e1st szenvedett, m\u00e9g k\u00f3m\u00e1s, vagy minim\u00e1lis v\u00e1laszreakci\u00f3ra k\u00e9pes betegek rehabilit\u00e1ci\u00f3j\u00e1t v\u00e9gezz\u00fck team munka keret\u00e9ben.<\/p>\n<p>A r\u00e9szleg f\u0151 feladata az agy traum\u00e1s \u00e9s kiemelten s\u00falyos nem traum\u00e1s s\u00e9r\u00fcl\u00e9se k\u00f6vetkezm\u00e9nyek\u00e9nt kialakult funkci\u00f3zavar\/fogyat\u00e9koss\u00e1g miatti orvosi rehabilit\u00e1ci\u00f3 els\u0151 szakasz\u00e1nak biztos\u00edt\u00e1sa, amikor a betegek m\u00e9g folyamatos \u00e9szlel\u00e9st ig\u00e9nyelnek, \u00e1llapotuk nem stabil, az \u00f6nell\u00e1t\u00e1s (tiszt\u00e1lkod\u00e1s, t\u00e1pl\u00e1lkoz\u00e1s, \u00f6lt\u00f6zk\u00f6d\u00e9s, kontinencia, helyv\u00e1ltoztat\u00e1s) tekintet\u00e9ben pedig teljes m\u00e9rt\u00e9kben k\u00fcls\u0151 seg\u00edts\u00e9gre szorulnak, de a rehabilit\u00e1ci\u00f3s oszt\u00e1lyra m\u00e9g nem vehet\u0151k fel.<\/p>\n<p>A K\u00f3ma R\u00e9szlegre t\u00f6rt\u00e9n\u0151 felv\u00e9tel krit\u00e9riuma, hogy a beteg Glasgow Coma Scale \u00e9rt\u00e9ke 8 felett legyen, l\u00e9legeztet\u00e9sre ne szoruljon (nyugalomban normoxi\u00e1s \u00e1llapot), terhelhet\u0151 legyen, de ezen k\u00edv\u00fcl stabil kering\u00e9si \u00e1llapot, az akut betegs\u00e9g hi\u00e1nya, \u00e9s prognosztikai szempontb\u00f3l helyre\u00e1ll\u00e1s rem\u00e9nye egyar\u00e1nt sz\u00fcks\u00e9ges. Vegetat\u00edv \u00e1llapot\u00fa s\u00e9r\u00fclteket csak 40 \u00e9v alatti korban vesz\u00fcnk fel.<\/p>\n<p>A m\u00e9g k\u00f3m\u00e1s betegek jelent\u0151s r\u00e9sz\u00e9n\u00e9l az els\u0151 hetekben biztos progn\u00f3zis nem adhat\u00f3, ez\u00e9rt hosszabb id\u0151szak (2-3 h\u00e9t) kezel\u00e9s, megfigyel\u00e9s sz\u00fcks\u00e9ges, amely itt v\u00e9gezhet\u0151. A r\u00e9szleg a tart\u00f3san vegetat\u00edv \u00e1llapot\u00fa (t\u00f6bb h\u00f3napja, vagy \u00e9ve) betegek \u00e1pol\u00e1s\u00e1val nem foglalkozik.<\/p>\n<p>A r\u00e9szlegen a szakemberek (orvos, \u00e1pol\u00f3, gy\u00f3gytorn\u00e1sz, kommunik\u00e1ci\u00f3s szakember, gy\u00f3gypedag\u00f3gusok, zeneterapeuta, szoci\u00e1lis munk\u00e1s) a csal\u00e1dtagok bevon\u00e1s\u00e1val team munka keret\u00e9ben dolgoznak, hogy az arra alkalmass\u00e1 v\u00e1l\u00f3 betegek, a k\u00f3ma r\u00e9szleg elhagy\u00e1sa ut\u00e1n az oszt\u00e1lyon bekapcsol\u00f3djanak az \u00f6nell\u00e1t\u00e1s helyre\u00e1ll\u00edt\u00e1s\u00e1ra ir\u00e1nyul\u00f3 szakfoglalkoz\u00e1sokba.<\/p>\n<p>Ha a beteg folyamatos \u00e9szlel\u00e9se m\u00e1r nem sz\u00fcks\u00e9ges, infektol\u00f3giai vagy egy\u00e9b szempontok nem akad\u00e1lyozz\u00e1k, akkor a beteg tov\u00e1bbi kezel\u00e9s\u00e9t az ARO A\/2 r\u00e9sz\u00e9n folytat\u00f3dhat. Ha a beteg \u00e1llapot\u00e1ban egy h\u00f3nap alatt \u00e9rdemi javul\u00e1s nem k\u00f6vetkezik be, akkor a tov\u00e1bbi \u00e1pol\u00e1s kr\u00f3nikus-, \u00e1pol\u00e1si oszt\u00e1lyon, vagy egyeztet\u00e9s ut\u00e1n a beteg otthon\u00e1ban folytatand\u00f3.<\/p>\n<p>A r\u00e9szlegen nem elh\u00e1r\u00edthat\u00f3 komplik\u00e1ci\u00f3 fell\u00e9p\u00e9se eset\u00e9n a p\u00e1ciens akut ell\u00e1t\u00f3 int\u00e9zeti visszahelyez\u00e9s\u00e9re vagy a szakmailag illet\u00e9kes helyre t\u00f6rt\u00e9n\u0151 \u00e1thelyez\u00e9s\u00e9re lehet sz\u00fcks\u00e9g.<\/p>\n<h2>Munkat\u00e1rsak<\/h2>\n<h5>Oszt\u00e1lyvezet\u0151 f\u0151orvos:<\/h5>\n<p>Dr. D\u00e9nes Zolt\u00e1n<\/p>\n<h5>R\u00e9szlegvezet\u0151 f\u0151orvos:<\/h5>\n<p>Dr. Belinszkaja Galina<\/p>\n<h5>Terapeut\u00e1k:<\/h5>\n<p>T\u00fctt\u0151 Zs\u00f3fia\u00a0<br \/>\nS\u00f3gor M\u00f3nika\u00a0<\/p>\n<h5>Pszichol\u00f3gus:<\/h5>\n<p>Szil\u00e1gyi Borb\u00e1la<\/p>\n<h5>Dietetikus:<\/h5>\n<p>N\u00e1dor Nikolett<\/p>\n<h5>Szoci\u00e1lis munkat\u00e1rs:<\/h5>\n<p>Szab\u00f3 Anett<\/p>\n<h5>\u00c1pol\u00f3k:<\/h5>\n<p>Albert Jen\u0151<br \/>\nBodz\u00e1k Gerg\u0151<br \/>\nCz\u00e9gel Anna<br \/>\nCsah\u00f3czki P\u00e9ter<br \/>\nCsehi T\u00fcnde<br \/>\nFarkas Csaba<br \/>\nFarkasn\u00e9 Lamos Gabriella<br \/>\nKeller-Pint\u00e9r Katalin \u00c9va<br \/>\nNagy Hel\u00e9na Emese<br \/>\nOrb\u00e1n Zolt\u00e1n<br \/>\nPalcsek Dorottya<br \/>\nPalya J\u00e1nos<br \/>\nSzlonkai Vikt\u00f3ria<br \/>\nVarga S\u00e1ndor Marius<\/p>\n","protected":false},"excerpt":{"rendered":"<p>Helye: F\u0151\u00e9p\u00fclet, C sz\u00e1rny -1 emelet\u00a0 Oszt\u00e1lyvezet\u0151 f\u0151orvos: Dr. D\u00e9nes Zolt\u00e1n R\u00e9szlegvezet\u0151 f\u0151orvos: Dr. Belinszkaja Galina Oszt\u00e1lyos vezet\u0151 \u00e1pol\u00f3: Bodz\u00e1k Gerg\u0151 Oszt\u00e1lyos adminisztr\u00e1tor: P\u00e9k Tam\u00e1s Betegfelv\u00e9tel A s\u00falyos agyk\u00e1rosod\u00e1st szenvedett k\u00f3m\u00e1s (vegetat\u00edv \u00e1llapot\u00fa), vagy minim\u00e1lis v\u00e1laszreakci\u00f3 \u00e1llapot\u00e1ban lev\u0151 betegek az akut ell\u00e1t\u00e1st k\u00f6vet\u0151en el\u0151zetes konz\u00edlium ut\u00e1n ker\u00fclnek \u00e1tv\u00e9telre (Budapesten szem\u00e9lyes konzult\u00e1ci\u00f3, az orsz\u00e1g m\u00e1s r\u00e9sz\u00e9b\u0151l &hellip;<\/p>\n","protected":false},"author":102388,"featured_media":0,"parent":1236,"menu_order":0,"comment_status":"closed","ping_status":"closed","template":"","meta":{"_acf_changed":false,"footnotes":""},"categories":[],"tags":[],"class_list":["post-1262","page","type-page","status-publish","hentry"],"acf":[],"_links":{"self":[{"href":"https:\/\/semmelweis.hu\/rehabilitaciosklinika\/wp-json\/wp\/v2\/pages\/1262","targetHints":{"allow":["GET"]}}],"collection":[{"href":"https:\/\/semmelweis.hu\/rehabilitaciosklinika\/wp-json\/wp\/v2\/pages"}],"about":[{"href":"https:\/\/semmelweis.hu\/rehabilitaciosklinika\/wp-json\/wp\/v2\/types\/page"}],"author":[{"embeddable":true,"href":"https:\/\/semmelweis.hu\/rehabilitaciosklinika\/wp-json\/wp\/v2\/users\/102388"}],"replies":[{"embeddable":true,"href":"https:\/\/semmelweis.hu\/rehabilitaciosklinika\/wp-json\/wp\/v2\/comments?post=1262"}],"version-history":[{"count":12,"href":"https:\/\/semmelweis.hu\/rehabilitaciosklinika\/wp-json\/wp\/v2\/pages\/1262\/revisions"}],"predecessor-version":[{"id":3233,"href":"https:\/\/semmelweis.hu\/rehabilitaciosklinika\/wp-json\/wp\/v2\/pages\/1262\/revisions\/3233"}],"up":[{"embeddable":true,"href":"https:\/\/semmelweis.hu\/rehabilitaciosklinika\/wp-json\/wp\/v2\/pages\/1236"}],"wp:attachment":[{"href":"https:\/\/semmelweis.hu\/rehabilitaciosklinika\/wp-json\/wp\/v2\/media?parent=1262"}],"wp:term":[{"taxonomy":"category","embeddable":true,"href":"https:\/\/semmelweis.hu\/rehabilitaciosklinika\/wp-json\/wp\/v2\/categories?post=1262"},{"taxonomy":"post_tag","embeddable":true,"href":"https:\/\/semmelweis.hu\/rehabilitaciosklinika\/wp-json\/wp\/v2\/tags?post=1262"}],"curies":[{"name":"wp","href":"https:\/\/api.w.org\/{rel}","templated":true}]}}