{"id":1260,"date":"2024-09-17T12:48:56","date_gmt":"2024-09-17T10:48:56","guid":{"rendered":"https:\/\/semmelweis.hu\/rehabilitaciosklinika\/?page_id=1260"},"modified":"2026-01-12T08:41:47","modified_gmt":"2026-01-12T07:41:47","slug":"agyserultek-rehabilitacios-osztalya","status":"publish","type":"page","link":"https:\/\/semmelweis.hu\/rehabilitaciosklinika\/betegellatas\/osztalyok\/agyserultek-rehabilitacios-osztalya\/","title":{"rendered":"Agys\u00e9r\u00fcltek Rehabilit\u00e1ci\u00f3s Oszt\u00e1lya &#8211; 01H7R2205"},"content":{"rendered":"<div class=\"keretes w-100\">\n<p><strong>Helye:<\/strong> F\u0151\u00e9p\u00fclet, A sz\u00e1rny, 2. emelet<\/p>\n<p><strong>Oszt\u00e1lyvezet\u0151 f\u0151orvos:<\/strong> Dr. D\u00e9nes Zolt\u00e1n PhD<br \/>\n<strong>Oszt\u00e1lyos vezet\u0151 \u00e1pol\u00f3:<\/strong> Kov\u00e1cs Rita<br \/>\n<strong>Oszt\u00e1lyos adminisztr\u00e1tor:<\/strong> Szajk\u00f3 Enik\u0151<\/p>\n<\/div>\n<h2>Betegfelv\u00e9tel az oszt\u00e1lyra<\/h2>\n<p>A betegfelv\u00e9tel <strong>beutal\u00f3 alapj\u00e1n, el\u0151jegyz\u00e9s szerint<\/strong> t\u00f6rt\u00e9nik. Az oszt\u00e1ly az orsz\u00e1g eg\u00e9sz ter\u00fclet\u00e9r\u0151l (Budapestr\u0151l szem\u00e9lyes konz\u00edliumot, vid\u00e9kr\u0151l telefonos megbesz\u00e9l\u00e9st k\u00f6vet\u0151en) fogadja a betegeket.\u00a0<\/p>\n<h5>Ambulancia &#8211; 01H7P2207<\/h5>\n<p>Ambul\u00e1ns vizsg\u00e1latra h\u00e1ziorvosi vagy szakorvosi beutal\u00f3val \u00e9rkezhetnek a betegek el\u0151zetes telefonos egyeztet\u00e9s alapj\u00e1n.<\/p>\n<p><strong>Id\u0151pontk\u00e9r\u00e9s: <br \/>\n<\/strong>Telefon: (+36 1) 391-1954<br \/>\nH\u00e9tf\u0151t\u0151l-p\u00e9ntekig: 8:00-14:00 k\u00f6z\u00f6tt<\/p>\n<p><strong>A rendel\u00e9s ideje:<\/strong><br \/>\ncs\u00fct\u00f6rt\u00f6k 8-12 \u00f3ra<\/p>\n<h5>Telefon:<\/h5>\n<p><strong>Oszt\u00e1lyiroda:<\/strong> (+36 1) 391-1954<br \/>\n<strong>N\u0151v\u00e9rpult:<\/strong> (+36 1) 391-1955<br \/>\n<strong>Oszt\u00e1lyvezet\u0151 f\u0151orvos:<\/strong> (+36 1) 391-1951<\/p>\n<h5>E-mail:<\/h5>\n<p><a href=\"mailto:aro.rehabkilinika@semmelweis.hu\">aro.rehabkilinika@semmelweis.hu<\/a>\u00a0<\/p>\n<h2>Betegell\u00e1t\u00e1si feladatok \u00e9s szolg\u00e1ltat\u00e1sok<\/h2>\n<p>Az oszt\u00e1ly f\u0151 feladata a baleset k\u00f6vetkezt\u00e9ben agys\u00e9r\u00fcl\u00e9st szenvedett betegek orvosi rehabilit\u00e1ci\u00f3ja. Az agyk\u00e1rosod\u00e1s k\u00f6vetkezt\u00e9ben kialakult \u00e1tmeneti vagy v\u00e9gleges funkci\u00f3zavarok (f\u00e9loldali b\u00e9nul\u00e1s, mozg\u00e1s- vagy j\u00e1r\u00e1szavar, nyel\u00e9si-, t\u00e1pl\u00e1lkoz\u00e1si-, kommunik\u00e1ci\u00f3s-, kontinencia- \u00e9s pszich\u00e9s probl\u00e9m\u00e1k) kezel\u00e9s\u00e9t egy multidiszciplin\u00e1ris team v\u00e9gzi.<\/p>\n<p>Az oszt\u00e1ly emellett egy\u00e9b agyk\u00e1rosod\u00e1st szenvedett, stroke vagy m\u00e1s neurol\u00f3giai eredet\u0171 rehabilit\u00e1ci\u00f3t ig\u00e9nyl\u0151, k\u00e1rosodott beteget is felvesz (pl.: agym\u0171t\u00e9t ut\u00e1ni \u00e1llapot, oxig\u00e9nhi\u00e1nyos agyk\u00e1rosod\u00e1s, sclerosis multiplex, neuropathia, Guillain-Barre szindr\u00f3ma).<\/p>\n<p>A szakemberek (orvosok, \u00e1pol\u00f3k, pszichol\u00f3gusok, gy\u00f3gytorn\u00e1szok, kondukt\u00edv \u00e9s gy\u00f3gypedag\u00f3gusok, zeneterapeuta, ergoterapeuta, sportterapeuta, szoci\u00e1lis munk\u00e1s) a csal\u00e1dtagok bevon\u00e1s\u00e1val a k\u00e1rosodott szem\u00e9ly \u00f6nell\u00e1t\u00e1s\u00e1nak helyre\u00e1ll\u00edt\u00e1s\u00e1ra, a kor\u00e1bbi vagy azt megk\u00f6zel\u00edt\u0151 t\u00e1rsadalmi szerep bet\u00f6lt\u00e9s\u00e9nek el\u0151k\u00e9sz\u00edt\u00e9s\u00e9re t\u00f6rekednek, melyhez munk\u00e1juk sor\u00e1n ig\u00e9nybe veszik a Klinika <a href=\"https:\/\/semmelweis.hu\/rehabilitaciosklinika\/betegellatas\/kozponti-betegellato-egysegek\/\">k\u00f6zponti szolg\u00e1ltat\u00e1sait<\/a> is.<\/p>\n<p>Fontos feladatuknak tekintik a k\u00fcl\u00f6nb\u00f6z\u0151 szakemberek oktat\u00e1s\u00e1t, valamint a saj\u00e1t dolgoz\u00f3inak rendszeres tov\u00e1bbk\u00e9pz\u00e9s\u00e9t is. Tudom\u00e1nyos tev\u00e9kenys\u00e9g\u00fckr\u0151l a hazai \u00e9s a k\u00fclf\u00f6ldi kongresszusokon rendszeresen besz\u00e1molnak.\u00a0<\/p>\n<h2>Munkat\u00e1rsak<\/h2>\n<h5>Orvosok:<\/h5>\n<p>Dr. D\u00e9nes Zolt\u00e1n PhD.\u00a0<br \/>\nDr. Mas\u00e1t Orsolya\u00a0<br \/>\nDr. Holp\u00e1r Margit<br \/>\nDr. Cs\u00e9p\u00e1ny \u00c9va<\/p>\n<h5>Szakpszichol\u00f3gus:<\/h5>\n<p>Dr. Verseghi Anna\u00a0<br \/>\nB\u00e1lint Brigitta\u00a0<br \/>\nDr. Demeter Gyula, PhD.\u00a0<\/p>\n<h5>Pszichol\u00f3gus:<\/h5>\n<p>Kir\u00e1ly Anna<\/p>\n<h5>Dietetikus:<\/h5>\n<p>N\u00e1dor Nikolett<\/p>\n<h5>Logop\u00e9dus<\/h5>\n<p>N\u00e9meth Mariann<br \/>\nBuz\u00e1s Lili<br \/>\nSzegf\u0171 Anna<br \/>\nK\u00e1das Csilla<\/p>\n<h5>Zeneterapeuta:<\/h5>\n<p>Dr. Fekete Zs\u00f3fia PhD.\u00a0<br \/>\nCselen\u00e1k Zsolt<br \/>\nOl\u00e1h Marcell<\/p>\n<h5>Mozg\u00e1sterapeut\u00e1k:<\/h5>\n<p>Gacsal Csaba\u00a0<br \/>\nBolla Brigitta <br \/>\nFarkas Judit\u00a0<br \/>\nTak\u00e1cs Krisztina\u00a0<br \/>\nV\u00e1raljai Eszter (tart\u00f3san t\u00e1vol)<br \/>\nGorjan\u00e1cz Ilona\u00a0<br \/>\nD\u00f3czy G\u00e1bor<br \/>\nM\u00e1hli Zsuzsanna<\/p>\n<h5>Ergoterapeuta:<\/h5>\n<p>Nusser Zolt\u00e1n<\/p>\n<h5>Szoci\u00e1lis munkat\u00e1rs:<\/h5>\n<p>Szab\u00f3 Anett<\/p>\n<h5>\u00c1pol\u00f3k:<\/h5>\n<p>Kov\u00e1cs Rita<br \/>\nGy\u00f6rk\u00f6s Ad\u00e9l\u00a0<br \/>\nBorsos Csaba\u00a0<br \/>\nStef\u00e1n Viktor\u00a0<br \/>\nKiss Viktor\u00a0<br \/>\nSzalkai Izabella\u00a0<br \/>\nNothof Laura\u00a0<br \/>\nKocsis Katalin<br \/>\nL\u0151rincz-Kiszel Klaudia<br \/>\nAnna Szilvia<br \/>\nSzilassy Borb\u00e1la Margit<br \/>\nL\u0151rincz Georgina Hanna<br \/>\nFarkas M\u00f3nika Rita<br \/>\nMoln\u00e1r Ang\u00e9la Ilona<br \/>\nSimon Andr\u00e1s<br \/>\nL\u00f3din\u00e9 Kiss Szabina<\/p>\n<p>&nbsp;<\/p>\n","protected":false},"excerpt":{"rendered":"<p>Helye: F\u0151\u00e9p\u00fclet, A sz\u00e1rny, 2. emelet Oszt\u00e1lyvezet\u0151 f\u0151orvos: Dr. D\u00e9nes Zolt\u00e1n PhD Oszt\u00e1lyos vezet\u0151 \u00e1pol\u00f3: Kov\u00e1cs Rita Oszt\u00e1lyos adminisztr\u00e1tor: Szajk\u00f3 Enik\u0151 Betegfelv\u00e9tel az oszt\u00e1lyra A betegfelv\u00e9tel beutal\u00f3 alapj\u00e1n, el\u0151jegyz\u00e9s szerint t\u00f6rt\u00e9nik. Az oszt\u00e1ly az orsz\u00e1g eg\u00e9sz ter\u00fclet\u00e9r\u0151l (Budapestr\u0151l szem\u00e9lyes konz\u00edliumot, vid\u00e9kr\u0151l telefonos megbesz\u00e9l\u00e9st k\u00f6vet\u0151en) fogadja a betegeket.\u00a0 Ambulancia &#8211; 01H7P2207 Ambul\u00e1ns vizsg\u00e1latra h\u00e1ziorvosi vagy szakorvosi &hellip;<\/p>\n","protected":false},"author":102388,"featured_media":0,"parent":1236,"menu_order":0,"comment_status":"closed","ping_status":"closed","template":"","meta":{"_acf_changed":false,"footnotes":""},"categories":[],"tags":[],"class_list":["post-1260","page","type-page","status-publish","hentry"],"acf":[],"_links":{"self":[{"href":"https:\/\/semmelweis.hu\/rehabilitaciosklinika\/wp-json\/wp\/v2\/pages\/1260","targetHints":{"allow":["GET"]}}],"collection":[{"href":"https:\/\/semmelweis.hu\/rehabilitaciosklinika\/wp-json\/wp\/v2\/pages"}],"about":[{"href":"https:\/\/semmelweis.hu\/rehabilitaciosklinika\/wp-json\/wp\/v2\/types\/page"}],"author":[{"embeddable":true,"href":"https:\/\/semmelweis.hu\/rehabilitaciosklinika\/wp-json\/wp\/v2\/users\/102388"}],"replies":[{"embeddable":true,"href":"https:\/\/semmelweis.hu\/rehabilitaciosklinika\/wp-json\/wp\/v2\/comments?post=1260"}],"version-history":[{"count":12,"href":"https:\/\/semmelweis.hu\/rehabilitaciosklinika\/wp-json\/wp\/v2\/pages\/1260\/revisions"}],"predecessor-version":[{"id":3695,"href":"https:\/\/semmelweis.hu\/rehabilitaciosklinika\/wp-json\/wp\/v2\/pages\/1260\/revisions\/3695"}],"up":[{"embeddable":true,"href":"https:\/\/semmelweis.hu\/rehabilitaciosklinika\/wp-json\/wp\/v2\/pages\/1236"}],"wp:attachment":[{"href":"https:\/\/semmelweis.hu\/rehabilitaciosklinika\/wp-json\/wp\/v2\/media?parent=1260"}],"wp:term":[{"taxonomy":"category","embeddable":true,"href":"https:\/\/semmelweis.hu\/rehabilitaciosklinika\/wp-json\/wp\/v2\/categories?post=1260"},{"taxonomy":"post_tag","embeddable":true,"href":"https:\/\/semmelweis.hu\/rehabilitaciosklinika\/wp-json\/wp\/v2\/tags?post=1260"}],"curies":[{"name":"wp","href":"https:\/\/api.w.org\/{rel}","templated":true}]}}