{"id":1258,"date":"2024-09-17T12:48:31","date_gmt":"2024-09-17T10:48:31","guid":{"rendered":"https:\/\/semmelweis.hu\/rehabilitaciosklinika\/?page_id=1258"},"modified":"2026-01-09T10:07:20","modified_gmt":"2026-01-09T09:07:20","slug":"stroke-utani-rehabilitacios-osztaly-es-kiemelt-reszleg","status":"publish","type":"page","link":"https:\/\/semmelweis.hu\/rehabilitaciosklinika\/betegellatas\/osztalyok\/stroke-utani-rehabilitacios-osztaly-es-kiemelt-reszleg\/","title":{"rendered":"Stroke ut\u00e1ni Rehabilit\u00e1ci\u00f3s Oszt\u00e1ly \u00e9s Kiemelt R\u00e9szleg &#8211; 01H7R2204"},"content":{"rendered":"<div class=\"keretes w-100\">\n<p><strong>Helye: <\/strong>F\u0151\u00e9p\u00fclet, B sz\u00e1rny, 2. emelet<\/p>\n<p><strong>Oszt\u00e1lyvezet\u0151 f\u0151orvos:<\/strong> Prof. Dr. Fazekas G\u00e1bor PhD.<br \/>\n<strong>Oszt\u00e1lyos vezet\u0151 \u00e1pol\u00f3:<\/strong> Hanzi L\u00e1szl\u00f3<br \/>\n<strong>Oszt\u00e1lyos adminisztr\u00e1tor:<\/strong> Jerzsabek Marianna \u00c9va<\/p>\n<\/div>\n<h2>Betegfelv\u00e9tel<\/h2>\n<p>A betegfelv\u00e9tel egyr\u00e9szt k\u00f3rh\u00e1zi oszt\u00e1lyokr\u00f3l, m\u00e1sr\u00e9szt a beteg otthon\u00e1b\u00f3l el\u0151zetes rehabilit\u00e1ci\u00f3s konz\u00edliumot k\u00f6vet\u0151en, <strong>el\u0151jegyz\u00e9s alapj\u00e1n<\/strong> t\u00f6rt\u00e9nik.\u00a0<\/p>\n<ul>\n<li><strong>K\u00f3rh\u00e1zban fekv\u0151 beteg eset\u00e9n<\/strong> k\u00e9rj\u00fck, hogy <strong>a kezel\u0151orvos vegye fel vel\u00fcnk a kapcsolatot<\/strong>.<\/li>\n<li>Ha m\u00e1r otthon\u00e1ban van a beteg, <strong>orvosi beutal\u00f3val az ambulanci\u00e1nkra kell<\/strong> eljuttatni a beteget vizsg\u00e1latra, <strong>egyeztetett id\u0151pontban<\/strong>. Ilyenkor is hasznos, ha a beteg h\u00e1ziorvosa vagy m\u00e1s kezel\u0151orvosa konzult\u00e1l vel\u00fcnk telefonon.<\/li>\n<\/ul>\n<h5>Ambulancia &#8211; 01H7P2206<\/h5>\n<p>Az ambul\u00e1ns ell\u00e1t\u00e1s a f\u00f6ldszinti rendel\u0151k egyik\u00e9ben (4. rendel\u0151) t\u00f6rt\u00e9nik, <strong>el\u0151zetes id\u0151pont egyeztet\u00e9s<\/strong> alapj\u00e1n. Az ambulanci\u00e1ra \u00e9rkez\u0151 betegnek a f\u00f6ldszinti inform\u00e1ci\u00f3s pultn\u00e1l kell jelentkeznie, <strong>beutal\u00f3 sz\u00fcks\u00e9ges<\/strong>.<\/p>\n<p><strong>Id\u0151pontk\u00e9r\u00e9s:<br \/>\n<\/strong>Telefon: (+36 1) 391-1948<br \/>\nH\u00e9tf\u0151n \u00e9s szerd\u00e1n 9:00-12:00<\/p>\n<p><strong>Rendel\u00e9s ideje:<\/strong><br \/>\ncs\u00fct\u00f6rt\u00f6k: 9-12<\/p>\n<h5>Telefon:<\/h5>\n<p>Oszt\u00e1lyvezet\u0151 f\u0151orvos: (+36 1) 391-1946<br \/>\nOszt\u00e1lyiroda: (+36 1) 391-1948<br \/>\nN\u0151v\u00e9rpult: (+36 1) 391-1949<\/p>\n<p><strong>E-mail:<\/strong> <a href=\"mailto:sro.rehabklinika@semmelweis.hu\">sro.rehabklinika@semmelweis.hu<\/a><\/p>\n<p><strong>El\u0151jegyz\u00e9st e-mailben nem tudunk adni!<\/strong><\/p>\n<h2>Betegell\u00e1t\u00e1si feladatok \u00e9s szolg\u00e1ltat\u00e1sok:<\/h2>\n<p>Az oszt\u00e1ly olyan stroke-ot vagy m\u00e1s heveny, nem baleseti eredet\u0171 agyk\u00e1rosod\u00e1st (m\u0171t\u00e9t, daganat, t\u00e1lyog, oxig\u00e9nhi\u00e1nyos k\u00e1rosod\u00e1s) elszenvedett f\u00e9loldali b\u00e9nultak sz\u00e1m\u00e1ra biztos\u00edtja a rehabilit\u00e1ci\u00f3s programban val\u00f3 r\u00e9szv\u00e9telt, akik az akut ell\u00e1t\u00e1s ut\u00e1n glob\u00e1lisan (j\u00e1r\u00f3k\u00e9pess\u00e9g, \u00f6nell\u00e1t\u00e1s) s\u00e9r\u00fcltek \u00e9s a sz\u00fcks\u00e9ges m\u00e9rt\u00e9kig fizikailag terhelhet\u0151 \u00e9s szellemileg ig\u00e9nybevehet\u0151 \u00e1llapotban vannak.<\/p>\n<p>Az adott heveny agyk\u00e1rosod\u00e1s (leggyakrabban stroke) ut\u00e1ni els\u0151 rehabilit\u00e1ci\u00f3s programot k\u00f6vet\u0151en a k\u00e9s\u0151bbiekben k\u00fcl\u00f6nb\u00f6z\u0151 okok miatt \u00fajabb rehabilit\u00e1ci\u00f3s ell\u00e1t\u00e1sba is bevonhat\u00f3k a betegek.<\/p>\n<p>A rehabilit\u00e1ci\u00f3s program sor\u00e1n az al\u00e1bbi szolg\u00e1ltat\u00e1sokat ny\u00fajtja az oszt\u00e1ly (r\u00e9szben a Klinika k\u00f6zponti szolg\u00e1ltat\u00e1sainak keret\u00e9ben): \u00e1pol\u00e1s, orvosi ell\u00e1t\u00e1s, gy\u00f3gyszerel\u00e9s, gy\u00f3gytorna, logop\u00e9diai, pszichol\u00f3giai, ergo-, ritmus \u00e9s zeneter\u00e1pi\u00e1s foglalkoz\u00e1sok, gy\u00f3gy\u00e1szati seg\u00e9deszk\u00f6z ell\u00e1t\u00e1s, szoci\u00e1lis \u00fcgyint\u00e9z\u00e9s ill. amennyiben a beteg alkalmas r\u00e1 hydroter\u00e1pia, sportter\u00e1pia, fejlett technol\u00f3gi\u00e1n alapul\u00f3 (p\u00e9ld\u00e1ul robotos) ter\u00e1pia.<\/p>\n<p>Betegeiket akkor bocs\u00e1tj\u00e1k el, ha a rehabilit\u00e1ci\u00f3s tervben kit\u0171z\u00f6tt c\u00e9lokat el\u00e9rt\u00e9k, vagy ha bebizonyosodik, hogy a kit\u0171z\u00f6tt c\u00e9lok nem \u00e9rhet\u0151k el (legal\u00e1bbis a betegs\u00e9g adott szakasz\u00e1ban a szok\u00e1sos id\u0151keretben).<\/p>\n<h2>Munkat\u00e1rsak<\/h2>\n<h5>Orvosok:<\/h5>\n<p>Prof. Dr. Fazekas G\u00e1bor PhD neurol\u00f3gus, reumatol\u00f3gus \u00e9s rehabilit\u00e1ci\u00f3s szakorvos<br \/>\nP\u00e1kozdin\u00e9 dr. Papp Edit belgy\u00f3gy\u00e1sz \u00e9s rehabilit\u00e1ci\u00f3s szakorvos<br \/>\nSzab\u00f3n\u00e9 dr. Herczeg Eszter neurol\u00f3gus \u00e9s rehabilit\u00e1ci\u00f3s szakorvos<br \/>\nDr. Tavaszi Ibolya PhD rehabilit\u00e1ci\u00f3s szakorvos<\/p>\n<h5>Mozg\u00e1sterapeut\u00e1k:<\/h5>\n<p>Moln\u00e1rn\u00e9 Balogh Judit gy\u00f3gytorn\u00e1sz<br \/>\nSz\u0171cs Zsuzsanna M\u00e1ria gy\u00f3gytorn\u00e1sz<br \/>\nFodor Zolt\u00e1n gy\u00f3gytorn\u00e1sz<br \/>\nHaba Gy\u00f6rgyi gy\u00f3gytorn\u00e1sz<br \/>\nDab\u00f3czi Krisztina<br \/>\nPint\u00e9r Gergely gy\u00f3gytorn\u00e1sz<br \/>\nT\u00edm\u00e1r Kinga gy\u00f3gytorn\u00e1sz<\/p>\n<h5>Dietetikus:<\/h5>\n<p>Barta Be\u00e1ta<\/p>\n<h5>Szakpszichol\u00f3gus:<\/h5>\n<p>Szab\u00f3 G\u00e1bor<br \/>\nUrbanics Ildik\u00f3<\/p>\n<h5>Pszichol\u00f3gus:<\/h5>\n<p>Kir\u00e1ly Anna<\/p>\n<h5>Logop\u00e9dusok:<\/h5>\n<p>B\u00f3la Em\u00edlia<br \/>\nDr. Sz\u0151ll\u0151si Izabella PhD.<br \/>\nV\u00e1s\u00e1ri Vivien<\/p>\n<h5>Zeneterapeuta<\/h5>\n<p>Dr. Fekete Zs\u00f3fia PhD.<br \/>\nCselen\u00e1k Zsolt\u00a0<br \/>\nOl\u00e1h M\u00e1rton\u00a0<\/p>\n<h5>Szoci\u00e1lis munkat\u00e1rs:<\/h5>\n<p>Vas\u00e1ros Krisztina<\/p>\n<h5>\u00c1pol\u00f3k:<\/h5>\n<p>Baranyi Brigitta Otilia\u00a0<br \/>\nCzet\u0151 Attil\u00e1n\u00e9<br \/>\nHavadi Erzs\u00e9bet<br \/>\nHavadi Zsuzsanna<br \/>\nKereszt\u00farin\u00e9 Hal\u00e1szi \u00c9va<br \/>\nOsv\u00e1th Lajos\u00a0<br \/>\nPet\u0151 Zolt\u00e1nn\u00e9<br \/>\nStadler Zsolt Rajmundn\u00e9<br \/>\nSzab\u00f3n\u00e9 Mester Piroska\u00a0<br \/>\nT\u00f3th D\u00e1niel\u00a0<br \/>\nV\u00e1gola Zsuzsa<\/p>\n","protected":false},"excerpt":{"rendered":"<p>Helye: F\u0151\u00e9p\u00fclet, B sz\u00e1rny, 2. emelet Oszt\u00e1lyvezet\u0151 f\u0151orvos: Prof. Dr. Fazekas G\u00e1bor PhD. Oszt\u00e1lyos vezet\u0151 \u00e1pol\u00f3: Hanzi L\u00e1szl\u00f3 Oszt\u00e1lyos adminisztr\u00e1tor: Jerzsabek Marianna \u00c9va Betegfelv\u00e9tel A betegfelv\u00e9tel egyr\u00e9szt k\u00f3rh\u00e1zi oszt\u00e1lyokr\u00f3l, m\u00e1sr\u00e9szt a beteg otthon\u00e1b\u00f3l el\u0151zetes rehabilit\u00e1ci\u00f3s konz\u00edliumot k\u00f6vet\u0151en, el\u0151jegyz\u00e9s alapj\u00e1n t\u00f6rt\u00e9nik.\u00a0 K\u00f3rh\u00e1zban fekv\u0151 beteg eset\u00e9n k\u00e9rj\u00fck, hogy a kezel\u0151orvos vegye fel vel\u00fcnk a kapcsolatot. Ha m\u00e1r &hellip;<\/p>\n","protected":false},"author":102388,"featured_media":0,"parent":1236,"menu_order":0,"comment_status":"closed","ping_status":"closed","template":"","meta":{"_acf_changed":false,"footnotes":""},"categories":[],"tags":[],"class_list":["post-1258","page","type-page","status-publish","hentry"],"acf":[],"_links":{"self":[{"href":"https:\/\/semmelweis.hu\/rehabilitaciosklinika\/wp-json\/wp\/v2\/pages\/1258","targetHints":{"allow":["GET"]}}],"collection":[{"href":"https:\/\/semmelweis.hu\/rehabilitaciosklinika\/wp-json\/wp\/v2\/pages"}],"about":[{"href":"https:\/\/semmelweis.hu\/rehabilitaciosklinika\/wp-json\/wp\/v2\/types\/page"}],"author":[{"embeddable":true,"href":"https:\/\/semmelweis.hu\/rehabilitaciosklinika\/wp-json\/wp\/v2\/users\/102388"}],"replies":[{"embeddable":true,"href":"https:\/\/semmelweis.hu\/rehabilitaciosklinika\/wp-json\/wp\/v2\/comments?post=1258"}],"version-history":[{"count":13,"href":"https:\/\/semmelweis.hu\/rehabilitaciosklinika\/wp-json\/wp\/v2\/pages\/1258\/revisions"}],"predecessor-version":[{"id":3694,"href":"https:\/\/semmelweis.hu\/rehabilitaciosklinika\/wp-json\/wp\/v2\/pages\/1258\/revisions\/3694"}],"up":[{"embeddable":true,"href":"https:\/\/semmelweis.hu\/rehabilitaciosklinika\/wp-json\/wp\/v2\/pages\/1236"}],"wp:attachment":[{"href":"https:\/\/semmelweis.hu\/rehabilitaciosklinika\/wp-json\/wp\/v2\/media?parent=1258"}],"wp:term":[{"taxonomy":"category","embeddable":true,"href":"https:\/\/semmelweis.hu\/rehabilitaciosklinika\/wp-json\/wp\/v2\/categories?post=1258"},{"taxonomy":"post_tag","embeddable":true,"href":"https:\/\/semmelweis.hu\/rehabilitaciosklinika\/wp-json\/wp\/v2\/tags?post=1258"}],"curies":[{"name":"wp","href":"https:\/\/api.w.org\/{rel}","templated":true}]}}