{"id":1256,"date":"2024-09-17T12:48:00","date_gmt":"2024-09-17T10:48:00","guid":{"rendered":"https:\/\/semmelweis.hu\/rehabilitaciosklinika\/?page_id=1256"},"modified":"2026-02-18T12:48:22","modified_gmt":"2026-02-18T11:48:22","slug":"tetrapleg-betegek-korai-reszlege","status":"publish","type":"page","link":"https:\/\/semmelweis.hu\/rehabilitaciosklinika\/betegellatas\/osztalyok\/tetrapleg-betegek-korai-reszlege\/","title":{"rendered":"Gerincvel\u0151s\u00e9r\u00fcltek Rehabilit\u00e1ci\u00f3s Oszt\u00e1lya &#8211; Tetrapl\u00e9g Betegek Korai R\u00e9szlege &#8211; 01H7R2203"},"content":{"rendered":"<div class=\"keretes w-100\">\n<p style=\"text-align: left\"><strong>Helye: <\/strong>F\u0151\u00e9p\u00fclet, C sz\u00e1rny -1 emelet<strong>\u00a0<\/strong><\/p>\n<p><strong>R\u00e9szlegvezet\u0151 f\u0151orvos:<\/strong> Dr. Hern\u00e1th Ildik\u00f3<br \/>\n<strong>R\u00e9szlegvezet\u0151 \u00e1pol\u00f3:<\/strong> P\u00e9ter L\u00edvia<br \/>\n<strong>Oszt\u00e1lyos adminisztr\u00e1tor:<\/strong> Kiss Krisztina<\/p>\n<\/div>\n<h2>Betegfelv\u00e9tel<\/h2>\n<p><span style=\"font-size: 1rem\">Az oszt\u00e1ly ell\u00e1t\u00e1si ter\u00fclete orsz\u00e1gos. <\/span><strong>A betegek el\u0151zetes szakorvosi konz\u00edlium ut\u00e1n<\/strong> ker\u00fclnek \u00e1tv\u00e9telre (Budapesten szem\u00e9lyes konzult\u00e1ci\u00f3, az orsz\u00e1g m\u00e1s r\u00e9sz\u00e9b\u0151l telefonos konzult\u00e1ci\u00f3t k\u00f6vet\u0151en).\u00a0<span style=\"font-size: 1rem\">\u00a0A betegell\u00e1t\u00e1s sorrendj\u00e9nek meghat\u00e1roz\u00e1s\u00e1t a szakmai ig\u00e9nyek \u00e9s az oszt\u00e1ly lehet\u0151s\u00e9gei befoly\u00e1solj\u00e1k.<\/span><\/p>\n<h3>El\u00e9rhet\u0151s\u00e9gek:<\/h3>\n<p><strong>Telefon:<\/strong> (+36 1) 391-1967<\/p>\n<p><strong>R\u00e9szlegvezet\u0151 f\u0151orvos:<\/strong> (+36 1) 391-1900\/8063 mell\u00e9k<br \/>\n<strong>Oszt\u00e1lyiroda:<\/strong> (+36 1) 391-1967<br \/>\n<strong>N\u0151v\u00e9rpult:<\/strong> (+36 1) 391-1900\/1350 mell\u00e9k<\/p>\n<h2>Betegell\u00e1t\u00e1si feladatok \u00e9s szolg\u00e1ltat\u00e1sok<\/h2>\n<p>A Gerincvel\u0151s\u00e9r\u00fcltek Rehabilit\u00e1ci\u00f3s Oszt\u00e1lya r\u00e9szek\u00e9nt 2013 \u00f3ta m\u0171k\u00f6dik a tetrapl\u00e9g betegek korai rehabilit\u00e1ci\u00f3ja c\u00e9lj\u00e1b\u00f3l kialak\u00edtott r\u00e9szleg, k\u00fcl\u00f6n, erre a feladatra felk\u00e9sz\u00edtett szem\u00e9lyzettel (intenz\u00edv ter\u00e1pi\u00e1s orvos, intenz\u00edv ter\u00e1pi\u00e1s ell\u00e1t\u00e1sban gyakorlott \u00e1pol\u00f3 szem\u00e9lyzet, gy\u00f3gytorn\u00e1szok, ergoterapeuta, pszichol\u00f3gus, massz\u0151r).<\/p>\n<p>A r\u00e9szleg f\u0151 profilja azon betegek ell\u00e1t\u00e1sa, akik standard rehabilit\u00e1ci\u00f3s oszt\u00e1lyra m\u00e9g nem vehet\u0151k fel (s\u00falyos, n\u00e9gy v\u00e9gtag b\u00e9nult gerincvel\u0151s\u00e9r\u00fcltek, akiknek a biztons\u00e1gos ell\u00e1t\u00e1s\u00e1hoz m\u00e9g folyamatos \u00e9szlel\u00e9s sz\u00fcks\u00e9ges, illetve azon r\u00e9gebbi gerincvel\u0151s\u00e9r\u00fcltek, akik pl. sz\u00fcks\u00e9gess\u00e9 v\u00e1lt m\u0171t\u00e9t miatt ig\u00e9nyelnek nagyobb odafigyel\u00e9st).<\/p>\n<p>Erre a r\u00e9szlegre felv\u00e9telre ker\u00fclhetnek azok is, akiknek a l\u00e9gz\u00e9se stabilnak tekinthet\u0151, de ezen \u00e1llapotban m\u00e9g komolyabb speci\u00e1lis l\u00e9gz\u00e9s rehabilit\u00e1ci\u00f3 is sz\u00fcks\u00e9ges, illetve sz\u00fcks\u00e9gess\u00e9 v\u00e1lhat. A r\u00e9szleg nem intenz\u00edv oszt\u00e1ly, de alkalmas az int\u00e9zetben esetlegesen kialakult akut ell\u00e1t\u00e1sra szorul\u00f3 esetek felv\u00e9tel\u00e9re, \u00e1llapotuk stabiliz\u00e1l\u00e1s\u00e1ra addig, ameddig a beteg megfelel\u0151 helyre t\u00f6rt\u00e9n\u0151 elsz\u00e1ll\u00edt\u00e1sa megszervez\u0151dik. Amennyiben a beteg \u00e1llapot\u00e1nak a javul\u00e1sa megengedi, akkor \u00e1thelyez\u00e9sre ker\u00fclhet a standard 40 \u00e1gyas oszt\u00e1lyra.<\/p>\n<p>Hangs\u00falyozzuk, hogy ez a r\u00e9szleg is csak olyan eseteket l\u00e1t el, amelyek komplex orvosi rehabilit\u00e1ci\u00f3ja val\u00f3s ig\u00e9nynek t\u0171nik. \u00c1pol\u00e1ssal, illetve a szoci\u00e1lis elhelyez\u00e9s megold\u00e1s\u00e1val a r\u00e9szleg nem foglalkozik.<\/p>\n<h2>Munkat\u00e1rsak<\/h2>\n<h5>Orvos:<\/h5>\n<p>dr. Porg\u00e1nyi Zita<\/p>\n<h5>Mozg\u00e1sterapeut\u00e1k:<\/h5>\n<p>Szemer\u00e9di P\u00e9ter Bal\u00e1zs<br \/>\nPapp Leila<br \/>\nVadai Kitti Anik\u00f3<\/p>\n<h5>Szakpszichol\u00f3gus:<\/h5>\n<p>Perlai Katalin<br \/>\nV\u00e1s\u00e1rhelyi Be\u00e1ta R\u00e9ka<\/p>\n<h5>Pszichol\u00f3gus:<\/h5>\n<p>Burka Janka<\/p>\n<h5>Massz\u0151r:<\/h5>\n<p>M\u00fcller Anik\u00f3\u00a0<\/p>\n<h5>Dietetikus:<\/h5>\n<p>T\u00f6r\u00f6k Luca<\/p>\n<h5>Szoci\u00e1lis munk\u00e1s:<\/h5>\n<p>Papp L\u00e1szl\u00f3n\u00e9<\/p>\n<h5>Ergoterapeuta:<\/h5>\n<p>Veress M\u00f3nika<\/p>\n<h5>\u00c1pol\u00f3k:<\/h5>\n<p>Czikhardt Szilvia<br \/>\nEvanics Edina<br \/>\nKen\u00e9z \u00c1gnes<br \/>\nL\u0151rincz Erzs\u00e9bet <br \/>\nMez\u0151 Tam\u00e1s<br \/>\nNagy Ildik\u00f3<br \/>\nNagy Margit \u00c9va<br \/>\nOl\u00e1h Levente\u00a0<br \/>\nReich Zolt\u00e1n\u00a0<br \/>\nT\u00f3th Csilla<br \/>\nV\u00e9ber Hanna<\/p>\n","protected":false},"excerpt":{"rendered":"<p>Helye: F\u0151\u00e9p\u00fclet, C sz\u00e1rny -1 emelet\u00a0 R\u00e9szlegvezet\u0151 f\u0151orvos: Dr. Hern\u00e1th Ildik\u00f3 R\u00e9szlegvezet\u0151 \u00e1pol\u00f3: P\u00e9ter L\u00edvia Oszt\u00e1lyos adminisztr\u00e1tor: Kiss Krisztina Betegfelv\u00e9tel Az oszt\u00e1ly ell\u00e1t\u00e1si ter\u00fclete orsz\u00e1gos. A betegek el\u0151zetes szakorvosi konz\u00edlium ut\u00e1n ker\u00fclnek \u00e1tv\u00e9telre (Budapesten szem\u00e9lyes konzult\u00e1ci\u00f3, az orsz\u00e1g m\u00e1s r\u00e9sz\u00e9b\u0151l telefonos konzult\u00e1ci\u00f3t k\u00f6vet\u0151en).\u00a0\u00a0A betegell\u00e1t\u00e1s sorrendj\u00e9nek meghat\u00e1roz\u00e1s\u00e1t a szakmai ig\u00e9nyek \u00e9s az oszt\u00e1ly lehet\u0151s\u00e9gei befoly\u00e1solj\u00e1k. El\u00e9rhet\u0151s\u00e9gek: &hellip;<\/p>\n","protected":false},"author":102388,"featured_media":0,"parent":1236,"menu_order":0,"comment_status":"closed","ping_status":"closed","template":"","meta":{"_acf_changed":false,"footnotes":""},"categories":[],"tags":[],"class_list":["post-1256","page","type-page","status-publish","hentry"],"acf":[],"_links":{"self":[{"href":"https:\/\/semmelweis.hu\/rehabilitaciosklinika\/wp-json\/wp\/v2\/pages\/1256","targetHints":{"allow":["GET"]}}],"collection":[{"href":"https:\/\/semmelweis.hu\/rehabilitaciosklinika\/wp-json\/wp\/v2\/pages"}],"about":[{"href":"https:\/\/semmelweis.hu\/rehabilitaciosklinika\/wp-json\/wp\/v2\/types\/page"}],"author":[{"embeddable":true,"href":"https:\/\/semmelweis.hu\/rehabilitaciosklinika\/wp-json\/wp\/v2\/users\/102388"}],"replies":[{"embeddable":true,"href":"https:\/\/semmelweis.hu\/rehabilitaciosklinika\/wp-json\/wp\/v2\/comments?post=1256"}],"version-history":[{"count":13,"href":"https:\/\/semmelweis.hu\/rehabilitaciosklinika\/wp-json\/wp\/v2\/pages\/1256\/revisions"}],"predecessor-version":[{"id":3768,"href":"https:\/\/semmelweis.hu\/rehabilitaciosklinika\/wp-json\/wp\/v2\/pages\/1256\/revisions\/3768"}],"up":[{"embeddable":true,"href":"https:\/\/semmelweis.hu\/rehabilitaciosklinika\/wp-json\/wp\/v2\/pages\/1236"}],"wp:attachment":[{"href":"https:\/\/semmelweis.hu\/rehabilitaciosklinika\/wp-json\/wp\/v2\/media?parent=1256"}],"wp:term":[{"taxonomy":"category","embeddable":true,"href":"https:\/\/semmelweis.hu\/rehabilitaciosklinika\/wp-json\/wp\/v2\/categories?post=1256"},{"taxonomy":"post_tag","embeddable":true,"href":"https:\/\/semmelweis.hu\/rehabilitaciosklinika\/wp-json\/wp\/v2\/tags?post=1256"}],"curies":[{"name":"wp","href":"https:\/\/api.w.org\/{rel}","templated":true}]}}