{"id":1254,"date":"2024-09-17T12:47:27","date_gmt":"2024-09-17T10:47:27","guid":{"rendered":"https:\/\/semmelweis.hu\/rehabilitaciosklinika\/?page_id=1254"},"modified":"2026-02-18T11:20:48","modified_gmt":"2026-02-18T10:20:48","slug":"gerincveloserultek-rehabilitacios-osztalya","status":"publish","type":"page","link":"https:\/\/semmelweis.hu\/rehabilitaciosklinika\/betegellatas\/osztalyok\/gerincveloserultek-rehabilitacios-osztalya\/","title":{"rendered":"Gerincvel\u0151s\u00e9r\u00fcltek Rehabilit\u00e1ci\u00f3s Oszt\u00e1lya &#8211; 01H7R2208"},"content":{"rendered":"<div class=\"keretes w-100\">\n<p><strong>Helye:<\/strong> B \u00e9p\u00fclet f\u00f6ldszint<\/p>\n<p><strong>Oszt\u00e1lyvezet\u0151 f\u0151orvos:<\/strong> Dr. Cserh\u00e1ti P\u00e9ter PhD.<br \/>\n<strong>Oszt\u00e1lyvezet\u0151 \u00e1pol\u00f3:<\/strong> Pap M\u00f3nika<br \/>\n<strong>Oszt\u00e1lyos adminisztr\u00e1tor:<\/strong> Kiss Krisztina<\/p>\n<\/div>\n<h2>Betegfelv\u00e9tel<\/h2>\n<p>Az oszt\u00e1ly ell\u00e1t\u00e1si ter\u00fclete orsz\u00e1gos, melyet szem\u00e9lyes vizsg\u00e1lat (konz\u00edlium m\u00e1s k\u00f3rh\u00e1zban vagy ambul\u00e1ns rendel\u00e9sen t\u00f6rt\u00e9n\u0151 megjelen\u00e9s), vagy a kezel\u0151orvossal t\u00f6rt\u00e9nt telefonos megbesz\u00e9l\u00e9s el\u0151z meg. A betegell\u00e1t\u00e1s sorrendj\u00e9nek meghat\u00e1roz\u00e1s\u00e1t a szakmai ig\u00e9nyek \u00e9s az oszt\u00e1ly lehet\u0151s\u00e9gei befoly\u00e1solj\u00e1k.<\/p>\n<h5>Ambul\u00e1ns rendel\u00e9s &#8211; 01H7P2209<\/h5>\n<p>Az ambul\u00e1ns vizsg\u00e1lathoz<strong> szakorvosi beutal\u00f3<\/strong> sz\u00fcks\u00e9ges \u00e9s <strong>el\u0151jegyz\u00e9s alapj\u00e1n<\/strong> t\u00f6rt\u00e9nik. A rendel\u00e9sen az oszt\u00e1lyos\u00a0felv\u00e9tel el\u0151tti, valamint a visszarendelt betegek ellen\u0151rz\u0151 vizsg\u00e1lata, illetve a r\u00e9gi betegek seg\u00e9deszk\u00f6z ell\u00e1t\u00e1sa t\u00f6rt\u00e9nik.\u00a0<\/p>\n<p><strong>Id\u0151pontk\u00e9r\u00e9s:<\/strong><br \/>\nTelefon: (+36 1) 391-1967<br \/>\nH\u00e9tf\u0151t\u0151l p\u00e9ntekig 8:00-12:00 k\u00f6z\u00f6tt<\/p>\n<p><strong>Ambul\u00e1ns rendel\u00e9s id\u0151pontja:<\/strong> <br \/>\nszerda: 9:00-12:00 <br \/>\n<em>probl\u00e9ma eset\u00e9n, el\u0151zetes megbesz\u00e9l\u00e9s alapj\u00e1n m\u00e1s id\u0151pontban is lehets\u00e9ges<\/em><\/p>\n<h5>Telefon:<\/h5>\n<p><strong>Oszt\u00e1lyvezet\u0151 f\u0151orvos:<\/strong> (+36 1) 391-1965<br \/>\n<strong>Oszt\u00e1lyiroda:<\/strong> (+36 1) 391-1967<br \/>\n<strong>N\u0151v\u00e9rpult:<\/strong> (+36 1) 391-1968<\/p>\n<p><strong>E-mail:<\/strong> <a href=\"mailto:kiss.krisztina.adrienn@semmelweis.hu\">kiss.krisztina.adrienn@semmelweis.hu<\/a><\/p>\n<h2>Betegell\u00e1t\u00e1si feladatok \u00e9s szolg\u00e1ltat\u00e1sok<\/h2>\n<p>Az oszt\u00e1ly m\u0171k\u00f6d\u00e9s\u00e9nek c\u00e9lja a gerincvel\u0151s\u00e9r\u00fcltek \u00f6nell\u00e1t\u00e1s\u00e1nak a lehet\u0151 legmagasabb szintig t\u00f6rt\u00e9n\u0151 fejleszt\u00e9se \u00e9s annak fenntart\u00e1sa. Feladata tov\u00e1bb\u00e1 a friss gerincvel\u0151i s\u00e9r\u00fcltek korai komplex els\u0151dleges rehabilit\u00e1ci\u00f3ja, a gerincvel\u0151s\u00e9r\u00fclt \u00e9letm\u00f3d megtan\u00edt\u00e1sa, a gerincvel\u0151-s\u00e9r\u00fcl\u00e9ssel k\u00f6nnyen egy\u00fctt j\u00e1r\u00f3 sz\u00f6v\u0151dm\u00e9nyek megel\u0151z\u00e9se, az \u00e9letmin\u0151s\u00e9g jav\u00edt\u00e1sa, valamint a r\u00e9gebben s\u00e9r\u00fcltek megel\u0151z\u00e9st c\u00e9lz\u00f3 kontrollja, az esetlegesen kialakul\u00f3 sz\u00f6v\u0151dm\u00e9nyeinek megold\u00e1sa \u00e9s gy\u00f3gy\u00edt\u00f3 c\u00e9l\u00fa gondoz\u00e1sa.<\/p>\n<p>Az oszt\u00e1ly feladatai ell\u00e1t\u00e1s\u00e1hoz a k\u00f6vetkez\u0151 szolg\u00e1ltat\u00e1sokat ny\u00fajtja: konzervat\u00edv \u00e9s sz\u00fcks\u00e9g eset\u00e9n operat\u00edv kezel\u00e9s; napi \u00e9lettev\u00e9kenys\u00e9g tan\u00edt\u00e1sa \u00e9s gyakoroltat\u00e1sa; gy\u00f3gytorna; kerekessz\u00e9k haszn\u00e1lat\u00e1nak elsaj\u00e1t\u00edttat\u00e1sa; j\u00e1r\u00e1stan\u00edt\u00e1s, amikor lehets\u00e9ges; a funkci\u00f3jav\u00edt\u00e1st c\u00e9lz\u00f3 fizioter\u00e1pi\u00e1s elj\u00e1r\u00e1sok, valamint munka-, pszicho- \u00e9s sportter\u00e1pia.<\/p>\n<p>A komplex ell\u00e1t\u00e1s teammunka keret\u00e9ben az al\u00e1bbi ter\u00fcletekre terjed ki: inkontinencia, neuro-urol\u00f3gia, szeptikus seb\u00e9szet, ortop\u00e9dia, seg\u00e9deszk\u00f6zzel t\u00f6rt\u00e9n\u0151 ell\u00e1t\u00e1s, speci\u00e1lis plasztikai seb\u00e9szet (felfekv\u00e9s), fels\u0151 v\u00e9gtag funkci\u00f3jav\u00edt\u00e1s konzervat\u00edv \u00e9s\/vagy operat\u00edv m\u00f3don, szexu\u00e1lis probl\u00e9m\u00e1k kezel\u00e9se, fogyat\u00e9kosok sportja, t\u00e1rsas esem\u00e9nyek szervez\u00e9se (gerincvel\u0151s\u00e9r\u00fcltek klubja). Fontos eszk\u00f6z a csal\u00e1d bevon\u00e1sa a beteg rehabilit\u00e1ci\u00f3j\u00e1ba.<\/p>\n<p>A rehabilit\u00e1ci\u00f3t akkor tekintik befejezettnek, ha a beteg a mozg\u00e1s\u00e1ban \u00e9s a napi \u00e9letvitel\u00e9ben tov\u00e1bbi jelent\u0151s fejl\u0151d\u00e9s bel\u00e1that\u00f3 id\u0151n bel\u00fcl m\u00e1r nem v\u00e1rhat\u00f3, \u00e9s a beteg csal\u00e1dja felk\u00e9sz\u00fclt az otthon\u00e1ban t\u00f6rt\u00e9n\u0151 fogad\u00e1s\u00e1ra.<\/p>\n<h2>Munkat\u00e1rsak<\/h2>\n<h5>Orvosok:<\/h5>\n<p>Dr. Cserh\u00e1ti P\u00e9ter PhD.<br \/>\nDr. Both B\u00e9la\u00a0<br \/>\nDr. Feh\u00e9r Melinda<br \/>\nDr. Putz Mikl\u00f3s<\/p>\n<h5>Terapeut\u00e1k:<\/h5>\n<p>Fodor Amelita<br \/>\nFut\u00f3 M\u00e1rton<br \/>\nG\u0151z N\u00f3ra<br \/>\nHorv\u00e1th Hanka Minna<br \/>\nKecsk\u00e9s Klaudia Zsanett<br \/>\nNagy Barbara<br \/>\nNagy Dorottya<br \/>\nVarga Edina<br \/>\nVir\u00e1g Mil\u00e1n Mikl\u00f3s<br \/>\nWare Lara Blanka<\/p>\n<h5>Dietetikus:<\/h5>\n<p>T\u00f6r\u00f6k Luca<\/p>\n<h5>Szakpszichol\u00f3gus:<\/h5>\n<p>Perlai Katalin<br \/>\nV\u00e1s\u00e1rhelyi Be\u00e1ta R\u00e9ka<\/p>\n<h5>Pszichol\u00f3gus:<\/h5>\n<p>Burka Janka<br \/>\nOl\u00e1h Marcell<\/p>\n<h5>Ergoterapeut\u00e1k:<\/h5>\n<p>Veress M\u00f3nika<br \/>\nKov\u00e1cs Nikolett<\/p>\n<h5>Gy\u00f3gymassz\u0151r:<\/h5>\n<p>M\u00fcller Anik\u00f3<\/p>\n<h5>Szoci\u00e1lis munkat\u00e1rs:<\/h5>\n<p>Papp L\u00e1szl\u00f3n\u00e9<\/p>\n<h5>Adminisztr\u00e1tor:<\/h5>\n<p>Kiss Krisztina<\/p>\n<h5>\u00c1pol\u00f3k:<\/h5>\n<p>Ablonczy Andrea\u00a0<br \/>\nBesenyei Edit<br \/>\nFeh\u00e9r Tibor\u00a0<br \/>\nIll\u00e9s Attila<br \/>\nKopcsik Klaudia<br \/>\nKov\u00e1cs Lilla<br \/>\nKuczik Zsuzsa<br \/>\nMedgyessy Zsuzsanna<br \/>\nNagy Anita<br \/>\nNagyn\u00e9 M. Veronika<br \/>\nSkoperda Nikolett<br \/>\nSusm\u00e1nn Kriszti\u00e1n<br \/>\nSzab\u00f3 Tirza <br \/>\nZsarnai Albertn\u00e9<\/p>\n","protected":false},"excerpt":{"rendered":"<p>Helye: B \u00e9p\u00fclet f\u00f6ldszint Oszt\u00e1lyvezet\u0151 f\u0151orvos: Dr. Cserh\u00e1ti P\u00e9ter PhD. Oszt\u00e1lyvezet\u0151 \u00e1pol\u00f3: Pap M\u00f3nika Oszt\u00e1lyos adminisztr\u00e1tor: Kiss Krisztina Betegfelv\u00e9tel Az oszt\u00e1ly ell\u00e1t\u00e1si ter\u00fclete orsz\u00e1gos, melyet szem\u00e9lyes vizsg\u00e1lat (konz\u00edlium m\u00e1s k\u00f3rh\u00e1zban vagy ambul\u00e1ns rendel\u00e9sen t\u00f6rt\u00e9n\u0151 megjelen\u00e9s), vagy a kezel\u0151orvossal t\u00f6rt\u00e9nt telefonos megbesz\u00e9l\u00e9s el\u0151z meg. A betegell\u00e1t\u00e1s sorrendj\u00e9nek meghat\u00e1roz\u00e1s\u00e1t a szakmai ig\u00e9nyek \u00e9s az oszt\u00e1ly lehet\u0151s\u00e9gei befoly\u00e1solj\u00e1k. &hellip;<\/p>\n","protected":false},"author":102388,"featured_media":0,"parent":1236,"menu_order":0,"comment_status":"closed","ping_status":"closed","template":"","meta":{"_acf_changed":false,"footnotes":""},"categories":[],"tags":[],"class_list":["post-1254","page","type-page","status-publish","hentry"],"acf":[],"_links":{"self":[{"href":"https:\/\/semmelweis.hu\/rehabilitaciosklinika\/wp-json\/wp\/v2\/pages\/1254","targetHints":{"allow":["GET"]}}],"collection":[{"href":"https:\/\/semmelweis.hu\/rehabilitaciosklinika\/wp-json\/wp\/v2\/pages"}],"about":[{"href":"https:\/\/semmelweis.hu\/rehabilitaciosklinika\/wp-json\/wp\/v2\/types\/page"}],"author":[{"embeddable":true,"href":"https:\/\/semmelweis.hu\/rehabilitaciosklinika\/wp-json\/wp\/v2\/users\/102388"}],"replies":[{"embeddable":true,"href":"https:\/\/semmelweis.hu\/rehabilitaciosklinika\/wp-json\/wp\/v2\/comments?post=1254"}],"version-history":[{"count":13,"href":"https:\/\/semmelweis.hu\/rehabilitaciosklinika\/wp-json\/wp\/v2\/pages\/1254\/revisions"}],"predecessor-version":[{"id":3764,"href":"https:\/\/semmelweis.hu\/rehabilitaciosklinika\/wp-json\/wp\/v2\/pages\/1254\/revisions\/3764"}],"up":[{"embeddable":true,"href":"https:\/\/semmelweis.hu\/rehabilitaciosklinika\/wp-json\/wp\/v2\/pages\/1236"}],"wp:attachment":[{"href":"https:\/\/semmelweis.hu\/rehabilitaciosklinika\/wp-json\/wp\/v2\/media?parent=1254"}],"wp:term":[{"taxonomy":"category","embeddable":true,"href":"https:\/\/semmelweis.hu\/rehabilitaciosklinika\/wp-json\/wp\/v2\/categories?post=1254"},{"taxonomy":"post_tag","embeddable":true,"href":"https:\/\/semmelweis.hu\/rehabilitaciosklinika\/wp-json\/wp\/v2\/tags?post=1254"}],"curies":[{"name":"wp","href":"https:\/\/api.w.org\/{rel}","templated":true}]}}