{"id":1252,"date":"2024-09-17T12:46:58","date_gmt":"2024-09-17T10:46:58","guid":{"rendered":"https:\/\/semmelweis.hu\/rehabilitaciosklinika\/?page_id=1252"},"modified":"2026-04-08T10:02:52","modified_gmt":"2026-04-08T08:02:52","slug":"ortoped-traumatologiai-rehabilitacios-osztaly-es-kiemelt-reszleg","status":"publish","type":"page","link":"https:\/\/semmelweis.hu\/rehabilitaciosklinika\/betegellatas\/osztalyok\/ortoped-traumatologiai-rehabilitacios-osztaly-es-kiemelt-reszleg\/","title":{"rendered":"Ortop\u00e9d-traumatol\u00f3giai Rehabilit\u00e1ci\u00f3s Oszt\u00e1ly \u00e9s Kiemelt R\u00e9szleg &#8211; 01H7R2207"},"content":{"rendered":"<div class=\"keretes w-100\">\n<p><strong>Helye: <\/strong>F\u0151\u00e9p\u00fclet, B sz\u00e1rny, 1. emelet<strong>\u00a0<\/strong><\/p>\n<p><strong>Oszt\u00e1lyvezet\u0151 f\u0151orvos:<\/strong> Dr. Szab\u00f3 D\u00e1vid<br \/>\n<strong>Oszt\u00e1lyos vezet\u0151 \u00e1pol\u00f3:<\/strong> Balogh Nikolett<br \/>\n<strong>Oszt\u00e1lyos adminisztr\u00e1tor:<\/strong> Szabados Szilvia<\/p>\n<\/div>\n<h2>Betegfelv\u00e9tel<\/h2>\n<p>Egyr\u00e9szt szem\u00e9lyes konz\u00edlium &#8211; vid\u00e9ki beteg eset\u00e9n szakorvossal t\u00f6rt\u00e9n\u0151 telefonos konzult\u00e1ci\u00f3 -, m\u00e1sr\u00e9szt ambul\u00e1ns vizsg\u00e1latot k\u00f6vet\u0151en. A betegfelv\u00e9tel felt\u00e9tele a s\u00e9r\u00fclt szellemi \u00e9s fizikai alkalmass\u00e1ga a rendszeres fizikai terhel\u00e9sre.<\/p>\n<h5>Ambul\u00e1ns rendel\u00e9s &#8211; 01H7P2208<\/h5>\n<p>Az ambul\u00e1ns vizsg\u00e1lathoz<strong>\u00a0szakorvosi beutal\u00f3<\/strong>\u00a0sz\u00fcks\u00e9ges \u00e9s\u00a0<strong>el\u0151jegyz\u00e9s alapj\u00e1n<\/strong> t\u00f6rt\u00e9nik. Az ambul\u00e1ns vizsg\u00e1lathoz az<span style=\"font-size: 1rem\">\u00a0inform\u00e1ci\u00f3s pultn\u00e1l <\/span><span style=\"font-size: 1rem\">el\u0151zetes bejelentkez\u00e9s sz\u00fcks\u00e9ges.<\/span><\/p>\n<p><strong>Id\u0151pontk\u00e9r\u00e9s:<\/strong><br \/>\nTelefon: (+36 1) 391-1963 vagy (+36 1) 391-1900\/1197<br \/>\nH\u00e9tf\u0151t\u0151l p\u00e9ntekig: 9:00-12:00<\/p>\n<p><strong>A rendel\u00e9s ideje:<\/strong><\/p>\n<p>h\u00e9tf\u0151 9:00-11:00 \u00f3ra<br \/>\nkedd 8:00-13:00 \u00f3ra<br \/>\ncs\u00fct\u00f6rt\u00f6k 8:00-15:00 \u00f3ra<br \/>\ncs\u00fct\u00f6rt\u00f6k 8:00-11:00 \u00f3ra (pszichol\u00f3gia, gy\u00f3gytorna)<\/p>\n<h5><strong>Telefon:<\/strong><\/h5>\n<ul>\n<li>Oszt\u00e1lyvezet\u0151 f\u0151orvos: (+36 1) 391-1961<\/li>\n<li>Oszt\u00e1lyiroda: (+36 1) 391-1963<\/li>\n<li>N\u0151v\u00e9rpult: (+36 1) 391-1964<\/li>\n<\/ul>\n<p><strong>E-mail:<\/strong> <a href=\"mailto:szabados.szilvia@semmelweis.hu\">szabados.szilvia@semmelweis.hu<\/a><\/p>\n<h2>Betegell\u00e1t\u00e1si feladatok \u00e9s szolg\u00e1ltat\u00e1sok<\/h2>\n<p>Az oszt\u00e1ly orsz\u00e1gos hat\u00e1sk\u00f6rrel s\u00falyos, t\u00f6bbsz\u00f6r\u00f6sen s\u00e9r\u00fclt, valamint baleseti amput\u00e1lt betegeket l\u00e1t el, kisebb sz\u00e1mban nagy\u00edz\u00fcleti prot\u00e9zism\u0171t\u00e9ten \u00e1tesett betegek rehabilit\u00e1ci\u00f3j\u00e1t v\u00e9gzi. A marad\u00e9k kapacit\u00e1st t\u00f6bbnyire id\u0151skor\u00fa cs\u00edp\u0151t\u00e1ji t\u00f6r\u00f6tt betegek t\u00f6ltik ki. Sz\u00fcks\u00e9g eset\u00e9n lehet\u0151s\u00e9g van olyan m\u0171t\u00e9ti beavatkoz\u00e1s elv\u00e9gz\u00e9s\u00e9re, amely hat\u00e9konyan hozz\u00e1j\u00e1rul a beteg sikeres rehabilit\u00e1ci\u00f3j\u00e1hoz.<\/p>\n<p>Az oszt\u00e1lyos ell\u00e1t\u00e1s mellett a betegeknek lehet\u0151s\u00e9g\u00fck ny\u00edlik egy\u00e9ni \u00e9s csoportos torn\u00e1ra, bizonyos ergoter\u00e1pi\u00e1s kezel\u00e9sekre, fizioter\u00e1pi\u00e1ra, hidroter\u00e1pi\u00e1ra \u00e9s klinikai sportter\u00e1pi\u00e1ra is, valamint sz\u00fcks\u00e9g szerint ig\u00e9nybe veszik az Ortop\u00e9d M\u0171szer\u00e9sz M\u0171hely szolg\u00e1ltat\u00e1sait.<\/p>\n<p>A rehabilit\u00e1ci\u00f3s csoport tagjai k\u00f6z\u00fcl klinikai pszichol\u00f3gus, munkapszichol\u00f3gus, valamint szoci\u00e1lis munk\u00e1s is foglalkozik betegeinkkel.<\/p>\n<p><strong>A rehabilit\u00e1ci\u00f3 befejez\u00e9s\u00e9nek felt\u00e9tele:<\/strong> a beteg az el\u0151re megfogalmazott c\u00e9lokat el\u00e9rte (lehet\u0151s\u00e9g szerint a szem\u00e9lyes \u00f6nell\u00e1t\u00f3 k\u00e9pess\u00e9get), illetve abban az esetben, ha a beteg b\u00e1rmilyen okb\u00f3l ered\u0151en alkalmatlann\u00e1 v\u00e1lik a tov\u00e1bbi foglalkoz\u00e1sokra (szellemi vagy fizikai hanyatl\u00e1s, heveny betegs\u00e9g kialakul\u00e1sa, \u00e1thelyez\u00e9s m\u00e1sik oszt\u00e1lyra\/int\u00e9zm\u00e9nybe, stb.).<\/p>\n<h2>Munkat\u00e1rsak<\/h2>\n<h5>Orvosok:<\/h5>\n<p>Dr. Szab\u00f3 D\u00e1vid<br \/>\nDr. Markotics Attila\u00a0<br \/>\nDr. Vass Ildik\u00f3 Erzs\u00e9bet <br \/>\nDr. Szik\u00f3i Vir\u00e1g<\/p>\n<h5>Terapeut\u00e1k:<\/h5>\n<p>Urb\u00e1n Andrea\u00a0<br \/>\nMarik Katalin\u00a0<br \/>\nCsord\u00e1s \u00c1gnes\u00a0<br \/>\nP\u00e9nzesn\u00e9 Rozsits \u00c1gnes\u00a0<br \/>\nKov\u00e1cs Nikoletta\u00a0<br \/>\nS\u00fct\u0151 Sz\u00e9kely Kata\u00a0<br \/>\nHargitai D\u00f3ra (tart\u00f3san t\u00e1vol)<br \/>\nHelmeczin\u00e9 Pusk\u00e1s Anita (tart\u00f3san t\u00e1vol)<br \/>\nS\u00e1ringer Dorottya<br \/>\nRadics Regina<\/p>\n<h5>Szakpszichol\u00f3gus:<\/h5>\n<p>Szab\u00f3 Veronika<\/p>\n<h5>Pszichol\u00f3gus:<\/h5>\n<p>Szil\u00e1gyi Borb\u00e1la<\/p>\n<h5>Dietetikus:<\/h5>\n<p>Barta Be\u00e1ta<\/p>\n<h5>Szoci\u00e1lis munkat\u00e1rs:<\/h5>\n<p>Vas\u00e1ros Krisztina<\/p>\n<h5>\u00c1pol\u00f3k:<\/h5>\n<p>Kov\u00e1csn\u00e9 Tiszai Katalin\u00a0<br \/>\nLov\u00e1sz Margit\u00a0<br \/>\nAlbert Gabriella<br \/>\nN\u00e9bern\u00e9 R\u00e1cz Ildik\u00f3\u00a0<br \/>\nKasz\u00e1s Gy\u00f6rgy Zsoltn\u00e9 <br \/>\nSzab\u00f3 Vivien\u00a0<br \/>\nSebesty\u00e9nn\u00e9 Nagy Ibolya<br \/>\nSegesdv\u00e1ri Gy\u00f6rgyi\u00a0<br \/>\nBoruzs-Nagy N\u00f3ra\u00a0<br \/>\nHujber Hajnalka<br \/>\nMajor Tam\u00e1s Bendeg\u00faz<\/p>\n<p>&nbsp;<\/p>\n<p>&nbsp;<\/p>\n<p>&nbsp;<\/p>\n<p>&nbsp;<\/p>\n","protected":false},"excerpt":{"rendered":"<p>Helye: F\u0151\u00e9p\u00fclet, B sz\u00e1rny, 1. emelet\u00a0 Oszt\u00e1lyvezet\u0151 f\u0151orvos: Dr. Szab\u00f3 D\u00e1vid Oszt\u00e1lyos vezet\u0151 \u00e1pol\u00f3: Balogh Nikolett Oszt\u00e1lyos adminisztr\u00e1tor: Szabados Szilvia Betegfelv\u00e9tel Egyr\u00e9szt szem\u00e9lyes konz\u00edlium &#8211; vid\u00e9ki beteg eset\u00e9n szakorvossal t\u00f6rt\u00e9n\u0151 telefonos konzult\u00e1ci\u00f3 -, m\u00e1sr\u00e9szt ambul\u00e1ns vizsg\u00e1latot k\u00f6vet\u0151en. A betegfelv\u00e9tel felt\u00e9tele a s\u00e9r\u00fclt szellemi \u00e9s fizikai alkalmass\u00e1ga a rendszeres fizikai terhel\u00e9sre. Ambul\u00e1ns rendel\u00e9s &#8211; 01H7P2208 Az &hellip;<\/p>\n","protected":false},"author":102388,"featured_media":0,"parent":1236,"menu_order":0,"comment_status":"closed","ping_status":"closed","template":"","meta":{"_acf_changed":false,"footnotes":""},"categories":[],"tags":[],"class_list":["post-1252","page","type-page","status-publish","hentry"],"acf":[],"_links":{"self":[{"href":"https:\/\/semmelweis.hu\/rehabilitaciosklinika\/wp-json\/wp\/v2\/pages\/1252","targetHints":{"allow":["GET"]}}],"collection":[{"href":"https:\/\/semmelweis.hu\/rehabilitaciosklinika\/wp-json\/wp\/v2\/pages"}],"about":[{"href":"https:\/\/semmelweis.hu\/rehabilitaciosklinika\/wp-json\/wp\/v2\/types\/page"}],"author":[{"embeddable":true,"href":"https:\/\/semmelweis.hu\/rehabilitaciosklinika\/wp-json\/wp\/v2\/users\/102388"}],"replies":[{"embeddable":true,"href":"https:\/\/semmelweis.hu\/rehabilitaciosklinika\/wp-json\/wp\/v2\/comments?post=1252"}],"version-history":[{"count":13,"href":"https:\/\/semmelweis.hu\/rehabilitaciosklinika\/wp-json\/wp\/v2\/pages\/1252\/revisions"}],"predecessor-version":[{"id":3866,"href":"https:\/\/semmelweis.hu\/rehabilitaciosklinika\/wp-json\/wp\/v2\/pages\/1252\/revisions\/3866"}],"up":[{"embeddable":true,"href":"https:\/\/semmelweis.hu\/rehabilitaciosklinika\/wp-json\/wp\/v2\/pages\/1236"}],"wp:attachment":[{"href":"https:\/\/semmelweis.hu\/rehabilitaciosklinika\/wp-json\/wp\/v2\/media?parent=1252"}],"wp:term":[{"taxonomy":"category","embeddable":true,"href":"https:\/\/semmelweis.hu\/rehabilitaciosklinika\/wp-json\/wp\/v2\/categories?post=1252"},{"taxonomy":"post_tag","embeddable":true,"href":"https:\/\/semmelweis.hu\/rehabilitaciosklinika\/wp-json\/wp\/v2\/tags?post=1252"}],"curies":[{"name":"wp","href":"https:\/\/api.w.org\/{rel}","templated":true}]}}