{"id":1248,"date":"2024-09-17T12:45:28","date_gmt":"2024-09-17T10:45:28","guid":{"rendered":"https:\/\/semmelweis.hu\/rehabilitaciosklinika\/?page_id=1248"},"modified":"2025-10-07T08:44:19","modified_gmt":"2025-10-07T06:44:19","slug":"ortoped-sebeszeti-osztaly","status":"publish","type":"page","link":"https:\/\/semmelweis.hu\/rehabilitaciosklinika\/betegellatas\/osztalyok\/ortoped-sebeszeti-osztaly\/","title":{"rendered":"Ortop\u00e9d Seb\u00e9szeti Oszt\u00e1ly &#8211; 01H711001"},"content":{"rendered":"<div class=\"keretes w-100\">\n<p><strong>Helye: <\/strong>C \u00e9p\u00fclet f\u00f6ldszint<strong>\u00a0<\/strong><\/p>\n<p><strong>Oszt\u00e1lyvezet\u0151 f\u0151orvos:<\/strong> <a href=\"mailto:szlovak.sandor@semmelweis.hu\">Dr. Szlov\u00e1k S\u00e1ndor\u00a0<\/a><br \/>\n<strong>Oszt\u00e1lyos vezet\u0151 \u00e1pol\u00f3:<\/strong> <a href=\"mailto:magyarne.demeter.gabriella@semmelweis.hu\">Dr. Magyarn\u00e9 Demeter Gabriella<\/a><br \/>\n<strong>Oszt\u00e1lyos adminisztr\u00e1torok:<\/strong> <a href=\"mailto:miklos.zsuzsanna1@semmelweis.hu\">Mikl\u00f3s Zsuzsanna<\/a>,<a href=\"mailto:kucsay.judit.eszter@semmelweis.hu\"> Kucsay Judit<\/a><\/p>\n<\/div>\n<h2>Betegfelv\u00e9tel:<\/h2>\n<p>Beutal\u00f3 k\u00f6teles. A betegfelv\u00e9tel csak el\u0151zetes ambul\u00e1ns vagy szakorvosi rendel\u0151int\u00e9zeti vizsg\u00e1latot k\u00f6vet\u0151en lehets\u00e9ges.<\/p>\n<h5>Ambul\u00e1ns rendel\u00e9s &#8211; 01H721002<\/h5>\n<p><strong>Id\u0151pontk\u00e9r\u00e9s:<br \/>\nE-mail: <a href=\"mailto:idopont.ortopedia@rehabint.hu\">idopont.ortopedia@rehabint.hu<\/a><br \/>\nTelefon: (+ 36 1) 391-1930\u00a0<br \/>\nSzerd\u00e1nk\u00e9nt 13\u201315 \u00f3r\u00e1ig<strong><br \/>\n<\/strong><\/strong><\/p>\n<p><strong>Az ambul\u00e1ns rendel\u00e9s helye:<\/strong> <br \/>\na k\u00f6zponti \u00e9p\u00fclet f\u00f6ldszinti ambulanci\u00e1i (2,4,5)<\/p>\n<p><strong>Az ambul\u00e1ns rendel\u00e9st v\u00e9gz\u0151 orvosok:<\/strong><\/p>\n<p style=\"padding-left: 40px\"><strong>Dr. Szlov\u00e1k S\u00e1ndor (<a href=\"mailto:szlovak.sandor@semmelweis.hu\">szlovak.sandor@semmelweis.hu<\/a>)<\/strong><br \/>\np\u00e9ntek: 9-13.30 \u00f3ra<\/p>\n<p style=\"padding-left: 40px\"><strong>Dr. B\u00f6lcsh\u00e1zy Zolt\u00e1n (<a href=\"mailto:bolcshazy.zoltan@semmelweis.hu\">bolcshazy.zoltan@semmelweis.hu<\/a>)<\/strong><br \/>\np\u00e9ntek: 9-13.30 \u00f3ra<\/p>\n<p style=\"padding-left: 40px\"><strong>Dr. Koll\u00e1r Iv\u00e1n (<a href=\"mailto:kollar.ivan.geza@semmelweis.hu\">kollar.ivan.geza@semmelweis.hu<\/a>)<\/strong><br \/>\nh\u00e9tf\u0151: 9-13.30 \u00f3ra<\/p>\n<p style=\"padding-left: 40px\"><strong>Dr. Tompai Ferenc (<a href=\"mailto:tompai.ferenc@semmelweis.hu\">tompai.ferenc@semmelweis.hu<\/a>)<\/strong><br \/>\nh\u00e9tf\u0151: 9-13.30 \u00f3ra<\/p>\n<p style=\"padding-left: 40px\"><strong>Dr. Koroknai Andr\u00e1s (<a href=\"mailto:koroknai.andras@semmelweis.hu\">koroknai.andras@semmelweis.hu<\/a>)<\/strong><br \/>\np\u00e9ntek: 9-13.30 \u00f3ra<\/p>\n<p>\u00a0 \u00a0 \u00a0<strong style=\"font-size: 1rem\">Szakambulanci\u00e1k:<\/strong><\/p>\n<p style=\"padding-left: 40px\">k\u00e9zseb\u00e9szet \u2013 p\u00e9ntek<br \/>\nv\u00e1llseb\u00e9szet \u2013 h\u00e9tf\u0151<br \/>\nt\u00e9rdseb\u00e9szet \u2013 h\u00e9tf\u0151, p\u00e9ntek<br \/>\ncs\u00edp\u0151seb\u00e9szet \u2013 h\u00e9tf\u0151, p\u00e9ntek<\/p>\n<h2>Betegell\u00e1t\u00e1si feladatok \u00e9s szolg\u00e1ltat\u00e1sok<\/h2>\n<p>Az oszt\u00e1ly II. progresszivit\u00e1si szint\u0171, fekv\u0151beteg-ell\u00e1t\u00e1st ny\u00fajt orsz\u00e1gosan \u00e1ltal\u00e1nos ortop\u00e9diai tev\u00e9kenys\u00e9gekre. Az oszt\u00e1ly a primer \u00e9s rev\u00edzi\u00f3s cs\u00edp\u0151- \u00e9s t\u00e9rd\u00edz\u00fcleti protetiz\u00e1l\u00e1st, ortop\u00e9diai helyre\u00e1ll\u00edt\u00f3 \u00e9s korrekci\u00f3s m\u0171t\u00e9teket, valamint k\u00f6zponti idegrendszeri, gerincvel\u0151s\u00e9r\u00fclt betegek olyan korrekci\u00f3s m\u0171t\u00e9teit v\u00e9gzi, amelyek hat\u00e9konyan hozz\u00e1j\u00e1rulnak a s\u00e9r\u00fcltek sikeres rehabilit\u00e1ci\u00f3j\u00e1hoz.<\/p>\n<p>K\u00e9zseb\u00e9szet keret\u00e9ben ell\u00e1tja a fels\u0151 v\u00e9gtag s\u00e9r\u00fcl\u00e9ses eredet\u0171 k\u00e1rosod\u00e1sait \u00e9s k\u00fcl\u00f6nb\u00f6z\u0151 ortop\u00e9diai betegs\u00e9geit, illetve mikroseb\u00e9szeti technik\u00e1t ig\u00e9nyl\u0151 beavatkoz\u00e1sokat is v\u00e9gez.<\/p>\n<p>Kiemelten foglalkozunk spasticus, b\u00e9nul\u00e1sos \u00e1llapotok seb\u00e9szi kezel\u00e9s\u00e9vel. Az \u00e1ltal\u00e1nos \u00e9s speci\u00e1lis tev\u00e9kenys\u00e9gek kieg\u00e9sz\u00fclnek egy\u00e9b ter\u00e1pi\u00e1s lehet\u0151s\u00e9gekkel is, \u00fagy mint hidro- \u00e9s ergoter\u00e1pia, Ortop\u00e9dtechnikai M\u0171hely szolg\u00e1ltat\u00e1sai.<\/p>\n<p>Dolgoz\u00f3ink akt\u00edv szerepet v\u00e1llalnak az orvosok, gy\u00f3gytorn\u00e1szok \u00e9s az \u00e1pol\u00f3k elm\u00e9leti \u00e9s gyakorlati k\u00e9pz\u00e9s\u00e9ben is.<\/p>\n<h2>Munkat\u00e1rsak<\/h2>\n<h5>Orvosok:<\/h5>\n<p>Dr. Szlov\u00e1k S\u00e1ndor f\u0151orvos, traumatol\u00f3gus, ortop\u00e9d, k\u00e9zseb\u00e9sz szakorvos, Eur\u00f3pai K\u00e9zseb\u00e9sz Szakvizsga (FESSH European Board of Hand Surgery Diploma)<br \/>\nDr. B\u00f6lcsh\u00e1zy Zolt\u00e1n adjunktus, ortop\u00e9d \u00e9s rehabilit\u00e1ci\u00f3s szakorvos<br \/>\nDr. Koll\u00e1r Iv\u00e1n ortop\u00e9d \u00e9s traumatol\u00f3gus szakorvos<br \/>\nDr. Tompai Ferenc ortop\u00e9d \u00e9s traumatol\u00f3gus f\u0151orvos<br \/>\nDr. Koroknai Andr\u00e1s ortop\u00e9d \u00e9s traumatol\u00f3gus szakorvos\u00a0<br \/>\nDr. G\u00e9resi \u00c1ron ortop\u00e9d \u00e9s traumatol\u00f3gus rezidens<\/p>\n<h5>Terapeut\u00e1k:<\/h5>\n<p>Szerencsi Orsolya<br \/>\nEpres Laura Lotti\u00a0<\/p>\n<h5>Dietetikus:<\/h5>\n<p>Bal\u00e1sy Orsolya<\/p>\n<h5>\u00c1pol\u00f3k:<\/h5>\n<p>Magyarn\u00e9 Demeter Gabriella\u00a0<br \/>\nBenedek Erzs\u00e9bet<br \/>\nBercz\u00e9n\u00e9 Szab\u00f3 Ilona\u00a0<br \/>\nB\u00e1lint G. T\u00fcnde<br \/>\nLakatos G\u00e9z\u00e1n\u00e9\u00a0<br \/>\nMadar\u00e1sz Ildik\u00f3\u00a0<br \/>\nNyitrai Ildik\u00f3 <br \/>\nZelen\u00e1k Vince\u00a0<br \/>\nFinta Erika Eszter<\/p>\n<p>&nbsp;<\/p>\n","protected":false},"excerpt":{"rendered":"<p>Helye: C \u00e9p\u00fclet f\u00f6ldszint\u00a0 Oszt\u00e1lyvezet\u0151 f\u0151orvos: <a href=\"mailto:szlovak.sandor@semmelweis.hu\">Dr. Szlov\u00e1k S\u00e1ndor\u00a0<\/a> Oszt\u00e1lyos vezet\u0151 \u00e1pol\u00f3: <a href=\"mailto:magyarne.demeter.gabriella@semmelweis.hu\">Dr. Magyarn\u00e9 Demeter Gabriella<\/a> Oszt\u00e1lyos adminisztr\u00e1torok: <a href=\"mailto:miklos.zsuzsanna1@semmelweis.hu\">Mikl\u00f3s Zsuzsanna<\/a> , <a href=\"mailto:kucsay.judit.eszter@semmelweis.hu\"> Kucsay Judit<\/a> Betegfelv\u00e9tel: Beutal\u00f3 k\u00f6teles. A betegfelv\u00e9tel csak el\u0151zetes ambul\u00e1ns vagy szakorvosi rendel\u0151int\u00e9zeti vizsg\u00e1latot k\u00f6vet\u0151en lehets\u00e9ges. Ambul\u00e1ns rendel\u00e9s &#8211; 01H721002 Id\u0151pontk\u00e9r\u00e9s: E-mail: <a href=\"mailto:idopont.ortopedia@rehabint.hu\">idopont.ortopedia@rehabint.hu<\/a> Telefon: (+ 36 1) 391-1930\u00a0 Szerd\u00e1nk\u00e9nt 13\u201315 \u00f3r\u00e1ig Az ambul\u00e1ns rendel\u00e9s helye: a k\u00f6zponti \u00e9p\u00fclet f\u00f6ldszinti ambulanci\u00e1i (2,4,5) Az ambul\u00e1ns rendel\u00e9st v\u00e9gz\u0151 orvosok: &hellip;<\/p>\n","protected":false},"author":102388,"featured_media":0,"parent":1236,"menu_order":0,"comment_status":"closed","ping_status":"closed","template":"","meta":{"_acf_changed":false,"footnotes":""},"categories":[],"tags":[],"class_list":["post-1248","page","type-page","status-publish","hentry"],"acf":[],"_links":{"self":[{"href":"https:\/\/semmelweis.hu\/rehabilitaciosklinika\/wp-json\/wp\/v2\/pages\/1248","targetHints":{"allow":["GET"]}}],"collection":[{"href":"https:\/\/semmelweis.hu\/rehabilitaciosklinika\/wp-json\/wp\/v2\/pages"}],"about":[{"href":"https:\/\/semmelweis.hu\/rehabilitaciosklinika\/wp-json\/wp\/v2\/types\/page"}],"author":[{"embeddable":true,"href":"https:\/\/semmelweis.hu\/rehabilitaciosklinika\/wp-json\/wp\/v2\/users\/102388"}],"replies":[{"embeddable":true,"href":"https:\/\/semmelweis.hu\/rehabilitaciosklinika\/wp-json\/wp\/v2\/comments?post=1248"}],"version-history":[{"count":12,"href":"https:\/\/semmelweis.hu\/rehabilitaciosklinika\/wp-json\/wp\/v2\/pages\/1248\/revisions"}],"predecessor-version":[{"id":3539,"href":"https:\/\/semmelweis.hu\/rehabilitaciosklinika\/wp-json\/wp\/v2\/pages\/1248\/revisions\/3539"}],"up":[{"embeddable":true,"href":"https:\/\/semmelweis.hu\/rehabilitaciosklinika\/wp-json\/wp\/v2\/pages\/1236"}],"wp:attachment":[{"href":"https:\/\/semmelweis.hu\/rehabilitaciosklinika\/wp-json\/wp\/v2\/media?parent=1248"}],"wp:term":[{"taxonomy":"category","embeddable":true,"href":"https:\/\/semmelweis.hu\/rehabilitaciosklinika\/wp-json\/wp\/v2\/categories?post=1248"},{"taxonomy":"post_tag","embeddable":true,"href":"https:\/\/semmelweis.hu\/rehabilitaciosklinika\/wp-json\/wp\/v2\/tags?post=1248"}],"curies":[{"name":"wp","href":"https:\/\/api.w.org\/{rel}","templated":true}]}}