{"id":961,"date":"2022-03-18T17:26:30","date_gmt":"2022-03-18T16:26:30","guid":{"rendered":"https:\/\/semmelweis.hu\/rehab\/?page_id=961"},"modified":"2025-01-20T23:09:39","modified_gmt":"2025-01-20T22:09:39","slug":"szakvizsga-kerdesek","status":"publish","type":"page","link":"https:\/\/semmelweis.hu\/rehab\/szakorvoskepzes\/szakvizsga-kerdesek\/","title":{"rendered":"Szakvizsga k\u00e9rd\u00e9sek"},"content":{"rendered":"<div class=\"responsive-tabs\">\n<h2 class=\"tabtitle\">Rehabilit\u00e1ci\u00f3s Medicina \/ FMRO (alap)<\/h2>\n<div class=\"tabcontent\">\n\n<p style=\"text-align: center\"><strong>Rehabilit\u00e1ci\u00f3s Medicina \/ Fizik\u00e1lis Medicina \u00e9s Rehabilit\u00e1ci\u00f3s Orvosl\u00e1s szakvizsga elm\u00e9leti t\u00e9telei<\/strong><\/p>\n<ol>\n<li>Az orvosi rehabilit\u00e1ci\u00f3 t\u00f6rt\u00e9nete. A funkcion\u00e1lis diagnosztika m\u00f3dszerei (leggyakrabban haszn\u00e1lt funkci\u00f3zavart m\u00e9r\u0151 tesztek). Rehabilit\u00e1ci\u00f3 progredi\u00e1l\u00f3, kr\u00f3nikus neurol\u00f3giai betegs\u00e9gekben (SM, ALS, NM, Parkinson). Munk\u00e1ba visszavezet\u0151 \u00e9s szoci\u00e1lis rehabilit\u00e1ci\u00f3s programok.\u00a0<\/li>\n<li>A rehabilit\u00e1ci\u00f3s medicina fogalma, folyamata, a szakorvos kompetenci\u00e1ja. Az \u00e9letmin\u0151s\u00e9g fogalma, jelent\u0151s\u00e9ge, felm\u00e9r\u00e9s\u00e9nek lehet\u0151s\u00e9gei. Komplex k\u00e9z funkci\u00f3zavarok, funkci\u00f3zavarok \u00e9s rehabilit\u00e1ci\u00f3juk (post-traum\u00e1s, \u00e9g\u00e9s, rheumatoid arthritis, fejl\u0151d\u00e9si rendelleness\u00e9g). Szexualit\u00e1s \u00e9s fogyat\u00e9koss\u00e1g.\u00a0<\/li>\n<li>A fogyat\u00e9koss\u00e1g fogalma, \u00e9rtelmez\u00e9se, individu\u00e1lis \u00e9s szoci\u00e1lis modell. Foglalkoztat\u00f3 ter\u00e1pia. Rehabilit\u00e1ci\u00f3 metabolikus, daganatos \u00e9s m\u00e1s eredet\u0171 (asepticus, csontv\u00e1z rendszerbetegs\u00e9gei) csontbetegs\u00e9gek okozta fogyat\u00e9koss\u00e1g miatt. Neurog\u00e9n h\u00f3lyag, v\u00e9gb\u00e9l, \u00e9s menedzsel\u00e9s\u00fck.\u00a0<\/li>\n<li>Az FNO alapelvei, a testi funkci\u00f3k \u00e9s strukt\u00far\u00e1k, felm\u00e9r\u00e9s\u00fck, a szem\u00e9lyes t\u00e9nyez\u0151k. A fizioter\u00e1pia passz\u00edv elj\u00e1r\u00e1sai, m\u00f3dszerei. Rehabilit\u00e1ci\u00f3 stroke-ot k\u00f6vet\u0151en \u00e9s egy\u00e9b eredet\u0171 hemipl\u00e9gi\u00e1sok eset\u00e9ben. Rehabilit\u00e1ci\u00f3 s\u00falyos l\u00e1t\u00e1szavarokban.\u00a0<\/li>\n<li>A tev\u00e9kenys\u00e9g \u00e9s r\u00e9szv\u00e9tel, valamint a k\u00f6rnyezeti t\u00e9nyez\u0151k \u00e9s felm\u00e9r\u00e9s\u00fck. Az akt\u00edv fizioter\u00e1pi\u00e1s m\u00f3dszerek. Rehabilit\u00e1ci\u00f3 v\u00e9gtaghi\u00e1nyos \u00e1llapotokban (trauma, \u00e9rbetegs\u00e9g, daganat, fejl\u0151d\u00e9si rendelleness\u00e9g). Hall\u00e1s-rehabilit\u00e1ci\u00f3, rehabilit\u00e1ci\u00f3 cochlea implant\u00e1ci\u00f3 ut\u00e1n.\u00a0<\/li>\n<li>Auton\u00f3mia, compliance, adherencia. Sport \u00e9s rehabilit\u00e1ci\u00f3 (sport szerepe a rehabilit\u00e1ci\u00f3ban). A komplex fizioter\u00e1pia lehet\u0151s\u00e9gei a kr\u00f3nikus degenerat\u00edv mozg\u00e1sszervi betegek rehabilit\u00e1ci\u00f3j\u00e1ban. Gyermekkor\u00faak rehabilit\u00e1ci\u00f3j\u00e1nak saj\u00e1ts\u00e1gos szempontjai.\u00a0<\/li>\n<li>Biomechanikai, kineziol\u00f3giai alapfogalmak, a musculosceletalis rendszer szerepe. Gy\u00f3gyszeres ter\u00e1pia strat\u00e9giai szempontjai a rehabilit\u00e1ci\u00f3ban. Rehabilit\u00e1ci\u00f3 sziszt\u00e9m\u00e1s reumatol\u00f3giai betegs\u00e9gek okozta fogyat\u00e9koss\u00e1gok miatt (rheumatoid arthritis, arthritis sporiatica, SPA, tart\u00f3s steroid ter\u00e1pia hat\u00e1sai, dermatomyositis, SLE, vasculitisek). Nyel\u00e9si \u00e9s m\u00e1s t\u00e1pl\u00e1l\u00e9k-felv\u00e9teli zavarok ell\u00e1t\u00e1sa.\u00a0<\/li>\n<li>A mozg\u00e1sok idegrendszeri szab\u00e1lyoz\u00e1sa. Rehabilit\u00e1ci\u00f3 kommunik\u00e1ci\u00f3s \u00e9s besz\u00e9dzavarok miatt gyermek \u00e9s feln\u0151tt korban. Rehabilit\u00e1ci\u00f3 komplik\u00e1lt csontt\u00f6r\u00e9sek okozta fogyat\u00e9koss\u00e1g miatt (cs\u00edp\u0151t\u00e1ji t\u00f6r\u00e9sek, csigolyat\u00f6r\u00e9sek, stb.). L\u00e9gz\u00e9s rehabilit\u00e1ci\u00f3 (l\u00e9gz\u0151szervi \u00e9s m\u00e1s eredet\u0171).<\/li>\n<li>Betegjogok, a rehabilit\u00e1ci\u00f3t befoly\u00e1sol\u00f3 jogszab\u00e1lyok, finansz\u00edroz\u00e1s, adminisztr\u00e1ci\u00f3. Korszer\u0171 ortetika. Rehabilit\u00e1ci\u00f3 a t\u00e1pl\u00e1l\u00e9kfelv\u00e9tel, hasznos\u00edt\u00e1s \u00e9s \u00fcr\u00edt\u00e9s zavarai okozta fogyat\u00e9koss\u00e1g miatt (obesitas, malnutr\u00edci\u00f3, b\u00e9lrezekci\u00f3 k\u00f6vetkezm\u00e9nyei is). Rehabilit\u00e1ci\u00f3 kr\u00f3nikus f\u00e1jdalom-szindr\u00f3m\u00e1k okozta fogyat\u00e9koss\u00e1g miatt (fibromyalgia, Sudeck, daganatos f\u00e1jdalom, kr\u00f3nikus der\u00e9kf\u00e1jdalom, stb.).\u00a0<\/li>\n<li>Bizony\u00edt\u00e9kokra alapozott medicina \u00e9s kutat\u00f3munka a rehabilit\u00e1ci\u00f3ban. Seg\u00edt\u0151 term\u00e9kek rendel\u00e9se, k\u00fcl\u00f6n\u00f6s tekintettel a kerekessz\u00e9kre. Rehabilit\u00e1ci\u00f3 a vizelet kiv\u00e1laszt\u00e1s \u00e9s \u00fcr\u00edt\u00e9s zavarai okozta fogyat\u00e9koss\u00e1g miatt (neurog\u00e9n h\u00f3lyag, id\u0151skori vizelettart\u00e1si, \u00fcr\u00edt\u00e9si zavarok). A kommunik\u00e1ci\u00f3 KIR s\u00e9r\u00fcl\u00e9s okozta zavarai.\u00a0<\/li>\n<li>Min\u0151s\u00e9g\u00fcgyi alapismeretek, min\u0151s\u00e9gir\u00e1ny\u00edt\u00e1s a rehabilit\u00e1ci\u00f3ban. Szocioter\u00e1pi\u00e1k. Rehabilit\u00e1ci\u00f3 kardiol\u00f3giai betegs\u00e9gek okozta fogyat\u00e9koss\u00e1g miatt. Spaszticit\u00e1s \u00e9s mozg\u00e1szavarok.\u00a0<\/li>\n<li>A team munka elvei, gyakorlata \u00e9s \u00e9rt\u00e9kel\u00e9se. Elektrodiagnosztika a rehabilit\u00e1ci\u00f3ban. Rehabilit\u00e1ci\u00f3 immobilit\u00e1s okozta fogyat\u00e9koss\u00e1g miatt. Rehabilit\u00e1ci\u00f3 trachea kan\u00fcllel \u00e9l\u0151k eset\u00e9ben \u00e9s besz\u00e9dtr\u00e9ning laryngealis exstirpatio ut\u00e1n.\u00a0<\/li>\n<li>Rehabilit\u00e1ci\u00f3s eg\u00e9szs\u00e9g\u00fcgyi ell\u00e1t\u00e1s, a lak\u00f3k\u00f6z\u00f6ss\u00e9gi rehabilit\u00e1ci\u00f3. K\u00e9palkot\u00f3 diagnosztika a rehabilit\u00e1ci\u00f3ban. Elk\u00fcl\u00f6n\u00edt\u00e9st ig\u00e9nyl\u0151 betegek rehabilit\u00e1ci\u00f3ja (szeptikus \u00e1llapotok, szerv-transzplant\u00e1ci\u00f3 ut\u00e1n). Kognit\u00edv zavarok KIR s\u00e9r\u00fcl\u00e9s k\u00f6vetkezt\u00e9ben.<\/li>\n<li>A pedag\u00f3giai rehabilit\u00e1ci\u00f3 korszer\u0171 elvei \u00e9s gyakorlata gyermek \u00e9s feln\u0151tt korban. A terhelhet\u0151s\u00e9g felm\u00e9r\u00e9se a rehabilit\u00e1ci\u00f3ban. Rehabilit\u00e1ci\u00f3 az agy traum\u00e1s s\u00e9r\u00fcl\u00e9sei okozta fogyat\u00e9koss\u00e1g miatt. A rehabilit\u00e1ci\u00f3 saj\u00e1toss\u00e1gai daganatos betegs\u00e9gekben \u00e9s m\u00e1s a v\u00e1rhat\u00f3 \u00e9lettartamot jelent\u0151sen ler\u00f6vid\u00edt\u0151 \u00e1llapotokban.\u00a0<\/li>\n<li>A szoci\u00e1lis rehabilit\u00e1ci\u00f3 korszer\u0171 elvei \u00e9s gyakorlata. Pszichol\u00f3giai feladatok a rehabilit\u00e1ci\u00f3ban (pszichodiagnosztika, pszichoter\u00e1pi\u00e1s m\u00f3dszerek). Rehabilit\u00e1ci\u00f3 gerincvel\u0151 s\u00e9r\u00fcl\u00e9se k\u00f6vetkezm\u00e9nyeik\u00e9nt kialakult fogyat\u00e9koss\u00e1g miatt. Vestibularis zavarok rehabilit\u00e1ci\u00f3s programja (ataxia, vertigo).<\/li>\n<li>A foglalkoztat\u00e1si rehabilit\u00e1ci\u00f3 korszer\u0171 elvei \u00e9s gyakorlata. Kondukt\u00edv pedag\u00f3gia. Rehabilit\u00e1ci\u00f3 \u00e9g\u00e9s \u00e9s m\u00e1s s\u00falyos l\u00e1gyr\u00e9sz-k\u00e1rosod\u00e1sok (fagy\u00e1s, mar\u00f3d\u00e1s) k\u00f6vetkezm\u00e9nyei miatt. Id\u0151skor\u00faak rehabilit\u00e1ci\u00f3j\u00e1nak saj\u00e1tos szempontjai.\u00a0<\/li>\n<li>A fogyat\u00e9koss\u00e1g epidemiol\u00f3gi\u00e1ja. Elektroter\u00e1pia a rehabilit\u00e1ci\u00f3ban. Rehabilit\u00e1ci\u00f3 kr\u00f3nikus fogyat\u00e9koss\u00e1ggal \u00e9l\u0151 egy\u00e9nt \u00e9rt s\u00e9r\u00fcl\u00e9sek eset\u00e9ben. Thrombosis profilaxis szerepe a rehabilit\u00e1ci\u00f3ban (k\u00fcl\u00f6n\u00f6s tekintettel az immobiliz\u00e1ci\u00f3ra, antiphospholipid syndroma).\u00a0<\/li>\n<li>Etikai k\u00e9rd\u00e9sek a rehabilit\u00e1ci\u00f3ban. A hydro- \u00e9s balneoter\u00e1pia \u00e9s egy\u00e9b term\u00e9szetes gy\u00f3gym\u00f3dok gyakorlati felhaszn\u00e1l\u00e1sa a rehabilit\u00e1ci\u00f3ban (nem csak mozg\u00e1sszervi, pl. vascularis is). Rehabilit\u00e1ci\u00f3 perif\u00e9ri\u00e1s \u00e9rbetegs\u00e9gek okozta fogyat\u00e9koss\u00e1g miatt. Heterotop ossificatio, decubitus, kontrakt\u00far\u00e1k.\u00a0<\/li>\n<li>T\u00e1pl\u00e1l\u00e1s ter\u00e1pia, dietetika alapelvei (mesters\u00e9ges t\u00e1pl\u00e1l\u00e1s is). Korszer\u0171 protetika. Rehabilit\u00e1ci\u00f3 perif\u00e9ri\u00e1s idegek betegs\u00e9gei \u00e9s s\u00e9r\u00fcl\u00e9sei ut\u00e1n. L\u00e9gz\u00e9si rehabilit\u00e1ci\u00f3 technik\u00e1ja posttraum\u00e1s \u00e9s neurol\u00f3giai \u00e1llapotokban.\u00a0<\/li>\n<li>\u00c9rdekk\u00e9pviselet (fogyat\u00e9kos emberek civil szervezetei) jelent\u0151s\u00e9ge \u00e9s gyakorlata a rehabilit\u00e1ci\u00f3ban. Rehabilit\u00e1ci\u00f3s \u00e1pol\u00e1s. Rehabilit\u00e1ci\u00f3 lass\u00fa progresszi\u00f3t mutat\u00f3 kr\u00f3nikus neurol\u00f3giai betegs\u00e9gekben (post-polio, CP feln\u0151tt korban, epilepszia, rendszerbetegs\u00e9gek, polineuropathi\u00e1k). Rehabilit\u00e1ci\u00f3 a nyirokkering\u00e9s zavaraiban.<\/li>\n<\/ol>\n<p>+ A Rehabilit\u00e1ci\u00f3 foly\u00f3irat elm\u00falt 10 \u00e9vi sz\u00e1mainak ismerete<\/p>\n\n<\/div><h2 class=\"tabtitle\">Orvosi rehablit\u00e1ci\u00f3 (r\u00e1\u00e9p\u00edtett)<\/h2>\n<div class=\"tabcontent\">\n\n<p style=\"text-align: center\"><strong>Orvosi rehabilit\u00e1ci\u00f3 (mozg\u00e1sszervi) szakk\u00e9pes\u00edt\u00e9s s<\/strong><strong>zakvizsgak\u00e9rd\u00e9sek\u00a0<\/strong><\/p>\n<p>&nbsp;<\/p>\n<ol>\n<li>A fogyat\u00e9koss\u00e1g korszer\u0171 \u00e9rtelmez\u00e9se.<br \/>\nErgoter\u00e1pia.<br \/>\nPolitraumatiz\u00e1ltak rehabilit\u00e1ci\u00f3ja.<\/li>\n<li>A testi funkci\u00f3k \u00e9s strukt\u00far\u00e1k felm\u00e9r\u00e9se.<br \/>\nPszichol\u00f3giai feladatok a rehabilit\u00e1ci\u00f3ban.\u00a0<br \/>\nRA-s \u00e9s SPA-s betegek rehabilit\u00e1ci\u00f3ja.<\/li>\n<li>A tev\u00e9kenyked\u00e9s akad\u00e1lyozotts\u00e1ga, felm\u00e9r\u00e9se.<br \/>\nKorszer\u0171 protetikai, ortetikai alapelvek.<br \/>\nDer\u00e9kf\u00e1jdalom \u00e9s rehabilit\u00e1ci\u00f3.<\/li>\n<li>A r\u00e9szv\u00e9tel, korl\u00e1tozotts\u00e1ga, felm\u00e9r\u00e9se.<br \/>\nA sport szerepe a rehabilit\u00e1ci\u00f3ban.<br \/>\nAmput\u00e1ltak \u00e9s dysmeli\u00e1sok rehabilit\u00e1ci\u00f3ja.<\/li>\n<li>A k\u00f6rnyezeti t\u00e9nyez\u0151k, felm\u00e9r\u00e9s\u00fck.<br \/>\nA gy\u00f3gytorna m\u00f3dszerei.<br \/>\n\u00c9rbetegek rehabilit\u00e1ci\u00f3ja.<\/li>\n<li>Rehabilit\u00e1ci\u00f3 tartalma, elm\u00e9lete.<br \/>\nA fizikoter\u00e1pia helye a rehabilit\u00e1ci\u00f3ban.<br \/>\nHemiplegi\u00e1sok rehabilit\u00e1ci\u00f3ja.<\/li>\n<li>A rehabilit\u00e1ci\u00f3t befoly\u00e1sol\u00f3 hat\u00e1lyos jogszab\u00e1lyok.<br \/>\nA teljes\u00edt\u0151k\u00e9pess\u00e9g m\u00e9r\u00e9se.<br \/>\nGerincvel\u0151s\u00e9r\u00fclt p\u00e1ciensek rehabilit\u00e1ci\u00f3ja.<\/li>\n<li>A rehabilit\u00e1ci\u00f3 t\u00f6rt\u00e9nete Magyarorsz\u00e1gon.<br \/>\nA team munka a rehabilit\u00e1ci\u00f3ban.<br \/>\nS\u00falyos agys\u00e9r\u00fclt betegek rehabilit\u00e1ci\u00f3ja.<\/li>\n<li>A foglalkoz\u00e1si rehabilit\u00e1ci\u00f3 korszer\u0171 szeml\u00e9lete.<br \/>\nA kommunik\u00e1ci\u00f3s k\u00e9pess\u00e9gek helyre\u00e1ll\u00edt\u00e1sa.<br \/>\nPlexus brachialis laesio \u00e9s egy\u00e9b perif\u00e9ri\u00e1s idegs\u00e9r\u00fcl\u00e9sek ut\u00e1ni rehabilit\u00e1ci\u00f3.<\/li>\n<li>A szoci\u00e1lis juttat\u00e1sok jelenlegi rendszere.<br \/>\nA kondukt\u00edv pedag\u00f3gia.<br \/>\nKardiol\u00f3giai betegek rehabilit\u00e1ci\u00f3ja.<\/li>\n<li>\u00c9rdekk\u00e9pviseleti szervek szerepe, feladatai a rehabilit\u00e1ci\u00f3ban.<br \/>\nAz \u00e1pol\u00f3 szerepe a rehabilit\u00e1ci\u00f3ban.<br \/>\nGyermekek rehabilit\u00e1ci\u00f3j\u00e1nak saj\u00e1toss\u00e1gai.<\/li>\n<li>Az \u00e9letmin\u0151s\u00e9g jelent\u0151s\u00e9ge, felm\u00e9r\u00e9se.<br \/>\nStatisztikai m\u00f3dszerek a rehabilit\u00e1ci\u00f3ban.<br \/>\nCerebr\u00e1lis paresises gyermekek rehabilit\u00e1ci\u00f3ja.<\/li>\n<li>A szoci\u00e1lis gondoskod\u00e1s feladatai, int\u00e9zm\u00e9nyrendszere.<br \/>\nAuton\u00f3mia, compliance, adherencia.<br \/>\nArthrosisos betegek rehabilit\u00e1ci\u00f3ja.<\/li>\n<li>Pedag\u00f3giai rehabilit\u00e1ci\u00f3.<br \/>\nA rehabilit\u00e1ci\u00f3s (technikai) seg\u00e9deszk\u00f6z-ell\u00e1t\u00e1s c\u00e9lja, ter\u00fcletei, elv\u00e1r\u00e1sok.<br \/>\nRehabilit\u00e1ci\u00f3 s\u00falyos gerinc-deformit\u00e1sok eset\u00e9n.<\/li>\n<li>A prevenci\u00f3 \u00e9s a rehabilit\u00e1ci\u00f3 kapcsolata.<br \/>\nSzocioter\u00e1pi\u00e1k, \u00e9letm\u00f3d-v\u00e1ltoztat\u00e1s.<br \/>\nRehabilit\u00e1ci\u00f3 neurol\u00f3giai sz\u00f6v\u0151dm\u00e9ny n\u00e9lk\u00fcli gerinct\u00f6r\u00e9sek \u00e9s cs\u00edp\u0151t\u00e1ji t\u00f6r\u00e9sek ut\u00e1n.<\/li>\n<li>Csontok, \u00edz\u00fcletek \u00e9s izmok szerepe az emberi mozg\u00e1sban.<br \/>\nImmobiliz\u00e1ci\u00f3.<br \/>\nKr\u00f3nikus idegrendszeri betegs\u00e9gekben szenved\u0151k rehabilit\u00e1ci\u00f3ja (Parkinson-k\u00f3r, SM, polyneuropathi\u00e1k, izombetegs\u00e9gek).<\/li>\n<li>Szupraszegment\u00e1lis idegrendszeri mozg\u00e1sszab\u00e1lyoz\u00e1s.<br \/>\nA fogyat\u00e9kos szem\u00e9lyek szexu\u00e1lis zavarainak kezel\u00e9se.<br \/>\nId\u0151sek rehabilit\u00e1ci\u00f3j\u00e1nak saj\u00e1toss\u00e1gai.<\/li>\n<li>Szegment\u00e1lis idegrendszeri mozg\u00e1sszab\u00e1lyoz\u00e1s.<br \/>\nA f\u00e1jdalom csillap\u00edt\u00e1sa, rehabilit\u00e1ci\u00f3s vonatkoz\u00e1sok.<br \/>\nKr\u00f3nikus vesebetegek rehabilit\u00e1ci\u00f3ja.<\/li>\n<li>Az orvosi \u00e9s a szoci\u00e1lis modell \u00e9rtelmez\u00e9se FNO.<br \/>\nSpasztikus betegek rehabilit\u00e1ci\u00f3s ell\u00e1t\u00e1s\u00e1nak l\u00e9nyegi elemei.<br \/>\nIncontinentia \u00e9s rehabilit\u00e1ci\u00f3.<\/li>\n<li>A m\u00e1sodlagos \u00e1llapotok jelent\u0151s\u00e9ge a rehabilit\u00e1ci\u00f3ban.<br \/>\nPszichi\u00e1triai feladatok a rehabilit\u00e1ci\u00f3 sor\u00e1n.<br \/>\nHall\u00e1s \u00e9s l\u00e1t\u00e1ss\u00e9r\u00fcltek rehabilit\u00e1ci\u00f3ja.<\/li>\n<li>A etikai k\u00e9rd\u00e9sek a rehabilit\u00e1ci\u00f3ban.<br \/>\nNyel\u00e9szavar, mesters\u00e9ges t\u00e1pl\u00e1l\u00e1s. A dietetikus rehabilit\u00e1ci\u00f3s feladatai.<br \/>\nKr\u00f3nikus l\u00e9gz\u0151szervi betegek rehabilit\u00e1ci\u00f3ja.<\/li>\n<li>A fogyat\u00e9koss\u00e1g el\u0151fordul\u00e1sa, epidemiol\u00f3giai adatok a WHO \u00e9rtelmez\u00e9s\u00e9ben.<br \/>\nA betegbiztons\u00e1g szempontjai a rehabilit\u00e1ci\u00f3ban.<br \/>\nLymphoedemas \u00e9s k\u00f6t\u0151sz\u00f6veti rendszerbetegs\u00e9gben szenved\u0151k rehabilit\u00e1ci\u00f3s ell\u00e1t\u00e1s\u00e1nak saj\u00e1toss\u00e1gai.<\/li>\n<li>A rehabilit\u00e1ci\u00f3s medicina int\u00e9zm\u00e9nyrendszer\u00e9nek jellemz\u0151i Magyarorsz\u00e1gon.<br \/>\nFunkcion\u00e1lis vizsg\u00e1l\u00f3 m\u00f3dszerek a rehabilit\u00e1ci\u00f3ban.<br \/>\n\u00c9g\u00e9sbetegek rehabilit\u00e1ci\u00f3ja.<\/li>\n<li>A min\u0151s\u00e9g\u00fcgyi indik\u00e1torok a rehabilit\u00e1ci\u00f3ban.<br \/>\nA neuropszichol\u00f3gus szerepe a rehabilit\u00e1ci\u00f3ban.<br \/>\nA gastroenterol\u00f3giai betegs\u00e9gekhez k\u00f6thet\u0151 rehabilit\u00e1ci\u00f3s feladatok.<\/li>\n<\/ol>\n<p>A Rehabilit\u00e1ci\u00f3 foly\u00f3irat elm\u00falt 10 \u00e9vi sz\u00e1mainak ismerete.<\/p>\n<\/div><\/div>\n","protected":false},"excerpt":{"rendered":"<p>Rehabilit\u00e1ci\u00f3s Medicina \/ Fizik\u00e1lis Medicina \u00e9s Rehabilit\u00e1ci\u00f3s Orvosl\u00e1s szakvizsga elm\u00e9leti t\u00e9telei Az orvosi rehabilit\u00e1ci\u00f3 t\u00f6rt\u00e9nete. A funkcion\u00e1lis diagnosztika m\u00f3dszerei (leggyakrabban haszn\u00e1lt funkci\u00f3zavart m\u00e9r\u0151 tesztek). Rehabilit\u00e1ci\u00f3 progredi\u00e1l\u00f3, kr\u00f3nikus neurol\u00f3giai betegs\u00e9gekben (SM, ALS, NM, Parkinson). Munk\u00e1ba visszavezet\u0151 \u00e9s szoci\u00e1lis rehabilit\u00e1ci\u00f3s programok.\u00a0 A rehabilit\u00e1ci\u00f3s medicina fogalma, folyamata, a szakorvos kompetenci\u00e1ja. Az \u00e9letmin\u0151s\u00e9g fogalma, jelent\u0151s\u00e9ge, felm\u00e9r\u00e9s\u00e9nek lehet\u0151s\u00e9gei. Komplex k\u00e9z &hellip;<\/p>\n","protected":false},"author":101960,"featured_media":0,"parent":1034,"menu_order":4,"comment_status":"closed","ping_status":"closed","template":"","meta":{"_acf_changed":false,"footnotes":""},"categories":[],"tags":[],"class_list":["post-961","page","type-page","status-publish","hentry"],"acf":[],"_links":{"self":[{"href":"https:\/\/semmelweis.hu\/rehab\/wp-json\/wp\/v2\/pages\/961","targetHints":{"allow":["GET"]}}],"collection":[{"href":"https:\/\/semmelweis.hu\/rehab\/wp-json\/wp\/v2\/pages"}],"about":[{"href":"https:\/\/semmelweis.hu\/rehab\/wp-json\/wp\/v2\/types\/page"}],"author":[{"embeddable":true,"href":"https:\/\/semmelweis.hu\/rehab\/wp-json\/wp\/v2\/users\/101960"}],"replies":[{"embeddable":true,"href":"https:\/\/semmelweis.hu\/rehab\/wp-json\/wp\/v2\/comments?post=961"}],"version-history":[{"count":3,"href":"https:\/\/semmelweis.hu\/rehab\/wp-json\/wp\/v2\/pages\/961\/revisions"}],"predecessor-version":[{"id":964,"href":"https:\/\/semmelweis.hu\/rehab\/wp-json\/wp\/v2\/pages\/961\/revisions\/964"}],"up":[{"embeddable":true,"href":"https:\/\/semmelweis.hu\/rehab\/wp-json\/wp\/v2\/pages\/1034"}],"wp:attachment":[{"href":"https:\/\/semmelweis.hu\/rehab\/wp-json\/wp\/v2\/media?parent=961"}],"wp:term":[{"taxonomy":"category","embeddable":true,"href":"https:\/\/semmelweis.hu\/rehab\/wp-json\/wp\/v2\/categories?post=961"},{"taxonomy":"post_tag","embeddable":true,"href":"https:\/\/semmelweis.hu\/rehab\/wp-json\/wp\/v2\/tags?post=961"}],"curies":[{"name":"wp","href":"https:\/\/api.w.org\/{rel}","templated":true}]}}