{"id":926,"date":"2022-03-14T20:23:09","date_gmt":"2022-03-14T19:23:09","guid":{"rendered":"https:\/\/semmelweis.hu\/rehab\/?page_id=926"},"modified":"2024-05-02T15:11:20","modified_gmt":"2024-05-02T13:11:20","slug":"szakmai-szervezetek","status":"publish","type":"page","link":"https:\/\/semmelweis.hu\/rehab\/bemutatkozas\/szakmai-szervezetek\/","title":{"rendered":"Szakmai szervezetek"},"content":{"rendered":"<h3><span style=\"font-size: 14pt\"><strong>Magyar oldalak:<\/strong><\/span><\/h3>\n<table style=\"height: 192px;width: 100%;border-collapse: collapse;border-style: hidden;border-color: #ffffff;background-color: #ffffff\">\n<tbody>\n<tr style=\"height: 81px\">\n<td style=\"width: 82.6679%;height: 81px\">Semmelweis Egyetem Rehabilit\u00e1ci\u00f3s Klinika<\/td>\n<td style=\"width: 17.3321%;height: 81px;border-style: hidden\"><a href=\"https:\/\/semmelweis.hu\/rehab\/files\/2022\/03\/oori-logo-1.png\"><img loading=\"lazy\" decoding=\"async\" class=\"alignnone size-full wp-image-942\" src=\"https:\/\/semmelweis.hu\/rehab\/files\/2022\/03\/oori-logo-1.png\" alt=\"\" width=\"300\" height=\"300\" \/><\/a><\/td>\n<\/tr>\n<tr style=\"height: 81px;border-style: hidden;border-color: #ffffff;background-color: #ffffff\">\n<td style=\"width: 82.6679%;height: 81px\"><a href=\"https:\/\/semmelweis.hu\/pak\/\">Semmelweis Egyetem Pet\u0151 Andr\u00e1s Kar<\/a><\/td>\n<td style=\"width: 17.3321%;height: 81px;border-style: hidden\"><a href=\"https:\/\/semmelweis.hu\/rehab\/altalanos-informaciok\/hasznos-oldalak\/se-pak-logo\/\" target=\"_blank\" rel=\"noopener www.google.com\"><img loading=\"lazy\" decoding=\"async\" class=\"aligncenter wp-image-943 size-thumbnail\" src=\"https:\/\/semmelweis.hu\/rehab\/files\/2022\/03\/se-pak-logo-150x150.jpg\" alt=\"\" width=\"150\" height=\"150\" srcset=\"https:\/\/semmelweis.hu\/rehab\/files\/2022\/03\/se-pak-logo-150x150.jpg 150w, https:\/\/semmelweis.hu\/rehab\/files\/2022\/03\/se-pak-logo.jpg 300w\" sizes=\"auto, (max-width: 150px) 100vw, 150px\" \/><\/a><\/td>\n<\/tr>\n<tr style=\"height: 30px;border-style: hidden;border-color: #ffffff;background-color: #ffffff\">\n<td style=\"width: 82.6679%;height: 30px\"><a href=\"http:\/\/www.rehab.hu\/info.aspx?sp=1\">Magyar Rehabilit\u00e1ci\u00f3s T\u00e1rsas\u00e1g<\/a><\/td>\n<td style=\"width: 17.3321%;height: 30px;border-style: hidden\"><a href=\"https:\/\/semmelweis.hu\/rehab\/files\/2022\/03\/mrt-logo.png\"><img loading=\"lazy\" decoding=\"async\" class=\"alignnone size-full wp-image-941\" src=\"https:\/\/semmelweis.hu\/rehab\/files\/2022\/03\/mrt-logo.png\" alt=\"\" width=\"300\" height=\"300\" srcset=\"https:\/\/semmelweis.hu\/rehab\/files\/2022\/03\/mrt-logo.png 300w, https:\/\/semmelweis.hu\/rehab\/files\/2022\/03\/mrt-logo-150x150.png 150w\" sizes=\"auto, (max-width: 300px) 100vw, 300px\" \/><\/a><\/td>\n<\/tr>\n<\/tbody>\n<\/table>\n<h2><span style=\"font-size: 14pt\"><strong>Nemzetk\u00f6zi oldalak:<\/strong><\/span><\/h2>\n<table style=\"border-collapse: collapse;width: 100%\">\n<tbody>\n<tr style=\"border-style: hidden;border-color: #ffffff;background-color: #ffffff\">\n<td style=\"width: 767.977px\">\n<p><a href=\"https:\/\/uems-prm.eu\/\">Eur\u00f3pai Szakorvos Sz\u00f6vets\u00e9g Rehabilit\u00e1ci\u00f3s Szekci\u00f3ja (UEMS PRM Section and Board)<\/a><\/p>\n<\/td>\n<td style=\"width: 161.023px;border-style: hidden\"><a href=\"https:\/\/semmelweis.hu\/rehab\/files\/2022\/03\/uems-prm-logo.jpg\"><img loading=\"lazy\" decoding=\"async\" class=\"size-medium wp-image-985 aligncenter\" src=\"https:\/\/semmelweis.hu\/rehab\/files\/2022\/03\/uems-prm-logo.jpg\" alt=\"\" width=\"300\" height=\"300\" srcset=\"https:\/\/semmelweis.hu\/rehab\/files\/2022\/03\/uems-prm-logo.jpg 300w, https:\/\/semmelweis.hu\/rehab\/files\/2022\/03\/uems-prm-logo-150x150.jpg 150w\" sizes=\"auto, (max-width: 300px) 100vw, 300px\" \/><\/a><\/td>\n<\/tr>\n<tr style=\"border-style: hidden;border-color: #ffffff;background-color: #ffffff\">\n<td style=\"width: 767.977px\"><a href=\"https:\/\/esprm.eu\/\">Eur\u00f3pai Rehabilit\u00e1ci\u00f3s T\u00e1rsas\u00e1g (ESPRM)<\/a><\/td>\n<td style=\"width: 161.023px;border-style: hidden\"><a href=\"https:\/\/semmelweis.hu\/rehab\/files\/2022\/03\/esprm-logo.jpg\"><img loading=\"lazy\" decoding=\"async\" class=\"size-medium wp-image-983 aligncenter\" src=\"https:\/\/semmelweis.hu\/rehab\/files\/2022\/03\/esprm-logo.jpg\" alt=\"\" width=\"300\" height=\"300\" srcset=\"https:\/\/semmelweis.hu\/rehab\/files\/2022\/03\/esprm-logo.jpg 300w, https:\/\/semmelweis.hu\/rehab\/files\/2022\/03\/esprm-logo-150x150.jpg 150w\" sizes=\"auto, (max-width: 300px) 100vw, 300px\" \/><\/a><\/td>\n<\/tr>\n<tr style=\"border-style: hidden;border-color: #ffffff;background-color: #ffffff\">\n<td style=\"width: 767.977px\"><a href=\"https:\/\/isprm.org\/\">Nemzetk\u00f6zi Rehabilit\u00e1ci\u00f3s T\u00e1rsas\u00e1g (ISPRM)<\/a><\/td>\n<td style=\"width: 161.023px;border-style: hidden\"><a href=\"https:\/\/semmelweis.hu\/rehab\/files\/2022\/03\/isprm-logo.jpg\"><img loading=\"lazy\" decoding=\"async\" class=\"size-medium wp-image-984 aligncenter\" src=\"https:\/\/semmelweis.hu\/rehab\/files\/2022\/03\/isprm-logo.jpg\" alt=\"\" width=\"300\" height=\"300\" srcset=\"https:\/\/semmelweis.hu\/rehab\/files\/2022\/03\/isprm-logo.jpg 300w, https:\/\/semmelweis.hu\/rehab\/files\/2022\/03\/isprm-logo-150x150.jpg 150w\" sizes=\"auto, (max-width: 300px) 100vw, 300px\" \/><\/a><\/td>\n<\/tr>\n<tr style=\"border-style: hidden;border-color: #ffffff;background-color: #ffffff\">\n<td style=\"width: 767.977px\"><a href=\"https:\/\/aemr.eu\/\">Eur\u00f3pai Rehabilit\u00e1ci\u00f3s Akad\u00e9mia (AEMR)<\/a><\/td>\n<td style=\"width: 161.023px;border-style: hidden\"><a href=\"https:\/\/semmelweis.hu\/rehab\/files\/2022\/03\/aemr-logo.jpg\"><img loading=\"lazy\" decoding=\"async\" class=\"size-full wp-image-982 aligncenter\" src=\"https:\/\/semmelweis.hu\/rehab\/files\/2022\/03\/aemr-logo.jpg\" alt=\"\" width=\"300\" height=\"300\" srcset=\"https:\/\/semmelweis.hu\/rehab\/files\/2022\/03\/aemr-logo.jpg 300w, https:\/\/semmelweis.hu\/rehab\/files\/2022\/03\/aemr-logo-150x150.jpg 150w\" sizes=\"auto, (max-width: 300px) 100vw, 300px\" \/><\/a><\/td>\n<\/tr>\n<\/tbody>\n<\/table>\n<p>&nbsp;<\/p>\n","protected":false},"excerpt":{"rendered":"<p>Magyar oldalak:<\/p>\n<p>Semmelweis Egyetem Rehabilit\u00e1ci\u00f3s Klinika<br \/>\n<a href=\"https:\/\/semmelweis.hu\/rehab\/files\/2022\/03\/oori-logo-1.png\"><\/a><\/p>\n<p><a href=\"https:\/\/semmelweis.hu\/pak\/\">Semmelweis Egyetem Pet\u0151 Andr\u00e1s Kar<\/a><br \/>\n<a href=\"https:\/\/semmelweis.hu\/rehab\/altalanos-informaciok\/hasznos-oldalak\/se-pak-logo\/\" target=\"_blank\" rel=\"noopener www.google.com\"><\/a><\/p>\n<p><a href=\"http:\/\/www.rehab.hu\/info.aspx?sp=1\">Magyar Rehabilit\u00e1ci\u00f3s T\u00e1rsas\u00e1g<\/a><br \/>\n<a href=\"https:\/\/semmelweis.hu\/rehab\/files\/2022\/03\/mrt-logo.png\"><\/a><\/p>\n<p>Nemzetk\u00f6zi oldalak:<\/p>\n<p><a href=\"https:\/\/uems-prm.eu\/\">Eur\u00f3pai Szakorvos Sz\u00f6vets\u00e9g Rehabilit\u00e1ci\u00f3s Szekci\u00f3ja (UEMS PRM Section and Board)<\/a><\/p>\n<p><a href=\"https:\/\/semmelweis.hu\/rehab\/files\/2022\/03\/uems-prm-logo.jpg\"><\/a><\/p>\n<p><a href=\"https:\/\/esprm.eu\/\">Eur\u00f3pai Rehabilit\u00e1ci\u00f3s T\u00e1rsas\u00e1g (ESPRM)<\/a><br \/>\n<a href=\"https:\/\/semmelweis.hu\/rehab\/files\/2022\/03\/esprm-logo.jpg\"><\/a><\/p>\n<p><a href=\"https:\/\/isprm.org\/\">Nemzetk\u00f6zi Rehabilit\u00e1ci\u00f3s T\u00e1rsas\u00e1g (ISPRM)<\/a><br \/>\n<a href=\"https:\/\/semmelweis.hu\/rehab\/files\/2022\/03\/isprm-logo.jpg\"><\/a><\/p>\n<p><a href=\"https:\/\/aemr.eu\/\">Eur\u00f3pai Rehabilit\u00e1ci\u00f3s Akad\u00e9mia (AEMR)<\/a><br \/>\n<a href=\"https:\/\/semmelweis.hu\/rehab\/files\/2022\/03\/aemr-logo.jpg\"><\/a><\/p>\n<p>&nbsp;<\/p>\n","protected":false},"author":101960,"featured_media":0,"parent":13,"menu_order":0,"comment_status":"closed","ping_status":"closed","template":"template-fullwidth.php","meta":{"_acf_changed":false,"footnotes":""},"categories":[],"tags":[],"class_list":["post-926","page","type-page","status-publish","hentry"],"acf":[],"_links":{"self":[{"href":"https:\/\/semmelweis.hu\/rehab\/wp-json\/wp\/v2\/pages\/926","targetHints":{"allow":["GET"]}}],"collection":[{"href":"https:\/\/semmelweis.hu\/rehab\/wp-json\/wp\/v2\/pages"}],"about":[{"href":"https:\/\/semmelweis.hu\/rehab\/wp-json\/wp\/v2\/types\/page"}],"author":[{"embeddable":true,"href":"https:\/\/semmelweis.hu\/rehab\/wp-json\/wp\/v2\/users\/101960"}],"replies":[{"embeddable":true,"href":"https:\/\/semmelweis.hu\/rehab\/wp-json\/wp\/v2\/comments?post=926"}],"version-history":[{"count":10,"href":"https:\/\/semmelweis.hu\/rehab\/wp-json\/wp\/v2\/pages\/926\/revisions"}],"predecessor-version":[{"id":1180,"href":"https:\/\/semmelweis.hu\/rehab\/wp-json\/wp\/v2\/pages\/926\/revisions\/1180"}],"up":[{"embeddable":true,"href":"https:\/\/semmelweis.hu\/rehab\/wp-json\/wp\/v2\/pages\/13"}],"wp:attachment":[{"href":"https:\/\/semmelweis.hu\/rehab\/wp-json\/wp\/v2\/media?parent=926"}],"wp:term":[{"taxonomy":"category","embeddable":true,"href":"https:\/\/semmelweis.hu\/rehab\/wp-json\/wp\/v2\/categories?post=926"},{"taxonomy":"post_tag","embeddable":true,"href":"https:\/\/semmelweis.hu\/rehab\/wp-json\/wp\/v2\/tags?post=926"}],"curies":[{"name":"wp","href":"https:\/\/api.w.org\/{rel}","templated":true}]}}