{"id":917,"date":"2022-03-14T19:37:17","date_gmt":"2022-03-14T18:37:17","guid":{"rendered":"https:\/\/semmelweis.hu\/rehab\/?page_id=917"},"modified":"2025-02-14T14:22:19","modified_gmt":"2025-02-14T13:22:19","slug":"tanfolyamok","status":"publish","type":"page","link":"https:\/\/semmelweis.hu\/rehab\/tanfolyamok\/","title":{"rendered":"Tanfolyamok"},"content":{"rendered":"<div class=\"keretes w-100\">\n<h1><span style=\"font-size: 18pt;\">2025-bEn indul\u00f3 tanfolyamok<\/span><\/h1>\n<p>A tanfolyamok a Semmelweis Egyetem Fizik\u00e1lis Medicina \u00e9s Rehabilit\u00e1ci\u00f3 Tansz\u00e9k szervez\u00e9s\u00e9ben val\u00f3sulnak meg.<\/p>\n<p><strong>K\u00e9pz\u00e9sek helysz\u00edne:<\/strong> Semmelweis Egyetem Rehabilit\u00e1ci\u00f3s Klinika<br \/>\n<strong>B\u0151vebb inform\u00e1ci\u00f3: <span style=\"color: #3366ff;\"><a href=\"https:\/\/oftex.hu\/project_o\/actual_prg\/system\/launch.php?pg=.\/FRAME_main.php&amp;ugrp=2\">oftex.hu\u00a0<\/a><\/span><\/strong><\/p>\n<\/div>\n<h4>Szakvizsga el\u0151k\u00e9sz\u00edt\u0151 \u00e9s szintentart\u00f3 tanfolyamok<\/h4>\n<p><strong>Ortetikai &#8211; protetikai ismeretek<\/strong><\/p>\n<ul>\n<li>id\u0151pont: 2025. febru\u00e1r 24 &#8211; 27.<\/li>\n<\/ul>\n<p><strong>Rehabilit\u00e1ci\u00f3s alapismeretek<\/strong><\/p>\n<ul>\n<li>id\u0151pont: 2025. november 3 &#8211; 14.<\/li>\n<\/ul>\n<p><strong>Hum\u00e1n kineziol\u00f3giai ismeretek<\/strong><\/p>\n<ul>\n<li>id\u0151pont: 2025. november 24 &#8211; 25.<\/li>\n<\/ul>\n<h4>Egy\u00e9b tanfolyamok<\/h4>\n<p><strong>Speci\u00e1lis ter\u00e1pi\u00e1k a stroke \u00e9s egy\u00e9b agys\u00e9r\u00fclt betegek rehabilit\u00e1ci\u00f3j\u00e1ban \u2013 interakt\u00edv tanfolyam<\/strong><\/p>\n<ul>\n<li>id\u0151pont: 2025. m\u00e1rcius 19.<\/li>\n<\/ul>\n<p><strong>Ritmus- \u00e9s t\u00e1ncter\u00e1pia &#8211; 4 alkalmas tanfolyam<\/strong><\/p>\n<ul>\n<li>id\u0151pont: 2025. szeptember 24., okt\u00f3ber 1., 8., 15.<\/li>\n<\/ul>\n","protected":false},"excerpt":{"rendered":"<p>2025-bEn indul\u00f3 tanfolyamok A tanfolyamok a Semmelweis Egyetem Fizik\u00e1lis Medicina \u00e9s Rehabilit\u00e1ci\u00f3 Tansz\u00e9k szervez\u00e9s\u00e9ben val\u00f3sulnak meg. K\u00e9pz\u00e9sek helysz\u00edne: Semmelweis Egyetem Rehabilit\u00e1ci\u00f3s Klinika B\u0151vebb inform\u00e1ci\u00f3: <a href=\"https:\/\/oftex.hu\/project_o\/actual_prg\/system\/launch.php?pg=.\/FRAME_main.php&amp;ugrp=2\">oftex.hu\u00a0<\/a> Szakvizsga el\u0151k\u00e9sz\u00edt\u0151 \u00e9s szintentart\u00f3 tanfolyamok Ortetikai &#8211; protetikai ismeretek id\u0151pont: 2025. febru\u00e1r 24 &#8211; 27. Rehabilit\u00e1ci\u00f3s alapismeretek id\u0151pont: 2025. november 3 &#8211; 14. Hum\u00e1n kineziol\u00f3giai ismeretek id\u0151pont: 2025. november 24 &#8211; &hellip;<\/p>\n","protected":false},"author":101960,"featured_media":0,"parent":0,"menu_order":0,"comment_status":"closed","ping_status":"closed","template":"","meta":{"_acf_changed":false,"footnotes":""},"categories":[],"tags":[],"class_list":["post-917","page","type-page","status-publish","hentry"],"acf":[],"_links":{"self":[{"href":"https:\/\/semmelweis.hu\/rehab\/wp-json\/wp\/v2\/pages\/917","targetHints":{"allow":["GET"]}}],"collection":[{"href":"https:\/\/semmelweis.hu\/rehab\/wp-json\/wp\/v2\/pages"}],"about":[{"href":"https:\/\/semmelweis.hu\/rehab\/wp-json\/wp\/v2\/types\/page"}],"author":[{"embeddable":true,"href":"https:\/\/semmelweis.hu\/rehab\/wp-json\/wp\/v2\/users\/101960"}],"replies":[{"embeddable":true,"href":"https:\/\/semmelweis.hu\/rehab\/wp-json\/wp\/v2\/comments?post=917"}],"version-history":[{"count":10,"href":"https:\/\/semmelweis.hu\/rehab\/wp-json\/wp\/v2\/pages\/917\/revisions"}],"predecessor-version":[{"id":1292,"href":"https:\/\/semmelweis.hu\/rehab\/wp-json\/wp\/v2\/pages\/917\/revisions\/1292"}],"wp:attachment":[{"href":"https:\/\/semmelweis.hu\/rehab\/wp-json\/wp\/v2\/media?parent=917"}],"wp:term":[{"taxonomy":"category","embeddable":true,"href":"https:\/\/semmelweis.hu\/rehab\/wp-json\/wp\/v2\/categories?post=917"},{"taxonomy":"post_tag","embeddable":true,"href":"https:\/\/semmelweis.hu\/rehab\/wp-json\/wp\/v2\/tags?post=917"}],"curies":[{"name":"wp","href":"https:\/\/api.w.org\/{rel}","templated":true}]}}