{"id":890,"date":"2022-03-14T12:53:44","date_gmt":"2022-03-14T11:53:44","guid":{"rendered":"https:\/\/semmelweis.hu\/rehab\/?page_id=890"},"modified":"2026-04-06T18:37:44","modified_gmt":"2026-04-06T16:37:44","slug":"rehabilitacios-gremium","status":"publish","type":"page","link":"https:\/\/semmelweis.hu\/rehab\/szakorvoskepzes\/rehabilitacios-gremium\/","title":{"rendered":"Rehabilit\u00e1ci\u00f3s Gr\u00e9mium"},"content":{"rendered":"<h4><span style=\"font-size: 18pt\">Rehabilit\u00e1ci\u00f3s Gr\u00e9mium<\/span><\/h4>\n<p>Az Orvosi Rehabilit\u00e1ci\u00f3 Gr\u00e9mium\u00a0 a Rehabilit\u00e1ci\u00f3s medicina szakorvosk\u00e9pz\u00e9s ir\u00e1ny\u00edt\u00e1s\u00e1\u00e9rt \u00e9s fel\u00fcgyelet\u00e9\u00e9rt felel\u0151s szakmai test\u00fclet. Sz\u00e9khelye az SE Rehabilit\u00e1ci\u00f3s Klinik\u00e1n van.<\/p>\n<p>A Gr\u00e9mium eln\u00f6ke <strong>Dr. D\u00e9nes Zolt\u00e1n <\/strong>egyetemi docens 2010. \u00e1prilis 15.-\u00e9t\u0151l.<\/p>\n<p style=\"font-weight: 400\">A Gr\u00e9mium tagjai:<\/p>\n<p><strong>Dr. Fazekas G\u00e1bor Antal<\/strong> egyetemi tan\u00e1r, Rehabilit\u00e1ci\u00f3s Klinika<\/p>\n<p><strong>Dr. Cserh\u00e1ti P\u00e9ter<\/strong> egyetemi docens, Rehabilit\u00e1ci\u00f3s Klinika<\/p>\n<p><strong>Dr. Boros Erzs\u00e9bet<\/strong> oszt\u00e1lyvezet\u0151 f\u0151orvos, Rehabilit\u00e1ci\u00f3s Klinika<\/p>\n","protected":false},"excerpt":{"rendered":"<p>Rehabilit\u00e1ci\u00f3s Gr\u00e9mium Az Orvosi Rehabilit\u00e1ci\u00f3 Gr\u00e9mium\u00a0 a Rehabilit\u00e1ci\u00f3s medicina szakorvosk\u00e9pz\u00e9s ir\u00e1ny\u00edt\u00e1s\u00e1\u00e9rt \u00e9s fel\u00fcgyelet\u00e9\u00e9rt felel\u0151s szakmai test\u00fclet. Sz\u00e9khelye az SE Rehabilit\u00e1ci\u00f3s Klinik\u00e1n van. A Gr\u00e9mium eln\u00f6ke Dr. D\u00e9nes Zolt\u00e1n egyetemi docens 2010. \u00e1prilis 15.-\u00e9t\u0151l. A Gr\u00e9mium tagjai: Dr. Fazekas G\u00e1bor Antal egyetemi tan\u00e1r, Rehabilit\u00e1ci\u00f3s Klinika Dr. Cserh\u00e1ti P\u00e9ter egyetemi docens, Rehabilit\u00e1ci\u00f3s Klinika Dr. Boros Erzs\u00e9bet oszt\u00e1lyvezet\u0151 &hellip;<\/p>\n","protected":false},"author":101960,"featured_media":0,"parent":1034,"menu_order":5,"comment_status":"closed","ping_status":"closed","template":"","meta":{"_acf_changed":false,"footnotes":""},"categories":[],"tags":[],"class_list":["post-890","page","type-page","status-publish","hentry"],"acf":[],"_links":{"self":[{"href":"https:\/\/semmelweis.hu\/rehab\/wp-json\/wp\/v2\/pages\/890","targetHints":{"allow":["GET"]}}],"collection":[{"href":"https:\/\/semmelweis.hu\/rehab\/wp-json\/wp\/v2\/pages"}],"about":[{"href":"https:\/\/semmelweis.hu\/rehab\/wp-json\/wp\/v2\/types\/page"}],"author":[{"embeddable":true,"href":"https:\/\/semmelweis.hu\/rehab\/wp-json\/wp\/v2\/users\/101960"}],"replies":[{"embeddable":true,"href":"https:\/\/semmelweis.hu\/rehab\/wp-json\/wp\/v2\/comments?post=890"}],"version-history":[{"count":8,"href":"https:\/\/semmelweis.hu\/rehab\/wp-json\/wp\/v2\/pages\/890\/revisions"}],"predecessor-version":[{"id":1305,"href":"https:\/\/semmelweis.hu\/rehab\/wp-json\/wp\/v2\/pages\/890\/revisions\/1305"}],"up":[{"embeddable":true,"href":"https:\/\/semmelweis.hu\/rehab\/wp-json\/wp\/v2\/pages\/1034"}],"wp:attachment":[{"href":"https:\/\/semmelweis.hu\/rehab\/wp-json\/wp\/v2\/media?parent=890"}],"wp:term":[{"taxonomy":"category","embeddable":true,"href":"https:\/\/semmelweis.hu\/rehab\/wp-json\/wp\/v2\/categories?post=890"},{"taxonomy":"post_tag","embeddable":true,"href":"https:\/\/semmelweis.hu\/rehab\/wp-json\/wp\/v2\/tags?post=890"}],"curies":[{"name":"wp","href":"https:\/\/api.w.org\/{rel}","templated":true}]}}