{"id":824,"date":"2021-12-01T11:09:13","date_gmt":"2021-12-01T10:09:13","guid":{"rendered":"https:\/\/semmelweis.hu\/rehab\/?page_id=824"},"modified":"2024-05-02T15:58:52","modified_gmt":"2024-05-02T13:58:52","slug":"contacts","status":"publish","type":"page","link":"https:\/\/semmelweis.hu\/rehab\/en\/contacts\/","title":{"rendered":"Contacts"},"content":{"rendered":"<h1>Department of Rehabilitation Medicine, Semmelweis University<\/h1>\n<p><strong>Head of Department:<\/strong>\u00a0 Dr. PhD. Zolt\u00e1n D\u00e9nes (<a href=\"mailto:z.denes@rehabint.hu\">z.denes@rehabint.hu<\/a>)<\/p>\n<p><strong>Address:<\/strong> 1121 Budapest, Szanatrium utca 19. <br \/>\nRehabilitation Clinic, Semmelweis University (Semmelweis Egyetem Rehabilit\u00e1ci\u00f3s Klinika &#8211;\u00a0 former National Institute of Medical Rehabilitation, Orsz\u00e1gos Orvosi Rehabilit\u00e1ci\u00f3s Int\u00e9zet\/OORI)\u00a0<br \/>\n<strong>Phone:<\/strong> +361-3911903<\/p>\n<h4><strong>Faculty members:<\/strong><\/h4>\n<ul style=\"list-style-type: square\">\n<li>Gabriella T\u00e1pay (<a href=\"mailto:g.tapay@rehabint.hu\">g.tapay@rehabint.hu<\/a>)<\/li>\n<li>Dr. Orsolya Mas\u00e1t (<a href=\"mailto:o.masat@rehabint.hu\">o.masat@rehabint.hu<\/a>)\u00a0<\/li>\n<li>Dr. Mih\u00e1ly F\u00f3ri\u00e1n-Szab\u00f3\u00a0 (<a href=\"mailto:m.forian@rehabint.hu\">m.forian@rehabint.hu<\/a>)<\/li>\n<\/ul>\n<h4><strong>MAP<\/strong><\/h4>\n\n<!-- iframe plugin v.4.9 wordpress.org\/plugins\/iframe\/ -->\n<iframe src=\"https:\/\/www.google.com\/maps\/embed?pb=!1m18!1m12!1m3!1d1905.2003893709384!2d18.933711442762277!3d47.52184938665591!2m3!1f0!2f0!3f0!3m2!1i1024!2i768!4f13.1!3m3!1m2!1s0x4741df43245e1c9d%3A0x554572dd87e51fdc!2sBudapest%2C%20Szanat%C3%B3rium%20u.%2019%2C%201528!5e0!3m2!1shu!2shu!4v1648282551372!5m2!1shu!2shu\" width=\"100%\" height=\"450\" style=\"border:0;\" allowfullscreen loading=\"lazy\" referrerpolicy=\"no-referrer-when-downgrade\" scrolling=\"yes\" class=\"iframe-class\" frameborder=\"0\"><\/iframe>\n\n","protected":false},"excerpt":{"rendered":"<p>Department of Rehabilitation Medicine, Semmelweis University Head of Department:\u00a0 Dr. PhD. Zolt\u00e1n D\u00e9nes ( <a href=\"mailto:z.denes@rehabint.hu\">z.denes@rehabint.hu<\/a> ) Address: 1121 Budapest, Szanatrium utca 19. Rehabilitation Clinic, Semmelweis University (Semmelweis Egyetem Rehabilit\u00e1ci\u00f3s Klinika &#8211;\u00a0 former National Institute of Medical Rehabilitation, Orsz\u00e1gos Orvosi Rehabilit\u00e1ci\u00f3s Int\u00e9zet\/OORI)\u00a0 Phone: +361-3911903 Faculty members: Gabriella T\u00e1pay ( <a href=\"mailto:g.tapay@rehabint.hu\">g.tapay@rehabint.hu<\/a> ) Dr. Orsolya Mas\u00e1t ( <a href=\"mailto:o.masat@rehabint.hu\">o.masat@rehabint.hu<\/a> )\u00a0 Dr. Mih\u00e1ly &hellip;<\/p>\n","protected":false},"author":101960,"featured_media":0,"parent":0,"menu_order":3,"comment_status":"closed","ping_status":"closed","template":"","meta":{"_acf_changed":false,"footnotes":""},"categories":[],"tags":[],"class_list":["post-824","page","type-page","status-publish","hentry"],"acf":[],"_links":{"self":[{"href":"https:\/\/semmelweis.hu\/rehab\/wp-json\/wp\/v2\/pages\/824","targetHints":{"allow":["GET"]}}],"collection":[{"href":"https:\/\/semmelweis.hu\/rehab\/wp-json\/wp\/v2\/pages"}],"about":[{"href":"https:\/\/semmelweis.hu\/rehab\/wp-json\/wp\/v2\/types\/page"}],"author":[{"embeddable":true,"href":"https:\/\/semmelweis.hu\/rehab\/wp-json\/wp\/v2\/users\/101960"}],"replies":[{"embeddable":true,"href":"https:\/\/semmelweis.hu\/rehab\/wp-json\/wp\/v2\/comments?post=824"}],"version-history":[{"count":8,"href":"https:\/\/semmelweis.hu\/rehab\/wp-json\/wp\/v2\/pages\/824\/revisions"}],"predecessor-version":[{"id":1184,"href":"https:\/\/semmelweis.hu\/rehab\/wp-json\/wp\/v2\/pages\/824\/revisions\/1184"}],"wp:attachment":[{"href":"https:\/\/semmelweis.hu\/rehab\/wp-json\/wp\/v2\/media?parent=824"}],"wp:term":[{"taxonomy":"category","embeddable":true,"href":"https:\/\/semmelweis.hu\/rehab\/wp-json\/wp\/v2\/categories?post=824"},{"taxonomy":"post_tag","embeddable":true,"href":"https:\/\/semmelweis.hu\/rehab\/wp-json\/wp\/v2\/tags?post=824"}],"curies":[{"name":"wp","href":"https:\/\/api.w.org\/{rel}","templated":true}]}}