{"id":794,"date":"2021-11-30T17:52:01","date_gmt":"2021-11-30T16:52:01","guid":{"rendered":"https:\/\/semmelweis.hu\/rehab\/?page_id=794"},"modified":"2026-04-06T18:57:44","modified_gmt":"2026-04-06T16:57:44","slug":"about-us","status":"publish","type":"page","link":"https:\/\/semmelweis.hu\/rehab\/en\/about-us\/","title":{"rendered":"About Us"},"content":{"rendered":"<p style=\"text-align: left\"><a href=\"https:\/\/semmelweis.hu\/rehab\/files\/2021\/12\/oori-kep-C.jpg\"><img loading=\"lazy\" decoding=\"async\" class=\"alignright wp-image-843 size-full\" src=\"https:\/\/semmelweis.hu\/rehab\/files\/2021\/12\/oori-kep-C.jpg\" alt=\"\" width=\"511\" height=\"320\" srcset=\"https:\/\/semmelweis.hu\/rehab\/files\/2021\/12\/oori-kep-C.jpg 511w, https:\/\/semmelweis.hu\/rehab\/files\/2021\/12\/oori-kep-C-300x188.jpg 300w\" sizes=\"auto, (max-width: 511px) 100vw, 511px\" \/><\/a>The <strong>Department of Rehabilitation Medicine<\/strong> has been set up at Semmelweis University in 2019 as an independent organizational unit on the basis of the <strong>Rehabilitation Clinic of the Semmelweis University<\/strong> (former National Institute of Medical Rehabilitation &#8211; Orsz\u00e1gos Orvosi Rehabilit\u00e1ci\u00f3s Int\u00e9zet\/OORI).<\/p>\n<p style=\"text-align: left\">The activity of the Department includes undergraduate and postgraduate education of medical doctors and other members of the rehabilitation team. Teaching Rehabilitation Medicine as compulsory fifth-year block course at the Faculty of Medicine began in 2020, and it is part of the Hungarian, English and German language program.<\/p>\n<hr \/>\n<p style=\"text-align: left\"><a href=\"https:\/\/semmelweis.hu\/rehab\/files\/2021\/12\/oori-kep-B.jpg\"><img loading=\"lazy\" decoding=\"async\" class=\"alignleft wp-image-842 size-full\" src=\"https:\/\/semmelweis.hu\/rehab\/files\/2021\/12\/oori-kep-B.jpg\" alt=\"\" width=\"511\" height=\"320\" srcset=\"https:\/\/semmelweis.hu\/rehab\/files\/2021\/12\/oori-kep-B.jpg 511w, https:\/\/semmelweis.hu\/rehab\/files\/2021\/12\/oori-kep-B-300x188.jpg 300w\" sizes=\"auto, (max-width: 511px) 100vw, 511px\" \/><\/a>Rehabilitation medicine is a relatively new and constantly developing profession, Physical Medicine and Rehabilitation was declared as an independent field by the WHO only in 1968. The Department considers its work as the continuation of the specialist training started in 1980 at the National Institute of Medical Rehabilitation. In 2008, the European Union of Medical Specialists decided to insert rehabilitation medicine into the curriculum of medical universities. The subject was launched as an optional course at Semmelweis University in 2009, and the education reached its current form with the establishment of the Department of Rehabilitation Medicine in 2019.<\/p>\n<hr \/>\n<div class=\"keretes w-100\">\n<p style=\"text-align: left\"><strong>The Board of Rehabilitation Medicine is also located at the Rehabilitation Clinic, Semmelweis University.<\/strong><\/p>\n<p style=\"text-align: left\">Director of the Board is Dr. Zolt\u00e1n D\u00e9nes, Associate Professor and Head of Department since 2010.<\/p>\n<p style=\"text-align: left\">Board members are Professor Dr. G\u00e1bor Antal Fazekas,\u00a0 Associate Professor Dr. P\u00e9ter Cserh\u00e1ti,\u00a0 Chief Physician Dr. Erzs\u00e9bet Boros. \u00a0<\/p>\n<\/div>\n","protected":false},"excerpt":{"rendered":"<p><a href=\"https:\/\/semmelweis.hu\/rehab\/files\/2021\/12\/oori-kep-C.jpg\"><\/a> The Department of Rehabilitation Medicine has been set up at Semmelweis University in 2019 as an independent organizational unit on the basis of the Rehabilitation Clinic of the Semmelweis University (former National Institute of Medical Rehabilitation &#8211; Orsz\u00e1gos Orvosi Rehabilit\u00e1ci\u00f3s Int\u00e9zet\/OORI). The activity of the Department includes undergraduate and postgraduate education of medical doctors and &hellip;<\/p>\n","protected":false},"author":101960,"featured_media":684,"parent":0,"menu_order":1,"comment_status":"open","ping_status":"open","template":"","meta":{"_acf_changed":false,"footnotes":""},"categories":[],"tags":[],"class_list":["post-794","page","type-page","status-publish","has-post-thumbnail","hentry"],"acf":[],"_links":{"self":[{"href":"https:\/\/semmelweis.hu\/rehab\/wp-json\/wp\/v2\/pages\/794","targetHints":{"allow":["GET"]}}],"collection":[{"href":"https:\/\/semmelweis.hu\/rehab\/wp-json\/wp\/v2\/pages"}],"about":[{"href":"https:\/\/semmelweis.hu\/rehab\/wp-json\/wp\/v2\/types\/page"}],"author":[{"embeddable":true,"href":"https:\/\/semmelweis.hu\/rehab\/wp-json\/wp\/v2\/users\/101960"}],"replies":[{"embeddable":true,"href":"https:\/\/semmelweis.hu\/rehab\/wp-json\/wp\/v2\/comments?post=794"}],"version-history":[{"count":10,"href":"https:\/\/semmelweis.hu\/rehab\/wp-json\/wp\/v2\/pages\/794\/revisions"}],"predecessor-version":[{"id":1310,"href":"https:\/\/semmelweis.hu\/rehab\/wp-json\/wp\/v2\/pages\/794\/revisions\/1310"}],"wp:featuredmedia":[{"embeddable":true,"href":"https:\/\/semmelweis.hu\/rehab\/wp-json\/wp\/v2\/media\/684"}],"wp:attachment":[{"href":"https:\/\/semmelweis.hu\/rehab\/wp-json\/wp\/v2\/media?parent=794"}],"wp:term":[{"taxonomy":"category","embeddable":true,"href":"https:\/\/semmelweis.hu\/rehab\/wp-json\/wp\/v2\/categories?post=794"},{"taxonomy":"post_tag","embeddable":true,"href":"https:\/\/semmelweis.hu\/rehab\/wp-json\/wp\/v2\/tags?post=794"}],"curies":[{"name":"wp","href":"https:\/\/api.w.org\/{rel}","templated":true}]}}