{"id":434,"date":"2017-02-28T11:30:17","date_gmt":"2017-02-28T10:30:17","guid":{"rendered":"http:\/\/semmelweis.hu\/rehab\/?page_id=434"},"modified":"2026-04-06T18:54:47","modified_gmt":"2026-04-06T16:54:47","slug":"rehabilitacios-medicina","status":"publish","type":"page","link":"https:\/\/semmelweis.hu\/rehab\/szakorvoskepzes\/rehabilitacios-medicina\/","title":{"rendered":"Rehabilit\u00e1ci\u00f3s Medicina (alap szakk\u00e9pes\u00edt\u00e9s)"},"content":{"rendered":"<div class=\"responsive-tabs\">\n<h2 class=\"tabtitle\">K\u00f6vetelm\u00e9nyek<\/h2>\n<div class=\"tabcontent\">\n\n<h4><span style=\"font-size: 18pt\">K\u00f6vetelm\u00e9nyrendszer <span style=\"color: #ff0000\">2022.09.01. UT\u00c1N<\/span>\u00a0k\u00e9pz\u00e9sbe l\u00e9p\u0151knek<\/span><\/h4>\n<p>MAGYAR K\u00d6ZL\u00d6NY \u2022 2022. \u00e9vi 139. sz\u00e1m\u00e1ban megjelent 5. mell\u00e9klet a <strong>28\/2022. (VIII. 25.) BM rendelethez<\/strong>, illetve a <strong>2. mell\u00e9klet a 22\/2012. (IX. 14.) EMMI rendelethez<\/strong><span style=\"font-size: 14pt\">\u00a0<\/span>alapj\u00e1n a Rehabilit\u00e1ci\u00f3s medicina szakk\u00e9pes\u00edt\u00e9s k\u00f6vetelm\u00e9nyrendszere a k\u00f6vetkez\u0151k\u00e9ppen m\u00f3dosult.<\/p>\n<p><a href=\"https:\/\/semmelweis.hu\/rehab\/files\/2022\/11\/Rehabilitacios-medicina-szakkepzes-kovetelmenyrendszere.pdf\">Rehabilit\u00e1ci\u00f3s medicina szakorvos k\u00e9pz\u00e9s k\u00f6vetelm\u00e9nyrendszere (pdf)<\/a><\/p>\n<p><a href=\"https:\/\/semmelweis.hu\/rehab\/files\/2026\/04\/REHABILITACIOS-MEDICINA_1.-reszvizsga_szabalyzat-melleklete.pdf\">Rehabilit\u00e1ci\u00f3s medicina szakk\u00e9pz\u00e9s 1. re\u0301szvizsga szaba\u0301lyzat melle\u0301klete (pdf)<\/a><\/p>\n<p><a href=\"https:\/\/semmelweis.hu\/rehab\/files\/2026\/04\/REHABILITACIOS-MEDICINA_2.-reszvizsga_szabalyzat-melleklete.pdf\">Rehabilit\u00e1ci\u00f3s medicina szakk\u00e9pz\u00e9s 2. re\u0301szvizsga szaba\u0301lyzat melle\u0301klete (pdf)<\/a><\/p>\n\n<\/div><h2 class=\"tabtitle\">K\u00f6vetelm\u00e9nyek - kor\u00e1bbi<\/h2>\n<div class=\"tabcontent\">\n\n<h4><span style=\"font-size: 18pt\">K\u00f6vetelm\u00e9nyrendszer <span style=\"color: #ff0000\">2018. 08. 29 &#8211; 2022.09.01. K\u00d6Z\u00d6TT<\/span>\u00a0k\u00e9pz\u00e9sbe l\u00e9p\u0151knek<\/span><\/h4>\n<p>MAGYAR K\u00d6ZL\u00d6NY \u2022 2018. \u00e9vi 130. sz\u00e1m\u00e1ban megjelent <span style=\"font-size: 14pt\"><strong>28\/2018. (VIII. 29.) EMMI rendelet<\/strong> <\/span>alapj\u00e1n a Rehabilit\u00e1ci\u00f3s medicina szakk\u00e9pes\u00edt\u00e9s k\u00f6vetelm\u00e9nyrendszere a k\u00f6vetkez\u0151k\u00e9ppen m\u00f3dosult.<\/p>\n<p>&nbsp;<\/p>\n<p><span style=\"font-size: 14pt\"><strong>\u201e7. REHABILIT\u00c1CI\u00d3S MEDICINA<\/strong> <\/span><\/p>\n<p><strong>1.K\u00e9pz\u00e9si id\u0151: 60 h\u00f3nap<\/strong><\/p>\n<p>2. K\u00e9pz\u00e9si program:<\/p>\n<p><em><strong>2.1.<\/strong><\/em> <em><strong>24 h\u00f3 t\u00f6rzsk\u00e9pz\u00e9si program:<\/strong> <\/em><\/p>\n<p>2.1.1. 6 h\u00f3 s\u00fcrg\u0151ss\u00e9gi gyakorlat<\/p>\n<p>2.1.2. 1 h\u00f3 t\u00f6rzsk\u00e9pz\u00e9si tanfolyam<\/p>\n<p>2.1.3. 3 h\u00f3 gyakorlat akkredit\u00e1lt rehabilit\u00e1ci\u00f3s oszt\u00e1lyon: rehabilit\u00e1ci\u00f3s alaptev\u00e9kenys\u00e9g<\/p>\n<p>2.1.4. 4 h\u00f3 neurol\u00f3gia olyan neurol\u00f3giai oszt\u00e1lyon, amely s\u00fcrg\u0151ss\u00e9gi neurol\u00f3giai stroke, lysis centrum egyar\u00e1nt<\/p>\n<p>2.1.5. 4 h\u00f3 belgy\u00f3gy\u00e1szati gyakorlat<\/p>\n<p>2.1.6. 4 h\u00f3 traumatol\u00f3gia gyakorlat<\/p>\n<p>2.1.7. 2 h\u00f3 reumatol\u00f3gia gyakorlat<\/p>\n<p><em><strong>2.2. 36 h\u00f3 szakgyakorlati k\u00e9pz\u00e9s:<\/strong> <\/em><\/p>\n<p>2.2.1. 4 h\u00f3 d\u00f6nt\u0151en reumatol\u00f3giai profil\u00fa rehabilit\u00e1ci\u00f3s oszt\u00e1ly \u00e9s ambulancia vagy reumatol\u00f3giai oszt\u00e1ly \u00e9s ambulancia<\/p>\n<p>2.2.2. 1 h\u00f3 fizikoter\u00e1pi\u00e1s, balneoter\u00e1pi\u00e1s gyakorlat<\/p>\n<p>2.2.3. 3 h\u00f3 d\u00f6nt\u0151en neurol\u00f3giai profil\u00fa rehabilit\u00e1ci\u00f3s oszt\u00e1ly \u00e9s ambulancia vagy neurol\u00f3giai oszt\u00e1ly \u00e9s ambulancia,<\/p>\n<p>2.2.4. 3 h\u00f3 d\u00f6nt\u0151en poszttraum\u00e1s profil\u00fa rehabilit\u00e1ci\u00f3s oszt\u00e1ly \u00e9s ambulancia vagy ortop\u00e9dia oszt\u00e1ly \u00e9s ambulancia,<\/p>\n<p>2.2.5. 1 h\u00f3nap seb\u00e9szeti vagy szeptikus csontseb\u00e9szeti vagy szeptikus rehabilit\u00e1ci\u00f3s profil\u00fa oszt\u00e1ly vagy amput\u00e1ci\u00f3s rehabilit\u00e1ci\u00f3s oszt\u00e1ly<\/p>\n<p>2.2.6. 6 h\u00f3 speci\u00e1lis fakultat\u00edv k\u00e9pz\u00e9s: reumatol\u00f3gia vagy ortop\u00e9dia-traumatol\u00f3gia vagy neurol\u00f3gia vagy belgy\u00f3gy\u00e1szat vagy seb\u00e9szet, vagy egyetemi szint\u0171 illetve orsz\u00e1gos int\u00e9zeti specializ\u00e1lt rehabilit\u00e1ci\u00f3s medicina oszt\u00e1ly<\/p>\n<p>2.2.7. 17 h\u00f3 rehabilit\u00e1ci\u00f3s medicina, amelyb\u0151l<\/p>\n<p>2.2.7.1. 11 h\u00f3 rehabilit\u00e1ci\u00f3s medicina alaptev\u00e9kenys\u00e9g<\/p>\n<p>2.2.7.2. 6 h\u00f3 rehabilit\u00e1ci\u00f3s medicina speci\u00e1lis programja<\/p>\n<p>2.2.8. 1 h\u00f3 tanfolyam:<\/p>\n<p>2.2.8.1. Rehabilit\u00e1ci\u00f3s alapismeretek<\/p>\n<p>2.2.8.2. Fizioter\u00e1pi\u00e1s alapismeretek I\u2013II.<\/p>\n<p>2.2.8.3. Protetikai \u00e9s ortetikai alapismeretek<\/p>\n<p>2.2.8.4. Hum\u00e1n Kineziol\u00f3giai alapismeretek<\/p>\n<p>3. Szakvizsg\u00e1ra bocs\u00e1t\u00e1s egy\u00e9b felt\u00e9telei<\/p>\n<p>Meghat\u00e1rozott sz\u00e1m\u00fa \u00e9s t\u00edpus\u00fa beavatkoz\u00e1s teljes\u00edt\u00e9se.\u201d<\/p>\n<p>&nbsp;<\/p>\n<h4><span style=\"font-size: 18pt\">K\u00f6vetelm\u00e9nyrendszer <span style=\"color: #ff0000\">2016.09.29 &#8211; 2018. 08. 29. k\u00f6z\u00f6tt<\/span>\u00a0k\u00e9pz\u00e9sbe l\u00e9p\u0151knek<\/span><\/h4>\n<p>A szakvizsga megfeleltet\u00e9s probl\u00e9m\u00e1it orvosolni hivatott jogszab\u00e1ly 2016. szeptember 29.-\u00e9n jelent meg Magyar K\u00f6zl\u00f6ny 147. sz\u00e1m\u00e1ban <strong>(28\/2016. EMMI rendelet sal\u00e1ta)<\/strong>, ezt k\u00f6vet\u0151en a szakk\u00e9pes\u00edt\u00e9s hivatalos elnevez\u00e9se: Rehabilit\u00e1ci\u00f3s medicina, a k\u00e9pz\u00e9si id\u0151 60 h\u00f3nap.<\/p>\n<p>&nbsp;<\/p>\n<p>1. <strong>K\u00e9pz\u00e9si id\u0151<\/strong>: 60 h\u00f3nap<\/p>\n<p>2. <strong>K\u00e9pz\u00e9si program<\/strong>:<\/p>\n<p>2.1. <i>24 h\u00f3 t\u00f6rzsk\u00e9pz\u00e9si program:<\/i><\/p>\n<p><i>a) <\/i>6 h\u00f3 s\u00fcrg\u0151ss\u00e9gi gyakorlat<\/p>\n<p><i>b) <\/i>1 h\u00f3 t\u00f6rzsk\u00e9pz\u00e9si tanfolyam<\/p>\n<p>c) 3 h\u00f3 gyakorlat akkredit\u00e1lt rehabilit\u00e1ci\u00f3s oszt\u00e1lyon (neuro-musculosceletalis,<\/p>\n<p>rehabilit\u00e1ci\u00f3s alaptev\u00e9kenys\u00e9g)<\/p>\n<p><i>d) <\/i>5 h\u00f3 neurol\u00f3gia:<\/p>\n<p><i>da) <\/i>3 h\u00f3 akut neurol\u00f3giai osztalyos gyakorlat<\/p>\n<p><i>db) <\/i>2 h\u00f3 neurorehabilit\u00e1cios tev\u00e9kenys\u00e9get folytat\u00f3 mozg\u00e1sszervi rehabilit\u00e1ci\u00f3s oszt\u00e1lyon<\/p>\n<p><i>e) <\/i>3 h\u00f3 belgy\u00f3gy\u00e1szati gyakorlat<\/p>\n<p><i>f) <\/i>1 h\u00f3 pulmonol\u00f3giai gyakorlat<\/p>\n<p><i>g) <\/i>1 h\u00f3 kardiol\u00f3giai gyakorlat<\/p>\n<p><i>h) <\/i>4 h\u00f3 traumatol\u00f3gia es ortop\u00e9dia<\/p>\n<p>&nbsp;<\/p>\n<p>2.2. <i>36 h\u00f3 szakgyakorlati k\u00e9pz\u00e9s:<\/i><\/p>\n<p><i>a) <\/i>2 h\u00f3 reumatol\u00f3giai oszt\u00e1ly es ambulancia<\/p>\n<p><i>b) <\/i>3 h\u00f3 fizikoter\u00e1pi\u00e1s, balneoter\u00e1pi\u00e1s gyakorlat<\/p>\n<p><i>c) <\/i>30 h\u00f3 rehabilit\u00e1ci\u00f3s medicina:<\/p>\n<p><i>ca) <\/i>legal\u00e1bb 20, legfeljebb 22 h\u00f3 rehabilit\u00e1ci\u00f3s medicina alaptev\u00e9kenys\u00e9g \u00e9s<\/p>\n<p><i>cb) <\/i>legal\u00e1bb 8, legfeljebb 10 h\u00f3 rehabilit\u00e1ci\u00f3s medicina speci\u00e1lis programja,<\/p>\n<p>amelyek egy\u00fctt tesznek ki 30 h\u00f3napot<\/p>\n<p><i>d) <\/i>1 h\u00f3 tanfolyamok: rehabilit\u00e1ci\u00f3s alapismeretek, fizioter\u00e1pi\u00e1s alapismeretek, ortetika protetika, kineziol\u00f3gia<\/p>\n<p>3. Szakvizsg\u00e1ra bocs\u00e1t\u00e1s egy\u00e9b felt\u00e9telei<\/p>\n<p>Meghat\u00e1rozott sz\u00e1m\u00fa \u00e9s t\u00edpus\u00fa beavatkoz\u00e1s teljes\u00edt\u00e9se<\/p>\n<h4>\n<\/div><h2 class=\"tabtitle\">K\u00fclf\u00f6ldi TANFOLYAMOK<\/h2>\n<div class=\"tabcontent\">\n<\/h4>\n<h4><span style=\"font-size: 18pt\">K\u00dcLF\u00d6LDI TANFOLYAMOK<\/span><\/h4>\n<p>A k\u00e9pz\u00e9s sor\u00e1n lehet\u0151s\u00e9g ny\u00edlik k\u00fclf\u00f6ldi tanfolyamokon t\u00f6rt\u00e9n\u0151 r\u00e9szv\u00e9telre.<\/p>\n<p>&nbsp;<\/p>\n<p><strong>ESPRM szervez\u00e9s\u00e9ben:\u00a0<\/strong><\/p>\n<p><a href=\"https:\/\/uems-prm.eu\/category\/congresses-courses\/\">ESPRM kurzusok \u00e9s kongresszusok<\/a><\/p>\n<p><strong>Egy\u00e9b javasolt lehet\u0151s\u00e9gek:\u00a0<\/strong><\/p>\n<p><a href=\"https:\/\/isprm.org\/collaborate\/international-exchange-committee-iec\/\">ISPRM &#8211; International Exchange Committee<\/a><\/p>\n<p><a href=\"https:\/\/www.openmedicalinstitute.org\/seminars\/\">Open Medical Institute Seminars<\/a><\/p>\n<p>&nbsp;<\/p>\n\n<\/div><h2 class=\"tabtitle\">Irodalom<\/h2>\n<div class=\"tabcontent\">\n\n<h4><span style=\"font-size: 18pt\">LET\u00d6LTHET\u0150 IRODALOM:<\/span><\/h4>\n<p><a href=\"https:\/\/semmelweis.hu\/rehab\/files\/2024\/12\/A-rehab-med-fejlodese-hazankban-Dr.-Denes-Z.pdf\">A rehabilit\u00e1ci\u00f3s medicina fejl\u0151d\u00e9se haz\u00e1nkban, az elm\u00falt 20 \u00e9v eredm\u00e9nyei. Orvosi hetilap, 2023. (pdf)<\/a><\/p>\n<p><a href=\"https:\/\/semmelweis.hu\/rehab\/files\/2022\/11\/Valtozasok-a-rehabilitacio.pdf\">V\u00e1ltoz\u00e1sok a rehabilit\u00e1ci\u00f3 egyetemi oktat\u00e1s\u00e1ban. Rehabilit\u00e1ci\u00f3, 2022. (pdf)<\/a><\/p>\n<p><a href=\"https:\/\/semmelweis.hu\/rehab\/files\/2022\/03\/DENES-Z.-FAZEKAS-G.-TAPAY-G..pdf\">A rehabilit\u00e1ci\u00f3s szakorvosk\u00e9pz\u00e9s jelenlegi helyzete, az elm\u00falt \u00e9vekben t\u00f6rt\u00e9nt v\u00e1ltoz\u00e1sok, eredm\u00e9nyek. Rehabilit\u00e1ci\u00f3, 2019. (pdf)<\/a><\/p>\n<p><a href=\"https:\/\/semmelweis.hu\/rehab\/files\/2021\/11\/Kapcsolataink-nemzetkozi-rehabilitacios-szervezetekkel.pdf\">Kapcsolataink nemzetk\u00f6zi rehabilit\u00e1ci\u00f3s szervezetekkel. Rehabilit\u00e1ci\u00f3, 2015. (pdf)<\/a><\/p>\n<p><a href=\"https:\/\/semmelweis.hu\/rehab\/files\/2022\/03\/Kullmann-L.-Vekerdy-Nagy-Zs.-DENES-Z.-et-al..pdf\">A rehabilit\u00e1ci\u00f3s medicina oktat\u00e1sa az orvosk\u00e9pz\u00e9sben \u00e9s a szakorvosjel\u00f6ltekkel szemben t\u00e1masztott k\u00f6vetelm\u00e9nyek. Rehabilit\u00e1ci\u00f3, 2010. (pdf)<\/a><\/p>\n<\/div><\/div>\n","protected":false},"excerpt":{"rendered":"<p>K\u00f6vetelm\u00e9nyrendszer 2022.09.01. UT\u00c1N\u00a0k\u00e9pz\u00e9sbe l\u00e9p\u0151knek MAGYAR K\u00d6ZL\u00d6NY \u2022 2022. \u00e9vi 139. sz\u00e1m\u00e1ban megjelent 5. mell\u00e9klet a 28\/2022. (VIII. 25.) BM rendelethez, illetve a 2. mell\u00e9klet a 22\/2012. (IX. 14.) EMMI rendelethez\u00a0alapj\u00e1n a Rehabilit\u00e1ci\u00f3s medicina szakk\u00e9pes\u00edt\u00e9s k\u00f6vetelm\u00e9nyrendszere a k\u00f6vetkez\u0151k\u00e9ppen m\u00f3dosult. <a href=\"https:\/\/semmelweis.hu\/rehab\/files\/2022\/11\/Rehabilitacios-medicina-szakkepzes-kovetelmenyrendszere.pdf\">Rehabilit\u00e1ci\u00f3s medicina szakorvos k\u00e9pz\u00e9s k\u00f6vetelm\u00e9nyrendszere (pdf)<\/a> <a href=\"https:\/\/semmelweis.hu\/rehab\/files\/2026\/04\/REHABILITACIOS-MEDICINA_1.-reszvizsga_szabalyzat-melleklete.pdf\">Rehabilit\u00e1ci\u00f3s medicina szakk\u00e9pz\u00e9s 1. re\u0301szvizsga szaba\u0301lyzat melle\u0301klete (pdf)<\/a> <a href=\"https:\/\/semmelweis.hu\/rehab\/files\/2026\/04\/REHABILITACIOS-MEDICINA_2.-reszvizsga_szabalyzat-melleklete.pdf\">Rehabilit\u00e1ci\u00f3s medicina szakk\u00e9pz\u00e9s 2. re\u0301szvizsga szaba\u0301lyzat melle\u0301klete (pdf)<\/a> K\u00f6vetelm\u00e9nyrendszer 2018. 08. 29 &#8211; 2022.09.01. K\u00d6Z\u00d6TT\u00a0k\u00e9pz\u00e9sbe l\u00e9p\u0151knek MAGYAR K\u00d6ZL\u00d6NY \u2022 2018. \u00e9vi 130. sz\u00e1m\u00e1ban megjelent 28\/2018. &hellip;<\/p>\n","protected":false},"author":299,"featured_media":0,"parent":1034,"menu_order":2,"comment_status":"closed","ping_status":"closed","template":"","meta":{"_acf_changed":false,"footnotes":""},"categories":[],"tags":[],"class_list":["post-434","page","type-page","status-publish","hentry"],"acf":[],"_links":{"self":[{"href":"https:\/\/semmelweis.hu\/rehab\/wp-json\/wp\/v2\/pages\/434","targetHints":{"allow":["GET"]}}],"collection":[{"href":"https:\/\/semmelweis.hu\/rehab\/wp-json\/wp\/v2\/pages"}],"about":[{"href":"https:\/\/semmelweis.hu\/rehab\/wp-json\/wp\/v2\/types\/page"}],"author":[{"embeddable":true,"href":"https:\/\/semmelweis.hu\/rehab\/wp-json\/wp\/v2\/users\/299"}],"replies":[{"embeddable":true,"href":"https:\/\/semmelweis.hu\/rehab\/wp-json\/wp\/v2\/comments?post=434"}],"version-history":[{"count":12,"href":"https:\/\/semmelweis.hu\/rehab\/wp-json\/wp\/v2\/pages\/434\/revisions"}],"predecessor-version":[{"id":1309,"href":"https:\/\/semmelweis.hu\/rehab\/wp-json\/wp\/v2\/pages\/434\/revisions\/1309"}],"up":[{"embeddable":true,"href":"https:\/\/semmelweis.hu\/rehab\/wp-json\/wp\/v2\/pages\/1034"}],"wp:attachment":[{"href":"https:\/\/semmelweis.hu\/rehab\/wp-json\/wp\/v2\/media?parent=434"}],"wp:term":[{"taxonomy":"category","embeddable":true,"href":"https:\/\/semmelweis.hu\/rehab\/wp-json\/wp\/v2\/categories?post=434"},{"taxonomy":"post_tag","embeddable":true,"href":"https:\/\/semmelweis.hu\/rehab\/wp-json\/wp\/v2\/tags?post=434"}],"curies":[{"name":"wp","href":"https:\/\/api.w.org\/{rel}","templated":true}]}}