{"id":1239,"date":"2025-01-20T23:29:44","date_gmt":"2025-01-20T22:29:44","guid":{"rendered":"https:\/\/semmelweis.hu\/rehab\/?page_id=1239"},"modified":"2025-01-20T23:33:55","modified_gmt":"2025-01-20T22:33:55","slug":"elozmenyek","status":"publish","type":"page","link":"https:\/\/semmelweis.hu\/rehab\/szakorvoskepzes\/elozmenyek\/","title":{"rendered":"El\u0151zm\u00e9nyek"},"content":{"rendered":"<h4><span style=\"font-size: 18pt\">El\u0151zm\u00e9nyek<\/span><\/h4>\n<p style=\"text-align: justify\">Az elm\u00falt \u00e9vtizedekben az orvosl\u00e1s robban\u00e1sszer\u0171 fejl\u0151d\u00e9s\u00e9nek lehett\u00fcnk tan\u00fai, amely a szakter\u00fcletek hat\u00e1rainak v\u00e1ltoz\u00e1s\u00e1val, \u00faj ter\u00fcletek kifejl\u0151d\u00e9s\u00e9vel, az orvosi tev\u00e9kenys\u00e9g tov\u00e1bbi specializ\u00e1l\u00f3d\u00e1s\u00e1val j\u00e1rt egy\u00fctt. A rehabilit\u00e1ci\u00f3s tev\u00e9kenys\u00e9g ugyan \u0151sr\u00e9gi, de mint egys\u00e9ges szakter\u00fclet csak a m\u00falt sz\u00e1zad v\u00e9g\u00e9n jelent meg.<\/p>\n<p style=\"text-align: justify\">Magyarorsz\u00e1gon m\u00e1r a m\u00falt sz\u00e1zad elej\u00e9n fogyat\u00e9kos gyermeknek otthonokat hoztak l\u00e9tre (1900), fogyat\u00e9kos katon\u00e1k (veter\u00e1nok) rehabilit\u00e1ci\u00f3ja c\u00e9lj\u00e1b\u00f3l k\u00f3rh\u00e1zat nyitottak (1918). Az Egyes\u00fclt \u00c1llamokban az American Medical Association 1947-ben fogadta be a Physical Medicine and Rehabilitation-t \u00f6n\u00e1ll\u00f3 szakmak\u00e9nt. A WHO szak\u00e9rt\u0151i bizotts\u00e1ga 1968-ban Genfben jelentette be az \u00faj diszcipl\u00edna l\u00e9trej\u00f6tt\u00e9t Physical Medicine and Rehabilitation elnevez\u00e9ssel. A mozg\u00e1sszervi fogyat\u00e9kos betegek kezel\u00e9s\u00e9ben haz\u00e1nkban az ortop\u00e9dia \u00e9s a fiziko-balneoter\u00e1pia is tev\u00e9kenyen r\u00e9szt vett, majd 1968-ban amput\u00e1ci\u00f3s \u00e9s rehabilit\u00e1ci\u00f3s oszt\u00e1ly alakult. Az Eg\u00e9szs\u00e9g\u00fcgyi Miniszt\u00e9rium ir\u00e1ny\u00edt\u00e1s\u00e1val 1975-ben hozt\u00e1k l\u00e9tre az Orsz\u00e1gos Orvosi Rehabilit\u00e1ci\u00f3s Int\u00e9zetet (OORI), \u00e9s megb\u00edzt\u00e1k az orvosi rehabilit\u00e1ci\u00f3 m\u00f3dszertani \u00e9s szervez\u00e9si feladataival, a hazai rehabilit\u00e1ci\u00f3s ell\u00e1t\u00f3rendszer kialak\u00edt\u00e1s\u00e1val. Az Eur\u00f3pai Uni\u00f3 orsz\u00e1gaiban a Fizik\u00e1lis \u00e9s Rehabilit\u00e1ci\u00f3s Medicina f\u00fcggetlen szakter\u00fclet (D\u00e1nia \u00e9s M\u00e1lta kiv\u00e9tel\u00e9vel), m\u00edg Magyarorsz\u00e1gon 1978 \u00f3ta lehet a rehabilit\u00e1ci\u00f3s szakk\u00e9pes\u00edt\u00e9st megszerezni. Magyarorsz\u00e1gon a szakter\u00fclet elnevez\u00e9se t\u00f6bbsz\u00f6r v\u00e1ltozott: Mozg\u00e1sszervi rehabilit\u00e1ci\u00f3 1978 \u2013 1999, Orvosi rehabilit\u00e1ci\u00f3 (mozg\u00e1sszervi) 2000-2007, Fizik\u00e1lis Medicina \u00e9s Rehabilit\u00e1ci\u00f3s Orvosl\u00e1s (FMRO) 2003-2016. A szakvizsga megfeleltet\u00e9s probl\u00e9m\u00e1it orvosolni hivatott jogszab\u00e1ly 2016-os megjelen\u00e9se \u00f3ta a szakk\u00e9pes\u00edt\u00e9s hivatalos elnevez\u00e9se: Rehabilit\u00e1ci\u00f3s medicina.<\/p>\n<p><strong>A MAGYAR K\u00d6ZL\u00d6NY \u2022 2022. \u00e9vi 139. sz\u00e1m\u00e1ban megjelent 5. mell\u00e9klet a 28\/2022. (VIII. 25.) BM rendelethez, illetve a 2. mell\u00e9klet a 22\/2012. (IX. 14.) EMMI rendelethez alapj\u00e1n a Rehabilit\u00e1ci\u00f3s medicina szakk\u00e9pes\u00edt\u00e9s 60-r\u00f3l 52 h\u00f3napra r\u00f6vid\u00fclt, k\u00f6vetelm\u00e9nyrendszere m\u00f3dosult.<\/strong><\/p>\n<p>A szubspecialit\u00e1sok viszont megmaradtak, ahol a szakk\u00e9pz\u00e9si id\u0151: 25 h\u00f3nap, ezek az orvosi rehabilit\u00e1ci\u00f3 kardiol\u00f3giai, pulmonol\u00f3gia, \u00e9s gyermekgy\u00f3gy\u00e1szat, valamint pszichi\u00e1triai ter\u00fcleten.<\/p>\n","protected":false},"excerpt":{"rendered":"<p>El\u0151zm\u00e9nyek Az elm\u00falt \u00e9vtizedekben az orvosl\u00e1s robban\u00e1sszer\u0171 fejl\u0151d\u00e9s\u00e9nek lehett\u00fcnk tan\u00fai, amely a szakter\u00fcletek hat\u00e1rainak v\u00e1ltoz\u00e1s\u00e1val, \u00faj ter\u00fcletek kifejl\u0151d\u00e9s\u00e9vel, az orvosi tev\u00e9kenys\u00e9g tov\u00e1bbi specializ\u00e1l\u00f3d\u00e1s\u00e1val j\u00e1rt egy\u00fctt. A rehabilit\u00e1ci\u00f3s tev\u00e9kenys\u00e9g ugyan \u0151sr\u00e9gi, de mint egys\u00e9ges szakter\u00fclet csak a m\u00falt sz\u00e1zad v\u00e9g\u00e9n jelent meg. Magyarorsz\u00e1gon m\u00e1r a m\u00falt sz\u00e1zad elej\u00e9n fogyat\u00e9kos gyermeknek otthonokat hoztak l\u00e9tre (1900), fogyat\u00e9kos katon\u00e1k &hellip;<\/p>\n","protected":false},"author":101960,"featured_media":0,"parent":1034,"menu_order":7,"comment_status":"closed","ping_status":"closed","template":"","meta":{"_acf_changed":false,"footnotes":""},"categories":[],"tags":[],"class_list":["post-1239","page","type-page","status-publish","hentry"],"acf":[],"_links":{"self":[{"href":"https:\/\/semmelweis.hu\/rehab\/wp-json\/wp\/v2\/pages\/1239","targetHints":{"allow":["GET"]}}],"collection":[{"href":"https:\/\/semmelweis.hu\/rehab\/wp-json\/wp\/v2\/pages"}],"about":[{"href":"https:\/\/semmelweis.hu\/rehab\/wp-json\/wp\/v2\/types\/page"}],"author":[{"embeddable":true,"href":"https:\/\/semmelweis.hu\/rehab\/wp-json\/wp\/v2\/users\/101960"}],"replies":[{"embeddable":true,"href":"https:\/\/semmelweis.hu\/rehab\/wp-json\/wp\/v2\/comments?post=1239"}],"version-history":[{"count":1,"href":"https:\/\/semmelweis.hu\/rehab\/wp-json\/wp\/v2\/pages\/1239\/revisions"}],"predecessor-version":[{"id":1240,"href":"https:\/\/semmelweis.hu\/rehab\/wp-json\/wp\/v2\/pages\/1239\/revisions\/1240"}],"up":[{"embeddable":true,"href":"https:\/\/semmelweis.hu\/rehab\/wp-json\/wp\/v2\/pages\/1034"}],"wp:attachment":[{"href":"https:\/\/semmelweis.hu\/rehab\/wp-json\/wp\/v2\/media?parent=1239"}],"wp:term":[{"taxonomy":"category","embeddable":true,"href":"https:\/\/semmelweis.hu\/rehab\/wp-json\/wp\/v2\/categories?post=1239"},{"taxonomy":"post_tag","embeddable":true,"href":"https:\/\/semmelweis.hu\/rehab\/wp-json\/wp\/v2\/tags?post=1239"}],"curies":[{"name":"wp","href":"https:\/\/api.w.org\/{rel}","templated":true}]}}