{"id":106,"date":"2014-02-07T11:14:16","date_gmt":"2014-02-07T10:14:16","guid":{"rendered":"http:\/\/semmelweis.hu\/rehab\/?page_id=106"},"modified":"2022-03-14T19:28:04","modified_gmt":"2022-03-14T18:28:04","slug":"orvosi-rehabilitacio-raepitett","status":"publish","type":"page","link":"https:\/\/semmelweis.hu\/rehab\/orvosi-rehabilitacio-raepitett\/","title":{"rendered":"Orvosi Rehabilit\u00e1ci\u00f3-mozg\u00e1sszervi ter\u00fcleten (r\u00e1\u00e9p\u00edtett k\u00e9pz\u00e9s)-          2016. szeptember 29. napj\u00e1t k\u00f6vet\u0151en \u00faj k\u00e9pz\u00e9s nem ind\u00edthat\u00f3"},"content":{"rendered":"<div class=\"responsive-tabs\">\n<h2 class=\"tabtitle\">\u00c1ltal\u00e1nos inform\u00e1ci\u00f3<\/h2>\n<div class=\"tabcontent\">\n\n<p><span style=\"color: #ff0000\"><strong>V\u00e1ltoz\u00e1sok a szakk\u00e9pz\u00e9sben<\/strong><\/span><\/p>\n<p>A rehabilit\u00e1ci\u00f3s szakk\u00e9pz\u00e9s ter\u00fclet\u00e9n jelent\u0151s v\u00e1ltoz\u00e1sok t\u00f6rt\u00e9ntek, melyek a Magyar K\u00f6zl\u00f6ny 147. sz\u00e1m\u00e1ban jelentek meg 2016. szeptember 29-\u00e9n, cs\u00fct\u00f6rt\u00f6k\u00f6n. Ezek egy r\u00e9sze az Eur\u00f3pai K\u00f6z\u00f6ss\u00e9g jogharmoniz\u00e1ci\u00f3s folyamat\u00e1ba illeszkedik, egy m\u00e1sik r\u00e9sze pedig a szakvizsga megfeleltet\u00e9s probl\u00e9m\u00e1it hivatott orvosolni.<\/p>\n<p>Ezek alapj\u00e1n a kor\u00e1bban 2 \u00e9ves r\u00e1\u00e9p\u00edtett k\u00e9pz\u00e9ssel megszerezhet\u0151 rehabilit\u00e1ci\u00f3s k\u00e9pes\u00edt\u00e9s lehet\u0151s\u00e9ge megsz\u0171nt. Ezen szakvizsg\u00e1k kor\u00e1bbi elnevez\u00e9sei a mozg\u00e1sszervi rehabilit\u00e1ci\u00f3, orvosi rehabilit\u00e1ci\u00f3 (mozg\u00e1sszervi) voltak. Ezek jelenleg a Rehabilit\u00e1ci\u00f3s medicina szakk\u00e9pes\u00edt\u00e9snek felelnek meg. Az \u00fagynevezett alap szakk\u00e9pes\u00edt\u00e9sk\u00e9nt megszerezhet\u0151 Fizik\u00e1lis medicina \u00e9s rehabilit\u00e1ci\u00f3s orvosl\u00e1s szakter\u00fclet, amely 60 h\u00f3nap (24 h\u00f3 t\u00f6rzsk\u00e9pz\u00e9s + 36 h\u00f3 szakgyakorlati id\u0151) k\u00e9pz\u00e9si id\u0151vel rendelkezett \u00e9s az UEMS (uni\u00f3s) k\u00e9pz\u00e9si krit\u00e9riumoknak egyar\u00e1nt megfelelt, szint\u00e9n az egys\u00e9ges \u00faj n\u00e9ven szerepel m\u00e1r Rehabilit\u00e1ci\u00f3s medicina elnevez\u00e9ssel.<\/p>\n\n<\/div><h2 class=\"tabtitle\">K\u00f6vetelm\u00e9nyrendszer<\/h2>\n<div class=\"tabcontent\">\n\n<p><strong><span style=\"font-size: 18pt\">K\u00f6vetelm\u00e9nyrendszer (mozg\u00e1sszervi)<\/span><\/strong><\/p>\n<p><strong>1. ORVOSI REHABILITACI\u00d3 MOZG\u00c1SSZERVI TER\u00dcLETEN<\/strong><\/p>\n<p>1.1. <span style=\"text-decoration: underline\">K\u00e9pz\u00e9s bel\u00e9p\u00e9si felt\u00e9tele<\/span>: szakvizsga b\u00e1rmely alap szakk\u00e9pes\u00edt\u00e9sb\u0151l<\/p>\n<p>1.2. <span style=\"text-decoration: underline\">K\u00e9pz\u00e9si id\u0151<\/span>: 62-96 h\u00f3: 38-72 ho alapk\u00e9pz\u00e9s + 24 h\u00f3 r\u00e1\u00e9pitett k\u00e9pz\u00e9s<\/p>\n<p>1.3. <span style=\"text-decoration: underline\">K\u00e9pz\u00e9si program:<\/span><\/p>\n<p style=\"padding-left: 30px\"><i>a) <\/i>1 h\u00f3 gyermek rehabilit\u00e1cios gyakorlat<\/p>\n<p style=\"padding-left: 30px\"><i>b) <\/i>1 h\u00f3 pulmonol\u00f3giai rehabilit\u00e1cios gyakorlat<\/p>\n<p style=\"padding-left: 30px\"><i>c) <\/i>1 h\u00f3 kardiol\u00f3giai rehabilit\u00e1cios gyakorlat<\/p>\n<p style=\"padding-left: 30px\"><i>d) <\/i>1 h\u00f3 koponyas\u00e9r\u00fclt oszt\u00e1lyos rehabilit\u00e1ci\u00f3<\/p>\n<p style=\"padding-left: 30px\"><i>e) <\/i>1 h\u00f3 parapl\u00e9gia-oszt\u00e1lyos gyakorlat<\/p>\n<p style=\"padding-left: 30px\"><i>f) <\/i>18 h\u00f3 mozg\u00e1sszervi rehabilit\u00e1cios oszt\u00e1lyos gyakorlat<\/p>\n<p style=\"padding-left: 30px\"><i>g) <\/i>1 h\u00f3 tanfolyamok:<\/p>\n<p style=\"padding-left: 60px\"><i>ga) <\/i>rehabilit\u00e1cios alapismeretek I-II. (2 het)<\/p>\n<p style=\"padding-left: 60px\"><i>gb) <\/i>fizikoter\u00e1pia I-II. (2 het)<\/p>\n<p style=\"padding-left: 60px\"><i>gc) <\/i>ortetika, protetika (1 het)<\/p>\n<p style=\"padding-left: 60px\"><i>gd) <\/i>hum\u00e1nkineziologia (2 nap)<\/p>\n\n<\/div><h2 class=\"tabtitle\">Szakvizsga t\u00e9telsor<\/h2>\n<div class=\"tabcontent\">\n\n<p><strong>Orvosi rehabilit\u00e1ci\u00f3 (mozg\u00e1sszervi) szakk\u00e9pes\u00edt\u00e9s<\/strong><\/p>\n<p><strong>Szakvizsgak\u00e9rd\u00e9sek 2017.<\/strong><\/p>\n<ol>\n<li>A fogyat\u00e9koss\u00e1g korszer\u0171 \u00e9rtelmez\u00e9se.<br \/>\nErgoter\u00e1pia.<br \/>\nPolitraumatiz\u00e1ltak rehabilit\u00e1ci\u00f3ja.<\/li>\n<li>A testi funkci\u00f3k \u00e9s strukt\u00far\u00e1k felm\u00e9r\u00e9se. <br \/>\nPszichol\u00f3giai feladatok a rehabilit\u00e1ci\u00f3ban.\u00a0 <br \/>\nRA-s \u00e9s SPA-s betegek rehabilit\u00e1ci\u00f3ja.<\/li>\n<li>A tev\u00e9kenyked\u00e9s akad\u00e1lyozotts\u00e1ga, felm\u00e9r\u00e9se.<br \/>\nKorszer\u0171 protetikai, ortetikai alapelvek.<br \/>\nDer\u00e9kf\u00e1jdalom \u00e9s rehabilit\u00e1ci\u00f3.<\/li>\n<li>A r\u00e9szv\u00e9tel, korl\u00e1tozotts\u00e1ga, felm\u00e9r\u00e9se.<br \/>\nA sport szerepe a rehabilit\u00e1ci\u00f3ban.<br \/>\nAmput\u00e1ltak \u00e9s dysmeli\u00e1sok rehabilit\u00e1ci\u00f3ja.<\/li>\n<li>A k\u00f6rnyezeti t\u00e9nyez\u0151k, felm\u00e9r\u00e9s\u00fck.<br \/>\nA gy\u00f3gytorna m\u00f3dszerei.<br \/>\n\u00c9rbetegek rehabilit\u00e1ci\u00f3ja.<\/li>\n<li>Rehabilit\u00e1ci\u00f3 tartalma, elm\u00e9lete.<br \/>\nA fizikoter\u00e1pia helye a rehabilit\u00e1ci\u00f3ban.<br \/>\nHemiplegi\u00e1sok rehabilit\u00e1ci\u00f3ja.<\/li>\n<li>A rehabilit\u00e1ci\u00f3t befoly\u00e1sol\u00f3 hat\u00e1lyos jogszab\u00e1lyok.<br \/>\nA teljes\u00edt\u0151k\u00e9pess\u00e9g m\u00e9r\u00e9se.<br \/>\nGerincvel\u0151s\u00e9r\u00fclt p\u00e1ciensek rehabilit\u00e1ci\u00f3ja.<\/li>\n<li>A rehabilit\u00e1ci\u00f3 t\u00f6rt\u00e9nete Magyarorsz\u00e1gon.<br \/>\nA team munka a rehabilit\u00e1ci\u00f3ban.<br \/>\nS\u00falyos agys\u00e9r\u00fclt betegek rehabilit\u00e1ci\u00f3ja.<\/li>\n<li>A foglalkoz\u00e1si rehabilit\u00e1ci\u00f3 korszer\u0171 szeml\u00e9lete.<br \/>\nA kommunik\u00e1ci\u00f3s k\u00e9pess\u00e9gek helyre\u00e1ll\u00edt\u00e1sa.<br \/>\nPlexus brachialis laesio \u00e9s egy\u00e9b perif\u00e9ri\u00e1s idegs\u00e9r\u00fcl\u00e9sek ut\u00e1ni rehabilit\u00e1ci\u00f3.<\/li>\n<li>A szoci\u00e1lis juttat\u00e1sok jelenlegi rendszere.<br \/>\nA kondukt\u00edv pedag\u00f3gia.<br \/>\nKardiol\u00f3giai betegek rehabilit\u00e1ci\u00f3ja.<\/li>\n<li>\u00c9rdekk\u00e9pviseleti szervek szerepe, feladatai a rehabilit\u00e1ci\u00f3ban.<br \/>\nAz \u00e1pol\u00f3 szerepe a rehabilit\u00e1ci\u00f3ban.<br \/>\nGyermekek rehabilit\u00e1ci\u00f3j\u00e1nak saj\u00e1toss\u00e1gai.<\/li>\n<li>Az \u00e9letmin\u0151s\u00e9g jelent\u0151s\u00e9ge, felm\u00e9r\u00e9se.<br \/>\nStatisztikai m\u00f3dszerek a rehabilit\u00e1ci\u00f3ban.<br \/>\nCerebr\u00e1lis paresises gyermekek rehabilit\u00e1ci\u00f3ja.<\/li>\n<li>A szoci\u00e1lis gondoskod\u00e1s feladatai, int\u00e9zm\u00e9nyrendszere.<br \/>\nAuton\u00f3mia, compliance, adherencia.<br \/>\nArthrosisos betegek rehabilit\u00e1ci\u00f3ja.<\/li>\n<li>Pedag\u00f3giai rehabilit\u00e1ci\u00f3.<br \/>\nA rehabilit\u00e1ci\u00f3s (technikai) seg\u00e9deszk\u00f6z-ell\u00e1t\u00e1s c\u00e9lja, ter\u00fcletei, elv\u00e1r\u00e1sok.<br \/>\nRehabilit\u00e1ci\u00f3 s\u00falyos gerinc-deformit\u00e1sok eset\u00e9n.<\/li>\n<li>A prevenci\u00f3 \u00e9s a rehabilit\u00e1ci\u00f3 kapcsolata.<br \/>\nSzocioter\u00e1pi\u00e1k, \u00e9letm\u00f3d-v\u00e1ltoztat\u00e1s.<br \/>\nRehabilit\u00e1ci\u00f3 neurol\u00f3giai sz\u00f6v\u0151dm\u00e9ny n\u00e9lk\u00fcli gerinct\u00f6r\u00e9sek \u00e9s cs\u00edp\u0151t\u00e1ji t\u00f6r\u00e9sek ut\u00e1n.<\/li>\n<li>Csontok, \u00edz\u00fcletek \u00e9s izmok szerepe az emberi mozg\u00e1sban.<br \/>\nImmobiliz\u00e1ci\u00f3.<br \/>\nKr\u00f3nikus idegrendszeri betegs\u00e9gekben szenved\u0151k rehabilit\u00e1ci\u00f3ja (Parkinson-k\u00f3r, SM, polyneuropathi\u00e1k, izombetegs\u00e9gek).<\/li>\n<li>Szupraszegment\u00e1lis idegrendszeri mozg\u00e1sszab\u00e1lyoz\u00e1s.<br \/>\nA fogyat\u00e9kos szem\u00e9lyek szexu\u00e1lis zavarainak kezel\u00e9se.<br \/>\nId\u0151sek rehabilit\u00e1ci\u00f3j\u00e1nak saj\u00e1toss\u00e1gai.<\/li>\n<li>Szegment\u00e1lis idegrendszeri mozg\u00e1sszab\u00e1lyoz\u00e1s.<br \/>\nA f\u00e1jdalom csillap\u00edt\u00e1sa, rehabilit\u00e1ci\u00f3s vonatkoz\u00e1sok.<br \/>\nKr\u00f3nikus vesebetegek rehabilit\u00e1ci\u00f3ja.<\/li>\n<li>Az orvosi \u00e9s a szoci\u00e1lis modell \u00e9rtelmez\u00e9se FNO.<br \/>\nSpasztikus betegek rehabilit\u00e1ci\u00f3s ell\u00e1t\u00e1s\u00e1nak l\u00e9nyegi elemei.<br \/>\nIncontinentia \u00e9s rehabilit\u00e1ci\u00f3.<\/li>\n<li>A m\u00e1sodlagos \u00e1llapotok jelent\u0151s\u00e9ge a rehabilit\u00e1ci\u00f3ban.<br \/>\nPszichi\u00e1triai feladatok a rehabilit\u00e1ci\u00f3 sor\u00e1n.<br \/>\nHall\u00e1s \u00e9s l\u00e1t\u00e1ss\u00e9r\u00fcltek rehabilit\u00e1ci\u00f3ja.<\/li>\n<li>A etikai k\u00e9rd\u00e9sek a rehabilit\u00e1ci\u00f3ban.<br \/>\nNyel\u00e9szavar, mesters\u00e9ges t\u00e1pl\u00e1l\u00e1s. A dietetikus rehabilit\u00e1ci\u00f3s feladatai.<br \/>\nKr\u00f3nikus l\u00e9gz\u0151szervi betegek rehabilit\u00e1ci\u00f3ja.<\/li>\n<li>A fogyat\u00e9koss\u00e1g el\u0151fordul\u00e1sa, epidemiol\u00f3giai adatok a WHO \u00e9rtelmez\u00e9s\u00e9ben.<br \/>\nA betegbiztons\u00e1g szempontjai a rehabilit\u00e1ci\u00f3ban.<br \/>\nLymphoedemas \u00e9s k\u00f6t\u0151sz\u00f6veti rendszerbetegs\u00e9gben szenved\u0151k rehabilit\u00e1ci\u00f3s ell\u00e1t\u00e1s\u00e1nak saj\u00e1toss\u00e1gai.<\/li>\n<li>A rehabilit\u00e1ci\u00f3s medicina int\u00e9zm\u00e9nyrendszer\u00e9nek jellemz\u0151i Magyarorsz\u00e1gon.<br \/>\nFunkcion\u00e1lis vizsg\u00e1l\u00f3 m\u00f3dszerek a rehabilit\u00e1ci\u00f3ban.<br \/>\n\u00c9g\u00e9sbetegek rehabilit\u00e1ci\u00f3ja.<\/li>\n<li>A min\u0151s\u00e9g\u00fcgyi indik\u00e1torok a rehabilit\u00e1ci\u00f3ban.<br \/>\nA neuropszichol\u00f3gus szerepe a rehabilit\u00e1ci\u00f3ban.<br \/>\nA gastroenterol\u00f3giai betegs\u00e9gekhez k\u00f6thet\u0151 rehabilit\u00e1ci\u00f3s feladatok.<\/li>\n<\/ol>\n<p>A Rehabilit\u00e1ci\u00f3 foly\u00f3irat elm\u00falt 10 \u00e9vi sz\u00e1mainak ismerete.<\/p>\n<p>Budapest, 2017. szeptember 17.<\/p>\n<p>&nbsp;<\/p>\n<\/div><\/div>\n","protected":false},"excerpt":{"rendered":"<p>V\u00e1ltoz\u00e1sok a szakk\u00e9pz\u00e9sben A rehabilit\u00e1ci\u00f3s szakk\u00e9pz\u00e9s ter\u00fclet\u00e9n jelent\u0151s v\u00e1ltoz\u00e1sok t\u00f6rt\u00e9ntek, melyek a Magyar K\u00f6zl\u00f6ny 147. sz\u00e1m\u00e1ban jelentek meg 2016. szeptember 29-\u00e9n, cs\u00fct\u00f6rt\u00f6k\u00f6n. Ezek egy r\u00e9sze az Eur\u00f3pai K\u00f6z\u00f6ss\u00e9g jogharmoniz\u00e1ci\u00f3s folyamat\u00e1ba illeszkedik, egy m\u00e1sik r\u00e9sze pedig a szakvizsga megfeleltet\u00e9s probl\u00e9m\u00e1it hivatott orvosolni. Ezek alapj\u00e1n a kor\u00e1bban 2 \u00e9ves r\u00e1\u00e9p\u00edtett k\u00e9pz\u00e9ssel megszerezhet\u0151 rehabilit\u00e1ci\u00f3s k\u00e9pes\u00edt\u00e9s lehet\u0151s\u00e9ge megsz\u0171nt. Ezen &hellip;<\/p>\n","protected":false},"author":299,"featured_media":0,"parent":0,"menu_order":6,"comment_status":"closed","ping_status":"closed","template":"","meta":{"_acf_changed":false,"footnotes":""},"categories":[],"tags":[],"class_list":["post-106","page","type-page","status-publish","hentry"],"acf":[],"_links":{"self":[{"href":"https:\/\/semmelweis.hu\/rehab\/wp-json\/wp\/v2\/pages\/106","targetHints":{"allow":["GET"]}}],"collection":[{"href":"https:\/\/semmelweis.hu\/rehab\/wp-json\/wp\/v2\/pages"}],"about":[{"href":"https:\/\/semmelweis.hu\/rehab\/wp-json\/wp\/v2\/types\/page"}],"author":[{"embeddable":true,"href":"https:\/\/semmelweis.hu\/rehab\/wp-json\/wp\/v2\/users\/299"}],"replies":[{"embeddable":true,"href":"https:\/\/semmelweis.hu\/rehab\/wp-json\/wp\/v2\/comments?post=106"}],"version-history":[{"count":10,"href":"https:\/\/semmelweis.hu\/rehab\/wp-json\/wp\/v2\/pages\/106\/revisions"}],"predecessor-version":[{"id":893,"href":"https:\/\/semmelweis.hu\/rehab\/wp-json\/wp\/v2\/pages\/106\/revisions\/893"}],"wp:attachment":[{"href":"https:\/\/semmelweis.hu\/rehab\/wp-json\/wp\/v2\/media?parent=106"}],"wp:term":[{"taxonomy":"category","embeddable":true,"href":"https:\/\/semmelweis.hu\/rehab\/wp-json\/wp\/v2\/categories?post=106"},{"taxonomy":"post_tag","embeddable":true,"href":"https:\/\/semmelweis.hu\/rehab\/wp-json\/wp\/v2\/tags?post=106"}],"curies":[{"name":"wp","href":"https:\/\/api.w.org\/{rel}","templated":true}]}}