{"id":1053,"date":"2022-03-30T15:53:40","date_gmt":"2022-03-30T13:53:40","guid":{"rendered":"https:\/\/semmelweis.hu\/rehab\/?page_id=1053"},"modified":"2024-05-02T16:13:56","modified_gmt":"2024-05-02T14:13:56","slug":"kontakte","status":"publish","type":"page","link":"https:\/\/semmelweis.hu\/rehab\/de\/kontakte\/","title":{"rendered":"Kontakte"},"content":{"rendered":"<h1>Lehrstuhl f\u00fcr Rehabilitationsmedizin<\/h1>\n<h4>Semmelweis Universit\u00e4t, Faklut\u00e4t f\u00fcr medizin<\/h4>\n<p><strong>Lehrstuhlleiter:<\/strong> Dr. Zolt\u00e1n D\u00e9nes, <a href=\"mailto:z.denes@rehabint.hu\">z.denes@rehabint.hu<\/a><\/p>\n<p><strong>Standort: <\/strong>Klinik f\u00fcr Rehabilitationsmedizin der Semmelweis Universit\u00e4t (Semmelweis Egyetem Rehabilit\u00e1ci\u00f3s Klinika \u2013 fr\u00fcher Nationalinstitut f\u00fcr Rehabilitationsmedizin, Orsz\u00e1gos Orvosi Rehabilit\u00e1ci\u00f3s Int\u00e9zet\/OORI)\u00a0<\/p>\n<p>H-1121 Budapest, Szanat\u00f3rium u. 19.<br \/>\n<strong>Tel:<\/strong> +36 1 391 1903<\/p>\n<h4><strong>Arbeitsgruppe: <\/strong><\/h4>\n<ul>\n<li>Gabriella T\u00e1pay (g.tapay@rehabint.hu)<\/li>\n<li>Dr. Orsolya Mas\u00e1t (<a href=\"mailto:o.masat@rehabint.hu\">o.masat@rehabint.hu<\/a>)<\/li>\n<li>Dr. Mih\u00e1ly F\u00f3ri\u00e1n-Szab\u00f3 (<a href=\"mailto:m.forian@rehabint.hu\">m.forian@rehabint.hu<\/a>)<\/li>\n<\/ul>\n\n<!-- iframe plugin v.4.9 wordpress.org\/plugins\/iframe\/ -->\n<iframe loading=\"lazy\" src=\"https:\/\/maps.google.hu\/maps?f=q&#038;source=s_q&#038;hl=hu&#038;geocode=&#038;q=1121+Budapest,+Szanat%C3%B3rium+utca+19.&#038;aq=&#038;sll=47.161161,19.505383&#038;sspn=5.654924,12.678223&#038;ie=UTF8&#038;hq=&#038;hnear=1528+Budapest,+Szanat%C3%B3rium+utca+19&#038;t=m&#038;z=14&#038;ll=47.522159,18.935101&#038;output=embed\" width=\"100%\" height=\"350\" scrolling=\"yes\" class=\"iframe-class\" frameborder=\"0\"><\/iframe>\n\n","protected":false},"excerpt":{"rendered":"<p>Lehrstuhl f\u00fcr Rehabilitationsmedizin Semmelweis Universit\u00e4t, Faklut\u00e4t f\u00fcr medizin Lehrstuhlleiter: Dr. Zolt\u00e1n D\u00e9nes, <a href=\"mailto:z.denes@rehabint.hu\">z.denes@rehabint.hu<\/a> Standort: Klinik f\u00fcr Rehabilitationsmedizin der Semmelweis Universit\u00e4t (Semmelweis Egyetem Rehabilit\u00e1ci\u00f3s Klinika \u2013 fr\u00fcher Nationalinstitut f\u00fcr Rehabilitationsmedizin, Orsz\u00e1gos Orvosi Rehabilit\u00e1ci\u00f3s Int\u00e9zet\/OORI)\u00a0 H-1121 Budapest, Szanat\u00f3rium u. 19. Tel: +36 1 391 1903 Arbeitsgruppe: Gabriella T\u00e1pay (g.tapay@rehabint.hu) Dr. Orsolya Mas\u00e1t ( <a href=\"mailto:o.masat@rehabint.hu\">o.masat@rehabint.hu<\/a> ) Dr. Mih\u00e1ly F\u00f3ri\u00e1n-Szab\u00f3 ( <a href=\"mailto:m.forian@rehabint.hu\">m.forian@rehabint.hu<\/a> &hellip;<\/p>\n","protected":false},"author":12,"featured_media":0,"parent":0,"menu_order":2,"comment_status":"closed","ping_status":"closed","template":"","meta":{"_acf_changed":false,"footnotes":""},"categories":[],"tags":[],"class_list":["post-1053","page","type-page","status-publish","hentry"],"acf":[],"_links":{"self":[{"href":"https:\/\/semmelweis.hu\/rehab\/wp-json\/wp\/v2\/pages\/1053","targetHints":{"allow":["GET"]}}],"collection":[{"href":"https:\/\/semmelweis.hu\/rehab\/wp-json\/wp\/v2\/pages"}],"about":[{"href":"https:\/\/semmelweis.hu\/rehab\/wp-json\/wp\/v2\/types\/page"}],"author":[{"embeddable":true,"href":"https:\/\/semmelweis.hu\/rehab\/wp-json\/wp\/v2\/users\/12"}],"replies":[{"embeddable":true,"href":"https:\/\/semmelweis.hu\/rehab\/wp-json\/wp\/v2\/comments?post=1053"}],"version-history":[{"count":6,"href":"https:\/\/semmelweis.hu\/rehab\/wp-json\/wp\/v2\/pages\/1053\/revisions"}],"predecessor-version":[{"id":1187,"href":"https:\/\/semmelweis.hu\/rehab\/wp-json\/wp\/v2\/pages\/1053\/revisions\/1187"}],"wp:attachment":[{"href":"https:\/\/semmelweis.hu\/rehab\/wp-json\/wp\/v2\/media?parent=1053"}],"wp:term":[{"taxonomy":"category","embeddable":true,"href":"https:\/\/semmelweis.hu\/rehab\/wp-json\/wp\/v2\/categories?post=1053"},{"taxonomy":"post_tag","embeddable":true,"href":"https:\/\/semmelweis.hu\/rehab\/wp-json\/wp\/v2\/tags?post=1053"}],"curies":[{"name":"wp","href":"https:\/\/api.w.org\/{rel}","templated":true}]}}