{"id":1050,"date":"2022-03-30T13:55:39","date_gmt":"2022-03-30T11:55:39","guid":{"rendered":"https:\/\/semmelweis.hu\/rehab\/?page_id=1050"},"modified":"2024-05-02T14:58:08","modified_gmt":"2024-05-02T12:58:08","slug":"fach-rehabilitationsmedizin","status":"publish","type":"page","link":"https:\/\/semmelweis.hu\/rehab\/de\/fach-rehabilitationsmedizin\/","title":{"rendered":"Fach Rehabilitationsmedizin"},"content":{"rendered":"<p>Die 4 S\u00e4ulen unserer medizinischen T\u00e4tigkeit sind Pr\u00e4vention, Kuration, Rehabilitation und Palliation. In den letzten Jahrzehnten wurde die Rolle der Rehabilitationsmedizin wichtiger und das Fachgebiet hat eine gro\u00dfe Entwicklung erfahren. Heutzutage sind grundlegende Kenntnisse der Rehabilitationsmedizin ein integraler Bestandteil unseres allgemeinen medizinischen Wissens.<\/p>\n<p>Im Jahr 2008 beschloss die Europ\u00e4ische Union der Medizinischen Fachdisziplinen die Rehabilitation in den Lehrplan der medizinischen Universit\u00e4ten aufzunehmen. In 2009 begann die Lehre an der Semmelweis Universit\u00e4t im Rahmen eines Wahlfaches, und erhielt 2019 mit der Gr\u00fcndung des Lehrstuhls Rehabilitationsmedizin und mit dem Beginn des einw\u00f6chigen, verpflichtenden Blockunterrichts seine heutige Ausbildungsform. Medizinische Rehabilitation ist die T\u00e4tigkeit, was die Medizin mit seinen eigenen Mitteln (Diagnostik, Therapie, Pr\u00e4vention, Pflege) f\u00fcr behinderte Menschen leistet (laut WHO-Daten hat 10% der Bev\u00f6lkerung eine Art von Behinderung), um die Betroffenen zu bef\u00e4higen, ihre Selbstst\u00e4ndigkeit vollkommen, oder Teilweise zur\u00fcckzubekommen, um ihre Rollen in Familie, Beruf und Gesellschaft so weit wie m\u00f6glich auszu\u00fcben.<\/p>\n<p>Im Laufe der Ausbildung haben die Studenten die M\u00f6glichkeit um moderne Kenntnisse in den folgenden Bereichen der Rehabilitation zu erwerben: Interpretation der Behinderung, Epidemiologie, Rehabilitationsinstituten, Rehabilitationsteam und seine Funktionieren, Rolle des Arztes im Rehabilitationsteam, Rolle der Rehabilitation in der medizinischen Gesamtversorgung, Behinderung allt\u00e4gliche Aufgaben, Messungen von Funktionen: Bewegung, Selbstversorgung, Kommunikation, Verhalten, wichtigste Interventionen in der Rehabilitation, Rehabilitationsziele, Erstellung eines Rehabilitationsplans, Anwendung moderner Technologie, orthop\u00e4dische und traumatologische Rehabilitation, Rehabilitation nach Amputation, Rehabilitation bei Patienten mit neurologischen Erkrankungen.<\/p>\n<p>Im Laufe des Trainings k\u00f6nnen sich die Studenten auch mit der Pet\u0151-Methode vertraut machen, die mit dem Namen Dr. Andr\u00e1s Pet\u0151 verbunden ist. Der Hauptgedanke seiner einzigartigen Methode (konduktive P\u00e4dagogik) war, dass unser Nervensystem trotz der Sch\u00e4den Reserven hat, und die M\u00f6glichkeit, neue Verbindungen aufzubauen, und diese k\u00f6nnen durch die richtige Leitung des Lernprozesses mobilisiert werden. Das Ziel der Pet\u0151 Andr\u00e1s Fakult\u00e4t ist, die Lebensqualit\u00e4t von Menschen jeden Alters, die haupts\u00e4chlich aufgrund von Verletzungen des zentralen Nervensystems Schwierigkeiten in ihren Bewegungen haben durch konduktive P\u00e4dagogik zu verbessern.<\/p>\n<p><strong>Hier finden Sie weitere Informationen \u00fcber den Unterricht:<\/strong><\/p>\n<p><a href=\"https:\/\/semmelweis.hu\/rehab\/files\/2024\/05\/Allgemeine-Informationen-Rehabilitationsmedizin-24.05.02.pdf\">Allgemeine Informationen &#8211; Facch Rehabilitationsmedizin (pdf)<\/a><\/p>\n","protected":false},"excerpt":{"rendered":"<p>Die 4 S\u00e4ulen unserer medizinischen T\u00e4tigkeit sind Pr\u00e4vention, Kuration, Rehabilitation und Palliation. In den letzten Jahrzehnten wurde die Rolle der Rehabilitationsmedizin wichtiger und das Fachgebiet hat eine gro\u00dfe Entwicklung erfahren. Heutzutage sind grundlegende Kenntnisse der Rehabilitationsmedizin ein integraler Bestandteil unseres allgemeinen medizinischen Wissens. Im Jahr 2008 beschloss die Europ\u00e4ische Union der Medizinischen Fachdisziplinen die Rehabilitation &hellip;<\/p>\n","protected":false},"author":12,"featured_media":0,"parent":0,"menu_order":1,"comment_status":"closed","ping_status":"closed","template":"template-fullwidth.php","meta":{"_acf_changed":false,"footnotes":""},"categories":[],"tags":[],"class_list":["post-1050","page","type-page","status-publish","hentry"],"acf":[],"_links":{"self":[{"href":"https:\/\/semmelweis.hu\/rehab\/wp-json\/wp\/v2\/pages\/1050","targetHints":{"allow":["GET"]}}],"collection":[{"href":"https:\/\/semmelweis.hu\/rehab\/wp-json\/wp\/v2\/pages"}],"about":[{"href":"https:\/\/semmelweis.hu\/rehab\/wp-json\/wp\/v2\/types\/page"}],"author":[{"embeddable":true,"href":"https:\/\/semmelweis.hu\/rehab\/wp-json\/wp\/v2\/users\/12"}],"replies":[{"embeddable":true,"href":"https:\/\/semmelweis.hu\/rehab\/wp-json\/wp\/v2\/comments?post=1050"}],"version-history":[{"count":5,"href":"https:\/\/semmelweis.hu\/rehab\/wp-json\/wp\/v2\/pages\/1050\/revisions"}],"predecessor-version":[{"id":1179,"href":"https:\/\/semmelweis.hu\/rehab\/wp-json\/wp\/v2\/pages\/1050\/revisions\/1179"}],"wp:attachment":[{"href":"https:\/\/semmelweis.hu\/rehab\/wp-json\/wp\/v2\/media?parent=1050"}],"wp:term":[{"taxonomy":"category","embeddable":true,"href":"https:\/\/semmelweis.hu\/rehab\/wp-json\/wp\/v2\/categories?post=1050"},{"taxonomy":"post_tag","embeddable":true,"href":"https:\/\/semmelweis.hu\/rehab\/wp-json\/wp\/v2\/tags?post=1050"}],"curies":[{"name":"wp","href":"https:\/\/api.w.org\/{rel}","templated":true}]}}