{"id":1048,"date":"2022-03-30T13:51:45","date_gmt":"2022-03-30T11:51:45","guid":{"rendered":"https:\/\/semmelweis.hu\/rehab\/?page_id=1048"},"modified":"2026-04-06T19:08:52","modified_gmt":"2026-04-06T17:08:52","slug":"uber-uns","status":"publish","type":"page","link":"https:\/\/semmelweis.hu\/rehab\/de\/uber-uns\/","title":{"rendered":"\u00dcber uns"},"content":{"rendered":"<p><a href=\"https:\/\/semmelweis.hu\/rehab\/files\/2021\/12\/oori-kep-1.jpg\"><img loading=\"lazy\" decoding=\"async\" class=\"size-full wp-image-833 alignright\" src=\"https:\/\/semmelweis.hu\/rehab\/files\/2021\/12\/oori-kep-1.jpg\" alt=\"\" width=\"512\" height=\"314\" srcset=\"https:\/\/semmelweis.hu\/rehab\/files\/2021\/12\/oori-kep-1.jpg 512w, https:\/\/semmelweis.hu\/rehab\/files\/2021\/12\/oori-kep-1-300x184.jpg 300w\" sizes=\"auto, (max-width: 512px) 100vw, 512px\" \/><\/a>Der <strong>Lehrstuhl f\u00fcr Rehabilitationsmedizin<\/strong> wurde im Jahr 2019 an der Semmelweis Universit\u00e4t als eine unabh\u00e4ngige Organisationseinheit mit <strong>Standort an der Klinik f\u00fcr Rehabilitationsmedizin der Semmelweis Universit\u00e4t<\/strong> (Semmelweis Egyetem Rehabilit\u00e1ci\u00f3s Klinika &#8211; fr\u00fcher: Nationalinstitut f\u00fcr Rehabilitationsmedizin, Orsz\u00e1gos Orvosi Rehabilit\u00e1ci\u00f3s Int\u00e9zet\/OORI) gegr\u00fcndet. Die T\u00e4tigkeit der Lehrstuhl umfasst die graduale und postgraduale Ausbildung von \u00c4rzten und anderen Mitgliedern des Rehabilitationsteams. Der Unterricht der Rehabilitationsmedizin als einw\u00f6chiges Pflichtfach begann in 2020 f\u00fcr Medizinstudenten im f\u00fcnften Jahr und ist Teil des deutsch-, englisch- und ungarischsprachigen Programs.<\/p>\n<hr \/>\n<p><a href=\"https:\/\/semmelweis.hu\/rehab\/files\/2021\/12\/oori-kep-B.jpg\"><img loading=\"lazy\" decoding=\"async\" class=\"alignleft size-full wp-image-842\" src=\"https:\/\/semmelweis.hu\/rehab\/files\/2021\/12\/oori-kep-B.jpg\" alt=\"\" width=\"511\" height=\"320\" srcset=\"https:\/\/semmelweis.hu\/rehab\/files\/2021\/12\/oori-kep-B.jpg 511w, https:\/\/semmelweis.hu\/rehab\/files\/2021\/12\/oori-kep-B-300x188.jpg 300w\" sizes=\"auto, (max-width: 511px) 100vw, 511px\" \/><\/a>Rehabilitationsmedizin ist ein relativ neues und sich st\u00e4ndig weiterentwickelndes Gebiet der Medizin, Physikalische Medizin und Rehabilitation wurde erst 1968 von der WHO als eine selbstst\u00e4ndige Fachrichtung bezeichnet. Der Lehrstuhl betrachtet ihre Arbeit als Fortsetzung der 1980 am Nationalinstitut f\u00fcr Medizinische Rehabilitation begonnenen Facharztausbildung. Im Jahr 2008 beschloss die Europ\u00e4ische Union der Fach\u00e4rzte, die Rehabilitationsmedizin in den Lehrplan der medizinischen Universit\u00e4ten aufzunehmen. Das Fach wurde 2009 als Wahlfach an der Semmelweis-Universit\u00e4t ins Leben gerufen, und die Ausbildung erreichte ihre heutige Form mit der Gr\u00fcndung der Lehrstuhl f\u00fcr Rehabilitationsmedizin im Jahr 2019.<\/p>\n<hr \/>\n<div class=\"keretes w-100\">\n<p><strong>Der Standort des Gremiums f\u00fcr Rehabilitationsmedizin ist an der Klinik f\u00fcr Rehabilitationsmedizin der Semmelweis Universit\u00e4t.<\/strong><\/p>\n<p>Direktor der Gremium ist Dr. Zolt\u00e1n D\u00e9nes, Universit\u00e4tsdozent und seit 2010 Abteilungsleiter. Mitglieder der Gremium sind Professor Dr. G\u00e1bor Antal Fazekas, Universit\u00e4tsdozent Dr. P\u00e9ter Cserh\u00e1ti, Chefartzt Dr. Erzs\u00e9bet Boros.<\/p>\n<\/div>\n","protected":false},"excerpt":{"rendered":"<p><a href=\"https:\/\/semmelweis.hu\/rehab\/files\/2021\/12\/oori-kep-1.jpg\"><\/a> Der Lehrstuhl f\u00fcr Rehabilitationsmedizin wurde im Jahr 2019 an der Semmelweis Universit\u00e4t als eine unabh\u00e4ngige Organisationseinheit mit Standort an der Klinik f\u00fcr Rehabilitationsmedizin der Semmelweis Universit\u00e4t (Semmelweis Egyetem Rehabilit\u00e1ci\u00f3s Klinika &#8211; fr\u00fcher: Nationalinstitut f\u00fcr Rehabilitationsmedizin, Orsz\u00e1gos Orvosi Rehabilit\u00e1ci\u00f3s Int\u00e9zet\/OORI) gegr\u00fcndet. Die T\u00e4tigkeit der Lehrstuhl umfasst die graduale und postgraduale Ausbildung von \u00c4rzten und anderen Mitgliedern &hellip;<\/p>\n","protected":false},"author":12,"featured_media":0,"parent":0,"menu_order":0,"comment_status":"closed","ping_status":"closed","template":"","meta":{"_acf_changed":false,"footnotes":""},"categories":[],"tags":[],"class_list":["post-1048","page","type-page","status-publish","hentry"],"acf":[],"_links":{"self":[{"href":"https:\/\/semmelweis.hu\/rehab\/wp-json\/wp\/v2\/pages\/1048","targetHints":{"allow":["GET"]}}],"collection":[{"href":"https:\/\/semmelweis.hu\/rehab\/wp-json\/wp\/v2\/pages"}],"about":[{"href":"https:\/\/semmelweis.hu\/rehab\/wp-json\/wp\/v2\/types\/page"}],"author":[{"embeddable":true,"href":"https:\/\/semmelweis.hu\/rehab\/wp-json\/wp\/v2\/users\/12"}],"replies":[{"embeddable":true,"href":"https:\/\/semmelweis.hu\/rehab\/wp-json\/wp\/v2\/comments?post=1048"}],"version-history":[{"count":6,"href":"https:\/\/semmelweis.hu\/rehab\/wp-json\/wp\/v2\/pages\/1048\/revisions"}],"predecessor-version":[{"id":1316,"href":"https:\/\/semmelweis.hu\/rehab\/wp-json\/wp\/v2\/pages\/1048\/revisions\/1316"}],"wp:attachment":[{"href":"https:\/\/semmelweis.hu\/rehab\/wp-json\/wp\/v2\/media?parent=1048"}],"wp:term":[{"taxonomy":"category","embeddable":true,"href":"https:\/\/semmelweis.hu\/rehab\/wp-json\/wp\/v2\/categories?post=1048"},{"taxonomy":"post_tag","embeddable":true,"href":"https:\/\/semmelweis.hu\/rehab\/wp-json\/wp\/v2\/tags?post=1048"}],"curies":[{"name":"wp","href":"https:\/\/api.w.org\/{rel}","templated":true}]}}