{"id":104,"date":"2014-02-07T11:13:37","date_gmt":"2014-02-07T10:13:37","guid":{"rendered":"http:\/\/semmelweis.hu\/rehab\/?page_id=104"},"modified":"2025-01-20T22:56:30","modified_gmt":"2025-01-20T21:56:30","slug":"fizikalis-medicina-es-rehabilitacios-orvoslas","status":"publish","type":"page","link":"https:\/\/semmelweis.hu\/rehab\/szakorvoskepzes\/fizikalis-medicina-es-rehabilitacios-orvoslas\/","title":{"rendered":"Folyamatban lev\u0151, de 2016 \u00f3ta nem ind\u00edthat\u00f3 szakk\u00e9pz\u00e9sek"},"content":{"rendered":"<div class=\"responsive-tabs\">\n<h2 class=\"tabtitle\">FMRO (alap)<\/h2>\n<div class=\"tabcontent\">\n\n<h4><span style=\"font-size: 18pt\">FIZIK\u00c1LIS MEDICINA \u00c9S REHABILIT\u00c1CI\u00d3S ORVOSL\u00c1S (FMRO), ALAP SZAKK\u00c9PZ\u00c9S<\/span><\/h4>\n<p><strong><span style=\"color: #ff0000\">2016 \u00f3ta nem ind\u00edthat\u00f3,<\/span><\/strong> de m\u00e9g vannak szakk\u00e9pz\u00e9sben r\u00e9szt vev\u0151 hallgat\u00f3k. Hely\u00e9t a hasonl\u00f3 fel\u00e9p\u00edt\u00e9s\u0171, de \u00faj n\u00e9vre keresztelt Rehabilit\u00e1ci\u00f3s medicina alap szakk\u00e9pz\u00e9s vette \u00e1t.<\/p>\n<p>&nbsp;<\/p>\n<p><span style=\"font-size: 14pt\"><strong>K\u00f6vetelm\u00e9nyrendszer<\/strong><\/span><\/p>\n<p>1. <span style=\"text-decoration: underline\">K\u00e9pz\u00e9si id\u0151:<\/span> 60 h\u00f3nap<\/p>\n<p>2. <span style=\"text-decoration: underline\">K\u00e9pz\u00e9si program<\/span>:<\/p>\n<p style=\"padding-left: 30px\">2.1. <i>24 h\u00f3 t\u00f6rzsk\u00e9pz\u00e9si program:<\/i><\/p>\n<p style=\"padding-left: 60px\"><i>a) <\/i>6 h\u00f3 s\u00fcrg\u0151ss\u00e9gi gyakorlat<\/p>\n<p style=\"padding-left: 60px\"><i>b) <\/i>1 h\u00f3 t\u00f6rzsk\u00e9pz\u00e9si tanfolyam<\/p>\n<p style=\"padding-left: 60px\">c) 3 h\u00f3 gyakorlat akkredit\u00e1lt rehabilit\u00e1ci\u00f3s oszt\u00e1lyon (neuro-musculosceletalis,<\/p>\n<p style=\"padding-left: 60px\">rehabilit\u00e1ci\u00f3s alaptev\u00e9kenys\u00e9g)<\/p>\n<p style=\"padding-left: 60px\"><i>d) <\/i>5 h\u00f3 neurol\u00f3gia:<\/p>\n<p style=\"padding-left: 90px\"><i>da) <\/i>3 h\u00f3 akut neurologiai osztalyos gyakorlat<\/p>\n<p style=\"padding-left: 90px\"><i>db) <\/i>2 h\u00f3 neurorehabilit\u00e1cios tev\u00e9kenys\u00e9get folytat\u00f3 mozg\u00e1sszervi rehabilitaci\u00f3s oszt\u00e1lyon<\/p>\n<p style=\"padding-left: 60px\"><i>e) <\/i>3 h\u00f3 belgyogy\u00e1szati gyakorlat<\/p>\n<p style=\"padding-left: 60px\"><i>f) <\/i>1 h\u00f3 pulmonol\u00f3giai gyakorlat<\/p>\n<p style=\"padding-left: 60px\"><i>g) <\/i>1 h\u00f3 kardiol\u00f3giai gyakorlat<\/p>\n<p style=\"padding-left: 60px\"><i>h) <\/i>4 h\u00f3 traumatol\u00f3gia es ortop\u00e9dia<\/p>\n<p>2.2. <i>36 h\u00f3 szakgyakorlati k\u00e9pz\u00e9s:<\/i><\/p>\n<p style=\"padding-left: 30px\"><i>a) <\/i>2 h\u00f3 reumatol\u00f3giai oszt\u00e1ly es ambulancia<\/p>\n<p style=\"padding-left: 30px\"><i>b) <\/i>3 h\u00f3 fizikoter\u00e1pi\u00e1s, balneoter\u00e1pi\u00e1s gyakorlat<\/p>\n<p style=\"padding-left: 30px\"><i>c) <\/i>30 h\u00f3 rehabilit\u00e1ci\u00f3s medicina:<\/p>\n<p style=\"padding-left: 60px\"><i>ca) <\/i>leg\u00e1labb 20, legfeljebb 22 h\u00f3 rehabilit\u00e1ci\u00f3s medicina alaptev\u00e9kenys\u00e9g \u00e9s<\/p>\n<p style=\"padding-left: 60px\"><i>cb) <\/i>leg\u00e1labb 8, legfeljebb 10 h\u00f3 rehabilit\u00e1ci\u00f3s medicina speci\u00e1lis programja,<\/p>\n<p style=\"padding-left: 60px\">amelyek egy\u00fctt tesznek ki 30 h\u00f3napot<\/p>\n<p style=\"padding-left: 30px\"><i>d) <\/i>1 h\u00f3 tanfolyamok: rehabilit\u00e1ci\u00f3s alapismeretek, fizioter\u00e1pi\u00e1s alapismeretek, ortetika protetika, kineziol\u00f3gia<\/p>\n<p>3. Szakvizsg\u00e1ra bocs\u00e1t\u00e1s egy\u00e9b felt\u00e9telei<\/p>\n<p>Meghat\u00e1rozott sz\u00e1m\u00fa \u00e9s t\u00edpus\u00fa beavatkoz\u00e1s teljes\u00edt\u00e9se<\/p>\n\n<\/div><h2 class=\"tabtitle\">Orvosi rehabilit\u00e1ci\u00f3 (r\u00e1\u00e9p\u00edtett)<\/h2>\n<div class=\"tabcontent\">\n\n<h4><span style=\"font-size: 18pt\">Orvosi rehabilit\u00e1ci\u00f3 mozg\u00e1sszervi ter\u00fcleten (r\u00e1\u00e9p\u00edtett szakk\u00e9pz\u00e9s)<\/span><\/h4>\n<p><strong><span style=\"color: #ff0000\">2016. szeptember 26. napj\u00e1t k\u00f6vet\u0151en \u00faj k\u00e9pz\u00e9s nem ind\u00edthat\u00f3.\u00a0<\/span><\/strong><\/p>\n<p>&nbsp;<\/p>\n<p><span style=\"color: #000000;font-size: 14pt\"><strong>V\u00e1ltoz\u00e1sok a szakk\u00e9pz\u00e9sben<\/strong><\/span><\/p>\n<p>A rehabilit\u00e1ci\u00f3s szakk\u00e9pz\u00e9s ter\u00fclet\u00e9n jelent\u0151s v\u00e1ltoz\u00e1sok t\u00f6rt\u00e9ntek, melyek a Magyar K\u00f6zl\u00f6ny 147. sz\u00e1m\u00e1ban jelentek meg 2016. szeptember 29-\u00e9n, cs\u00fct\u00f6rt\u00f6k\u00f6n. Ezek egy r\u00e9sze az Eur\u00f3pai K\u00f6z\u00f6ss\u00e9g jogharmoniz\u00e1ci\u00f3s folyamat\u00e1ba illeszkedik, egy m\u00e1sik r\u00e9sze pedig a szakvizsga megfeleltet\u00e9s probl\u00e9m\u00e1it hivatott orvosolni.<\/p>\n<p>Ezek alapj\u00e1n a kor\u00e1bban 2 \u00e9ves r\u00e1\u00e9p\u00edtett k\u00e9pz\u00e9ssel megszerezhet\u0151 rehabilit\u00e1ci\u00f3s k\u00e9pes\u00edt\u00e9s lehet\u0151s\u00e9ge megsz\u0171nt. Ezen szakvizsg\u00e1k kor\u00e1bbi elnevez\u00e9sei a mozg\u00e1sszervi rehabilit\u00e1ci\u00f3, orvosi rehabilit\u00e1ci\u00f3 (mozg\u00e1sszervi) voltak. Ezek jelenleg a Rehabilit\u00e1ci\u00f3s medicina szakk\u00e9pes\u00edt\u00e9snek felelnek meg. Az \u00fagynevezett alap szakk\u00e9pes\u00edt\u00e9sk\u00e9nt megszerezhet\u0151 Fizik\u00e1lis medicina \u00e9s rehabilit\u00e1ci\u00f3s orvosl\u00e1s szakter\u00fclet, amely 60 h\u00f3nap (24 h\u00f3 t\u00f6rzsk\u00e9pz\u00e9s + 36 h\u00f3 szakgyakorlati id\u0151) k\u00e9pz\u00e9si id\u0151vel rendelkezett \u00e9s az UEMS (uni\u00f3s) k\u00e9pz\u00e9si krit\u00e9riumoknak egyar\u00e1nt megfelelt, szint\u00e9n az egys\u00e9ges \u00faj n\u00e9ven szerepel m\u00e1r Rehabilit\u00e1ci\u00f3s medicina elnevez\u00e9ssel.<\/p>\n<p>&nbsp;<\/p>\n<p><span style=\"font-size: 14pt\"><strong>K\u00f6vetelm\u00e9nyrendszer<\/strong><\/span><\/p>\n<p>1.1. <span style=\"text-decoration: underline\">K\u00e9pz\u00e9s bel\u00e9p\u00e9si felt\u00e9tele<\/span>: szakvizsga b\u00e1rmely alap szakk\u00e9pes\u00edt\u00e9sb\u0151l<\/p>\n<p>1.2. <span style=\"text-decoration: underline\">K\u00e9pz\u00e9si id\u0151<\/span>: 62-96 h\u00f3: 38-72 ho alapk\u00e9pz\u00e9s + 24 h\u00f3 r\u00e1\u00e9pitett k\u00e9pz\u00e9s<\/p>\n<p>1.3. <span style=\"text-decoration: underline\">K\u00e9pz\u00e9si program:<\/span><\/p>\n<p style=\"padding-left: 30px\"><i>a) <\/i>1 h\u00f3 gyermek rehabilit\u00e1cios gyakorlat<\/p>\n<p style=\"padding-left: 30px\"><i>b) <\/i>1 h\u00f3 pulmonol\u00f3giai rehabilit\u00e1cios gyakorlat<\/p>\n<p style=\"padding-left: 30px\"><i>c) <\/i>1 h\u00f3 kardiol\u00f3giai rehabilit\u00e1cios gyakorlat<\/p>\n<p style=\"padding-left: 30px\"><i>d) <\/i>1 h\u00f3 koponyas\u00e9r\u00fclt oszt\u00e1lyos rehabilit\u00e1ci\u00f3<\/p>\n<p style=\"padding-left: 30px\"><i>e) <\/i>1 h\u00f3 parapl\u00e9gia-oszt\u00e1lyos gyakorlat<\/p>\n<p style=\"padding-left: 30px\"><i>f) <\/i>18 h\u00f3 mozg\u00e1sszervi rehabilit\u00e1cios oszt\u00e1lyos gyakorlat<\/p>\n<p style=\"padding-left: 30px\"><i>g) <\/i>1 h\u00f3 tanfolyamok:<\/p>\n<p style=\"padding-left: 60px\"><i>ga) <\/i>rehabilit\u00e1cios alapismeretek I-II. (2 het)<\/p>\n<p style=\"padding-left: 60px\"><i>gb) <\/i>fizikoter\u00e1pia I-II. (2 het)<\/p>\n<p style=\"padding-left: 60px\"><i>gc) <\/i>ortetika, protetika (1 het)<\/p>\n<p style=\"padding-left: 60px\"><i>gd) <\/i>hum\u00e1nkineziologia (2 nap)<\/p>\n<p>&nbsp;<\/p>\n<\/div><\/div>\n","protected":false},"excerpt":{"rendered":"<p>FIZIK\u00c1LIS MEDICINA \u00c9S REHABILIT\u00c1CI\u00d3S ORVOSL\u00c1S (FMRO), ALAP SZAKK\u00c9PZ\u00c9S 2016 \u00f3ta nem ind\u00edthat\u00f3, de m\u00e9g vannak szakk\u00e9pz\u00e9sben r\u00e9szt vev\u0151 hallgat\u00f3k. Hely\u00e9t a hasonl\u00f3 fel\u00e9p\u00edt\u00e9s\u0171, de \u00faj n\u00e9vre keresztelt Rehabilit\u00e1ci\u00f3s medicina alap szakk\u00e9pz\u00e9s vette \u00e1t. &nbsp; K\u00f6vetelm\u00e9nyrendszer 1. K\u00e9pz\u00e9si id\u0151: 60 h\u00f3nap 2. K\u00e9pz\u00e9si program: 2.1. 24 h\u00f3 t\u00f6rzsk\u00e9pz\u00e9si program: a) 6 h\u00f3 s\u00fcrg\u0151ss\u00e9gi gyakorlat b) 1 &hellip;<\/p>\n","protected":false},"author":299,"featured_media":0,"parent":1034,"menu_order":3,"comment_status":"closed","ping_status":"closed","template":"","meta":{"_acf_changed":false,"footnotes":""},"categories":[],"tags":[],"class_list":["post-104","page","type-page","status-publish","hentry"],"acf":[],"_links":{"self":[{"href":"https:\/\/semmelweis.hu\/rehab\/wp-json\/wp\/v2\/pages\/104","targetHints":{"allow":["GET"]}}],"collection":[{"href":"https:\/\/semmelweis.hu\/rehab\/wp-json\/wp\/v2\/pages"}],"about":[{"href":"https:\/\/semmelweis.hu\/rehab\/wp-json\/wp\/v2\/types\/page"}],"author":[{"embeddable":true,"href":"https:\/\/semmelweis.hu\/rehab\/wp-json\/wp\/v2\/users\/299"}],"replies":[{"embeddable":true,"href":"https:\/\/semmelweis.hu\/rehab\/wp-json\/wp\/v2\/comments?post=104"}],"version-history":[{"count":12,"href":"https:\/\/semmelweis.hu\/rehab\/wp-json\/wp\/v2\/pages\/104\/revisions"}],"predecessor-version":[{"id":1234,"href":"https:\/\/semmelweis.hu\/rehab\/wp-json\/wp\/v2\/pages\/104\/revisions\/1234"}],"up":[{"embeddable":true,"href":"https:\/\/semmelweis.hu\/rehab\/wp-json\/wp\/v2\/pages\/1034"}],"wp:attachment":[{"href":"https:\/\/semmelweis.hu\/rehab\/wp-json\/wp\/v2\/media?parent=104"}],"wp:term":[{"taxonomy":"category","embeddable":true,"href":"https:\/\/semmelweis.hu\/rehab\/wp-json\/wp\/v2\/categories?post=104"},{"taxonomy":"post_tag","embeddable":true,"href":"https:\/\/semmelweis.hu\/rehab\/wp-json\/wp\/v2\/tags?post=104"}],"curies":[{"name":"wp","href":"https:\/\/api.w.org\/{rel}","templated":true}]}}