{"id":9647,"date":"2025-09-17T15:35:45","date_gmt":"2025-09-17T13:35:45","guid":{"rendered":"https:\/\/semmelweis.hu\/registrar\/?page_id=9647"},"modified":"2025-09-17T15:37:35","modified_gmt":"2025-09-17T13:37:35","slug":"good-student-good-athlete-prize","status":"publish","type":"page","link":"https:\/\/semmelweis.hu\/registrar\/information\/scholarships\/good-student-good-athlete-prize\/","title":{"rendered":"Good Student \u2013 Good Athlete Prize"},"content":{"rendered":"<h1 class=\"entry-title text-uppercase\"><a href=\"https:\/\/semmelweis.hu\/sportkozpont\/en\/callforapplication\/english\/a-semmelweis-egyetem-call-for-application\/\" target=\"_blank\" rel=\"noopener\">CALL FOR APPLICATIONS<\/a><\/h1>\n<p>Semmelweis University calls for applications to win the\u00a0<em>\u201cGood Student \u2013 Good Athlete\u201d<\/em> prize<\/p>\n<ol>\n<li><strong>Conditions for the submission of the application<\/strong><\/li>\n<\/ol>\n<p>(1) The prize can be awarded to registered full time students of Semmelweis University, participating in graduate training, who<\/p>\n<p>a) have an overall weighted average grade of or over 4.00 during the last two semesters preceding the release of the call for applications,<\/p>\n<p>b) have not repeated any academic year due to failure in a subject,<\/p>\n<p>c) are not, and has not been, the subject of any disciplinary sanction,<\/p>\n<p>d) have documents to prove that they performed any of the sports requirements listed in Annex 7 during the two academic semesters preceding the publication of the call for applications, and<\/p>\n<p>e) have documents to prove that they performed in any of the scientific works, listed in Annex 7 during the two academic semesters preceding the publication of the call for applications.<\/p>\n<p>(2) As for paragraph (1) d) a result achieved in sports can only be listed by a student in his or her application; the same result must not be entered in any subsequent application.<\/p>\n<p>&nbsp;<\/p>\n<p><strong>Application forms<\/strong>\u00a0and a\u00a0<strong>brief CV<\/strong>\u00a0covering the applicant\u2019s studies and sports activities can be submitted in person until 15:00 on\u00a0<strong>15 November 2025<\/strong>\u00a0at SE Testnevel\u00e9si \u00e9s Sportk\u00f6zpont (Physical Education and Sports Centre of Semmelweis University), or by mail not later than by 24:00 on the same day.\u00a0Address: 1107 Budapest, Z\u00e1gr\u00e1bi utca 14.<\/p>\n<p>&nbsp;<\/p>\n<p><strong>Application form<\/strong>\u00a0for download<\/p>\n<p><a href=\"https:\/\/semmelweis.hu\/sportkozpont\/files\/2022\/10\/Application-form_Good_Student_Good_Athlete.docx\">Application-form_Good_Student_Good_Athlete<\/a><\/p>\n<p><a href=\"https:\/\/semmelweis.hu\/sportkozpont\/files\/2022\/10\/Application-form_Good_Student_Good_Athlete.pdf\">Application-form_Good_Student_Good_Athlete<\/a><\/p>\n<p>2.<\/p>\n<p>The applications are evaluated by a Committee of five, headed by the Director of the SU Physical Education and Sports Centre.<\/p>\n<p>Based on the applicants\u2019 aggregated scores the Committee shall set up a ranking order for the awarding of the applicants in the first six positions.<\/p>\n<p>In case two applicants have equal scores, the Vice-Rector for Educational Affairs shall make a proposal for their ranking order.<\/p>\n<p>The University\u2019s Senate shall make the decision on the recipients of the \u201cGood student \u2013 Good Athlete\u201d title on the basis of the proposal of the Vice-Rector for Educational Affairs.<\/p>\n<p>The award shall be handed over at the ceremony of the celebration of the National Holiday (15 March).<\/p>\n<p>The detailed rules, terms and conditions governing the application scheme laid down in the Regulation adopted by the Senate\u2019s Resolution No. 33\/2022. (V.13.), which the stakeholders can access and review on sub-website of the Directorate General of Legal and Administrative Affairs (https:\/\/semmelweis.hu\/jogigfoig\/dokumentumtar\/szabalyzattar\/hallgatoi-kituntetesekrol-szolo-szabalyzat\/), at the Physical Education and Sports Centre (1107 Budapest, Z\u00e1gr\u00e1bi utca 14.) or the Dean\u2019s Offices, during working hours.<\/p>\n<p>&nbsp;<\/p>\n<p>Budapest, 16. September 2025<\/p>\n<p>&nbsp;<\/p>\n<p>Korn\u00e9lia V\u00e1rszegi<\/p>\n<p>Director<\/p>\n<p>P.E. and Sportcentre<\/p>\n","protected":false},"excerpt":{"rendered":"<p><a href=\"https:\/\/semmelweis.hu\/sportkozpont\/en\/callforapplication\/english\/a-semmelweis-egyetem-call-for-application\/\" target=\"_blank\" rel=\"noopener\">CALL FOR APPLICATIONS<\/a> Semmelweis University calls for applications to win the\u00a0\u201cGood Student \u2013 Good Athlete\u201d prize Conditions for the submission of the application (1) The prize can be awarded to registered full time students of Semmelweis University, participating in graduate training, who a) have an overall weighted average grade of or over 4.00 during the last two semesters &hellip;<\/p>\n","protected":false},"author":102334,"featured_media":0,"parent":6665,"menu_order":10,"comment_status":"closed","ping_status":"closed","template":"","meta":{"_acf_changed":false,"footnotes":""},"categories":[],"tags":[],"class_list":["post-9647","page","type-page","status-publish","hentry"],"acf":[],"_links":{"self":[{"href":"https:\/\/semmelweis.hu\/registrar\/wp-json\/wp\/v2\/pages\/9647","targetHints":{"allow":["GET"]}}],"collection":[{"href":"https:\/\/semmelweis.hu\/registrar\/wp-json\/wp\/v2\/pages"}],"about":[{"href":"https:\/\/semmelweis.hu\/registrar\/wp-json\/wp\/v2\/types\/page"}],"author":[{"embeddable":true,"href":"https:\/\/semmelweis.hu\/registrar\/wp-json\/wp\/v2\/users\/102334"}],"replies":[{"embeddable":true,"href":"https:\/\/semmelweis.hu\/registrar\/wp-json\/wp\/v2\/comments?post=9647"}],"version-history":[{"count":3,"href":"https:\/\/semmelweis.hu\/registrar\/wp-json\/wp\/v2\/pages\/9647\/revisions"}],"predecessor-version":[{"id":9651,"href":"https:\/\/semmelweis.hu\/registrar\/wp-json\/wp\/v2\/pages\/9647\/revisions\/9651"}],"up":[{"embeddable":true,"href":"https:\/\/semmelweis.hu\/registrar\/wp-json\/wp\/v2\/pages\/6665"}],"wp:attachment":[{"href":"https:\/\/semmelweis.hu\/registrar\/wp-json\/wp\/v2\/media?parent=9647"}],"wp:term":[{"taxonomy":"category","embeddable":true,"href":"https:\/\/semmelweis.hu\/registrar\/wp-json\/wp\/v2\/categories?post=9647"},{"taxonomy":"post_tag","embeddable":true,"href":"https:\/\/semmelweis.hu\/registrar\/wp-json\/wp\/v2\/tags?post=9647"}],"curies":[{"name":"wp","href":"https:\/\/api.w.org\/{rel}","templated":true}]}}