{"id":731,"date":"2022-06-02T15:13:38","date_gmt":"2022-06-02T13:13:38","guid":{"rendered":"https:\/\/semmelweis.hu\/registrar\/?page_id=731"},"modified":"2022-10-14T08:51:43","modified_gmt":"2022-10-14T06:51:43","slug":"tuition-fee","status":"publish","type":"page","link":"https:\/\/semmelweis.hu\/registrar\/faq-aok-fok-gytk\/tuition-fee\/","title":{"rendered":"Tuition fee from the 2nd semester"},"content":{"rendered":"<p>The below information only applies to students from their 2nd semester of study. For freshly admitted students or students in their first semester, please refer to our <a href=\"https:\/\/semmelweis.hu\/admission\/\" target=\"_blank\" rel=\"noopener\">Admission page<\/a>.<\/p>\n            <div class=\"qae-faqs-container qae-faqs-toggle-container\">\n\t\t\t\t\t\t\t<ul class=\"qe-faqs-filters-container\">\n\t\t\t\t<li class=\"active\"><a class=\"qe-faqs-filter all-faqs\" href=\"#\" data-filter=\"*\">All<\/a><\/li>\n\t\t\t\t<li><a class=\"qe-faqs-filter\" href=\"#tuition-fee\" data-filter=\".tuition-fee\">Tuition fee<\/a><\/li>\t\t\t<\/ul>\n\t\t\t\t\t<div id=\"qaef-893\" class=\"qe-faq-toggle tuition-fee\">\n\t\t\t<div class=\"qe-toggle-title\">\n\t\t\t\t<h4>\n\t\t\t\t\t<i class=\"fa fa-minus-circle\"><\/i> How much is the tuition fee per semester?\t\t\t\t<\/h4>\n\t\t\t<\/div>\n\t\t\t<div class=\"qe-toggle-content\">\n\t\t\t\t<p>All continuing students will remain on the same fee rate as when they first enrolled in the program. Students who take a semester off, failed a year, or transferred from another university have to pay the tuition fee of that specific year they rejoin the program. <em>This rule is valid from 2019.<\/em><\/p>\n<p>The tuition fee is determined by the year of enrollment to the Program. Students who complete their studies continually (without failing a year) pay the same tuition fee every year (see the table below). Students who repeat a year due to failure or an inactive semester, and students transferred from another university have to pay the tuition fee according to the year of enrollment at the course they are joining. E.g., a student enrolled in 2015\/2016 academic year and failed a semester has to pay the tuition fee of those enrolled in 2016\/2017.<\/p>\n<table style=\"width: 46.0804%;height: 325px\" border=\"1\">\n<tbody>\n<tr style=\"height: 103px\">\n<td style=\"height: 103px\">\n<p><strong>year of enrollment\/<\/strong><\/p>\n<p><strong>Faculty<\/strong><\/p>\n<\/td>\n<td style=\"height: 103px\">\n<p><strong>General Medicine<\/strong><\/p>\n<\/td>\n<td style=\"height: 103px\">\n<p><strong>Dentistry<\/strong><\/p>\n<\/td>\n<td style=\"height: 103px\">\n<p><strong>Pharmaceutical Sciences<\/strong><\/p>\n<\/td>\n<\/tr>\n<tr style=\"height: 23px\">\n<td style=\"vertical-align: top;height: 10px\">2026.<\/td>\n<td style=\"height: 10px\">\n<p>10 450 USD<\/p>\n<\/td>\n<td style=\"height: 10px\">\n<p>10 450 USD<\/p>\n<\/td>\n<td style=\"height: 10px\">\n<p>6 620 USD<\/p>\n<\/td>\n<\/tr>\n<tr style=\"height: 53px\">\n<td style=\"vertical-align: top;height: 53px\">\n<p>2025.<\/p>\n<\/td>\n<td style=\"height: 53px\">\n<p>9 950 USD<\/p>\n<\/td>\n<td style=\"height: 53px\">\n<p>9 950 USD<\/p>\n<\/td>\n<td style=\"height: 53px\">\n<p>6 300 USD<\/p>\n<\/td>\n<\/tr>\n<tr style=\"height: 53px\">\n<td style=\"vertical-align: top;height: 53px\">2024.<\/td>\n<td style=\"height: 53px\">\n<p>9 600 USD<\/p>\n<\/td>\n<td style=\"height: 53px\">\n<p>9 600 USD<\/p>\n<\/td>\n<td style=\"height: 53px\">\n<p>6 300 USD<\/p>\n<\/td>\n<\/tr>\n<tr style=\"height: 53px\">\n<td style=\"height: 53px\">\n<p>2023.<\/p>\n<\/td>\n<td style=\"height: 53px\">\n<p>9 100 USD<\/p>\n<\/td>\n<td style=\"height: 53px\">\n<p>9 100 USD<\/p>\n<\/td>\n<td style=\"height: 53px\">\n<p>6 000 USD<\/p>\n<\/td>\n<\/tr>\n<tr style=\"height: 53px\">\n<td style=\"height: 53px\">\n<p>2022.<\/p>\n<\/td>\n<td style=\"height: 53px\">\n<p>9 100 USD<\/p>\n<\/td>\n<td style=\"height: 53px\">\n<p>9 100 USD<\/p>\n<\/td>\n<td style=\"height: 53px\">\n<p>6 000 USD<\/p>\n<\/td>\n<\/tr>\n<tr>\n<td>\n<p>2021.<\/p>\n<\/td>\n<td>\n<p>9 100 USD<\/p>\n<\/td>\n<td>\n<p>9 100 USD<\/p>\n<\/td>\n<td>\n<p>6 000 USD<\/p>\n<\/td>\n<\/tr>\n<\/tbody>\n<\/table>\n<p>&nbsp;<\/p>\n<p><strong>Material fees:<\/strong><\/p>\n<table style=\"width: 47.9803%;height: 195px\" border=\"1\">\n<tbody>\n<tr style=\"height: 103px\">\n<td style=\"width: 44.0932%;height: 103px\">\n<p><strong>year of enrollment\/<\/strong><\/p>\n<p><strong>Faculty<\/strong><\/p>\n<\/td>\n<td style=\"width: 18.4181%;height: 103px\"><strong>Dentistry 2nd year<\/strong><\/td>\n<td style=\"width: 23.0801%;height: 103px\"><strong>Dentistry 3rd-5th year<\/strong><\/td>\n<td style=\"width: 3.7597%;height: 103px\"><strong>Pharmaceutical Sciences 2nd year<\/strong><\/td>\n<td style=\"width: 24.792%;height: 103px\"><strong>Pharmaceutical Sciences 3rd-5th year<\/strong><\/td>\n<\/tr>\n<tr style=\"height: 58px\">\n<td style=\"width: 44.0932%;height: 16px\">2026.<\/td>\n<td style=\"width: 18.4181%;height: 16px\">1 300 USD<\/td>\n<td style=\"width: 23.0801%;height: 16px\">2 600 USD<\/td>\n<td style=\"width: 3.7597%;height: 16px\">400 USD<\/td>\n<td style=\"width: 24.792%;height: 16px\">800 USD<\/td>\n<\/tr>\n<tr style=\"height: 59px\">\n<td style=\"width: 44.0932%;height: 25px\">2025.<\/td>\n<td style=\"width: 18.4181%;height: 25px\">1 250 USD<\/td>\n<td style=\"width: 23.0801%;height: 25px\">2 500 USD<\/td>\n<td style=\"width: 3.7597%;height: 25px\">400 USD<\/td>\n<td style=\"width: 24.792%;height: 25px\">800 USD<\/td>\n<\/tr>\n<tr style=\"height: 57px\">\n<td style=\"width: 44.0932%;height: 10px\">2024.<\/td>\n<td style=\"width: 18.4181%;height: 10px\">&#8211;<\/td>\n<td style=\"width: 23.0801%;height: 10px\">2 160 USD<\/td>\n<td style=\"width: 3.7597%;height: 10px\">&#8211;<\/td>\n<td style=\"width: 24.792%;height: 10px\">650 USD<\/td>\n<\/tr>\n<tr style=\"height: 57px\">\n<td style=\"width: 44.0932%;height: 21px\">2023.<\/td>\n<td style=\"width: 18.4181%;height: 21px\">&#8211;<\/td>\n<td style=\"width: 23.0801%;height: 21px\">1 800 USD<\/td>\n<td style=\"width: 3.7597%;height: 21px\">&#8211;<\/td>\n<td style=\"width: 24.792%;height: 21px\">&#8211;<\/td>\n<\/tr>\n<tr style=\"height: 10px\">\n<td style=\"width: 44.0932%;height: 10px\">2022.<\/td>\n<td style=\"width: 18.4181%;height: 10px\">\n<p>&#8211;<\/p>\n<\/td>\n<td style=\"width: 23.0801%;height: 10px\">\n<p>1 800 USD<\/p>\n<\/td>\n<td style=\"width: 3.7597%;height: 10px\">\n<p>&#8211;<\/p>\n<\/td>\n<td style=\"width: 24.792%;height: 10px\">\n<p>&#8211;<\/p>\n<\/td>\n<\/tr>\n<tr style=\"height: 53px\">\n<td style=\"width: 44.0932%;height: 10px\">2021.<\/td>\n<td style=\"width: 18.4181%;height: 10px\">\n<p>&#8211;<\/p>\n<\/td>\n<td style=\"width: 23.0801%;height: 10px\">\n<p>1 800 USD<\/p>\n<\/td>\n<td style=\"width: 3.7597%;height: 10px\">\n<p>&#8211;<\/p>\n<\/td>\n<td style=\"width: 24.792%;height: 10px\">\n<p>&#8211;<\/p>\n<\/td>\n<\/tr>\n<\/tbody>\n<\/table>\n<p>&nbsp;<\/p>\n<p>Students taking just one normal, exempted \u201cFM\u201d or any exam course \u201cCV\u201d in a semester pay ~50% of their semester tuition fee.<br \/>\n<em>Please note:<\/em> <strong>The permission can be granted upon the student\u2019s written request that has to be handed in at the Directorate of International Studies, Division of the English Language Programs before starting the semester!<\/strong><\/p>\n\t\t\t<\/div>\n\t\t<\/div>\n\t\t\t\t<div id=\"qaef-892\" class=\"qe-faq-toggle tuition-fee\">\n\t\t\t<div class=\"qe-toggle-title\">\n\t\t\t\t<h4>\n\t\t\t\t\t<i class=\"fa fa-minus-circle\"><\/i> When is my tuition fee due?\t\t\t\t<\/h4>\n\t\t\t<\/div>\n\t\t\t<div class=\"qe-toggle-content\">\n\t\t\t\t<p><strong>Generally:<\/strong><br \/>\nFall semesters: 31st of August<br \/>\nSpring semesters: 31st of January<\/p>\n<p>The current deadlines of payment are\u00a0<em>announced by the registrars<\/em>\u00a0before the beginning of every semester.<\/p>\n<p><strong>Rules<\/strong>\u00a0regarding\u00a0<strong>tuition fee payment\u00a0<\/strong>and penalty.<\/p>\n<ul>\n<li>\n<p>Students have\u00a0<strong>one month<\/strong>\u00a0(counted from the first day of the semester) for paying the tuition fee of the given semester\u00a0<strong>without penalty.<\/strong>\u00a0(<em>Please note that students cannot get a student certificate, a valid insurance or validation of their student card until their tuition fee is completely settled.<\/em>)<\/p>\n<\/li>\n<li>\n<p><strong>After the semester\u2019s first month\u00a0<\/strong>has passed, the tuition fee can be paid with a default\u00a0<strong>penalty of 500 USD<\/strong>.<\/p>\n<\/li>\n<li>\n<p>The\u00a0<strong>latest deadline\u00a0<\/strong>for paying the tuition fee and penalty is\u00a0<strong>the last day of the study period<\/strong>. (<em>Please note that students cannot register for any exam until their tuition fee plus penalty are completely settled.<\/em>)<\/p>\n<\/li>\n<li>\n<p><strong>If the above final deadline is missed<\/strong>, i.e. the tuition fee plus penalty are not settled by the end of the study period, the\u00a0<strong>tuition fee for the current semester can no longer be paid<\/strong>, student\u2019s\u00a0<strong>status will remain active<\/strong>, but\u00a0<strong>every signature\u00a0<\/strong>acquired and\u00a0<strong>every grade\u00a0<\/strong>earned by the student during the semester\u00a0<strong>will be deleted.\u00a0<\/strong>The student\u2019s\u00a0status remains active means that the\u00a0debt remains to be made up before the registration to any other active semesters. The status cannot be changed to passive after the end of the teaching term, and the tuition fee of an active semester cannot be remitted.<\/p>\n<\/li>\n<li>The student is\u00a0<strong>unable to register<\/strong>\u00a0for a new active semester\u00a0<strong>until the debt has been settled in full<\/strong>.<\/li>\n<\/ul>\n<p><em>Please take the above rules and deadlines seriously as they will be strictly enforced.<\/em><\/p>\n\t\t\t<\/div>\n\t\t<\/div>\n\t\t\t\t<div id=\"qaef-891\" class=\"qe-faq-toggle tuition-fee\">\n\t\t\t<div class=\"qe-toggle-title\">\n\t\t\t\t<h4>\n\t\t\t\t\t<i class=\"fa fa-minus-circle\"><\/i> How can I ensure full payment of the tuition fee on time by bank transfer?\t\t\t\t<\/h4>\n\t\t\t<\/div>\n\t\t\t<div class=\"qe-toggle-content\">\n\t\t\t\t<p class=\"hiddenContentp\">To ensure full payment, please consider that a transfer fee is usually applied when sending money by bank transfer. When transferring the exact amount for the tuition fee, a transfer fee might be deducted from that amount, rendering your tuition fee deficient. Therefore, please contact your home bank prior to transferring the tuition fee and find out whether the bank deducts a transfer fee from the transferred amount. If yes, please pay the transfer fee in addition to the tuition fee.<\/p>\n<p>It is your responsibility to ensure timely and full payment of your tuition fee. It is important for you to keep in mind that checking whether the tuition fee has been paid properly is your responsibility. You are recommended to contact your registrar each term before the payment deadline to find out whether the tuition fee has arrived without any problem.<\/p>\n\t\t\t<\/div>\n\t\t<\/div>\n\t\t\t\t<div id=\"qaef-890\" class=\"qe-faq-toggle tuition-fee\">\n\t\t\t<div class=\"qe-toggle-title\">\n\t\t\t\t<h4>\n\t\t\t\t\t<i class=\"fa fa-minus-circle\"><\/i> How can I request a company invoice?\t\t\t\t<\/h4>\n\t\t\t<\/div>\n\t\t\t<div class=\"qe-toggle-content\">\n\t\t\t\t<p>Please fill out the \u2018<a href=\"https:\/\/semmelweis.hu\/english\/files\/2021\/08\/Company_invoice_claimant_20210806.xlsx\" target=\"_blank\" rel=\"noopener noreferrer\">Invoice claimant<\/a>\u2018 form and send it to the following e-mail address: <a href=\"mailto:neptun.penzugyiosztaly@semmelweis.hu\">neptun.penzugyiosztaly@semmelweis.hu<\/a>.<\/p>\n\t\t\t<\/div>\n\t\t<\/div>\n\t\t\t\t<div id=\"qaef-889\" class=\"qe-faq-toggle tuition-fee\">\n\t\t\t<div class=\"qe-toggle-title\">\n\t\t\t\t<h4>\n\t\t\t\t\t<i class=\"fa fa-minus-circle\"><\/i> What are the features of the collective invoice\/joint account?\t\t\t\t<\/h4>\n\t\t\t<\/div>\n\t\t\t<div class=\"qe-toggle-content\">\n\t\t\t\t<ul>\n<li>The amount transferred will appear in Neptun on the next working day, which will be entered into Neptun as a free balance according to the student\u2019s Neptun code, as long as it is not linked to a payment item, the student can withdraw the amount back to his\/her own account number or keep a free balance in the collective invoice for the expenses incurred.<\/li>\n<li><strong>To be identified, the student\u2019s Neptun ID (code) must be entered in the comment field when making the transfer: e.g. NK-123ABC<\/strong> <em>(NK = Neptun K\u00f3d)<\/em><\/li>\n<li>There is further action to be done with the amount transferred to the collective invoice: <strong>the payment item must be linked to the available balance.<\/strong><\/li>\n<li>The linking can be done in the same way as a regular Neptun payment, except that the student can also choose to pay by the collective invoice payment method in the options available after selecting the pay function. If you choose the collective invoice payment method, you can pay the amount of the payment item from the available balance.<\/li>\n<\/ul>\n\t\t\t<\/div>\n\t\t<\/div>\n\t\t\t\t<div id=\"qaef-888\" class=\"qe-faq-toggle tuition-fee\">\n\t\t\t<div class=\"qe-toggle-title\">\n\t\t\t\t<h4>\n\t\t\t\t\t<i class=\"fa fa-minus-circle\"><\/i> What are the banking details of Semmelweis University for tuition fee payment in USD?\t\t\t\t<\/h4>\n\t\t\t<\/div>\n\t\t\t<div class=\"qe-toggle-content\">\n\t\t\t\t<p>If you are a <strong>student already<\/strong> and you have your <strong>Neptun ID<\/strong> you may use the following <strong>collective account<\/strong>\u00a0to pay your tuition fee (in <strong>USD<\/strong>):<\/p>\n<p>Account holder: <strong>Semmelweis University<\/strong><br \/>\nAccount Number (IBAN):\u00a0<strong>HU69 11763842 00883018 00000000<\/strong><br \/>\nBank name:\u00a0<strong>OTP Bank<\/strong><br \/>\nBank address:\u00a0<strong>N\u00e1dor utca 6., 1051 Budapest, Hungary<\/strong><br \/>\nSWIFT code (BIC):\u00a0<strong>OTPVHUHB<\/strong><\/p>\n<p><strong>For automatic identification, the student\u2019s Neptun ID (code) must be entered in the comment field when making the transfer: e.g. NK-123ABC<\/strong> <em>(NK = Neptun K\u00f3d)<\/em><\/p>\n<p><strong>Please keep in mind that the USD collective account can only settle USD payment items.<\/strong><\/p>\n\t\t\t<\/div>\n\t\t<\/div>\n\t\t\t\t<div id=\"qaef-887\" class=\"qe-faq-toggle tuition-fee\">\n\t\t\t<div class=\"qe-toggle-title\">\n\t\t\t\t<h4>\n\t\t\t\t\t<i class=\"fa fa-minus-circle\"><\/i> Am I eligible for a scholarship\/discount?\t\t\t\t<\/h4>\n\t\t\t<\/div>\n\t\t\t<div class=\"qe-toggle-content\">\n\t\t\t\t<p>Tuition fee can be reduced\/allowance can be given in the following cases:<\/p>\n<p><strong>1. Excellent study record<\/strong><\/p>\n<p>Please refer to our dedicated webpage <a href=\"https:\/\/semmelweis.hu\/registrar\/information\/scholarships\/scholarship-for-outstanding-academic-achievement\/\" target=\"_blank\" rel=\"noopener\">here<\/a>.<\/p>\n<p><strong>2.<\/strong> <strong>Registered subjects<\/strong><\/p>\n<ul>\n<li>A student who registered for a maximum of one normal or FM (exempted) course in a given semester may receive a 50% reduction in the tuition fee \u2013 regardless of the number of CV (exam only) exam courses registered.<\/li>\n<li>A 3rd, 4th or 5th year student of Dentistry are exempted upon request from paying the material fee, which is paid beyond the tuition fee, if he\/she does not register for any of the specialization subjects defined by the Faculty in the given semester as a normal (i.e., not CV or FM) course.<\/li>\n<li>To submit a request, please use the available request forms in your faculty&#8217;s menu.<\/li>\n<\/ul>\n<p><strong>3. Clinical practice (Faculty of Medicine only)<\/strong><\/p>\n<p>Medical students may receive a 20% discount on their annual tuition fee if they spend the entire permitted period of the <strong>6th year\u2019s<\/strong> clinical practice abroad <em>(except for the obligatory internships at the University \u2013 if any)<\/em>. The acceptance declarations of the foreign training institutes must be attached to the application.<\/p>\n<p><strong>4. Teaching Assistant (TA) activity<\/strong><\/p>\n<p>Students whose application for teaching assistant work has been accepted by the department and the Dean of the Faculty may be eligible for an allowance of 300 USD if the below criteria are met:<\/p>\n<ul>\n<li>The student applies for teaching assistance work starting from the first semester of the academic year and<\/li>\n<li>the contract of their assignment is written out for 10 months.<\/li>\n<\/ul>\n<p>You can find more information about Teaching Assistant work application below: <a href=\"https:\/\/semmelweis.hu\/registrar\/medicine\/t_a-apply-medicine\/\" target=\"_blank\" rel=\"noopener noreferrer\">T.A. (TEACHING ASSISTANT) application opportunities &#8211; Medicine<\/a> <a href=\"https:\/\/semmelweis.hu\/registrar\/dentistry\/t_a-apply-dentistry\/\" target=\"_blank\" rel=\"noopener noreferrer\">T.A. (TEACHING ASSISTANT) application opportunities &#8211; Dentistry<\/a> <a href=\"https:\/\/semmelweis.hu\/registrar\/pharmaceutical-sciences\/t_a-apply-pharma\/\" target=\"_blank\" rel=\"noopener noreferrer\">T.A. (TEACHING ASSISTANT) application opportunities &#8211; Pharmaceutical Sciences<\/a><\/p>\n<p><strong>5. Community work<\/strong><\/p>\n<p>Regarding community work you may contact ISSA (International Semmelweis Students Association) or H\u00d6K (Hallgat\u00f3i \u00d6nkorm\u00e1nyzat\/Student Council).<\/p>\n\t\t\t<\/div>\n\t\t<\/div>\n\t\t            <\/div>\n\t\t\n","protected":false},"excerpt":{"rendered":"<p>Tuition fee can be reduced\/allowance can be given in the following cases: 1. Excellent study record Please refer to our dedicated webpage <a href=\"https:\/\/semmelweis.hu\/registrar\/information\/scholarships\/scholarship-for-outstanding-academic-achievement\/\" target=\"_blank\" rel=\"noopener\">here<\/a> . 2. Registered subjects A student who registered for a maximum of one normal or FM (exempted) course in a given semester may receive a 50% reduction in the tuition fee \u2013 regardless &hellip;<\/p>\n","protected":false},"author":102041,"featured_media":0,"parent":35,"menu_order":120,"comment_status":"closed","ping_status":"closed","template":"template-fullwidth.php","meta":{"_acf_changed":false,"footnotes":""},"categories":[],"tags":[],"class_list":["post-731","page","type-page","status-publish","hentry"],"acf":[],"_links":{"self":[{"href":"https:\/\/semmelweis.hu\/registrar\/wp-json\/wp\/v2\/pages\/731","targetHints":{"allow":["GET"]}}],"collection":[{"href":"https:\/\/semmelweis.hu\/registrar\/wp-json\/wp\/v2\/pages"}],"about":[{"href":"https:\/\/semmelweis.hu\/registrar\/wp-json\/wp\/v2\/types\/page"}],"author":[{"embeddable":true,"href":"https:\/\/semmelweis.hu\/registrar\/wp-json\/wp\/v2\/users\/102041"}],"replies":[{"embeddable":true,"href":"https:\/\/semmelweis.hu\/registrar\/wp-json\/wp\/v2\/comments?post=731"}],"version-history":[{"count":6,"href":"https:\/\/semmelweis.hu\/registrar\/wp-json\/wp\/v2\/pages\/731\/revisions"}],"predecessor-version":[{"id":3873,"href":"https:\/\/semmelweis.hu\/registrar\/wp-json\/wp\/v2\/pages\/731\/revisions\/3873"}],"up":[{"embeddable":true,"href":"https:\/\/semmelweis.hu\/registrar\/wp-json\/wp\/v2\/pages\/35"}],"wp:attachment":[{"href":"https:\/\/semmelweis.hu\/registrar\/wp-json\/wp\/v2\/media?parent=731"}],"wp:term":[{"taxonomy":"category","embeddable":true,"href":"https:\/\/semmelweis.hu\/registrar\/wp-json\/wp\/v2\/categories?post=731"},{"taxonomy":"post_tag","embeddable":true,"href":"https:\/\/semmelweis.hu\/registrar\/wp-json\/wp\/v2\/tags?post=731"}],"curies":[{"name":"wp","href":"https:\/\/api.w.org\/{rel}","templated":true}]}}