{"id":704,"date":"2022-06-02T13:52:27","date_gmt":"2022-06-02T11:52:27","guid":{"rendered":"https:\/\/semmelweis.hu\/registrar\/?page_id=704"},"modified":"2022-10-13T14:51:49","modified_gmt":"2022-10-13T12:51:49","slug":"accomodation","status":"publish","type":"page","link":"https:\/\/semmelweis.hu\/registrar\/faq-aok-fok-gytk\/accomodation\/","title":{"rendered":"Accomodation"},"content":{"rendered":"<p class=\"faq\">            <div class=\"qae-faqs-container qae-faqs-toggle-container\">\n\t\t\t\t\t\t\t<ul class=\"qe-faqs-filters-container\">\n\t\t\t\t<li class=\"active\"><a class=\"qe-faqs-filter all-faqs\" href=\"#\" data-filter=\"*\">All<\/a><\/li>\n\t\t\t\t<li><a class=\"qe-faqs-filter\" href=\"#accomodation\" data-filter=\".accomodation\">Accomodation<\/a><\/li>\t\t\t<\/ul>\n\t\t\t\t\t<div id=\"qaef-782\" class=\"qe-faq-toggle accomodation\">\n\t\t\t<div class=\"qe-toggle-title\">\n\t\t\t\t<h4>\n\t\t\t\t\t<i class=\"fa fa-minus-circle\"><\/i> Does Semmelweis University provide any dormitories?\t\t\t\t<\/h4>\n\t\t\t<\/div>\n\t\t\t<div class=\"qe-toggle-content\">\n\t\t\t\t<p>As the dormitory spots are limited and only available on the basis of social and financial needs you have to apply for it.<br \/>\nInformation is available here:<br \/>\n<a href=\"https:\/\/semmelweis.hu\/hok\/en\/committees-of-the-students-union\/dormitory-commission-and-dormitory-subcommissions\/\" target=\"_blank\" rel=\"noopener noreferrer\">Student\u2019s Union \u2013 DORMITORY COMMITTEE<\/a><\/p>\n<p>Please be informed that the Commitee makes the decisions only in August. This might be a bit late for you <strong>if<\/strong> you are a freshman and obliged to have a visa for entering Hungary.<\/p>\n\t\t\t<\/div>\n\t\t<\/div>\n\t\t\t\t<div id=\"qaef-783\" class=\"qe-faq-toggle accomodation\">\n\t\t\t<div class=\"qe-toggle-title\">\n\t\t\t\t<h4>\n\t\t\t\t\t<i class=\"fa fa-minus-circle\"><\/i> How to find an apartment?\t\t\t\t<\/h4>\n\t\t\t<\/div>\n\t\t\t<div class=\"qe-toggle-content\">\n\t\t\t\t<p>Semmelweis Housing helps you to find your new home.<br \/>\nYou may find more detailed information here: <a href=\"https:\/\/semmelweishousing.com\" target=\"_blank\" rel=\"noopener noreferrer\">Semmelweis Housing<\/a><\/p>\n\t\t\t<\/div>\n\t\t<\/div>\n\t\t\t\t<div id=\"qaef-784\" class=\"qe-faq-toggle accomodation\">\n\t\t\t<div class=\"qe-toggle-title\">\n\t\t\t\t<h4>\n\t\t\t\t\t<i class=\"fa fa-minus-circle\"><\/i> Do I need to have an official address in Hungary?\t\t\t\t<\/h4>\n\t\t\t<\/div>\n\t\t\t<div class=\"qe-toggle-content\">\n\t\t\t\t<p>If you are a student coming from outside the EU &amp; EEA region, you will need an official address in Hungary to obtain a Residence Permit. And just like everybody else, you would have to live somewhere during your studies. Renting your apartment is your responsibility and rental prices vary according to personal needs.<\/p>\n\t\t\t<\/div>\n\t\t<\/div>\n\t\t\t\t<div id=\"qaef-785\" class=\"qe-faq-toggle accomodation\">\n\t\t\t<div class=\"qe-toggle-title\">\n\t\t\t\t<h4>\n\t\t\t\t\t<i class=\"fa fa-minus-circle\"><\/i> Where are Semmelweis University campus buildings located?\t\t\t\t<\/h4>\n\t\t\t<\/div>\n\t\t\t<div class=\"qe-toggle-content\">\n\t\t\t\t<p>Most of Semmelweis University\u2019s campus buildings are located in the 8th and 9th districts of Budapest, therefore, it is convenient to look for an apartment in these districts or in the neighbouring ones. Prices range from about 230 Euro\/room and about 400 Euros\/studio in the central districts of Budapest.<br \/>\nYou may watch our short video series about Semmelweis campus: <a href=\"https:\/\/www.youtube.com\/watch?v=t38I_ZD7USY&amp;\" target=\"_blank\" rel=\"noopener noreferrer\">Showtime \u2013 The finest campus<\/a><\/p>\n\t\t\t<\/div>\n\t\t<\/div>\n\t\t\t\t<div id=\"qaef-786\" class=\"qe-faq-toggle accomodation\">\n\t\t\t<div class=\"qe-toggle-title\">\n\t\t\t\t<h4>\n\t\t\t\t\t<i class=\"fa fa-minus-circle\"><\/i> Does Semmelweis University offer any accomodations in the neighborhood of the campus?\t\t\t\t<\/h4>\n\t\t\t<\/div>\n\t\t\t<div class=\"qe-toggle-content\">\n\t\t\t\t<p>Let us offer you the <a href=\"https:\/\/www.google.hu\/maps\/place\/Dean's+College+Hotel\/@47.4815128,19.0762078,17z\/data=!3m1!4b1!4m8!3m7!1s0x4741ddd7ad0c3381:0xa409a5abc16ce804!5m2!4m1!1i2!8m2!3d47.4814484!4d19.07832\" target=\"_blank\" rel=\"noopener noreferrer\">Dean\u2019s College Hotel<\/a>, which is just across the street of <a href=\"https:\/\/www.google.hu\/maps\/place\/Semmelweis+Egyetem+-+Elm\u00e9leti+Orvostudom\u00e1nyi+K\u00f6zpont\/@47.4811383,19.0754179,17z\/data=!3m1!4b1!4m5!3m4!1s0x4741dc57e9ebfda9:0xa7ceb3b2a25d561f!8m2!3d47.4811347!4d19.0776066\" target=\"_blank\" rel=\"noopener noreferrer\">EOK building<\/a> (Basic Medical Science Center).<\/p>\n<p><i>\u2018Dean\u2019s College Hotel is looking for bright, brave and beautiful young minds aroundthe world.<br \/>\nJust be your amazing self and let the Dean take care of everything else. Apply if youare studying in Budapest!<br \/>\nApartments are located right next to the building of SE EOK and include everything that you can expect from your new home in Budapest: these cosy apartments come with a single, a twin or queen bed, an in-room bathroom, a fully equipped kitchenette and much more.<br \/>\nThis modern furnished apartment all-inclusive rate includes:<\/i><\/p>\n<ul>\n<li><i>high-speed wi-fi, heating, air conditioning, all utility,<\/i><\/li>\n<li><i>study lounges, free gym, rooftop terrace,<\/i><\/li>\n<li><i>24\/7 security and reception services, resident manager and on-site technician,<\/i><\/li>\n<li><i>strong community \u2013 with 418 apartments; you will find your BFF.<\/i><\/li>\n<\/ul>\n<p><i>For more information check out their website: <a href=\"http:\/\/www.deanscollegehotel.com.\" target=\"_blank\" rel=\"noopener noreferrer\">www.deanscollegehotel.com.<\/a>\u2018<\/i><\/p>\n<p>You may also check the <a href=\"https:\/\/semmelweis.hu\/registrar\/files\/2022\/11\/Deans-College-Hotel-presentation_Student_SE-2023.pdf\" target=\"_blank\" rel=\"noopener noreferrer\">presentation of Dean\u2019s College Hotel<\/a>.<\/p>\n\t\t\t<\/div>\n\t\t<\/div>\n\t\t\t\t<div id=\"qaef-787\" class=\"qe-faq-toggle accomodation\">\n\t\t\t<div class=\"qe-toggle-title\">\n\t\t\t\t<h4>\n\t\t\t\t\t<i class=\"fa fa-minus-circle\"><\/i> Where can I find more detailed information on the neighborhood of the University?\t\t\t\t<\/h4>\n\t\t\t<\/div>\n\t\t\t<div class=\"qe-toggle-content\">\n\t\t\t\t<p>Most of Semmelweis University\u2019s campus buildings are located in the <strong>8th<\/strong> and <strong>9th<\/strong> districts of Budapest. You can check the following links for more detailed information about the neighborhood of the campus.<br \/>\n<strong>District 8:<\/strong><br \/>\n<a href=\"https:\/\/www.offbeatbudapest.com\/budapest-city-guide\/neighborhoods\/jozsefvaros-district-8\/\" target=\"_blank\" rel=\"noopener noreferrer\">https:\/\/www.offbeatbudapest.com\/budapest-city-guide\/neighborhoods\/jozsefvaros-district-8\/<\/a><br \/>\n<strong>District 9:<\/strong><br \/>\n<a href=\"https:\/\/www.offbeatbudapest.com\/budapest-city-guide\/neighborhoods\/ferencvaros-district-9\/\" target=\"_blank\" rel=\"noopener noreferrer\">https:\/\/www.offbeatbudapest.com\/budapest-city-guide\/neighborhoods\/ferencvaros-district-9\/<\/a><\/p>\n<p>You may find more details about Hungary and the life in Budapest and <em>so much more\u2026<\/em> on this site: <a href=\"https:\/\/www.offbeatbudapest.com\/budapest-city-guide\/\" target=\"_blank\" rel=\"noopener noreferrer\">https:\/\/www.offbeatbudapest.com\/budapest-city-guide\/<\/a><\/p>\n\t\t\t<\/div>\n\t\t<\/div>\n\t\t            <\/div>\n\t\t<\/p>\n","protected":false},"excerpt":{"rendered":"<p>Most of Semmelweis University\u2019s campus buildings are located in the 8th and 9th districts of Budapest. You can check the following links for more detailed information about the neighborhood of the campus. District 8: <a href=\"https:\/\/www.offbeatbudapest.com\/budapest-city-guide\/neighborhoods\/jozsefvaros-district-8\/\" target=\"_blank\" rel=\"noopener noreferrer\">https:\/\/www.offbeatbudapest.com\/budapest-city-guide\/neighborhoods\/jozsefvaros-district-8\/<\/a> District 9: <a href=\"https:\/\/www.offbeatbudapest.com\/budapest-city-guide\/neighborhoods\/ferencvaros-district-9\/\" target=\"_blank\" rel=\"noopener noreferrer\">https:\/\/www.offbeatbudapest.com\/budapest-city-guide\/neighborhoods\/ferencvaros-district-9\/<\/a> You may find more details about Hungary and the life in Budapest and so much more\u2026 on this site: &hellip;<\/p>\n","protected":false},"author":102041,"featured_media":0,"parent":35,"menu_order":10,"comment_status":"closed","ping_status":"closed","template":"template-fullwidth.php","meta":{"_acf_changed":false,"footnotes":""},"categories":[],"tags":[],"class_list":["post-704","page","type-page","status-publish","hentry"],"acf":[],"_links":{"self":[{"href":"https:\/\/semmelweis.hu\/registrar\/wp-json\/wp\/v2\/pages\/704","targetHints":{"allow":["GET"]}}],"collection":[{"href":"https:\/\/semmelweis.hu\/registrar\/wp-json\/wp\/v2\/pages"}],"about":[{"href":"https:\/\/semmelweis.hu\/registrar\/wp-json\/wp\/v2\/types\/page"}],"author":[{"embeddable":true,"href":"https:\/\/semmelweis.hu\/registrar\/wp-json\/wp\/v2\/users\/102041"}],"replies":[{"embeddable":true,"href":"https:\/\/semmelweis.hu\/registrar\/wp-json\/wp\/v2\/comments?post=704"}],"version-history":[{"count":9,"href":"https:\/\/semmelweis.hu\/registrar\/wp-json\/wp\/v2\/pages\/704\/revisions"}],"predecessor-version":[{"id":5491,"href":"https:\/\/semmelweis.hu\/registrar\/wp-json\/wp\/v2\/pages\/704\/revisions\/5491"}],"up":[{"embeddable":true,"href":"https:\/\/semmelweis.hu\/registrar\/wp-json\/wp\/v2\/pages\/35"}],"wp:attachment":[{"href":"https:\/\/semmelweis.hu\/registrar\/wp-json\/wp\/v2\/media?parent=704"}],"wp:term":[{"taxonomy":"category","embeddable":true,"href":"https:\/\/semmelweis.hu\/registrar\/wp-json\/wp\/v2\/categories?post=704"},{"taxonomy":"post_tag","embeddable":true,"href":"https:\/\/semmelweis.hu\/registrar\/wp-json\/wp\/v2\/tags?post=704"}],"curies":[{"name":"wp","href":"https:\/\/api.w.org\/{rel}","templated":true}]}}