{"id":57,"date":"2022-02-07T10:53:11","date_gmt":"2022-02-07T09:53:11","guid":{"rendered":"https:\/\/semmelweis.hu\/registrar\/?page_id=57"},"modified":"2024-09-27T10:14:13","modified_gmt":"2024-09-27T08:14:13","slug":"health-insurance","status":"publish","type":"page","link":"https:\/\/semmelweis.hu\/registrar\/information\/health-insurance\/","title":{"rendered":"Health insurance"},"content":{"rendered":"<div class=\"responsive-tabs\">\n<h2 class=\"tabtitle\"><strong>SE Premium from 2024\/25<\/strong><\/h2>\n<div class=\"tabcontent\">\n\n<div class=\"scholarship_item\"><span class=\"scholarship_num\">\u00a0\u00a0<\/span><a class=\"scholarship_link shadow-sm\" href=\"https:\/\/www.semmelweispremium.hu\/en\/health-service\" target=\"_blank\" rel=\"noopener\"><img decoding=\"async\" class=\"scholarship_dbl\" src=\"https:\/\/semmelweis.hu\/registrar\/files\/2024\/09\/SEPr_logo.png\" alt=\"\" \/><\/a><\/div>\n<div>\u00a0<\/div>\n<p>A basic health insurance for Hungary is\u00a0<strong>a prerequisite for registration\u00a0<\/strong>at the University.<\/p>\n<p>A special insurance is provided for our students, and <strong>its fee is included in the tuition fee<\/strong>.<\/p>\n<p>Insurance through SEPremium is only available for students who have enrolled <strong>since the 2024\/25 academic year.<\/strong><\/p>\n<div class=\"keretes w-100\">\n<p>For students who enrolled from the 2024\/25 academic year: <a href=\"https:\/\/www.semmelweispremium.hu\/en\/health-service\" target=\"_blank\" rel=\"noopener\">https:\/\/www.semmelweispremium.hu\/en\/health-service<\/a> <br \/>\nCall center phone number: <strong>+36-1-776-7300<br \/>\n<\/strong><\/p>\n<p>In case of accident or <strong>emergency<\/strong> please call: <strong>112<\/strong><\/p>\n<\/div>\n<p>The service includes an English speaking call center, GP-service and treatment at the Polyclinics and Clinics of Semmelweis University.<\/p>\n<p><strong>As long as you pay your tuition fee each semester and you are a registered active student, this insurance is automatically renewed until the end of your studies.<\/strong><\/p>\n<p>The Hungarian health insurance provided by the University is only valid from the date of enrolling at the University.<\/p>\n<p>The health insurance is automatically suspended, if the student registers for a passive semester.<\/p>\n\n<\/div><h2 class=\"tabtitle\"><strong>Enrolled before 2024\/25<\/strong><\/h2>\n<div class=\"tabcontent\">\n\n<div class=\"scholarship_item\"><span class=\"scholarship_num\">\u00a0\u00a0<\/span><a class=\"scholarship_link shadow-sm\" href=\"https:\/\/semmelweiskft.hu\/site\/for-semmelweis-students\" target=\"_blank\" rel=\"noopener\"><img decoding=\"async\" class=\"scholarship_dbl\" src=\"https:\/\/semmelweis.hu\/registrar\/files\/2022\/10\/se-egeszsegugyi_image_dbl.png\" alt=\"\" \/><\/a><\/div>\n<div>\u00a0<\/div>\n<p>A basic health insurance for Hungary is\u00a0<strong>a prerequisite for registration\u00a0<\/strong>at the University.<\/p>\n<p>A special insurance is provided for our students, and <strong>its fee is included in the tuition fee<\/strong>.<\/p>\n<p>Insurance through Generali Biztos\u00edt\u00f3 Zrt. is only available for students who have enrolled <strong>before the 2024\/25 academic year.<\/strong><\/p>\n<div class=\"keretes w-100\">\n<p>Generali Assistance phone every day<strong> 0-24 hours<\/strong>: <strong>+36-1-465-3784<br \/>\n<\/strong><\/p>\n<p>In case of accident or <strong>emergency<\/strong> please call: <strong>112<\/strong><\/p>\n<\/div>\n<p>The insurance is provided by Generali Biztos\u00edt\u00f3 Zrt., through our intermediary, Semmelweis Eg\u00e9szs\u00e9g\u00fcgyi Kft.<\/p>\n<p>The service includes an English speaking call center, GP-service and treatment at the Polyclinics and Clinics of Semmelweis University.<\/p>\n<p><strong>As long as you pay your tuition fee each semester and you are a registered active student, this insurance is automatically renewed until the end of your studies.<\/strong><\/p>\n<p>The Hungarian health insurance provided by the University is only valid from the date of enrolling at the University.<\/p>\n<p>The health insurance is automatically suspended, if the student registers for a passive semester.<\/p>\n<div class=\"arany_keret w-100\">\n<h6>New online appointment booking system available <a href=\"https:\/\/eoperation.europ-assistance.hu\/health\/sek\/en-HUN\" target=\"_blank\" rel=\"noopener\">here.<\/a><\/h6>\n<p><a href=\"https:\/\/semmelweis.hu\/registrar\/files\/2023\/07\/23968_EA-Studium-idopont-foglalo_EN_final.pdf\" target=\"_blank\" rel=\"noopener\">Studium Free-For-Service Health Insurance online booking of GP appointments<\/a> <small>(pdf)<\/small><\/div>\n<\/div><\/div>\n","protected":false},"excerpt":{"rendered":"<p>\u00a0\u00a0 <a class=\"scholarship_link shadow-sm\" href=\"https:\/\/www.semmelweispremium.hu\/en\/health-service\" target=\"_blank\" rel=\"noopener\"><\/a> \u00a0 A basic health insurance for Hungary is\u00a0a prerequisite for registration\u00a0at the University. A special insurance is provided for our students, and its fee is included in the tuition fee. Insurance through SEPremium is only available for students who have enrolled since the 2024\/25 academic year. For students who enrolled from the 2024\/25 academic &hellip;<\/p>\n","protected":false},"author":12,"featured_media":0,"parent":19,"menu_order":100,"comment_status":"closed","ping_status":"closed","template":"template-fullwidth.php","meta":{"_acf_changed":false,"footnotes":""},"categories":[],"tags":[],"class_list":["post-57","page","type-page","status-publish","hentry"],"acf":[],"_links":{"self":[{"href":"https:\/\/semmelweis.hu\/registrar\/wp-json\/wp\/v2\/pages\/57","targetHints":{"allow":["GET"]}}],"collection":[{"href":"https:\/\/semmelweis.hu\/registrar\/wp-json\/wp\/v2\/pages"}],"about":[{"href":"https:\/\/semmelweis.hu\/registrar\/wp-json\/wp\/v2\/types\/page"}],"author":[{"embeddable":true,"href":"https:\/\/semmelweis.hu\/registrar\/wp-json\/wp\/v2\/users\/12"}],"replies":[{"embeddable":true,"href":"https:\/\/semmelweis.hu\/registrar\/wp-json\/wp\/v2\/comments?post=57"}],"version-history":[{"count":11,"href":"https:\/\/semmelweis.hu\/registrar\/wp-json\/wp\/v2\/pages\/57\/revisions"}],"predecessor-version":[{"id":6328,"href":"https:\/\/semmelweis.hu\/registrar\/wp-json\/wp\/v2\/pages\/57\/revisions\/6328"}],"up":[{"embeddable":true,"href":"https:\/\/semmelweis.hu\/registrar\/wp-json\/wp\/v2\/pages\/19"}],"wp:attachment":[{"href":"https:\/\/semmelweis.hu\/registrar\/wp-json\/wp\/v2\/media?parent=57"}],"wp:term":[{"taxonomy":"category","embeddable":true,"href":"https:\/\/semmelweis.hu\/registrar\/wp-json\/wp\/v2\/categories?post=57"},{"taxonomy":"post_tag","embeddable":true,"href":"https:\/\/semmelweis.hu\/registrar\/wp-json\/wp\/v2\/tags?post=57"}],"curies":[{"name":"wp","href":"https:\/\/api.w.org\/{rel}","templated":true}]}}