{"id":3460,"date":"2022-10-09T17:19:04","date_gmt":"2022-10-09T15:19:04","guid":{"rendered":"https:\/\/semmelweis.hu\/registrar\/?page_id=3460"},"modified":"2025-06-05T13:05:22","modified_gmt":"2025-06-05T11:05:22","slug":"for-graduates-pharma","status":"publish","type":"page","link":"https:\/\/semmelweis.hu\/registrar\/pharmaceutical-sciences\/for-graduates-pharma\/","title":{"rendered":"For graduates"},"content":{"rendered":"<h1>Informations for graduates<\/h1>\n<h2>Related study regulation and policy<\/h2>\n<p>It is essential that our students be familiar with the Study and Examination Regulations, which contain all the important information and procedures they will encounter during their time at the University.<\/p>\n<ul class=\"regulations\">\n<li><a href=\"https:\/\/semmelweis.hu\/registrar\/2022\/08\/31\/table-of-contents-se-study-and-examination-regulations\/\" target=\"_blank\" rel=\"noopener noreferrer\">Semmelweis University Study and Examination Regulations &#8211; Table of contents<\/a><\/li>\n<li>\n<h4>10. PRE-DEGREE CERTIFICATE, DIPLOMA WORK, FINAL EXAMINATION<\/h4>\n<p><a href=\"https:\/\/semmelweis.hu\/registrar\/2022\/07\/15\/article-45-pre-degree-certificate-absolutorium\/\" target=\"_blank\" rel=\"noopener noreferrer\">ARTICLE 45 [PRE-DEGREE CERTIFICATE (ABSOLUTORIUM)]<\/a><br \/>\n<a href=\"https:\/\/semmelweis.hu\/registrar\/2022\/07\/15\/article-46-thesis-diploma-work\/\" target=\"_blank\" rel=\"noopener noreferrer\">ARTICLE 46 [THESIS \/ DIPLOMA WORK] <\/a><br \/>\n<a href=\"https:\/\/semmelweis.hu\/registrar\/2022\/07\/15\/article-47-final-examination\/\" target=\"_blank\" rel=\"noopener noreferrer\">ARTICLE 47 [FINAL EXAMINATION]<\/a><\/li>\n<li>\n<h4>11. THE DIPLOMA<\/h4>\n<p><a href=\"https:\/\/semmelweis.hu\/registrar\/2022\/07\/15\/article-48-general-regulations-regarding-the-diploma\/\" target=\"_blank\" rel=\"noopener noreferrer\">ARTICLE 48 [GENERAL REGULATIONS REGARDING THE DIPLOMA]<\/a><br \/>\n<a href=\"https:\/\/semmelweis.hu\/registrar\/2022\/09\/01\/article-49-special-regulations-regarding-the-diploma-and-the-grading-of-the-degree-at-the-faculties-of-medicine-dentistry-and-pharmaceutical-sciences\/\" target=\"_blank\" rel=\"noopener noreferrer\">ARTICLE 49 [SPECIAL REGULATIONS REGARDING THE DIPLOMA AND THE QUALIFICATIONS OF THE DIPLOMA AT THE FACULTY OF MEDICINE, THE FACULTY OF DENTISTRY AND THE FACULTY OF PHARMACEUTICAL SCIENCES]<\/a><br \/>\n<a href=\"https:\/\/semmelweis.hu\/registrar\/2022\/09\/01\/article-50-special-regulations-regarding-the-diploma-and-the-degree-grading-at-the-faculty-of-health-sciences\/\" target=\"_blank\" rel=\"noopener noreferrer\">ARTICLE 50 [SPECIAL REGULATIONS REGARDING THE DIPLOMA AND THE DEGREE GRADING AT THE FACULTY OF HEALTH SCIENCES]<\/a><br \/>\n<a href=\"https:\/\/semmelweis.hu\/registrar\/2022\/09\/01\/article-51-special-regulations-regarding-the-diploma-and-the-grading-of-the-degree-at-the-faculty-of-health-sciences-and-public-services\/\" target=\"_blank\" rel=\"noopener noreferrer\">ARTICLE 51 [SPECIAL REGULATIONS REGARDING THE DIPLOMA AND THE DEGREE GRADING AT THE FACULTY OF HEALTH SCIENCES AND PUBLIC SERVICES]<\/a><br \/>\n<a href=\"https:\/\/semmelweis.hu\/registrar\/2022\/07\/15\/article-52-special-regulations-regarding-the-diploma-and-the-grading-of-the-degree-at-the-pak\/\" target=\"_blank\" rel=\"noopener noreferrer\">ARTICLE 52 [SPECIAL REGULATIONS REGARDING THE DIPLOMA AND THE GRADING OF THE DEGREE AT THE ANDR\u00c1S PET\u0150 FACULTY]<\/a><\/li>\n<\/ul>\n<h2>Correctness of data on the diploma<\/h2>\n<div class=\"piros_keret w-100\">\n<p><i class=\"fa fa-external-link-square\" aria-hidden=\"true\"><\/i><a href=\"https:\/\/semmelweis.hu\/registrar\/pharmaceutical-sciences\/for-graduates-pharma\/data-correction-pharma\/\" target=\"_blank\" rel=\"noopener noreferrer\"> Diploma data correction online form <\/a><\/p>\n<p>Please note that your personal <strong>data in Neptun<\/strong> will be reflected on your diploma. <strong>It only takes a one-letter typo to get your postgraduate studies stalled or failed. <\/strong> A duplicate diploma requires a permission, takes a long time to obtain and has to be paid for. In addition to your personal details, it is also very important that your <strong>mother&#8217;s maiden name is entered correctly<\/strong>. Make sure your mother&#8217;s birth name is in Neptune, not her married name. This information is required for medical registration. <strong>If the information is incorrect, they will not be able to give you a registration number.<\/strong><\/div>\n<div class=\"w-100\">\n<p>Therefore, we ask that you keep your personal data up-to-date in the NEPTUN system:<\/p>\n<div class=\"row\">\n<div class=\"col-1 px-2 pt-3\">\u00a0<\/div>\n<div class=\"col-3 px-2 pt-3\">Name<\/div>\n<div class=\"col-8 px-2 pt-3\">Family name (surname\/last name): &#8230;<br \/>\nFirst name (given name): &#8230;<br \/>\nMiddle name:<\/div>\n<\/div>\n<div class=\"row\">\n<div class=\"col-1 px-2 pt-3\">\u00a0<\/div>\n<div class=\"col-3 px-2 pt-3\">Name of Birth:<\/div>\n<div class=\"col-8 px-2 pt-3\">Family name (surname\/last name): &#8230;<br \/>\nFirst name (given name): &#8230;<br \/>\nMiddle name:<\/div>\n<\/div>\n<div class=\"row\">\n<div class=\"col-1 px-2 pt-3\">\u00a0<\/div>\n<div class=\"col-3 px-2 pt-3\">Mother&#8217;s name:<br \/>\n(maiden name\/before marriage\/name at birth)<\/div>\n<div class=\"col-8 px-2 pt-3\">Family name (surname\/last name): &#8230;<br \/>\nFirst name (given name): &#8230;<br \/>\nMiddle name:<\/div>\n<\/div>\n<div class=\"row\">\n<div class=\"col-1 px-2 pt-3\">\u00a0<\/div>\n<div class=\"col-3 px-2 pt-3\">Date and place of birth:<\/div>\n<div class=\"col-8 px-2 pt-3\">Date: &#8230;<br \/>\nCountry: &#8230;<br \/>\nCity:<\/div>\n<\/div>\n<div class=\"row\">\n<div class=\"col-1 px-2 pt-3\">\u00a0<\/div>\n<div class=\"col-3 px-2 pt-3\">Nationality:<\/div>\n<div class=\"col-8 px-2 pt-3\">&#8230;<\/div>\n<\/div>\n<div class=\"row\">\n<div class=\"col-1 px-2 pt-3\">\u00a0<\/div>\n<div class=\"col-3 px-2 pt-3\">Permanent address:<\/div>\n<div class=\"col-8 px-2 pt-3\">street name, house number, floor, door number&gt; &#8230;<br \/>\nCity\/Town: &#8230;<br \/>\nPostal code\/ZIP code: &#8230;<br \/>\nCountry: &#8230;<\/div>\n<\/div>\n<p>&nbsp;<\/p>\n<h2>About Graduation Ceremony<\/h2>\n<p>It is usually held on the last Saturday in June (date may change).<\/p>\n<p><strong>Usual Place:<\/strong> <strong>Papp L\u00e1szl\u00f3 Budapest Sportar\u00e9na<\/strong> <small>(location may change)<\/small> <a href=\"https:\/\/www.google.com\/maps\/search\/1143+Budapest+Stef\u00e1nia+\u00fat+2\" target=\"_blank\" rel=\"noopener noreferrer\">Budapest, 1143, Stef\u00e1nia \u00fat 2<\/a> <strong>On the Ceremony formal attire (Black robe, white gloves) is required, please wear white gloves when you shake hands with the Rector and the Deans. <\/strong><\/p>\n<div class=\"arany_keret w-100\"><strong>BLACK ROBE:<\/strong><\/p>\n<p>Place of picking up the robe\/cap: NET Building, Hallgat\u00f3i \u00d6nkorm\u00e1nyzat Di\u00e1kcentruma, Nagyv\u00e1rad t\u00e9r 4. 1st floor. <\/p>\n<p><strong>You need to pay deposit for the robe, that is refunded when returning the robe and cap undamaged and in time.<\/strong> There some cost for cleaning service, that is not refundable (cost of robe&#8217;s cleaning, the buttons&#8217;s replacement). White gloves are available at the same time (not refundable, you can keep the gloves). In case the time is not convenient, a friend\/classmate\/can take it for you.<\/p>\n<\/div>\n<h2>About National Directorate General for Hospitals (OKF\u0150)<\/h2>\n<p>In cases of diploma recognition (recognition, certificate of conformity, certificate of good standing, etc.) the contact details are as follows: Telephone: Phone number: 06\/1-919-3336 Monday: 8.30-15.30, Wednesday-Thursday 8.30-15.30, Friday 8.30-13.30 Tuesday: closed Email: recognition@okfo.gov.hu Personally: Every Tuesday 8.30-12:00 and 13:00-15.30 Address: 1085 Budapest, Hor\u00e1nszky street 24. ground floor 010<\/p>\n<p><strong>This brochure aims to briefly summarize the procedures of the OKF\u0150 that may be necessary to access the healthcare profession granted by your diploma, either in Hungary or abroad:<\/strong> <a href=\"https:\/\/semmelweis.hu\/registrar\/files\/2022\/08\/information-for-foreign-graduates_2025.pdf\" target=\"_blank\" rel=\"noopener noreferrer\">INFORMATION FOR FOREIGN GRADUATES<\/a><\/p>\n<h2 class=\"title\"><span class=\"field field--name-title field--type-string field--label-hidden\">Legalisation Procedure of Documents to Be Used Abroad<\/span><\/h2>\n<p><a href=\"https:\/\/konzinfo.mfa.gov.hu\/en\/legalisation-procedure-documents-be-used-abroad\" target=\"_blank\" rel=\"noopener\">Information on the legalisation procedure of documents to be used abroad<\/a><\/p>\n<\/div>\n","protected":false},"excerpt":{"rendered":"<p>Informations for graduates Related study regulation and policy It is essential that our students be familiar with the Study and Examination Regulations, which contain all the important information and procedures they will encounter during their time at the University. <a href=\"https:\/\/semmelweis.hu\/registrar\/2022\/08\/31\/table-of-contents-se-study-and-examination-regulations\/\" target=\"_blank\" rel=\"noopener noreferrer\">Semmelweis University Study and Examination Regulations &#8211; Table of contents<\/a> 10. PRE-DEGREE CERTIFICATE, DIPLOMA WORK, FINAL EXAMINATION <a href=\"https:\/\/semmelweis.hu\/registrar\/2022\/07\/15\/article-45-pre-degree-certificate-absolutorium\/\" target=\"_blank\" rel=\"noopener noreferrer\">ARTICLE 45 [PRE-DEGREE CERTIFICATE (ABSOLUTORIUM)]<\/a> <a href=\"https:\/\/semmelweis.hu\/registrar\/2022\/07\/15\/article-46-thesis-diploma-work\/\" target=\"_blank\" rel=\"noopener noreferrer\">ARTICLE 46 [THESIS \/ DIPLOMA WORK] <\/a> <a href=\"https:\/\/semmelweis.hu\/registrar\/2022\/07\/15\/article-47-final-examination\/\" target=\"_blank\" rel=\"noopener noreferrer\">ARTICLE 47 [FINAL EXAMINATION]<\/a> 11. THE DIPLOMA <a href=\"https:\/\/semmelweis.hu\/registrar\/2022\/07\/15\/article-48-general-regulations-regarding-the-diploma\/\" target=\"_blank\" rel=\"noopener noreferrer\">ARTICLE 48 [GENERAL REGULATIONS REGARDING THE DIPLOMA]<\/a> <a href=\"https:\/\/semmelweis.hu\/registrar\/2022\/09\/01\/article-49-special-regulations-regarding-the-diploma-and-the-grading-of-the-degree-at-the-faculties-of-medicine-dentistry-and-pharmaceutical-sciences\/\" target=\"_blank\" rel=\"noopener noreferrer\">ARTICLE 49 [SPECIAL REGULATIONS REGARDING THE DIPLOMA AND THE QUALIFICATIONS OF THE DIPLOMA AT THE FACULTY OF MEDICINE, THE FACULTY OF DENTISTRY AND THE FACULTY OF PHARMACEUTICAL SCIENCES]<\/a> <a href=\"https:\/\/semmelweis.hu\/registrar\/2022\/09\/01\/article-50-special-regulations-regarding-the-diploma-and-the-degree-grading-at-the-faculty-of-health-sciences\/\" target=\"_blank\" rel=\"noopener noreferrer\">ARTICLE 50 [SPECIAL REGULATIONS REGARDING THE DIPLOMA AND THE DEGREE GRADING AT THE FACULTY OF HEALTH SCIENCES]<\/a> <a href=\"https:\/\/semmelweis.hu\/registrar\/2022\/09\/01\/article-51-special-regulations-regarding-the-diploma-and-the-grading-of-the-degree-at-the-faculty-of-health-sciences-and-public-services\/\" target=\"_blank\" rel=\"noopener noreferrer\">ARTICLE 51 [SPECIAL REGULATIONS REGARDING THE DIPLOMA AND THE DEGREE GRADING AT THE FACULTY OF HEALTH SCIENCES AND PUBLIC SERVICES]<\/a> <a href=\"https:\/\/semmelweis.hu\/registrar\/2022\/07\/15\/article-52-special-regulations-regarding-the-diploma-and-the-grading-of-the-degree-at-the-pak\/\" target=\"_blank\" rel=\"noopener noreferrer\">ARTICLE 52 [SPECIAL REGULATIONS REGARDING THE DIPLOMA AND THE GRADING OF THE DEGREE AT THE ANDR\u00c1S PET\u0150 FACULTY]<\/a> Correctness of data on the diploma &hellip;<\/p>\n","protected":false},"author":101895,"featured_media":0,"parent":33,"menu_order":160,"comment_status":"closed","ping_status":"closed","template":"template-fullwidth.php","meta":{"_acf_changed":false,"footnotes":""},"categories":[],"tags":[],"class_list":["post-3460","page","type-page","status-publish","hentry"],"acf":[],"_links":{"self":[{"href":"https:\/\/semmelweis.hu\/registrar\/wp-json\/wp\/v2\/pages\/3460","targetHints":{"allow":["GET"]}}],"collection":[{"href":"https:\/\/semmelweis.hu\/registrar\/wp-json\/wp\/v2\/pages"}],"about":[{"href":"https:\/\/semmelweis.hu\/registrar\/wp-json\/wp\/v2\/types\/page"}],"author":[{"embeddable":true,"href":"https:\/\/semmelweis.hu\/registrar\/wp-json\/wp\/v2\/users\/101895"}],"replies":[{"embeddable":true,"href":"https:\/\/semmelweis.hu\/registrar\/wp-json\/wp\/v2\/comments?post=3460"}],"version-history":[{"count":5,"href":"https:\/\/semmelweis.hu\/registrar\/wp-json\/wp\/v2\/pages\/3460\/revisions"}],"predecessor-version":[{"id":8568,"href":"https:\/\/semmelweis.hu\/registrar\/wp-json\/wp\/v2\/pages\/3460\/revisions\/8568"}],"up":[{"embeddable":true,"href":"https:\/\/semmelweis.hu\/registrar\/wp-json\/wp\/v2\/pages\/33"}],"wp:attachment":[{"href":"https:\/\/semmelweis.hu\/registrar\/wp-json\/wp\/v2\/media?parent=3460"}],"wp:term":[{"taxonomy":"category","embeddable":true,"href":"https:\/\/semmelweis.hu\/registrar\/wp-json\/wp\/v2\/categories?post=3460"},{"taxonomy":"post_tag","embeddable":true,"href":"https:\/\/semmelweis.hu\/registrar\/wp-json\/wp\/v2\/tags?post=3460"}],"curies":[{"name":"wp","href":"https:\/\/api.w.org\/{rel}","templated":true}]}}