{"id":1632,"date":"2022-07-20T14:43:32","date_gmt":"2022-07-20T12:43:32","guid":{"rendered":"https:\/\/semmelweis.hu\/registrar\/?page_id=1632"},"modified":"2022-10-05T10:28:50","modified_gmt":"2022-10-05T08:28:50","slug":"after-graduation","status":"publish","type":"page","link":"https:\/\/semmelweis.hu\/registrar\/dentistry\/after-graduation\/","title":{"rendered":"After graduation"},"content":{"rendered":"<p>OKF\u0150\/Working in Hungary<\/p>\n<p><a href=\"https:\/\/semmelweis.hu\/registrar\/files\/2022\/07\/Information-for-foreign-graduates_2022.pdf\">Information-for-foreign-graduates_2022<\/a><\/p>\n<p>PHD<\/p>\n<p>https:\/\/semmelweis.hu\/phd\/en\/<\/p>\n<p>Speciality training<\/p>\n<blockquote class=\"wp-embedded-content\" data-secret=\"uv1Ydnqvqm\"><p><a href=\"https:\/\/semmelweis.hu\/fok-tovabbkepzes\/foreigner-trainee-program\/\">English Speciality<\/a><\/p><\/blockquote>\n<p><iframe loading=\"lazy\" class=\"wp-embedded-content\" sandbox=\"allow-scripts\" security=\"restricted\" style=\"position: absolute; clip: rect(1px, 1px, 1px, 1px);\" title=\"&#8220;English Speciality&#8221; &#8212; Szak- \u00e9s Tov\u00e1bbk\u00e9pz\u00e9si Titk\u00e1rs\u00e1g\" src=\"https:\/\/semmelweis.hu\/fok-tovabbkepzes\/foreigner-trainee-program\/embed\/#?secret=uv1Ydnqvqm\" data-secret=\"uv1Ydnqvqm\" width=\"600\" height=\"338\" frameborder=\"0\" marginwidth=\"0\" marginheight=\"0\" scrolling=\"no\"><\/iframe><\/p>\n","protected":false},"excerpt":{"rendered":"<p>OKF\u0150\/Working in Hungary<br \/>\n<a href=\"https:\/\/semmelweis.hu\/registrar\/files\/2022\/07\/Information-for-foreign-graduates_2022.pdf\">Information-for-foreign-graduates_2022<\/a><br \/>\nPHD<br \/>\nhttps:\/\/semmelweis.hu\/phd\/en\/<br \/>\nSpeciality training<br \/>\n<a href=\"https:\/\/semmelweis.hu\/fok-tovabbkepzes\/foreigner-trainee-program\/\">English Speciality<\/a><\/p>\n","protected":false},"author":102041,"featured_media":0,"parent":31,"menu_order":140,"comment_status":"closed","ping_status":"closed","template":"template-fullwidth.php","meta":{"_acf_changed":false,"footnotes":""},"categories":[],"tags":[],"class_list":["post-1632","page","type-page","status-publish","hentry"],"acf":[],"_links":{"self":[{"href":"https:\/\/semmelweis.hu\/registrar\/wp-json\/wp\/v2\/pages\/1632","targetHints":{"allow":["GET"]}}],"collection":[{"href":"https:\/\/semmelweis.hu\/registrar\/wp-json\/wp\/v2\/pages"}],"about":[{"href":"https:\/\/semmelweis.hu\/registrar\/wp-json\/wp\/v2\/types\/page"}],"author":[{"embeddable":true,"href":"https:\/\/semmelweis.hu\/registrar\/wp-json\/wp\/v2\/users\/102041"}],"replies":[{"embeddable":true,"href":"https:\/\/semmelweis.hu\/registrar\/wp-json\/wp\/v2\/comments?post=1632"}],"version-history":[{"count":4,"href":"https:\/\/semmelweis.hu\/registrar\/wp-json\/wp\/v2\/pages\/1632\/revisions"}],"predecessor-version":[{"id":1641,"href":"https:\/\/semmelweis.hu\/registrar\/wp-json\/wp\/v2\/pages\/1632\/revisions\/1641"}],"up":[{"embeddable":true,"href":"https:\/\/semmelweis.hu\/registrar\/wp-json\/wp\/v2\/pages\/31"}],"wp:attachment":[{"href":"https:\/\/semmelweis.hu\/registrar\/wp-json\/wp\/v2\/media?parent=1632"}],"wp:term":[{"taxonomy":"category","embeddable":true,"href":"https:\/\/semmelweis.hu\/registrar\/wp-json\/wp\/v2\/categories?post=1632"},{"taxonomy":"post_tag","embeddable":true,"href":"https:\/\/semmelweis.hu\/registrar\/wp-json\/wp\/v2\/tags?post=1632"}],"curies":[{"name":"wp","href":"https:\/\/api.w.org\/{rel}","templated":true}]}}