{"id":1622,"date":"2022-07-20T14:35:46","date_gmt":"2022-07-20T12:35:46","guid":{"rendered":"https:\/\/semmelweis.hu\/registrar\/?page_id=1622"},"modified":"2025-06-25T09:56:37","modified_gmt":"2025-06-25T07:56:37","slug":"for-graduates","status":"publish","type":"page","link":"https:\/\/semmelweis.hu\/registrar\/dentistry\/for-graduates\/","title":{"rendered":"For graduates"},"content":{"rendered":"<div class=\"responsive-tabs\">\n<h2 class=\"tabtitle\"><strong>Regulations<\/strong><\/h2>\n<div class=\"tabcontent\">\n\n<div class=\"arany_keret w-100\">\n<p>For students graduating in 2024, please refer to the official decree of the <a href=\"https:\/\/semmelweis.hu\/registrar\/files\/2025\/06\/Angol-ekvivalencia-hatarozat-KB.pdf\" target=\"_blank\" rel=\"noopener noreferrer\">Credit Transfer Committee<\/a> regarding the method of determining the diploma credits.<\/p>\n<p>In the below document you can view the actual subject equivalences referred to above. <br \/>\n<i class=\"fa fa-download\" aria-hidden=\"true\"><\/i><a href=\"https:\/\/semmelweis.hu\/registrar\/files\/2025\/06\/FOK-Curriculum_2024.-25_5.-year_equivalence.xlsx\" target=\"_blank\" rel=\"noopener noreferrer\">Equivalence sheet<\/a><small> (.xls)<\/small><\/p>\n<\/div>\n<p>It is essential that our students be familiar with the Study and Examination Regulations, which contain all the important information and procedures they will encounter during their time at the University.<\/p>\n<ul class=\"regulations\">\n<li><a href=\"https:\/\/semmelweis.hu\/registrar\/information\/rules\/study-and-examination-regulations\/\" target=\"_blank\" rel=\"noopener noreferrer\">Semmelweis University Study and Examination Regulations<\/a><\/li>\n<li>\n<h4>10. PRE-DEGREE CERTIFICATE, DIPLOMA WORK, FINAL EXAMINATION<\/h4>\n<p>ARTICLE 45 [PRE-DEGREE CERTIFICATE (ABSOLUTORIUM)<br \/>\nARTICLE 46 [THESIS \/ DIPLOMA WORK]<br \/>\nARTICLE 47 [FINAL EXAMINATION]<\/li>\n<li>\n<h4>11. THE DIPLOMA<\/h4>\n<p>ARTICLE 48 [GENERAL REGULATIONS REGARDING THE DIPLOMA]<br \/>\nARTICLE 49 [SPECIAL REGULATIONS REGARDING THE DIPLOMA AND THE QUALIFICATIONS OF THE DIPLOMA AT THE FACULTY OF MEDICINE, THE FACULTY OF DENTISTRY AND THE FACULTY OF PHARMACEUTICAL SCIENCES]<br \/>\nARTICLE 50 [SPECIAL REGULATIONS REGARDING THE DIPLOMA AND THE DEGREE GRADING AT THE FACULTY OF HEALTH SCIENCES]<br \/>\nARTICLE 51 [SPECIAL REGULATIONS REGARDING THE DIPLOMA AND THE DEGREE GRADING AT THE FACULTY OF HEALTH SCIENCES AND PUBLIC SERVICES]<br \/>\nARTICLE 52 [SPECIAL REGULATIONS REGARDING THE DIPLOMA AND THE GRADING OF THE DEGREE AT THE ANDR\u00c1S PET\u0150 FACULTY]<\/li>\n<\/ul>\n\n<\/div><h2 class=\"tabtitle\"><strong>Diploma data<\/strong><\/h2>\n<div class=\"tabcontent\">\n\n<div class=\"piros_keret w-100\">\n<p><i class=\"fa fa-external-link-square\" aria-hidden=\"true\"><\/i><a href=\"https:\/\/semmelweis.hu\/registrar\/dentistry\/for-graduates\/data-correction-dentistry\/\" target=\"_blank\" rel=\"noopener noreferrer\"> Diploma data correction online form <\/a><\/p>\n<p>Please note that your personal <strong>data in Neptun<\/strong> will be reflected on your diploma. <strong>It only takes a one-letter typo to get your postgraduate studies stalled or failed. <\/strong> A duplicate diploma requires a permission, takes a long time to obtain and has to be paid for. In addition to your personal details, it is also very important that your <strong>mother&#8217;s maiden name is entered correctly<\/strong>. Make sure your mother&#8217;s birth name is in Neptun, not her married name. This information is required for medical registration. <strong>If the information is incorrect, they will not be able to give you a registration number.<\/strong><\/div>\n<div class=\"w-100\">\n<p>Therefore, we ask that you keep your personal data up-to-date in the NEPTUN system:<\/p>\n<div class=\"row\">\n<div class=\"col-1 px-2 pt-3\">\u00a0<\/div>\n<div class=\"col-3 px-2 pt-3\">Name<\/div>\n<div class=\"col-8 px-2 pt-3\">Family name (surname\/last name): &#8230;<br \/>\nFirst name (given name): &#8230;<br \/>\nMiddle name:<\/div>\n<\/div>\n<div class=\"row\">\n<div class=\"col-1 px-2 pt-3\">\u00a0<\/div>\n<div class=\"col-3 px-2 pt-3\">Name of Birth:<\/div>\n<div class=\"col-8 px-2 pt-3\">Family name (surname\/last name): &#8230;<br \/>\nFirst name (given name): &#8230;<br \/>\nMiddle name:<\/div>\n<\/div>\n<div class=\"row\">\n<div class=\"col-1 px-2 pt-3\">\u00a0<\/div>\n<div class=\"col-3 px-2 pt-3\">Mother&#8217;s name:<br \/>\n(maiden name\/before marriage\/name at birth)<\/div>\n<div class=\"col-8 px-2 pt-3\">Family name (surname\/last name): &#8230;<br \/>\nFirst name (given name): &#8230;<br \/>\nMiddle name:<\/div>\n<\/div>\n<div class=\"row\">\n<div class=\"col-1 px-2 pt-3\">\u00a0<\/div>\n<div class=\"col-3 px-2 pt-3\">Date and place of birth:<\/div>\n<div class=\"col-8 px-2 pt-3\">Date: &#8230;<br \/>\nCountry: &#8230;<br \/>\nCity:<\/div>\n<\/div>\n<div class=\"row\">\n<div class=\"col-1 px-2 pt-3\">\u00a0<\/div>\n<div class=\"col-3 px-2 pt-3\">Nationality:<\/div>\n<div class=\"col-8 px-2 pt-3\">&#8230;<\/div>\n<\/div>\n<div class=\"row\">\n<div class=\"col-1 px-2 pt-3\">\u00a0<\/div>\n<div class=\"col-3 px-2 pt-3\">Permanent address:<\/div>\n<div class=\"col-8 px-2 pt-3\">street name, house number, floor, door number: &#8230;<br \/>\nCity\/Town: &#8230;<br \/>\nPostal code\/ZIP code: &#8230;<br \/>\nCountry: &#8230;<\/div>\n<\/div>\n<\/div>\n\n<\/div><h2 class=\"tabtitle\"><strong>Documents<\/strong><\/h2>\n<div class=\"tabcontent\">\n\n<ul>\n<li><a href=\"https:\/\/semmelweis.hu\/registrar\/files\/2022\/07\/dentistry_final_examination_regulations.pdf\">Rules of Procedure on closing examinations<\/a> (pdf)<\/li>\n<li><a href=\"https:\/\/semmelweis.hu\/registrar\/files\/2023\/04\/JKM_1-Student-Information-Sheet_Final-exams_2023.pdf\" target=\"_blank\" rel=\"noopener\">Digital Final Exam Information Sheet 2023<\/a> (pdf)<\/li>\n<li><a href=\"https:\/\/semmelweis.hu\/registrar\/files\/2022\/08\/information-for-foreign-graduates_2025.pdf\">Information for foreign graduates 2024<\/a> (pdf)<\/li>\n<li><a href=\"https:\/\/semmelweis.hu\/registrar\/files\/2022\/07\/data-processing-consent-form-Fogorvosi-Szemle.docx\">Data processing consent form<\/a> (docx)<\/li>\n<li><a href=\"https:\/\/semmelweis.hu\/registrar\/files\/2024\/05\/Written-Final-exam-room-assigments-2024.pdf\" target=\"_blank\" rel=\"noopener\">Written exam schedule (June 2024)<\/a> (pdf)<span style=\"color: #ff0000\"> (updated: May 31)<\/span><\/li>\n<li><a href=\"https:\/\/semmelweis.hu\/registrar\/files\/2024\/05\/Oral-and-Practical-Board-exam-assigments-2024_NEW.pdf\" target=\"_blank\" rel=\"noopener\">Oral and Practical Exam Schedule (June 2024)<\/a> (pdf) <span style=\"color: #ff0000\">(updated: May 31)<\/span><\/li>\n<\/ul>\n\n<\/div><h2 class=\"tabtitle\"><strong>Graduation Ceremony<\/strong><\/h2>\n<div class=\"tabcontent\">\n\n<p>It is usually held on the last Saturday in June (date subject to change).<\/p>\n<p><strong>Usual venue:<\/strong> <strong>Budapest Congress Center<\/strong> <small>(location subject to change)<\/small> <a href=\"https:\/\/www.google.com\/maps\/search\/1123+Budapest+Jagell\u00f3+\u00fat+1-3\" target=\"_blank\" rel=\"noopener noreferrer\">Budapest, 1123, Jagell\u00f3 \u00fat 1-3<\/a> <strong>On the Ceremony formal attire (Black robe, white gloves) is required, please wear white gloves when you shake hands with the Deans. <\/strong><\/p>\n<div class=\"arany_keret w-100\"><strong>BLACK ROBE:<\/strong><\/p>\n<p>Place of picking up the robe\/cap: NET Building, Hallgat\u00f3i \u00d6nkorm\u00e1nyzat Di\u00e1kcentruma, Nagyv\u00e1rad t\u00e9r 4. 1st floor. <\/p>\n<p><strong>You need to pay a deposit for the robe, that is refunded when returning the robe and cap undamaged and in time.<\/strong> The costs for the cleaning service is not refundable (robe cleaning, button replacement). White gloves are available at the same time (not refundable, you can keep the gloves). In case the time is not convenient, a friend\/classmate\/can pick them up for you.<\/p>\n<\/div>\n\n<\/div><h2 class=\"tabtitle\"><strong>OKF\u0150<\/strong><\/h2>\n<div class=\"tabcontent\">\n\n<h2>About National Directorate General for Hospitals (OKF\u0150)<\/h2>\n<p>In cases of diploma recognition (recognition, certificate of conformity, certificate of good standing, etc.) the contact details are as follows:<\/p>\n<p>By phone: <strong>06\/1-919-3336<\/strong><br \/>\nMonday: 8.30-15.30<br \/>\nWednesday-Thursday 8.30-15.30<br \/>\nFriday 8.30-13.30<br \/>\nTuesday: service unavailable<\/p>\n<p>Via e-mail: <strong>recognition@okfo.gov.hu<\/strong><\/p>\n<p>In person: <strong>1085 Budapest, Hor\u00e1nszky street 24. ground floor 010<\/strong><br \/>\nEvery Tuesday 8.30-12:00 and 13:00-15.30<\/p>\n<p><strong>This brochure aims to briefly summarize the procedures of the OKF\u0150 that may be necessary to access the healthcare profession granted by your diploma, either in Hungary or abroad:<\/strong> <a href=\"https:\/\/semmelweis.hu\/registrar\/files\/2022\/08\/information-for-foreign-graduates_2025.pdf\" target=\"_blank\" rel=\"noopener noreferrer\">INFORMATION FOR FOREIGN GRADUATES<\/a><\/p>\n\n<\/div><h2 class=\"tabtitle\"><strong>After graduation<\/strong><\/h2>\n<div class=\"tabcontent\">\n\n<p>With the D.M.D diploma in hand, graduates are able to start practising in the field or pursue PHD studies.<\/p>\n<p><a href=\"https:\/\/semmelweis.hu\/phd\/en\/\" target=\"_blank\" rel=\"noopener noreferrer\">https:\/\/semmelweis.hu\/phd\/en\/<\/a><\/p>\n<h2>Speciality training after graduation<\/h2>\n<p>Similarly to the above, graduates may also choose to pursue speciality training in a chosen field.<\/p>\n<p><a href=\"https:\/\/semmelweis.hu\/fok-tovabbkepzes\/foreigner-trainee-program\/\" target=\"_blank\" rel=\"noopener noreferrer\">https:\/\/semmelweis.hu\/fok-tovabbkepzes\/foreigner-trainee-program\/<\/a><\/p>\n\n<\/div><h2 class=\"tabtitle\"><strong>Legalisation of Diplomas<\/strong><\/h2>\n<div class=\"tabcontent\">\n\n<h2 class=\"title\"><span class=\"field field--name-title field--type-string field--label-hidden\">Legalisation Procedure of Documents to Be Used Abroad<\/span><\/h2>\n<p><a href=\"https:\/\/konzinfo.mfa.gov.hu\/en\/legalisation-procedure-documents-be-used-abroad\" target=\"_blank\" rel=\"noopener\">Information on the legalisation procedure of documents to be used abroad<\/a><\/p>\n<\/div><\/div>\n","protected":false},"excerpt":{"rendered":"<p>For students graduating in 2024, please refer to the official decree of the <a href=\"https:\/\/semmelweis.hu\/registrar\/files\/2025\/06\/Angol-ekvivalencia-hatarozat-KB.pdf\" target=\"_blank\" rel=\"noopener noreferrer\">Credit Transfer Committee<\/a> regarding the method of determining the diploma credits. In the below document you can view the actual subject equivalences referred to above. <a href=\"https:\/\/semmelweis.hu\/registrar\/files\/2025\/06\/FOK-Curriculum_2024.-25_5.-year_equivalence.xlsx\" target=\"_blank\" rel=\"noopener noreferrer\">Equivalence sheet<\/a> (.xls) It is essential that our students be familiar with the Study and Examination Regulations, which contain all the important &hellip;<\/p>\n","protected":false},"author":102041,"featured_media":0,"parent":31,"menu_order":130,"comment_status":"closed","ping_status":"closed","template":"template-fullwidth.php","meta":{"_acf_changed":false,"footnotes":""},"categories":[],"tags":[],"class_list":["post-1622","page","type-page","status-publish","hentry"],"acf":[],"_links":{"self":[{"href":"https:\/\/semmelweis.hu\/registrar\/wp-json\/wp\/v2\/pages\/1622","targetHints":{"allow":["GET"]}}],"collection":[{"href":"https:\/\/semmelweis.hu\/registrar\/wp-json\/wp\/v2\/pages"}],"about":[{"href":"https:\/\/semmelweis.hu\/registrar\/wp-json\/wp\/v2\/types\/page"}],"author":[{"embeddable":true,"href":"https:\/\/semmelweis.hu\/registrar\/wp-json\/wp\/v2\/users\/102041"}],"replies":[{"embeddable":true,"href":"https:\/\/semmelweis.hu\/registrar\/wp-json\/wp\/v2\/comments?post=1622"}],"version-history":[{"count":11,"href":"https:\/\/semmelweis.hu\/registrar\/wp-json\/wp\/v2\/pages\/1622\/revisions"}],"predecessor-version":[{"id":8701,"href":"https:\/\/semmelweis.hu\/registrar\/wp-json\/wp\/v2\/pages\/1622\/revisions\/8701"}],"up":[{"embeddable":true,"href":"https:\/\/semmelweis.hu\/registrar\/wp-json\/wp\/v2\/pages\/31"}],"wp:attachment":[{"href":"https:\/\/semmelweis.hu\/registrar\/wp-json\/wp\/v2\/media?parent=1622"}],"wp:term":[{"taxonomy":"category","embeddable":true,"href":"https:\/\/semmelweis.hu\/registrar\/wp-json\/wp\/v2\/categories?post=1622"},{"taxonomy":"post_tag","embeddable":true,"href":"https:\/\/semmelweis.hu\/registrar\/wp-json\/wp\/v2\/tags?post=1622"}],"curies":[{"name":"wp","href":"https:\/\/api.w.org\/{rel}","templated":true}]}}