{"id":889,"date":"2021-04-20T13:36:28","date_gmt":"2021-04-20T11:36:28","guid":{"rendered":"http:\/\/semmelweis.hu\/raoulwallenberg\/?page_id=889"},"modified":"2024-09-09T23:34:52","modified_gmt":"2024-09-09T21:34:52","slug":"kozzetetel","status":"publish","type":"page","link":"https:\/\/semmelweis.hu\/raoulwallenberg\/kozzetetel\/","title":{"rendered":"K\u00f6zz\u00e9t\u00e9tel"},"content":{"rendered":"<p><strong>\u00c1ll\u00e1saj\u00e1nlatok, p\u00e1ly\u00e1zatok:<\/strong><\/p>\n<p>&nbsp;<\/p>\n","protected":false},"excerpt":{"rendered":"<p>\u00c1ll\u00e1saj\u00e1nlatok, p\u00e1ly\u00e1zatok:<br \/>\n&nbsp;<\/p>\n","protected":false},"author":101877,"featured_media":0,"parent":0,"menu_order":0,"comment_status":"closed","ping_status":"closed","template":"","meta":{"_acf_changed":false,"footnotes":""},"categories":[],"tags":[],"class_list":["post-889","page","type-page","status-publish","hentry"],"acf":[],"_links":{"self":[{"href":"https:\/\/semmelweis.hu\/raoulwallenberg\/wp-json\/wp\/v2\/pages\/889","targetHints":{"allow":["GET"]}}],"collection":[{"href":"https:\/\/semmelweis.hu\/raoulwallenberg\/wp-json\/wp\/v2\/pages"}],"about":[{"href":"https:\/\/semmelweis.hu\/raoulwallenberg\/wp-json\/wp\/v2\/types\/page"}],"author":[{"embeddable":true,"href":"https:\/\/semmelweis.hu\/raoulwallenberg\/wp-json\/wp\/v2\/users\/101877"}],"replies":[{"embeddable":true,"href":"https:\/\/semmelweis.hu\/raoulwallenberg\/wp-json\/wp\/v2\/comments?post=889"}],"version-history":[{"count":10,"href":"https:\/\/semmelweis.hu\/raoulwallenberg\/wp-json\/wp\/v2\/pages\/889\/revisions"}],"predecessor-version":[{"id":2072,"href":"https:\/\/semmelweis.hu\/raoulwallenberg\/wp-json\/wp\/v2\/pages\/889\/revisions\/2072"}],"wp:attachment":[{"href":"https:\/\/semmelweis.hu\/raoulwallenberg\/wp-json\/wp\/v2\/media?parent=889"}],"wp:term":[{"taxonomy":"category","embeddable":true,"href":"https:\/\/semmelweis.hu\/raoulwallenberg\/wp-json\/wp\/v2\/categories?post=889"},{"taxonomy":"post_tag","embeddable":true,"href":"https:\/\/semmelweis.hu\/raoulwallenberg\/wp-json\/wp\/v2\/tags?post=889"}],"curies":[{"name":"wp","href":"https:\/\/api.w.org\/{rel}","templated":true}]}}