{"id":80,"date":"2020-12-28T16:07:18","date_gmt":"2020-12-28T15:07:18","guid":{"rendered":"http:\/\/semmelweis.hu\/raoulwallenberg\/?page_id=80"},"modified":"2021-02-07T17:21:14","modified_gmt":"2021-02-07T16:21:14","slug":"2010-2","status":"publish","type":"page","link":"https:\/\/semmelweis.hu\/raoulwallenberg\/iskolankrol\/kulfoldi-kapcsolatok\/diakcsere-program\/2010-2\/","title":{"rendered":"Di\u00e1kcsere program 2010"},"content":{"rendered":"<p>2010 november\u00e9ben iskol\u00e1nk 14 szakk\u00e9pz\u0151s di\u00e1kja utazott a holland Fr\u00edzi\u00e1ba, ahol n\u00e9gy hetes szakmai gyakorlatot t\u00f6lt\u00f6ttek. A tanulm\u00e1nyutat Eur\u00f3pai Uni\u00f3s p\u00e1ly\u00e1zat tette lehet\u0151v\u00e9. A tanul\u00f3k fogorvosi rendel\u0151kben, b\u00f6lcs\u0151d\u00e9kben \u00e9s szoci\u00e1lis otthonban szereztek tapasztalatokat a holland eg\u00e9szs\u00e9g\u00fcgyi \u00e9s szoci\u00e1lis ell\u00e1t\u00f3rendszerr\u0151l. Szakmai programjuk sor\u00e1n megl\u00e1togatt\u00e1k \u00c9szak-Hollandia egyik legnagyobb k\u00f3rh\u00e1z\u00e1t, valamint a leeuwardeni fogtechnikai laborat\u00f3riumot. Kultur\u00e1lis programokra \u00e9s kir\u00e1ndul\u00e1sokra is jutott idej\u00fck: j\u00e1rtak Rotterdamban, Amsterdamban \u00e9s az \u00c9szaki tenger partj\u00e1n.<\/p>\n<p>A kiutaz\u00f3 di\u00e1kok besz\u00e1mol\u00f3i az al\u00e1bbi a k\u00e9pekre kattintva olvashat\u00f3k<\/p>\n<p><img loading=\"lazy\" decoding=\"async\" class=\"alignnone wp-image-93 size-thumbnail\" src=\"https:\/\/semmelweis.hu\/raoulwallenberg\/files\/2020\/12\/bakosadam-150x150.png\" alt=\"\" width=\"150\" height=\"150\" \/><a href=\"https:\/\/semmelweis.hu\/raoulwallenberg\/files\/2020\/12\/Bakos_Adam_beszamolo.pdf\" target=\"_blank\" rel=\"noopener noreferrer\">Bakos \u00c1d\u00e1m<\/a><\/p>\n<p><img loading=\"lazy\" decoding=\"async\" class=\"alignnone wp-image-95 size-thumbnail\" src=\"https:\/\/semmelweis.hu\/raoulwallenberg\/files\/2020\/12\/dorosziszabina-133x150.png\" alt=\"\" width=\"133\" height=\"150\" \/><a href=\"https:\/\/semmelweis.hu\/raoulwallenberg\/files\/2020\/12\/Doroszi_Szabina_beszamolo.pdf\" target=\"_blank\" rel=\"noopener noreferrer\">Doroszi Szabina<\/a><\/p>\n<p><img loading=\"lazy\" decoding=\"async\" class=\"alignnone wp-image-97 size-thumbnail\" src=\"https:\/\/semmelweis.hu\/raoulwallenberg\/files\/2020\/12\/flenderkatalin-132x150.png\" alt=\"\" width=\"132\" height=\"150\" \/><a href=\"https:\/\/semmelweis.hu\/raoulwallenberg\/files\/2020\/12\/Flender_Kata_beszamolo.pdf\" target=\"_blank\" rel=\"noopener noreferrer\">Flender Katalin<\/a><\/p>\n<p><img loading=\"lazy\" decoding=\"async\" class=\"alignnone wp-image-99 size-thumbnail\" src=\"https:\/\/semmelweis.hu\/raoulwallenberg\/files\/2020\/12\/herczegbarbara-150x150.png\" alt=\"\" width=\"150\" height=\"150\" \/><a href=\"https:\/\/semmelweis.hu\/raoulwallenberg\/files\/2020\/12\/Herczeg_Barbara_beszamolo.pdf\" target=\"_blank\" rel=\"noopener noreferrer\">Herczeg Barbara<\/a><\/p>\n<p><img loading=\"lazy\" decoding=\"async\" class=\"alignnone wp-image-101 size-thumbnail\" src=\"https:\/\/semmelweis.hu\/raoulwallenberg\/files\/2020\/12\/kissorsolya-120x150.png\" alt=\"\" width=\"120\" height=\"150\" \/><a href=\"https:\/\/semmelweis.hu\/raoulwallenberg\/files\/2020\/12\/Kiss_Orsolya_beszamolo.pdf\" target=\"_blank\" rel=\"noopener noreferrer\">Kiss Orsolya<\/a><\/p>\n<p><img loading=\"lazy\" decoding=\"async\" class=\"alignnone wp-image-103 size-thumbnail\" src=\"https:\/\/semmelweis.hu\/raoulwallenberg\/files\/2020\/12\/kovacsorsolya-150x150.png\" alt=\"\" width=\"150\" height=\"150\" \/><a href=\"https:\/\/semmelweis.hu\/raoulwallenberg\/files\/2020\/12\/Kovacs_Orsolya_beszamolo.pdf\" target=\"_blank\" rel=\"noopener noreferrer\">Kov\u00e1cs Orsolya<\/a><\/p>\n<p><img loading=\"lazy\" decoding=\"async\" class=\"alignnone wp-image-105 size-thumbnail\" src=\"https:\/\/semmelweis.hu\/raoulwallenberg\/files\/2020\/12\/lencselaura-139x150.png\" alt=\"\" width=\"139\" height=\"150\" \/><a href=\"https:\/\/semmelweis.hu\/raoulwallenberg\/files\/2020\/12\/Lencse_Laura_beszamolo.pdf\" target=\"_blank\" rel=\"noopener noreferrer\">Lencse Laura<\/a><\/p>\n<p><img loading=\"lazy\" decoding=\"async\" class=\"alignnone wp-image-82 size-thumbnail\" src=\"https:\/\/semmelweis.hu\/raoulwallenberg\/files\/2020\/12\/pinterorsolya-145x150.png\" alt=\"\" width=\"145\" height=\"150\" \/><a href=\"https:\/\/semmelweis.hu\/raoulwallenberg\/files\/2020\/12\/Pinter_Orsolya_beszamolo.pdf\" target=\"_blank\" rel=\"noopener noreferrer\">Pint\u00e9r Orsolya<\/a><\/p>\n<p>Rapi Nikolett<\/p>\n<p>Riesenberger Edina<\/p>\n<p><img loading=\"lazy\" decoding=\"async\" class=\"alignnone wp-image-85 size-thumbnail\" src=\"https:\/\/semmelweis.hu\/raoulwallenberg\/files\/2020\/12\/schmidtalexandra-150x150.png\" alt=\"\" width=\"150\" height=\"150\" \/><a href=\"https:\/\/semmelweis.hu\/raoulwallenberg\/files\/2020\/12\/Schmidt_Alexandra_beszamolo.pdf\" target=\"_blank\" rel=\"noopener noreferrer\">Schmidt Alexandra<\/a><\/p>\n<p><img loading=\"lazy\" decoding=\"async\" class=\"alignnone wp-image-87 size-thumbnail\" src=\"https:\/\/semmelweis.hu\/raoulwallenberg\/files\/2020\/12\/tanaikrisztina-150x150.png\" alt=\"\" width=\"150\" height=\"150\" \/><a href=\"https:\/\/semmelweis.hu\/raoulwallenberg\/files\/2020\/12\/Tanai_Krisztina_beszamolo.pdf\" target=\"_blank\" rel=\"noopener noreferrer\">Tanai Krisztina<\/a><\/p>\n<p><img loading=\"lazy\" decoding=\"async\" class=\"alignnone wp-image-89 size-thumbnail\" src=\"https:\/\/semmelweis.hu\/raoulwallenberg\/files\/2020\/12\/totangelika-150x150.png\" alt=\"\" width=\"150\" height=\"150\" \/><a href=\"https:\/\/semmelweis.hu\/raoulwallenberg\/files\/2020\/12\/Tot_Angelika_beszamolo.pdf\" target=\"_blank\" rel=\"noopener noreferrer\">T\u00f3t Angelika<\/a><\/p>\n<p><img loading=\"lazy\" decoding=\"async\" class=\"alignnone wp-image-91 size-thumbnail\" src=\"https:\/\/semmelweis.hu\/raoulwallenberg\/files\/2020\/12\/wagnerandrea-150x150.png\" alt=\"\" width=\"150\" height=\"150\" \/><a href=\"https:\/\/semmelweis.hu\/raoulwallenberg\/files\/2020\/12\/Wagner_Andrea_beszamolo.pdf\" target=\"_blank\" rel=\"noopener noreferrer\">W\u00e1gner Andrea<\/a><\/p>\n<p><strong>A projekt megszervez\u00e9s\u00e9ben \u00e9s lebonyol\u00edt\u00e1s\u00e1ban r\u00e9szt vett a holland partnerint\u00e9zm\u00e9ny r\u00e9sz\u00e9r\u0151l:<\/strong><\/p>\n<p>Egbert Krikken <em>(nemzetk\u00f6zi kapcsolattart\u00f3, projektkoordin\u00e1tor)<\/em><\/p>\n<p><img loading=\"lazy\" decoding=\"async\" class=\"size-medium wp-image-107 alignnone\" src=\"https:\/\/semmelweis.hu\/raoulwallenberg\/files\/2020\/12\/IMG_4028-400x300.jpg\" alt=\"\" width=\"400\" height=\"300\" srcset=\"https:\/\/semmelweis.hu\/raoulwallenberg\/files\/2020\/12\/IMG_4028-400x300.jpg 400w, https:\/\/semmelweis.hu\/raoulwallenberg\/files\/2020\/12\/IMG_4028.jpg 600w\" sizes=\"auto, (max-width: 400px) 100vw, 400px\" \/><\/p>\n<p>A Raoul Wallenberg Hum\u00e1n Szakk\u00e9pz\u0151 Iskola \u00e9s Gimn\u00e1zium r\u00e9sz\u00e9r\u0151l:<\/p>\n<p>Barcs Krisztina <em>(nemzetk\u00f6zi kapcsolattart\u00f3)<\/em><\/p>\n<p>Palotai Ilona <em>(p\u00e1ly\u00e1zati koordin\u00e1tor)<\/em><\/p>\n<p><img loading=\"lazy\" decoding=\"async\" class=\"alignnone size-medium wp-image-108\" src=\"https:\/\/semmelweis.hu\/raoulwallenberg\/files\/2020\/12\/Hollandia-067-300x400.jpg\" alt=\"\" width=\"300\" height=\"400\" \/><\/p>\n<p style=\"text-align: center\"><em>A tanulm\u00e1ny\u00fat az Eg\u00e9sz \u00e9leten \u00e1t tart\u00f3 tanul\u00e1s Leonardo Da Vinci mobilit\u00e1si program keret\u00e9ben j\u00f6tt l\u00e9tre.<\/em><\/p>\n<p><img loading=\"lazy\" decoding=\"async\" class=\"wp-image-68 size-full aligncenter\" src=\"https:\/\/semmelweis.hu\/raoulwallenberg\/files\/2020\/12\/tempus.jpg\" alt=\"\" width=\"600\" height=\"118\" \/><\/p>\n","protected":false},"excerpt":{"rendered":"<p>2010 november\u00e9ben iskol\u00e1nk 14 szakk\u00e9pz\u0151s di\u00e1kja utazott a holland Fr\u00edzi\u00e1ba, ahol n\u00e9gy hetes szakmai gyakorlatot t\u00f6lt\u00f6ttek. A tanulm\u00e1nyutat Eur\u00f3pai Uni\u00f3s p\u00e1ly\u00e1zat tette lehet\u0151v\u00e9. A tanul\u00f3k fogorvosi rendel\u0151kben, b\u00f6lcs\u0151d\u00e9kben \u00e9s szoci\u00e1lis otthonban szereztek tapasztalatokat a holland eg\u00e9szs\u00e9g\u00fcgyi \u00e9s szoci\u00e1lis ell\u00e1t\u00f3rendszerr\u0151l. Szakmai programjuk sor\u00e1n megl\u00e1togatt\u00e1k \u00c9szak-Hollandia egyik legnagyobb k\u00f3rh\u00e1z\u00e1t, valamint a leeuwardeni fogtechnikai laborat\u00f3riumot. Kultur\u00e1lis programokra \u00e9s &hellip;<\/p>\n","protected":false},"author":101765,"featured_media":0,"parent":65,"menu_order":0,"comment_status":"closed","ping_status":"closed","template":"","meta":{"_acf_changed":false,"footnotes":""},"categories":[],"tags":[],"class_list":["post-80","page","type-page","status-publish","hentry"],"acf":[],"_links":{"self":[{"href":"https:\/\/semmelweis.hu\/raoulwallenberg\/wp-json\/wp\/v2\/pages\/80","targetHints":{"allow":["GET"]}}],"collection":[{"href":"https:\/\/semmelweis.hu\/raoulwallenberg\/wp-json\/wp\/v2\/pages"}],"about":[{"href":"https:\/\/semmelweis.hu\/raoulwallenberg\/wp-json\/wp\/v2\/types\/page"}],"author":[{"embeddable":true,"href":"https:\/\/semmelweis.hu\/raoulwallenberg\/wp-json\/wp\/v2\/users\/101765"}],"replies":[{"embeddable":true,"href":"https:\/\/semmelweis.hu\/raoulwallenberg\/wp-json\/wp\/v2\/comments?post=80"}],"version-history":[{"count":2,"href":"https:\/\/semmelweis.hu\/raoulwallenberg\/wp-json\/wp\/v2\/pages\/80\/revisions"}],"predecessor-version":[{"id":523,"href":"https:\/\/semmelweis.hu\/raoulwallenberg\/wp-json\/wp\/v2\/pages\/80\/revisions\/523"}],"up":[{"embeddable":true,"href":"https:\/\/semmelweis.hu\/raoulwallenberg\/wp-json\/wp\/v2\/pages\/65"}],"wp:attachment":[{"href":"https:\/\/semmelweis.hu\/raoulwallenberg\/wp-json\/wp\/v2\/media?parent=80"}],"wp:term":[{"taxonomy":"category","embeddable":true,"href":"https:\/\/semmelweis.hu\/raoulwallenberg\/wp-json\/wp\/v2\/categories?post=80"},{"taxonomy":"post_tag","embeddable":true,"href":"https:\/\/semmelweis.hu\/raoulwallenberg\/wp-json\/wp\/v2\/tags?post=80"}],"curies":[{"name":"wp","href":"https:\/\/api.w.org\/{rel}","templated":true}]}}