{"id":768,"date":"2021-02-22T12:30:26","date_gmt":"2021-02-22T11:30:26","guid":{"rendered":"http:\/\/semmelweis.hu\/raoulwallenberg\/?page_id=768"},"modified":"2025-09-22T16:52:07","modified_gmt":"2025-09-22T14:52:07","slug":"iskolank-bemutatasa-2","status":"publish","type":"page","link":"https:\/\/semmelweis.hu\/raoulwallenberg\/nyolcadikosoknak\/iskolank-bemutatasa-2\/","title":{"rendered":"Iskol\u00e1nk bemutat\u00e1sa"},"content":{"rendered":"<p style=\"text-align: center\"><span style=\"font-size: 18pt\"><strong>Eg\u00e9szs\u00e9g\u00fcgy, szoci\u00e1lis munka, pedag\u00f3gia &#8211; a hivat\u00e1sod itt kezd\u0151dik!<\/strong><\/span><\/p>\n<p style=\"text-align: center\"><span style=\"font-size: 18pt\">Tud\u00e1s + \u00e9rt\u00e9kek + \u00e9lm\u00e9nyek &#8211;<strong> RW<\/strong><\/span><\/p>\n<p style=\"text-align: center\"><span style=\"font-size: 18pt\">Bel\u00e9p\u0151 a szakm\u00e1ba \u00e9s a fels\u0151oktat\u00e1sba &#8211;<strong> RW<\/strong><\/span><\/p>\n<p style=\"text-align: center\"><span style=\"font-size: 18pt\">Ahol a tud\u00e1s \u00e9s az emberi \u00e9rt\u00e9kek tal\u00e1lkoznak \u2013<strong> RW<\/strong><\/span><\/p>\n<h2>Iskol\u00e1nk bemutat\u00e1sa<\/h2>\n<p>A Semmelweis Egyetem Raoul Wallenberg T\u00f6bbc\u00e9l\u00fa Szakk\u00e9pz\u0151 Int\u00e9zm\u00e9nye a VI. ker\u00fcletben, a Rippl-R\u00f3nai utc\u00e1ban tal\u00e1lhat\u00f3, egy n\u00e9h\u00e1ny \u00e9ve ig\u00e9nyesen fel\u00faj\u00edtott, bar\u00e1ts\u00e1gos \u00e9p\u00fcletben.<\/p>\n<p>Int\u00e9zm\u00e9ny\u00fcnk orsz\u00e1gosan is meghat\u00e1roz\u00f3 szerepet t\u00f6lt be az eg\u00e9szs\u00e9g\u00fcgyi, szoci\u00e1lis \u00e9s pedag\u00f3giai szakk\u00e9pz\u00e9sben. A szakmai t\u00e1rgyakat tapasztalt, magas szint\u0171 gyakorlati tud\u00e1ssal rendelkez\u0151 oktat\u00f3k tan\u00edtj\u00e1k, a k\u00f6zismereti tant\u00e1rgyakat pedig felk\u00e9sz\u00fclt szaktan\u00e1rok.<\/p>\n<p>Korszer\u0171 felszerelts\u00e9g\u00fcnk t\u00e1mogatja a tanul\u00e1st: speci\u00e1lisan kialak\u00edtott demonstr\u00e1ci\u00f3s termek a szakmai gyakorlatokhoz, modern sz\u00e1m\u00edt\u00f3g\u00e9ptermek a digit\u00e1lis kult\u00fara \u00e9s nyelvoktat\u00e1s sz\u00e1m\u00e1ra, k\u00f6nyvt\u00e1r, k\u00e9t tornaterem, konditerem \u00e9s t\u00e1gas eb\u00e9dl\u0151 \u00e1ll a di\u00e1kok rendelkez\u00e9s\u00e9re.<\/p>\n<p>Iskol\u00e1nk ide\u00e1lis v\u00e1laszt\u00e1s mindazoknak, akik gyerekekkel vagy feln\u0151ttekkel szeretn\u00e9nek dolgozni, \u00e9s j\u00f6v\u0151j\u00fcket az eg\u00e9szs\u00e9g\u00fcgy, a szoci\u00e1lis ell\u00e1t\u00e1s vagy a pedag\u00f3gia ter\u00fclet\u00e9n k\u00e9pzelik el. Kiemelt figyelmet ford\u00edtunk az alapvet\u0151 emberi \u00e9rt\u00e9kek \u2013 seg\u00edt\u0151k\u00e9szs\u00e9g, egy\u00fcttm\u0171k\u00f6d\u00e9s, elfogad\u00e1s \u2013 k\u00f6zvet\u00edt\u00e9s\u00e9re, valamint a tehets\u00e9ggondoz\u00e1sra \u00e9s a szem\u00e9lyis\u00e9gfejleszt\u00e9sre.<\/p>\n<p>Id\u00e9n a \u201eNyitott kapuk\u201d iskolai bemutatkoz\u00f3 rendezv\u00e9ny\u00fcnket 2025. november 19-21-\u00e9n tartjuk. Emellett tov\u00e1bbi k\u00e9t napon lehet\u0151s\u00e9get adunk az iskola megtekint\u00e9s\u00e9re, t\u00e1j\u00e9koz\u00f3d\u00e1sra. Honlapunkon novembert\u0151l ny\u00edlik meg a regisztr\u00e1ci\u00f3s fel\u00fclet.<\/p>\n<p>Oktat\u00f3munk\u00e1nk min\u0151s\u00e9g\u00e9t a k\u00fcl\u00f6nb\u00f6z\u0151 szakmai \u00e9s k\u00f6zismereti versenyeken el\u00e9rt j\u00f3 eredm\u00e9nyek is bizony\u00edtj\u00e1k:<\/p>\n<p style=\"text-align: justify\"><strong>SIKEREINK 2022 &#8211; 2025: <\/strong><\/p>\n<table style=\"border-collapse: collapse;width: 100%;height: 371px\">\n<tbody>\n<tr style=\"height: 128px\">\n<td style=\"width: 14.0625%;vertical-align: top;height: 108px\"><strong>2022<\/strong><\/td>\n<td style=\"width: 85.9375%;height: 108px\">\n<p>\u00c1SZ\u00c9V orsz\u00e1gos d\u00f6nt\u0151: EG\u00c9SZS\u00c9G\u00dcGY: I. hely<br \/>\n\u00c1SZ\u00c9V orsz\u00e1gos d\u00f6nt\u0151 PEDAG\u00d3GIA: VI, VII, VIII. hely<br \/>\n\u00c1SZ\u00c9V orsz\u00e1gos d\u00f6nt\u0151 SZOCI\u00c1LIS: XIII. hely<br \/>\nImplom J\u00f3zsef helyes\u00edr\u00e1si verseny K\u00e1rp\u00e1t-medencei d\u00f6nt\u0151<\/p>\n<\/td>\n<\/tr>\n<tr style=\"height: 47px\">\n<td style=\"width: 14.0625%;vertical-align: top;height: 32px\"><strong>2023<\/strong><\/td>\n<td style=\"width: 85.9375%;height: 32px\">\n<p>\u00c1SZ\u00c9V orsz\u00e1gos d\u00f6nt\u0151: EG\u00c9SZS\u00c9G\u00dcGY: VII., XVI. hely<br \/>\n\u00c1SZ\u00c9V orsz\u00e1gos d\u00f6nt\u0151 PEDAG\u00d3GIA: I., IX., XVII. hely<br \/>\n\u00c1SZ\u00c9V orsz\u00e1gos d\u00f6nt\u0151 SZOCI\u00c1LIS: I., IX. hely<br \/>\nImplom J\u00f3zsef helyes\u00edr\u00e1si verseny K\u00e1rp\u00e1t-medencei d\u00f6nt\u0151 II. hely<\/p>\n<\/td>\n<\/tr>\n<tr style=\"height: 263px\">\n<td style=\"width: 14.0625%;vertical-align: top;height: 231px\"><strong>2024<\/strong><\/td>\n<td style=\"width: 85.9375%;height: 231px\">\n<p>OSZTV (Orsz\u00e1gos Szakmai Tanulm\u00e1nyi Verseny) \u00c1ltal\u00e1nos \u00e1pol\u00f3; d\u00f6nt\u0151 III. hely<br \/>\nOSZTV Rehabilit\u00e1ci\u00f3s terapeuta \u2013 gy\u00f3gymassz\u0151r; d\u00f6nt\u0151 II., IV. \u00e9s VI. hely<br \/>\nKossuth Zsuzsanna Nemzeti Eg\u00e9szs\u00e9g\u00fcgyi Szakk\u00e9pz\u00e9si Verseny, Belgy\u00f3gy\u00e1szat \u00e9s \u00e1pol\u00e1stana; d\u00f6nt\u0151 II. hely<br \/>\n&#8222;K\u00f6z\u00f6s \u00fcgy\u00fcnk az \u00e1pol\u00e1s&#8221; Szolnok; d\u00f6nt\u0151 VII. hely<br \/>\nII. K\u00f3s K\u00e1roly Orsz\u00e1gos Pedag\u00f3giai Verseny (csapat) III. hely<br \/>\nImplom J\u00f3zsef helyes\u00edr\u00e1si verseny K\u00e1rp\u00e1t-medencei d\u00f6nt\u0151 III. hely<br \/>\n\u201cSz\u00e9p Magyar Besz\u00e9d\u201d Kazinczy verseny, 1 tanul\u00f3 a d\u00f6nt\u0151be jutott<\/p>\n<\/td>\n<\/tr>\n<tr>\n<td style=\"width: 14.0625%;vertical-align: top\"><strong>2025<\/strong><\/td>\n<td style=\"width: 85.9375%\">\n<p>OSZTV (Orsz\u00e1gos Szakmai Tanulm\u00e1nyi Verseny)<\/p>\n<p><strong>\u00c1ltal\u00e1nos \u00e1pol\u00f3<\/strong> d\u00f6nt\u0151: 1 f\u0151 teljes vizsgamentess\u00e9get, 1 f\u0151 interakt\u00edv vizsga mentess\u00e9get kapott<br \/>\n<strong>Csecsem\u0151- \u00e9s gyermek\u00e1pol\u00f3<\/strong> d\u00f6nt\u0151: 4 f\u0151 teljes vizsgamentess\u00e9get, 1 f\u0151 interakt\u00edv vizsgamentess\u00e9get kapott<br \/>\n<strong>Fog\u00e1szati asszisztens<\/strong> d\u00f6nt\u0151: 2 f\u0151 teljes vizsgamentess\u00e9get, 1 f\u0151 interakt\u00edv vizsga mentess\u00e9get kapott<br \/>\n<strong>Ment\u0151\u00e1pol\u00f3<\/strong> d\u00f6nt\u0151: 1 f\u0151 interakt\u00edv vizsgamentess\u00e9get kapott<br \/>\nKossuth Zsuzsanna Nemzeti Eg\u00e9szs\u00e9g\u00fcgyi Szakk\u00e9pz\u00e9si Verseny, <strong>Belgy\u00f3gy\u00e1szat \u00e9s \u00e1pol\u00e1stana; d\u00f6nt\u0151 II. Hely<br \/>\n<\/strong>Kossuth Zsuzsanna Nemzeti Eg\u00e9szs\u00e9g\u00fcgyi Szakk\u00e9pz\u00e9si Verseny, <strong>Feln\u0151tt alap\u00e1pol\u00e1s; d\u00f6nt\u0151 IV. Hely<br \/>\n<\/strong>Kossuth Zsuzsanna Nemzeti Eg\u00e9szs\u00e9g\u00fcgyi Szakk\u00e9pz\u00e9si Verseny, <strong>Csecsem\u0151 \u00e9s gyermek \u00e1pol\u00e1s; d\u00f6nt\u0151 I. Hely<br \/>\n<\/strong>&#8222;K\u00f6z\u00f6s \u00fcgy\u00fcnk az \u00e1pol\u00e1s&#8221; Szolnok; <strong>d\u00f6nt\u0151 IV. hely<br \/>\n<\/strong>\u201cSz\u00e9p Magyar Besz\u00e9d\u201d Kazinczy verseny, <strong>1 tanul\u00f3 a d\u00f6nt\u0151be jutott<br \/>\n<\/strong>Orsz\u00e1gos Els\u0151seg\u00e9lyny\u00fajt\u00e1si Verseny: <strong>arany min\u0151s\u00edt\u00e9s<\/strong> a megyei fordul\u00f3ban \u00e9s <strong>ez\u00fcst min\u0151s\u00edt\u00e9s<\/strong> az orsz\u00e1gos fordul\u00f3ban<br \/>\nXVIII. Ny\u00e1ri Eur\u00f3pai Ifj\u00fas\u00e1gi Olimpiai Fesztiv\u00e1l: diszkoszvet\u00e9sben <strong>arany\u00e9rem<\/strong>, kalap\u00e1csvet\u00e9sben <strong>bronz\u00e9rem<\/strong><\/p>\n<\/td>\n<\/tr>\n<\/tbody>\n<\/table>\n<p>&nbsp;<\/p>\n<h2>Technikum<\/h2>\n<p style=\"text-align: justify\">A technikum 5 vagy 6 \u00e9ves,\u00a0 \u00e9s \u00f6tv\u00f6zi a gimn\u00e1zium \u00a0\u00e9s a szakmatanul\u00e1s el\u0151nyeit. A k\u00f6telez\u0151 \u00e9retts\u00e9gi t\u00e1rgyakat (magyar, t\u00f6rt\u00e9nelem, matematika, egy idegen nyelv) ugyanabban az \u00f3rasz\u00e1mban \u00e9s tananyag alapj\u00e1n tanulhatod, mint a gimn\u00e1ziumban \u2013 a v\u00e9g\u00e9n term\u00e9szetesen \u00e9retts\u00e9gi vizsg\u00e1val.<\/p>\n<p style=\"text-align: justify\">A 9\u201310. \u00e9vfolyamon a k\u00f6zismereti t\u00e1rgyak domin\u00e1lnak, mellette pedig elkezdheted a v\u00e1lasztott \u00e1gazat alapjait tanulni. A 10. \u00e9v v\u00e9g\u00e9n \u00e1gazati alapvizsg\u00e1t teszel.\u00a0 A 11. \u00e9vt\u0151l sokkal nagyobb hangs\u00faly ker\u00fcl a szakmai elm\u00e9letre \u00e9s gyakorlatra \u2013 nemcsak az iskol\u00e1ban, hanem val\u00f3s munkahelyeken is (pl. k\u00f3rh\u00e1zban, \u00f3vod\u00e1ban, b\u00f6lcs\u0151d\u00e9ben). A 12. \u00e9vfolyamon a n\u00e9gy k\u00f6telez\u0151 tant\u00e1rgyb\u00f3l \u00e9retts\u00e9gi vizsg\u00e1t tehetsz.<\/p>\n<p style=\"text-align: justify\">A k\u00e9pz\u00e9s v\u00e9g\u00e9n egyszerre kapsz \u00e9retts\u00e9gi bizony\u00edtv\u00e1nyt \u00e9s technikusi oklevelet.\u00a0 Ez nagy el\u0151ny a fels\u0151oktat\u00e1si felv\u00e9telin, ha szakir\u00e1nyban szeretn\u00e9l tov\u00e1bbtanulni.<\/p>\n<p style=\"text-align: justify\">A tanulm\u00e1nyi eredm\u00e9nyed alapj\u00e1n \u00f6szt\u00f6nd\u00edjat kaphatsz, sikeres szakmai vizsga ut\u00e1n pedig egyszeri p\u00e1lyakezd\u00e9si t\u00e1mogat\u00e1st is biztos\u00edtunk.<\/p>\n<p><strong>N\u00e1lunk 3 \u00e1gazat k\u00f6z\u00fcl v\u00e1laszthatsz:<\/strong><\/p>\n<ul>\n<li>eg\u00e9szs\u00e9g\u00fcgy<\/li>\n<li>szoci\u00e1lis<\/li>\n<li>oktat\u00e1s<\/li>\n<\/ul>\n<p><strong>Plusz szolg\u00e1ltat\u00e1saink:<\/strong><\/p>\n<ul>\n<li>felk\u00e9sz\u00edt\u00e9s emelt szint\u0171 \u00e9retts\u00e9gire<\/li>\n<li>h\u00e1zi versenyek \u00e9s t\u00e1mogat\u00e1s k\u00fcls\u0151 megm\u00e9rettet\u00e9seken<\/li>\n<li>pszichol\u00f3gus \u00e9s gy\u00f3gypedag\u00f3gus seg\u00edts\u00e9ge a nehezebb helyzetekben<\/li>\n<li>sz\u00ednes kultur\u00e1lis, k\u00f6z\u00f6ss\u00e9gi \u00e9s szakmai programok<\/li>\n<\/ul>\n","protected":false},"excerpt":{"rendered":"<p>Eg\u00e9szs\u00e9g\u00fcgy, szoci\u00e1lis munka, pedag\u00f3gia &#8211; a hivat\u00e1sod itt kezd\u0151dik! Tud\u00e1s + \u00e9rt\u00e9kek + \u00e9lm\u00e9nyek &#8211; RW Bel\u00e9p\u0151 a szakm\u00e1ba \u00e9s a fels\u0151oktat\u00e1sba &#8211; RW Ahol a tud\u00e1s \u00e9s az emberi \u00e9rt\u00e9kek tal\u00e1lkoznak \u2013 RW Iskol\u00e1nk bemutat\u00e1sa A Semmelweis Egyetem Raoul Wallenberg T\u00f6bbc\u00e9l\u00fa Szakk\u00e9pz\u0151 Int\u00e9zm\u00e9nye a VI. ker\u00fcletben, a Rippl-R\u00f3nai utc\u00e1ban tal\u00e1lhat\u00f3, egy n\u00e9h\u00e1ny \u00e9ve ig\u00e9nyesen &hellip;<\/p>\n","protected":false},"author":101765,"featured_media":0,"parent":438,"menu_order":0,"comment_status":"closed","ping_status":"closed","template":"","meta":{"_acf_changed":false,"footnotes":""},"categories":[],"tags":[],"class_list":["post-768","page","type-page","status-publish","hentry"],"acf":[],"_links":{"self":[{"href":"https:\/\/semmelweis.hu\/raoulwallenberg\/wp-json\/wp\/v2\/pages\/768","targetHints":{"allow":["GET"]}}],"collection":[{"href":"https:\/\/semmelweis.hu\/raoulwallenberg\/wp-json\/wp\/v2\/pages"}],"about":[{"href":"https:\/\/semmelweis.hu\/raoulwallenberg\/wp-json\/wp\/v2\/types\/page"}],"author":[{"embeddable":true,"href":"https:\/\/semmelweis.hu\/raoulwallenberg\/wp-json\/wp\/v2\/users\/101765"}],"replies":[{"embeddable":true,"href":"https:\/\/semmelweis.hu\/raoulwallenberg\/wp-json\/wp\/v2\/comments?post=768"}],"version-history":[{"count":11,"href":"https:\/\/semmelweis.hu\/raoulwallenberg\/wp-json\/wp\/v2\/pages\/768\/revisions"}],"predecessor-version":[{"id":2460,"href":"https:\/\/semmelweis.hu\/raoulwallenberg\/wp-json\/wp\/v2\/pages\/768\/revisions\/2460"}],"up":[{"embeddable":true,"href":"https:\/\/semmelweis.hu\/raoulwallenberg\/wp-json\/wp\/v2\/pages\/438"}],"wp:attachment":[{"href":"https:\/\/semmelweis.hu\/raoulwallenberg\/wp-json\/wp\/v2\/media?parent=768"}],"wp:term":[{"taxonomy":"category","embeddable":true,"href":"https:\/\/semmelweis.hu\/raoulwallenberg\/wp-json\/wp\/v2\/categories?post=768"},{"taxonomy":"post_tag","embeddable":true,"href":"https:\/\/semmelweis.hu\/raoulwallenberg\/wp-json\/wp\/v2\/tags?post=768"}],"curies":[{"name":"wp","href":"https:\/\/api.w.org\/{rel}","templated":true}]}}