{"id":744,"date":"2021-02-15T16:00:18","date_gmt":"2021-02-15T15:00:18","guid":{"rendered":"http:\/\/semmelweis.hu\/raoulwallenberg\/?page_id=744"},"modified":"2024-09-21T15:01:18","modified_gmt":"2024-09-21T13:01:18","slug":"mora-alapitvany","status":"publish","type":"page","link":"https:\/\/semmelweis.hu\/raoulwallenberg\/mora-alapitvany\/","title":{"rendered":"M\u00f3ra Alap\u00edtv\u00e1ny"},"content":{"rendered":"<p style=\"text-align: center\"><strong>M\u00d3RA ALAP\u00cdTV\u00c1NY<\/strong><\/p>\n<p><strong>C\u00edme:<\/strong> 1068 Budapest, Rippl-R\u00f3nai utca 22-26.<br \/>\n<strong>Ad\u00f3sz\u00e1ma:<\/strong> 18013100-1-42 <br \/>\n<strong>Banksz\u00e1mlasz\u00e1ma:<\/strong> OTP 11784009-20300364<\/p>\n<p>Alap\u00edtv\u00e1nyunk alap\u00edt\u00f3 okirat\u00e1ban szerepl\u0151 c\u00e9lok:<\/p>\n<ul>\n<li>az iskola szakmai felszerel\u00e9s\u00e9nek b\u0151v\u00edt\u00e9se, korszer\u0171s\u00edt\u00e9se<\/li>\n<li>tanul\u00f3ink \u00e9s pedag\u00f3gusaink hazai \u00e9s k\u00fclf\u00f6ldi oktat\u00e1si int\u00e9zm\u00e9nyekkel val\u00f3 szakmai kapcsolat\u00e9p\u00edt\u00e9s\u00e9nek el\u0151seg\u00edt\u00e9se<\/li>\n<li>versenyen kiemelked\u0151 teljes\u00edtm\u00e9nyt el\u00e9rt tanul\u00f3k jutalmaz\u00e1sa<\/li>\n<li>iskola kultur\u00e1lis tev\u00e9kenys\u00e9g\u00e9nek seg\u00edt\u00e9se<\/li>\n<li>szoci\u00e1lisan r\u00e1szorul\u00f3 di\u00e1kok anyagi t\u00e1mogat\u00e1sa<\/li>\n<li>kiemelked\u0151 pedag\u00f3giai tev\u00e9kenys\u00e9g t\u00e1mogat\u00e1sa<\/li>\n<\/ul>\n<p>K\u00e9rj\u00fck, hogy szem\u00e9lyi j\u00f6vedelemad\u00f3ja 1%-\u00e1val t\u00e1mogassa iskolai alap\u00edtv\u00e1nyunkat!<\/p>\n<p>K\u00f6sz\u00f6nj\u00fck t\u00e1mogat\u00e1s\u00e1t!<\/p>\n<p style=\"text-align: right\">A M\u00f3ra Alap\u00edtv\u00e1ny kurat\u00f3riuma<\/p>\n<p>BESZ\u00c1MOL\u00d3K:<\/p>\n<p><a href=\"https:\/\/semmelweis.hu\/raoulwallenberg\/files\/2024\/09\/Mora_beszamolo-2023.pdf\">M\u00f3ra_besz\u00e1mol\u00f3 2023<\/a><br \/>\n<a href=\"https:\/\/semmelweis.hu\/raoulwallenberg\/files\/2024\/09\/Mora_beszamolo-2022.pdf\">M\u00f3ra_besz\u00e1mol\u00f3 2022<\/a><br \/>\n<a href=\"https:\/\/semmelweis.hu\/raoulwallenberg\/files\/2021\/09\/M\u00f3ra_besz\u00e1mol\u00f3-2020.pdf\">M\u00f3ra_besz\u00e1mol\u00f3-2020<\/a><br \/>\n<a href=\"https:\/\/semmelweis.hu\/raoulwallenberg\/files\/2021\/03\/M\u00f3ra_besz\u00e1mol\u00f3-2019.pdf\">M\u00f3ra_besz\u00e1mol\u00f3-2019<\/a><br \/>\n<a href=\"https:\/\/semmelweis.hu\/raoulwallenberg\/files\/2021\/03\/M\u00f3ra_besz\u00e1mol\u00f3-2018.pdf\">M\u00f3ra_besz\u00e1mol\u00f3-2018<\/a><br \/>\n<a href=\"https:\/\/semmelweis.hu\/raoulwallenberg\/files\/2021\/02\/mora_beszamolo2017.pdf\">M\u00f3ra_beszamol\u00f3-2017<\/a><\/p>\n<p><\/p>\n","protected":false},"excerpt":{"rendered":"<p>M\u00d3RA ALAP\u00cdTV\u00c1NY C\u00edme: 1068 Budapest, Rippl-R\u00f3nai utca 22-26. Ad\u00f3sz\u00e1ma: 18013100-1-42 Banksz\u00e1mlasz\u00e1ma: OTP 11784009-20300364 Alap\u00edtv\u00e1nyunk alap\u00edt\u00f3 okirat\u00e1ban szerepl\u0151 c\u00e9lok: az iskola szakmai felszerel\u00e9s\u00e9nek b\u0151v\u00edt\u00e9se, korszer\u0171s\u00edt\u00e9se tanul\u00f3ink \u00e9s pedag\u00f3gusaink hazai \u00e9s k\u00fclf\u00f6ldi oktat\u00e1si int\u00e9zm\u00e9nyekkel val\u00f3 szakmai kapcsolat\u00e9p\u00edt\u00e9s\u00e9nek el\u0151seg\u00edt\u00e9se versenyen kiemelked\u0151 teljes\u00edtm\u00e9nyt el\u00e9rt tanul\u00f3k jutalmaz\u00e1sa iskola kultur\u00e1lis tev\u00e9kenys\u00e9g\u00e9nek seg\u00edt\u00e9se szoci\u00e1lisan r\u00e1szorul\u00f3 di\u00e1kok anyagi t\u00e1mogat\u00e1sa kiemelked\u0151 pedag\u00f3giai tev\u00e9kenys\u00e9g t\u00e1mogat\u00e1sa &hellip;<\/p>\n","protected":false},"author":12,"featured_media":0,"parent":0,"menu_order":6,"comment_status":"closed","ping_status":"closed","template":"","meta":{"_acf_changed":false,"footnotes":""},"categories":[],"tags":[],"class_list":["post-744","page","type-page","status-publish","hentry"],"acf":[],"_links":{"self":[{"href":"https:\/\/semmelweis.hu\/raoulwallenberg\/wp-json\/wp\/v2\/pages\/744","targetHints":{"allow":["GET"]}}],"collection":[{"href":"https:\/\/semmelweis.hu\/raoulwallenberg\/wp-json\/wp\/v2\/pages"}],"about":[{"href":"https:\/\/semmelweis.hu\/raoulwallenberg\/wp-json\/wp\/v2\/types\/page"}],"author":[{"embeddable":true,"href":"https:\/\/semmelweis.hu\/raoulwallenberg\/wp-json\/wp\/v2\/users\/12"}],"replies":[{"embeddable":true,"href":"https:\/\/semmelweis.hu\/raoulwallenberg\/wp-json\/wp\/v2\/comments?post=744"}],"version-history":[{"count":11,"href":"https:\/\/semmelweis.hu\/raoulwallenberg\/wp-json\/wp\/v2\/pages\/744\/revisions"}],"predecessor-version":[{"id":2104,"href":"https:\/\/semmelweis.hu\/raoulwallenberg\/wp-json\/wp\/v2\/pages\/744\/revisions\/2104"}],"wp:attachment":[{"href":"https:\/\/semmelweis.hu\/raoulwallenberg\/wp-json\/wp\/v2\/media?parent=744"}],"wp:term":[{"taxonomy":"category","embeddable":true,"href":"https:\/\/semmelweis.hu\/raoulwallenberg\/wp-json\/wp\/v2\/categories?post=744"},{"taxonomy":"post_tag","embeddable":true,"href":"https:\/\/semmelweis.hu\/raoulwallenberg\/wp-json\/wp\/v2\/tags?post=744"}],"curies":[{"name":"wp","href":"https:\/\/api.w.org\/{rel}","templated":true}]}}