{"id":695,"date":"2021-02-09T20:46:49","date_gmt":"2021-02-09T19:46:49","guid":{"rendered":"http:\/\/semmelweis.hu\/raoulwallenberg\/?page_id=695"},"modified":"2025-10-14T10:41:14","modified_gmt":"2025-10-14T08:41:14","slug":"iskolank-bemutatasa","status":"publish","type":"page","link":"https:\/\/semmelweis.hu\/raoulwallenberg\/iskolankrol\/iskolank-bemutatasa\/","title":{"rendered":"Iskol\u00e1nk bemutat\u00e1sa"},"content":{"rendered":"<p style=\"text-align: center\">\u201eNem \u00f6nmagunk\u00e9rt, hanem m\u00e1sok\u00e9rt \u00e9lni a legszebb hivat\u00e1s\u201d<br \/>\n(Mad\u00e1ch Imre)<\/p>\n<p style=\"text-align: left\">A Semmelweis Egyetem Raoul Wallenberg T\u00f6bbc\u00e9l\u00fa Szakk\u00e9pz\u0151 Int\u00e9zm\u00e9nye a hazai eg\u00e9szs\u00e9g\u00fcgyi, szoci\u00e1lis \u00e9s pedag\u00f3giai szakk\u00e9pz\u00e9s meghat\u00e1roz\u00f3 int\u00e9zm\u00e9nyek\u00e9nt magas szint\u0171, soksz\u00edn\u0171 k\u00e9pz\u00e9sekkel j\u00e1rul hozz\u00e1 a magyar t\u00e1rsadalom fejl\u0151d\u00e9s\u00e9hez, a munkaer\u0151piaci elv\u00e1r\u00e1sokhoz, a Semmelweis Egyetem \u00e1ltal k\u00e9pviselt norm\u00e1k ment\u00e9n.<\/p>\n<p>Oktat\u00f3i test\u00fclet\u00fcnk az iskola sok \u00e9vtizedes pedag\u00f3giai, szakk\u00e9pz\u00e9si eredm\u00e9nyeire, a nevel\u0151oktat\u00f3 munka id\u0151t\u00e1ll\u00f3 \u00e9rt\u00e9keire \u00e9s hagyom\u00e1nyaira alapozza a tev\u00e9kenys\u00e9g\u00e9t.\u00a0<\/p>\n<p>Figyelemebe vessz\u00fck a tanulni v\u00e1gy\u00f3k ig\u00e9nyeit, napjaink hazai \u00e9s Eur\u00f3pai Uni\u00f3s szakk\u00e9pz\u00e9sfejleszt\u00e9si ir\u00e1nyait.<\/p>\n<p>Az iskol\u00e1ban foly\u00f3 oktat\u00f3-nevel\u0151 munka f\u0151 jellemz\u0151je a szakmai ig\u00e9nyess\u00e9g: szil\u00e1rd, hum\u00e1n \u00e9rt\u00e9krendet, az emberi l\u00e9t tisztelet\u00e9t, az erk\u00f6lcsi helyt\u00e1ll\u00e1st, az el\u0151\u00edt\u00e9let-mentes gondolkod\u00e1st \u00e9s konkr\u00e9t t\u00e1rsadalmi kapaszkod\u00f3kat igyeksz\u00fcnk \u00e1tadni tanul\u00f3inknak. Nyitottak vagyunk az \u00faj pedag\u00f3giai m\u00f3dszerek ir\u00e1ny\u00e1ban, szem el\u0151tt tartjuk a tanul\u00e1si eredm\u00e9ny alap\u00fa szeml\u00e9letet. Az eg\u00e9szs\u00e9g\u00fcgyi, szoci\u00e1lis \u00e9s pedag\u00f3giai int\u00e9zm\u00e9nyek elv\u00e1r\u00e1sainak megfelel\u0151en magasabb m\u0171velts\u00e9g\u0171, konvert\u00e1lhat\u00f3 szaktud\u00e1s\u00fa, kommunikat\u00edv, innovat\u00edv szakmai k\u00e9pz\u00e9st szeretn\u00e9nk megval\u00f3s\u00edtani.<\/p>\n<p>Munk\u00e1nkat a tanul\u00f3k szem\u00e9lyis\u00e9g\u00e9nek \u00e9s egy\u00e9ni\/\u00f6n\u00e1ll\u00f3 tanul\u00e1si k\u00e9pess\u00e9geinek fejleszt\u00e9s\u00e9vel \u00f6sszhangban, nyitotts\u00e1gon \u00e9s a k\u00f6lcs\u00f6n\u00f6s bizalmi viszonyon alapul\u00f3 j\u00f3 iskolai l\u00e9gk\u00f6rben val\u00f3s\u00edtjuk meg.<\/p>\n<p>Iskol\u00e1nk a k\u00f6z\u00e9p- \u00e9s az emelt szint\u0171 \u00e9retts\u00e9gi vizsg\u00e1ra, (els\u0151sorban) a fels\u0151fok\u00fa tov\u00e1bbtanul\u00e1sra t\u00f6rt\u00e9n\u0151 felk\u00e9sz\u00edt\u00e9s sor\u00e1n minden ir\u00e1nyban fenntartja a tov\u00e1bbhalad\u00e1s lehet\u0151s\u00e9g\u00e9t.<\/p>\n<p>Emellett meg k\u00edv\u00e1njuk \u0151rizni a munkaer\u0151piacon k\u00e9pz\u0151helyk\u00e9nt szerzett j\u00f3 h\u00edrnev\u00fcnket biztos\u00edtva v\u00e9gzett tanul\u00f3inknak az eg\u00e9szs\u00e9g\u00fcgyi, szoci\u00e1lis \u00e9s pedag\u00f3giai ter\u00fcleten val\u00f3 azonnali munkav\u00e1llal\u00e1s es\u00e9ly\u00e9t.<\/p>\n<p>Tanul\u00f3ink sz\u00e1m\u00e1ra szakmai, egzisztenci\u00e1lis perspekt\u00edv\u00e1t k\u00edv\u00e1nunk ny\u00fajtani, az eg\u00e9sz \u00e9leten \u00e1t tart\u00f3 tanul\u00e1s \u00f6szt\u00f6nz\u00e9s\u00e9vel.<br \/>\nEzt a k\u00fcldet\u00e9st iskol\u00e1nk oktat\u00f3i, pedag\u00f3gusai, dolgoz\u00f3i \u00e9s tanul\u00f3i k\u00f6z\u00f6sen a partnerekkel, gyakorl\u00f3helyekkel egy\u00fcttm\u0171k\u00f6dve teljes\u00edti.<\/p>\n<p><strong>Technikumi k\u00e9pz\u00e9seink nappali tagozaton, 25 \u00e9ves korig:<\/strong><\/p>\n<table style=\"border-collapse: collapse;width: 72.7801%;height: 327px\">\n<tbody>\n<tr style=\"height: 63px\">\n<td style=\"width: 10.0622%;height: 63px\"><strong>\u00c1gazat<\/strong><\/td>\n<td style=\"width: 21.6805%;height: 63px\"><strong>Szakma<\/strong><\/td>\n<td style=\"width: 19.025%;height: 63px\"><strong>Szakmair\u00e1ny<\/strong><\/td>\n<td style=\"width: 11.2966%;height: 63px\"><strong>K\u00e9pz\u00e9si id\u0151 nyolcadik ut\u00e1n<\/strong><\/td>\n<td style=\"width: 10.7158%;height: 63px\"><strong>K\u00e9pz\u00e9si id\u0151 \u00e9retts\u00e9gi ut\u00e1n<\/strong><\/td>\n<\/tr>\n<tr style=\"height: 33px\">\n<td style=\"width: 10.0622%;height: 198px\" rowspan=\"6\">Eg\u00e9szs\u00e9g\u00fcgy<\/td>\n<td style=\"width: 21.6805%;height: 33px\">\u00c1ltal\u00e1nos \u00e1pol\u00f3<\/td>\n<td style=\"width: 19.025%;height: 33px\">\u00a0<\/td>\n<td style=\"width: 11.2966%;text-align: center;height: 33px\">6 \u00e9v<\/td>\n<td style=\"width: 10.7158%;text-align: center;height: 33px\">3 \u00e9v<\/td>\n<\/tr>\n<tr style=\"height: 33px\">\n<td style=\"width: 21.6805%;height: 33px\">Csecsem\u0151- \u00e9s gyermek\u00e1pol\u00f3<\/td>\n<td style=\"width: 19.025%;height: 33px\">\u00a0<\/td>\n<td style=\"width: 11.2966%;text-align: center;height: 33px\">5 \u00e9v<\/td>\n<td style=\"width: 10.7158%;text-align: center;height: 33px\">2 \u00e9v<\/td>\n<\/tr>\n<tr style=\"height: 33px\">\n<td style=\"width: 21.6805%;height: 33px\">Ment\u0151\u00e1pol\u00f3<\/td>\n<td style=\"width: 19.025%;height: 33px\">\u00a0<\/td>\n<td style=\"width: 11.2966%;text-align: center;height: 33px\">5 \u00e9v<\/td>\n<td style=\"width: 10.7158%;text-align: center;height: 33px\">2 \u00e9v<\/td>\n<\/tr>\n<tr style=\"height: 33px\">\n<td style=\"width: 21.6805%;height: 66px\" rowspan=\"2\">Eg\u00e9szs\u00e9g\u00fcgyi asszisztens<br \/>\nEg\u00e9szs\u00e9g\u00fcgyi asszisztens<\/td>\n<td style=\"width: 19.025%;height: 33px\">Fog\u00e1szati asszisztens<\/td>\n<td style=\"width: 11.2966%;text-align: center;height: 33px\">5 \u00e9v<\/td>\n<td style=\"width: 10.7158%;text-align: center;height: 33px\">2 \u00e9v<\/td>\n<\/tr>\n<tr style=\"height: 33px\">\n<td style=\"width: 19.025%;height: 33px\">Gy\u00f3gyszert\u00e1ri asszisztens<\/td>\n<td style=\"width: 11.2966%;text-align: center;height: 33px\">5 \u00e9v<\/td>\n<td style=\"width: 10.7158%;text-align: center;height: 33px\">2 \u00e9v<\/td>\n<\/tr>\n<tr style=\"height: 33px\">\n<td style=\"width: 21.6805%;height: 33px\">Rehabilit\u00e1ci\u00f3s terapeuta<\/td>\n<td style=\"width: 19.025%;height: 33px\">Gy\u00f3gymassz\u0151r<\/td>\n<td style=\"width: 11.2966%;text-align: center;height: 33px\">5 \u00e9v<\/td>\n<td style=\"width: 10.7158%;text-align: center;height: 33px\">2 \u00e9v<\/td>\n<\/tr>\n<tr style=\"height: 33px\">\n<td style=\"width: 10.0622%;height: 33px\">Szoci\u00e1lis<\/td>\n<td style=\"width: 21.6805%;height: 33px\">Kisgyermekgondoz\u00f3,- nevel\u0151<\/td>\n<td style=\"width: 19.025%;height: 33px\">\u00a0<\/td>\n<td style=\"width: 11.2966%;text-align: center;height: 33px\">5 \u00e9v<\/td>\n<td style=\"width: 10.7158%;text-align: center;height: 33px\">2 \u00e9v<\/td>\n<\/tr>\n<tr style=\"height: 33px\">\n<td style=\"width: 10.0622%;height: 33px\">Oktat\u00e1s<\/td>\n<td style=\"width: 21.6805%;height: 33px\">Oktat\u00e1si szakasszisztens<\/td>\n<td style=\"width: 19.025%;height: 33px\">\u00a0<\/td>\n<td style=\"width: 11.2966%;text-align: center;height: 33px\">5 \u00e9v<\/td>\n<td style=\"width: 10.7158%;text-align: center;height: 33px\">2 \u00e9v<\/td>\n<\/tr>\n<\/tbody>\n<\/table>\n<p>&nbsp;<\/p>\n<p><strong>Szakgimn\u00e1ziumi k\u00e9pz\u00e9sek nappali tagozaton, 25 \u00e9ves korig:<\/strong><\/p>\n<table style=\"border-collapse: collapse;width: 73.029%\">\n<tbody>\n<tr>\n<td style=\"width: 11.9502%\"><strong>\u00c1gazat<\/strong><\/td>\n<td style=\"width: 20.7469%\"><strong>Szakk\u00e9pes\u00edt\u00e9s<\/strong><\/td>\n<td style=\"width: 18.4232%\"><strong>Szakir\u00e1ny<\/strong><\/td>\n<td style=\"width: 11.2966%;height: 63px\"><strong>K\u00e9pz\u00e9si id\u0151 nyolcadik ut\u00e1n<\/strong><\/td>\n<td style=\"width: 10.7158%;height: 63px\"><strong>K\u00e9pz\u00e9si id\u0151 \u00e9retts\u00e9gi ut\u00e1n<\/strong><\/td>\n<\/tr>\n<tr>\n<td style=\"width: 11.9502%\" rowspan=\"2\">Pedag\u00f3gia<\/td>\n<td style=\"width: 20.7469%\" rowspan=\"2\">Pedag\u00f3giai munkat\u00e1rs<\/td>\n<td style=\"width: 18.4232%\">Gy\u00f3gypedag\u00f3giai asszisztens<\/td>\n<td style=\"width: 11.2966%;text-align: center\">5 \u00e9v<\/td>\n<td style=\"width: 10.7158%;text-align: center\">2 \u00e9v<\/td>\n<\/tr>\n<tr>\n<td style=\"width: 18.4232%\">Pedag\u00f3giai asszisztens<\/td>\n<td style=\"width: 11.2966%;text-align: center\">5 \u00e9v<\/td>\n<td style=\"width: 10.7158%;text-align: center\">2 \u00e9v<\/td>\n<\/tr>\n<\/tbody>\n<\/table>\n<p>&nbsp;<\/p>\n<p><strong>Ingyenes, \u00e9retts\u00e9gi v\u00e9gzetts\u00e9ghez k\u00f6t\u00f6tt feln\u0151ttk\u00e9pz\u00e9si jogviszonyos k\u00e9pz\u00e9sek, b\u00e1rmely \u00e9letkorban:<\/strong><\/p>\n<table style=\"border-collapse: collapse;width: 77.5105%;height: 363px\">\n<tbody>\n<tr style=\"height: 33px\">\n<td style=\"width: 5.15507%;height: 33px\"><strong>\u00c1gazat<\/strong><\/td>\n<td style=\"width: 21.5129%;height: 33px\"><strong>Szakma<\/strong><\/td>\n<td style=\"width: 31.5376%;height: 33px\"><strong>Szakk\u00e9pes\u00edt\u00e9s<\/strong><\/td>\n<td style=\"width: 8.81219%;height: 33px\"><strong>K\u00e9pz\u00e9si id\u0151<\/strong><\/td>\n<\/tr>\n<tr style=\"height: 33px\">\n<td style=\"width: 5.15507%;height: 330px\" rowspan=\"10\">Eg\u00e9szs\u00e9g\u00fcgy<\/td>\n<td style=\"width: 21.5129%;height: 33px\">\u00c1ltal\u00e1nos \u00e1pol\u00f3<\/td>\n<td style=\"width: 31.5376%;height: 33px\">\u00a0<\/td>\n<td style=\"width: 8.81219%;text-align: center;height: 33px\">3 \u00e9v<\/td>\n<\/tr>\n<tr style=\"height: 33px\">\n<td style=\"width: 21.5129%;height: 33px\">Csecsem\u0151- \u00e9s gyermek\u00e1pol\u00f3<\/td>\n<td style=\"width: 31.5376%;height: 33px\">\u00a0<\/td>\n<td style=\"width: 8.81219%;text-align: center;height: 33px\">2 \u00e9v<\/td>\n<\/tr>\n<tr style=\"height: 33px\">\n<td style=\"width: 21.5129%;height: 33px\">Ment\u0151\u00e1pol\u00f3<\/td>\n<td style=\"width: 31.5376%;height: 33px\">\u00a0<\/td>\n<td style=\"width: 8.81219%;text-align: center;height: 33px\">2 \u00e9v<\/td>\n<\/tr>\n<tr style=\"height: 33px\">\n<td style=\"width: 21.5129%;height: 99px\" rowspan=\"3\">Eg\u00e9szs\u00e9g\u00fcgyi asszisztens<\/td>\n<td style=\"width: 31.5376%;height: 33px\">Fog\u00e1szati asszisztens<\/td>\n<td style=\"width: 8.81219%;text-align: center;height: 33px\">2 \u00e9v<\/td>\n<\/tr>\n<tr style=\"height: 33px\">\n<td style=\"width: 31.5376%;height: 33px\">Gy\u00f3gyszert\u00e1ri asszisztens<\/td>\n<td style=\"width: 8.81219%;text-align: center;height: 33px\">2 \u00e9v<\/td>\n<\/tr>\n<tr style=\"height: 33px\">\n<td style=\"width: 31.5376%;height: 33px\">Kardiol\u00f3giai \u00e9s angiol\u00f3giai asszisztens<\/td>\n<td style=\"width: 8.81219%;text-align: center;height: 33px\">2 \u00e9v<\/td>\n<\/tr>\n<tr style=\"height: 33px\">\n<td style=\"width: 21.5129%;height: 66px\" rowspan=\"2\">Rehabilit\u00e1ci\u00f3s terapeuta<\/td>\n<td style=\"width: 31.5376%;height: 33px\">Fizioter\u00e1pi\u00e1s asszisztens<\/td>\n<td style=\"width: 8.81219%;text-align: center;height: 33px\">2 \u00e9v<\/td>\n<\/tr>\n<tr style=\"height: 33px\">\n<td style=\"width: 31.5376%;height: 33px\">Gy\u00f3gymassz\u0151r<\/td>\n<td style=\"width: 8.81219%;text-align: center;height: 33px\">2 \u00e9v<\/td>\n<\/tr>\n<tr style=\"height: 33px\">\n<td style=\"width: 21.5129%;height: 66px\" rowspan=\"2\">Perioperat\u00edv szakasszisztens<\/td>\n<td style=\"width: 31.5376%;height: 33px\">Aneszteziol\u00f3giai szakasszisztens<\/td>\n<td style=\"width: 8.81219%;text-align: center;height: 33px\">3 \u00e9v<\/td>\n<\/tr>\n<tr style=\"height: 33px\">\n<td style=\"width: 31.5376%;height: 33px\">M\u0171t\u00e9ti szakasszisztens<\/td>\n<td style=\"width: 8.81219%;height: 33px;text-align: center\">3 \u00e9v<\/td>\n<\/tr>\n<\/tbody>\n<\/table>\n","protected":false},"excerpt":{"rendered":"<p style=\"text-align: left\">A Semmelweis Egyetem Raoul Wallenberg T\u00f6bbc\u00e9l\u00fa Szakk\u00e9pz\u0151 Int\u00e9zm\u00e9nye a hazai eg\u00e9szs\u00e9g\u00fcgyi, szoci\u00e1lis \u00e9s pedag\u00f3giai szakk\u00e9pz\u00e9s meghat\u00e1roz\u00f3 int\u00e9zm\u00e9nyek\u00e9nt magas szint\u0171, soksz\u00edn\u0171 k\u00e9pz\u00e9sekkel j\u00e1rul hozz\u00e1 a magyar t\u00e1rsadalom fejl\u0151d\u00e9s\u00e9hez, a munkaer\u0151piaci elv\u00e1r\u00e1sokhoz, a Semmelweis Egyetem \u00e1ltal k\u00e9pviselt norm\u00e1k ment\u00e9n.<\/p>\n<p>Oktat\u00f3i test\u00fclet\u00fcnk az iskola sok \u00e9vtizedes pedag\u00f3giai, szakk\u00e9pz\u00e9si eredm\u00e9nyeire, a nevel\u0151oktat\u00f3 munka id\u0151t\u00e1ll\u00f3 \u00e9rt\u00e9keire \u00e9s hagyom\u00e1nyaira alapozza a tev\u00e9kenys\u00e9g\u00e9t.\u00a0<\/p>\n<p>Figyelemebe vessz\u00fck a tanulni v\u00e1gy\u00f3k ig\u00e9nyeit, napjaink hazai \u00e9s Eur\u00f3pai Uni\u00f3s szakk\u00e9pz\u00e9sfejleszt\u00e9si ir\u00e1nyait.<\/p>\n","protected":false},"author":101765,"featured_media":698,"parent":29,"menu_order":0,"comment_status":"closed","ping_status":"closed","template":"","meta":{"_acf_changed":false,"footnotes":""},"categories":[],"tags":[],"class_list":["post-695","page","type-page","status-publish","has-post-thumbnail","hentry"],"acf":[],"_links":{"self":[{"href":"https:\/\/semmelweis.hu\/raoulwallenberg\/wp-json\/wp\/v2\/pages\/695","targetHints":{"allow":["GET"]}}],"collection":[{"href":"https:\/\/semmelweis.hu\/raoulwallenberg\/wp-json\/wp\/v2\/pages"}],"about":[{"href":"https:\/\/semmelweis.hu\/raoulwallenberg\/wp-json\/wp\/v2\/types\/page"}],"author":[{"embeddable":true,"href":"https:\/\/semmelweis.hu\/raoulwallenberg\/wp-json\/wp\/v2\/users\/101765"}],"replies":[{"embeddable":true,"href":"https:\/\/semmelweis.hu\/raoulwallenberg\/wp-json\/wp\/v2\/comments?post=695"}],"version-history":[{"count":7,"href":"https:\/\/semmelweis.hu\/raoulwallenberg\/wp-json\/wp\/v2\/pages\/695\/revisions"}],"predecessor-version":[{"id":2499,"href":"https:\/\/semmelweis.hu\/raoulwallenberg\/wp-json\/wp\/v2\/pages\/695\/revisions\/2499"}],"up":[{"embeddable":true,"href":"https:\/\/semmelweis.hu\/raoulwallenberg\/wp-json\/wp\/v2\/pages\/29"}],"wp:featuredmedia":[{"embeddable":true,"href":"https:\/\/semmelweis.hu\/raoulwallenberg\/wp-json\/wp\/v2\/media\/698"}],"wp:attachment":[{"href":"https:\/\/semmelweis.hu\/raoulwallenberg\/wp-json\/wp\/v2\/media?parent=695"}],"wp:term":[{"taxonomy":"category","embeddable":true,"href":"https:\/\/semmelweis.hu\/raoulwallenberg\/wp-json\/wp\/v2\/categories?post=695"},{"taxonomy":"post_tag","embeddable":true,"href":"https:\/\/semmelweis.hu\/raoulwallenberg\/wp-json\/wp\/v2\/tags?post=695"}],"curies":[{"name":"wp","href":"https:\/\/api.w.org\/{rel}","templated":true}]}}