{"id":662,"date":"2021-02-08T17:49:46","date_gmt":"2021-02-08T16:49:46","guid":{"rendered":"http:\/\/semmelweis.hu\/raoulwallenberg\/?page_id=662"},"modified":"2025-09-22T16:45:28","modified_gmt":"2025-09-22T14:45:28","slug":"tagozataink","status":"publish","type":"page","link":"https:\/\/semmelweis.hu\/raoulwallenberg\/nyolcadikosoknak\/tagozataink\/","title":{"rendered":"Tagozataink"},"content":{"rendered":"<p><a href=\"https:\/\/semmelweis.hu\/raoulwallenberg\/files\/2024\/10\/EGESZSEGUGYI-TECHNIKUM-okleveles-altalanos-apolo-6-eves.pdf\">EG\u00c9SZS\u00c9G\u00dcGYI TECHNIKUM &#8211; okleveles \u00e1ltal\u00e1nos \u00e1pol\u00f3 (6 \u00e9ves)<\/a><\/p>\n<p><a href=\"https:\/\/semmelweis.hu\/raoulwallenberg\/files\/2024\/10\/EGESZSEGUGY-TECHNIKUM-5-es-6-evfolyamos.pdf\">EG\u00c9SZS\u00c9G\u00dcGY TECHNIKUM 5 \u00e9s 6 \u00e9vfolyamos<\/a><\/p>\n<ul>\n<li>\u00c1ltal\u00e1nos \u00e1pol\u00f3\u00a0<\/li>\n<li>Csecsem\u0151- \u00e9s gyermek\u00e1pol\u00f3<\/li>\n<li>Ment\u0151\u00e1pol\u00f3<\/li>\n<li>Eg\u00e9szs\u00e9g\u00fcgyi asszisztens &#8211; fog\u00e1szati asszisztens<\/li>\n<li>Eg\u00e9szs\u00e9g\u00fcgyi asszisztens &#8211; gy\u00f3gyszert\u00e1ri asszisztens<\/li>\n<li>Rehabilit\u00e1ci\u00f3s terapeuta &#8211; gy\u00f3gymassz\u0151r<\/li>\n<\/ul>\n<p><a href=\"https:\/\/semmelweis.hu\/raoulwallenberg\/files\/2024\/10\/SZOCIALIS-TECHNIKUM.pdf\">SZOCI\u00c1LIS TECHNIKUM<\/a><\/p>\n<ul>\n<li>Kisgyermekgondoz\u00f3, -nevel\u0151<\/li>\n<\/ul>\n<p><a href=\"https:\/\/semmelweis.hu\/raoulwallenberg\/files\/2024\/10\/OKTATAS-TECHNIKUM.pdf\">OKTAT\u00c1S TECHNIKUM<\/a><\/p>\n<ul>\n<li><span style=\"font-size: 1rem\">Oktat\u00e1si szakasszisztens<\/span><\/li>\n<\/ul>\n<p>&nbsp;<\/p>\n","protected":false},"excerpt":{"rendered":"<p><a href=\"https:\/\/semmelweis.hu\/raoulwallenberg\/files\/2024\/10\/EGESZSEGUGYI-TECHNIKUM-okleveles-altalanos-apolo-6-eves.pdf\">EG\u00c9SZS\u00c9G\u00dcGYI TECHNIKUM &#8211; okleveles \u00e1ltal\u00e1nos \u00e1pol\u00f3 (6 \u00e9ves)<\/a><br \/>\n<a href=\"https:\/\/semmelweis.hu\/raoulwallenberg\/files\/2024\/10\/EGESZSEGUGY-TECHNIKUM-5-es-6-evfolyamos.pdf\">EG\u00c9SZS\u00c9G\u00dcGY TECHNIKUM 5 \u00e9s 6 \u00e9vfolyamos<\/a><\/p>\n<p>\u00c1ltal\u00e1nos \u00e1pol\u00f3\u00a0<br \/>\nCsecsem\u0151- \u00e9s gyermek\u00e1pol\u00f3<br \/>\nMent\u0151\u00e1pol\u00f3<br \/>\nEg\u00e9szs\u00e9g\u00fcgyi asszisztens &#8211; fog\u00e1szati asszisztens<br \/>\nEg\u00e9szs\u00e9g\u00fcgyi asszisztens &#8211; gy\u00f3gyszert\u00e1ri asszisztens<br \/>\nRehabilit\u00e1ci\u00f3s terapeuta &#8211; gy\u00f3gymassz\u0151r<\/p>\n<p><a href=\"https:\/\/semmelweis.hu\/raoulwallenberg\/files\/2024\/10\/SZOCIALIS-TECHNIKUM.pdf\">SZOCI\u00c1LIS TECHNIKUM<\/a><\/p>\n<p>Kisgyermekgondoz\u00f3, -nevel\u0151<\/p>\n<p><a href=\"https:\/\/semmelweis.hu\/raoulwallenberg\/files\/2024\/10\/OKTATAS-TECHNIKUM.pdf\">OKTAT\u00c1S TECHNIKUM<\/a><\/p>\n<p>Oktat\u00e1si szakasszisztens<\/p>\n<p>&nbsp;<\/p>\n","protected":false},"author":101765,"featured_media":0,"parent":438,"menu_order":0,"comment_status":"closed","ping_status":"closed","template":"","meta":{"_acf_changed":false,"footnotes":""},"categories":[],"tags":[],"class_list":["post-662","page","type-page","status-publish","hentry"],"acf":[],"_links":{"self":[{"href":"https:\/\/semmelweis.hu\/raoulwallenberg\/wp-json\/wp\/v2\/pages\/662","targetHints":{"allow":["GET"]}}],"collection":[{"href":"https:\/\/semmelweis.hu\/raoulwallenberg\/wp-json\/wp\/v2\/pages"}],"about":[{"href":"https:\/\/semmelweis.hu\/raoulwallenberg\/wp-json\/wp\/v2\/types\/page"}],"author":[{"embeddable":true,"href":"https:\/\/semmelweis.hu\/raoulwallenberg\/wp-json\/wp\/v2\/users\/101765"}],"replies":[{"embeddable":true,"href":"https:\/\/semmelweis.hu\/raoulwallenberg\/wp-json\/wp\/v2\/comments?post=662"}],"version-history":[{"count":10,"href":"https:\/\/semmelweis.hu\/raoulwallenberg\/wp-json\/wp\/v2\/pages\/662\/revisions"}],"predecessor-version":[{"id":2146,"href":"https:\/\/semmelweis.hu\/raoulwallenberg\/wp-json\/wp\/v2\/pages\/662\/revisions\/2146"}],"up":[{"embeddable":true,"href":"https:\/\/semmelweis.hu\/raoulwallenberg\/wp-json\/wp\/v2\/pages\/438"}],"wp:attachment":[{"href":"https:\/\/semmelweis.hu\/raoulwallenberg\/wp-json\/wp\/v2\/media?parent=662"}],"wp:term":[{"taxonomy":"category","embeddable":true,"href":"https:\/\/semmelweis.hu\/raoulwallenberg\/wp-json\/wp\/v2\/categories?post=662"},{"taxonomy":"post_tag","embeddable":true,"href":"https:\/\/semmelweis.hu\/raoulwallenberg\/wp-json\/wp\/v2\/tags?post=662"}],"curies":[{"name":"wp","href":"https:\/\/api.w.org\/{rel}","templated":true}]}}