{"id":63,"date":"2020-12-28T15:37:18","date_gmt":"2020-12-28T14:37:18","guid":{"rendered":"http:\/\/semmelweis.hu\/raoulwallenberg\/?page_id=63"},"modified":"2021-07-26T13:49:16","modified_gmt":"2021-07-26T11:49:16","slug":"hollandia-szakmai-gyakorlat","status":"publish","type":"page","link":"https:\/\/semmelweis.hu\/raoulwallenberg\/iskolankrol\/kulfoldi-kapcsolatok\/hollandia-szakmai-gyakorlat\/","title":{"rendered":"Hollandia: Szakmai gyakorlat"},"content":{"rendered":"<div class=\"responsive-tabs\">\n<h2 class=\"tabtitle\">2012<\/h2>\n<div class=\"tabcontent\">\n\n<p>HOLLANDIAI SZAKMAI GYAKORLAT 2012<\/p>\n<p>Iskol\u00e1nk 2012-ben ism\u00e9t sikerrel p\u00e1ly\u00e1zott a szakmai alapk\u00e9pz\u00e9sben r\u00e9sztvev\u0151 fiatalok mobilit\u00e1s\u00e1t t\u00e1mogat\u00f3 Leonardo da Vinci program keret\u00e9ben \u00e9s \u00edgy folytat\u00f3dhatott az egy\u00fcttm\u0171k\u00f6d\u00e9s\u00fcnk a hollandiai ROC FriesePoort szakk\u00e9pz\u0151 k\u00f6zponttal.<\/p>\n<p>A projekt keret\u00e9ben 14 szakk\u00e9pz\u0151s tanul\u00f3 t\u00f6lt\u00f6tt egy h\u00f3napos szakmai gyakorlatot k\u00fcl\u00f6nb\u00f6z\u0151 \u00e9szak-hollandiai eg\u00e9szs\u00e9g\u00fcgyi, oktat\u00e1si \u00e9s szoci\u00e1lis int\u00e9zm\u00e9nyekben. A program kezdet\u00e9n r\u00e9sztvev\u0151k megismerkedtek a partner iskol\u00e1val, a holland oktat\u00e1si rendszerrel, h\u00e9tk\u00f6znap a holland partner \u00e1ltal szervezett gyakorl\u00f3helyeken \u2013 fog\u00e1szati rendel\u0151kben, id\u0151sek otthon\u00e1ban, b\u00f6lcs\u0151d\u00e9ben \u00e9s gy\u00f3gypedag\u00f3giai int\u00e9zm\u00e9nyben \u2013 dolgoztak, h\u00e9tv\u00e9g\u00e9n pedig k\u00fcl\u00f6nb\u00f6z\u0151 kultur\u00e1lis programokon vettek r\u00e9szt.<\/p>\n<p>A kultur\u00e1lis programok keret\u00e9ben ell\u00e1togattak Amsterdamba \u00e9s Ameland sziget\u00e9re, r\u00e9szt vettek Leeuwardeni v\u00e1rosn\u00e9z\u00e9sen \u00e9s SinterKlaas, vagyis a holland mikul\u00e1s, \u00fcnnep\u00e9n.<\/p>\n<p>A r\u00e9sztvev\u0151k \u00e1ltal vezetett blog az al\u00e1bbi c\u00edmen \u00e9rhet\u0151 el: <a href=\"http:\/\/hollandia2012.blogspot.com\/\" target=\"_blank\" rel=\"noopener noreferrer\">hollandia2012.blogspot.com<\/a><\/p>\n<p>A szakmai gyakorlaton r\u00e9szt vev\u0151k besz\u00e1mol\u00f3i:<\/p>\n<p><img loading=\"lazy\" decoding=\"async\" class=\"alignnone wp-image-167 size-thumbnail\" src=\"https:\/\/semmelweis.hu\/raoulwallenberg\/files\/2020\/12\/af_fogaszatiasszisztens-150x150.jpg\" alt=\"\" width=\"150\" height=\"150\" \/><a href=\"https:\/\/semmelweis.hu\/raoulwallenberg\/files\/2020\/12\/adam_fanni.pdf\" target=\"_blank\" rel=\"noopener noreferrer\">\u00c1d\u00e1m Fanni <em>(fog\u00e1szati asszisztens)<\/em><\/a><\/p>\n<p><img loading=\"lazy\" decoding=\"async\" class=\"alignnone wp-image-170 size-thumbnail\" src=\"https:\/\/semmelweis.hu\/raoulwallenberg\/files\/2020\/12\/hd_fogaszatiasszisztens-111x150.jpg\" alt=\"\" width=\"111\" height=\"150\" \/><a href=\"https:\/\/semmelweis.hu\/raoulwallenberg\/files\/2020\/12\/horvath_dora.pdf\" target=\"_blank\" rel=\"noopener noreferrer\">Horv\u00e1th D\u00f3ra <em>(fog\u00e1szati asszisztens)<\/em><\/a><\/p>\n<p><img loading=\"lazy\" decoding=\"async\" class=\"alignnone wp-image-175 size-thumbnail\" src=\"https:\/\/semmelweis.hu\/raoulwallenberg\/files\/2020\/12\/jzs_fogaszatiasszisztens-119x150.jpg\" alt=\"\" width=\"119\" height=\"150\" \/><a href=\"https:\/\/semmelweis.hu\/raoulwallenberg\/files\/2020\/12\/jobbagy_zsuzsanna.pdf\" target=\"_blank\" rel=\"noopener noreferrer\">Jobb\u00e1gy Zsuzsanna <em>(fog\u00e1szati asszisztens)<\/em><\/a><\/p>\n<p><img loading=\"lazy\" decoding=\"async\" class=\"alignnone wp-image-182 size-thumbnail\" src=\"https:\/\/semmelweis.hu\/raoulwallenberg\/files\/2020\/12\/nni_fogaszatiasszisztens-142x150.jpg\" alt=\"\" width=\"142\" height=\"150\" \/><a href=\"https:\/\/semmelweis.hu\/raoulwallenberg\/files\/2020\/12\/nagy_nikolett.pdf\" target=\"_blank\" rel=\"noopener noreferrer\">Nagy Nikolett <em>(fog\u00e1szati asszisztens)<\/em><\/a><\/p>\n<p><img loading=\"lazy\" decoding=\"async\" class=\"alignnone wp-image-181 size-thumbnail\" src=\"https:\/\/semmelweis.hu\/raoulwallenberg\/files\/2020\/12\/nk_fogaszatiasszisztens-141x150.jpg\" alt=\"\" width=\"141\" height=\"150\" \/><a href=\"https:\/\/semmelweis.hu\/raoulwallenberg\/files\/2020\/12\/nemeth_kitti.pdf\" target=\"_blank\" rel=\"noopener noreferrer\">N\u00e9meth Kitti <em>(fog\u00e1szati asszisztens)<\/em><\/a><\/p>\n<p><img loading=\"lazy\" decoding=\"async\" class=\"alignnone wp-image-187 size-thumbnail\" src=\"https:\/\/semmelweis.hu\/raoulwallenberg\/files\/2020\/12\/tg_fogaszatiasszisztens-98x150.jpg\" alt=\"\" width=\"98\" height=\"150\" \/><a href=\"https:\/\/semmelweis.hu\/raoulwallenberg\/files\/2020\/12\/tiwald_greta.pdf\" target=\"_blank\" rel=\"noopener noreferrer\">Tiwald Gr\u00e9ta<em> (fog\u00e1szati asszisztens)<\/em><\/a><\/p>\n<p><img loading=\"lazy\" decoding=\"async\" class=\"alignnone wp-image-169 size-thumbnail\" src=\"https:\/\/semmelweis.hu\/raoulwallenberg\/files\/2020\/12\/gsz_apolo-138x150.jpg\" alt=\"\" width=\"138\" height=\"150\" \/><a href=\"https:\/\/semmelweis.hu\/raoulwallenberg\/files\/2020\/12\/galambos_szilveszter.pdf\" target=\"_blank\" rel=\"noopener noreferrer\">Galambos Szilveszter <em>(\u00e1pol\u00f3)<\/em><\/a><\/p>\n<p><img loading=\"lazy\" decoding=\"async\" class=\"alignnone wp-image-172 size-thumbnail\" src=\"https:\/\/semmelweis.hu\/raoulwallenberg\/files\/2020\/12\/jg_csecsemoesgyermapolo-150x150.jpg\" alt=\"\" width=\"150\" height=\"150\" \/><a href=\"https:\/\/semmelweis.hu\/raoulwallenberg\/files\/2020\/12\/joo_gabriella.pdf\" target=\"_blank\" rel=\"noopener noreferrer\">Jo\u00f3 Gabriella <em>(csecsem\u0151 \u00e9s gyermek\u00e1pol\u00f3)<\/em><\/a><\/p>\n<p><img loading=\"lazy\" decoding=\"async\" class=\"alignnone wp-image-183 size-thumbnail\" src=\"https:\/\/semmelweis.hu\/raoulwallenberg\/files\/2020\/12\/nno_csecsemoesgyermapolo-150x150.jpg\" alt=\"\" width=\"150\" height=\"150\" \/><a href=\"https:\/\/semmelweis.hu\/raoulwallenberg\/files\/2020\/12\/naumov_noemi.pdf\" target=\"_blank\" rel=\"noopener noreferrer\">Naumov No\u00e9mi <em>(csecsem\u0151 \u00e9s gyermek\u00e1pol\u00f3)<\/em><\/a><\/p>\n<p><a href=\"https:\/\/semmelweis.hu\/raoulwallenberg\/files\/2020\/12\/sandor_maria.pdf\" target=\"_blank\" rel=\"noopener noreferrer\">S\u00e1ndor M\u00e1ria<em> (csecsem\u0151 \u00e9s gyermek\u00e1pol\u00f3)<\/em><\/a><\/p>\n<p><img loading=\"lazy\" decoding=\"async\" class=\"alignnone wp-image-164 size-thumbnail\" src=\"https:\/\/semmelweis.hu\/raoulwallenberg\/files\/2020\/12\/vf_csecsemoesgyermapolo-148x150.jpg\" alt=\"\" width=\"148\" height=\"150\" \/><a href=\"https:\/\/semmelweis.hu\/raoulwallenberg\/files\/2020\/12\/varga_fanni.pdf\" target=\"_blank\" rel=\"noopener noreferrer\">Varga Fanni <em>(csecsem\u0151 \u00e9s gyermek\u00e1pol\u00f3)<\/em><\/a><\/p>\n<p><img loading=\"lazy\" decoding=\"async\" class=\"alignnone wp-image-176 size-thumbnail\" src=\"https:\/\/semmelweis.hu\/raoulwallenberg\/files\/2020\/12\/ka_gyogypedagogiaiasszisztens-142x150.jpg\" alt=\"\" width=\"142\" height=\"150\" \/><a href=\"https:\/\/semmelweis.hu\/raoulwallenberg\/files\/2020\/12\/kramalics_aniko.pdf\" target=\"_blank\" rel=\"noopener noreferrer\">Kramalics Anik\u00f3 <em>(gy\u00f3gypedag\u00f3giai asszisztens)<\/em><\/a><\/p>\n<p><img loading=\"lazy\" decoding=\"async\" class=\"alignnone wp-image-184 size-thumbnail\" src=\"https:\/\/semmelweis.hu\/raoulwallenberg\/files\/2020\/12\/od_gyogypedagogiaiasszisztens-150x150.jpg\" alt=\"\" width=\"150\" height=\"150\" \/><a href=\"https:\/\/semmelweis.hu\/raoulwallenberg\/files\/2020\/12\/orban_dorottya.pdf\" target=\"_blank\" rel=\"noopener noreferrer\">Orb\u00e1n Dorottya <em>(gy\u00f3gypedag\u00f3giai asszisztens)<\/em><\/a><\/p>\n<p><img loading=\"lazy\" decoding=\"async\" class=\"alignnone wp-image-165 size-thumbnail\" src=\"https:\/\/semmelweis.hu\/raoulwallenberg\/files\/2020\/12\/vv_gyogypedagogiaiasszisztens-128x150.jpg\" alt=\"\" width=\"128\" height=\"150\" \/><a href=\"https:\/\/semmelweis.hu\/raoulwallenberg\/files\/2020\/12\/varga_vanessza.pdf\" target=\"_blank\" rel=\"noopener noreferrer\">Varga Vanessza<em> (gy\u00f3gypedag\u00f3giai asszisztens)<\/em><\/a><\/p>\n\n<\/div><h2 class=\"tabtitle\">2013<\/h2>\n<div class=\"tabcontent\">\n\n<h2>HOLLANDIAI SZAKMAI GYAKORLAT 2013<\/h2>\n<p>Iskol\u00e1nk 2013 &#8211; ban ism\u00e9t sikerrel p\u00e1ly\u00e1zott a szakmai alapk\u00e9pz\u00e9sben r\u00e9sztvev\u0151 fiatalok mobilit\u00e1s\u00e1t t\u00e1mogat\u00f3 Leonardo da Vinci program keret\u00e9ben \u00e9s \u00edgy folytat\u00f3dhatott az egy\u00fcttm\u0171k\u00f6d\u00e9s\u00fcnk a hollandiai <a href=\"https:\/\/semmelweis.hu\/raoulwallenberg\/iskolankrol\/kulfoldi-kapcsolatok\/hollandia-szakmai-gyakorlat\/holland-partneriskola\/\">ROC FriesePoort<\/a> szakk\u00e9pz\u0151 k\u00f6zponttal.<\/p>\n<p>A r\u00e9sztvev\u0151k \u00e1ltal vezetett blog az al\u00e1bbi c\u00edmen \u00e9rhet\u0151 el: <a href=\"http:\/\/hollandia2013.blogspot.com\/\" target=\"_blank\" rel=\"noopener noreferrer\">hollandia2013.blogspot.com<\/a><\/p>\n\n<\/div><h2 class=\"tabtitle\">2014<\/h2>\n<div class=\"tabcontent\">\n\n<h2>HOLLANDIAI SZAKMAI GYAKORLAT 2014<\/h2>\n<p>Az Eur\u00f3pai Uni\u00f3 Erasmus+ programj\u00e1nak k\u00f6sz\u00f6nhet\u0151en iskol\u00e1nk a 2014\/15-\u00f6s tan\u00e9vben is lehet\u0151s\u00e9get tudott k\u00edn\u00e1lt arra, hogy szakk\u00e9pz\u0151s tanul\u00f3ink egy h\u00f3napos k\u00fclf\u00f6ldi szakmai gyakorlaton vegyenek r\u00e9szt.<\/p>\n<p><img loading=\"lazy\" decoding=\"async\" class=\"size-medium wp-image-198 aligncenter\" src=\"https:\/\/semmelweis.hu\/raoulwallenberg\/files\/2020\/12\/erasmus3logo-400x87.jpg\" alt=\"\" width=\"400\" height=\"87\" srcset=\"https:\/\/semmelweis.hu\/raoulwallenberg\/files\/2020\/12\/erasmus3logo-400x87.jpg 400w, https:\/\/semmelweis.hu\/raoulwallenberg\/files\/2020\/12\/erasmus3logo-620x137.jpg 620w, https:\/\/semmelweis.hu\/raoulwallenberg\/files\/2020\/12\/erasmus3logo.jpg 630w\" sizes=\"auto, (max-width: 400px) 100vw, 400px\" \/>2014 november\u00e9ben 6 szakk\u00e9pz\u0151s tanul\u00f3 egy h\u00f3napot t\u00f6lt\u00f6tt a hollandiai Leeuwardenben, ahol a szakjukt\u00f3l f\u00fcgg\u0151en b\u00f6lcs\u0151d\u00e9ben, \u00e1pol\u00e1si otthonban \u00e9s id\u0151sek otthon\u00e1ban t\u00f6lt\u00f6ttek gyakorlatot. A program els\u0151 het\u00e9ben megismerkedt\u00fcnk a fogad\u00f3 iskol\u00e1val, a Friese Poorttal, majd a csapat k\u00fcl\u00f6nb\u00f6z\u0151 int\u00e9zm\u00e9nyl\u00e1togat\u00e1sokon vett r\u00e9szt. Ell\u00e1togattunk a Leeuwardeni K\u00f3rh\u00e1zba, a MindUp nev\u0171 szervezet haj\u00f3\u00e9p\u00edt\u0151 m\u0171hely\u00e9be, ahol ment\u00e1lis betegs\u00e9gekkel k\u00fczd\u0151k rehabilit\u00e1ci\u00f3j\u00e1t seg\u00edtik, egy Smoel nev\u0171 nyitott gal\u00e9ri\u00e1ba, ahol \u00e9rtelmileg s\u00e9r\u00fclt emberek alkotnak, \u00e9s a Kijlstra drachteni ment\u0151\u00e1llom\u00e1s\u00e1ra. Az egy h\u00f3nap sor\u00e1n sz\u00e1mos kultur\u00e1lis programon is r\u00e9szt vett a csapat. J\u00e1rtunk a holland Mikul\u00e1s, Sinter Klaas, \u00fcnnep\u00e9n, a Fr\u00edz M\u00fazeumban, ahol megn\u00e9zt\u00fcnk egy, a II. Vil\u00e1gh\u00e1bor\u00far\u00f3l sz\u00f3l\u00f3 ki\u00e1ll\u00edt\u00e1st, a Franekeri planet\u00e1riumban, Harlingenben, az \u00c9szaki tengerben tal\u00e1lhat\u00f3 csod\u00e1s szigeten, Amelandon, Amszterdamban \u00e9s Rotterdamban.<\/p>\n<p>A csapat tagjai voltak (nev\u00fckre kattint\u00e1ssal el\u00e9rhet\u0151k a besz\u00e1mol\u00f3k):<\/p>\n<p><a href=\"https:\/\/semmelweis.hu\/raoulwallenberg\/files\/2020\/12\/domokosrichardbeszamolo.pdf\" target=\"_blank\" rel=\"noopener noreferrer\">Domokos Rich\u00e1rd, ment\u0151\u00e1pol\u00f3<\/a><br \/>\n<a href=\"https:\/\/semmelweis.hu\/raoulwallenberg\/files\/2020\/12\/domokosrenatabeszamolo.pdf\" target=\"_blank\" rel=\"noopener noreferrer\">Domokos Ren\u00e1ta, csecsem\u0151- \u00e9s gyermek\u00e1pol\u00f3<\/a><br \/>\n<a href=\"https:\/\/semmelweis.hu\/raoulwallenberg\/files\/2020\/12\/palatsiknikolettbeszamolo.pdf\" target=\"_blank\" rel=\"noopener noreferrer\">Pal\u00e1tsik Nikolett, kisgyermekgondoz\u00f3, nevel\u0151<\/a><br \/>\n<a href=\"https:\/\/semmelweis.hu\/raoulwallenberg\/files\/2020\/12\/sandorzsofiabeszamolo.pdf\" target=\"_blank\" rel=\"noopener noreferrer\">S\u00e1ndor Zs\u00f3fia, \u00e1pol\u00f3<\/a><br \/>\n<a href=\"https:\/\/semmelweis.hu\/raoulwallenberg\/files\/2020\/12\/szekeresrebekabeszamolo.pdf\" target=\"_blank\" rel=\"noopener noreferrer\">Szekeres Rebeka, kisgyermekgondoz\u00f3, nevel\u0151<\/a><br \/>\n<a href=\"https:\/\/semmelweis.hu\/raoulwallenberg\/files\/2020\/12\/vasshajnalkabeszamolo.pdf\" target=\"_blank\" rel=\"noopener noreferrer\">Vass Hajnalka, csecsem\u0151 \u00e9s gyerek\u00e1pol\u00f3<\/a><\/p>\n<p><em>Projektkoordin\u00e1torok: Juba-Nagy \u00c1gnes, Sz\u00e1lteleki Szilvia<\/em><\/p>\n<p>A r\u00e9sztvev\u0151k \u00e1ltal vezetett blog az al\u00e1bbi c\u00edmen \u00e9rhet\u0151 el: <a href=\"http:\/\/hollandia2014.blogspot.com\/\" target=\"_blank\" rel=\"noopener noreferrer\">hollandia2014.blogspot.com<\/a><\/p>\n<p>\n<\/div><h2 class=\"tabtitle\">2016<\/h2>\n<div class=\"tabcontent\">\n A besz\u00e1mol\u00f3 <a href=\"https:\/\/madmagz.com\/magazine\/811085#\/\" target=\"_blank\" rel=\"noopener noreferrer\">ITT<\/a> tekinthet\u0151 meg <\/div><\/div><\/p>\n<div class=\"responsive-tabs\">\n<h2 class=\"tabtitle\">2018<\/h2>\n<div class=\"tabcontent\">\n\n<p><a href=\"https:\/\/semmelweis.hu\/raoulwallenberg\/files\/2021\/07\/Hollandia-2019-besza\u0301molo\u0301-k\u00e9sz.pdf\">Hollandia 2019 besza\u0301molo\u0301 k\u00e9sz<\/a><\/p>\n","protected":false},"excerpt":{"rendered":"<p>HOLLANDIAI SZAKMAI GYAKORLAT 2012 Iskol\u00e1nk 2012-ben ism\u00e9t sikerrel p\u00e1ly\u00e1zott a szakmai alapk\u00e9pz\u00e9sben r\u00e9sztvev\u0151 fiatalok mobilit\u00e1s\u00e1t t\u00e1mogat\u00f3 Leonardo da Vinci program keret\u00e9ben \u00e9s \u00edgy folytat\u00f3dhatott az egy\u00fcttm\u0171k\u00f6d\u00e9s\u00fcnk a hollandiai ROC FriesePoort szakk\u00e9pz\u0151 k\u00f6zponttal. A projekt keret\u00e9ben 14 szakk\u00e9pz\u0151s tanul\u00f3 t\u00f6lt\u00f6tt egy h\u00f3napos szakmai gyakorlatot k\u00fcl\u00f6nb\u00f6z\u0151 \u00e9szak-hollandiai eg\u00e9szs\u00e9g\u00fcgyi, oktat\u00e1si \u00e9s szoci\u00e1lis int\u00e9zm\u00e9nyekben. A program kezdet\u00e9n r\u00e9sztvev\u0151k megismerkedtek &hellip;<\/p>\n","protected":false},"author":101765,"featured_media":0,"parent":59,"menu_order":3,"comment_status":"closed","ping_status":"closed","template":"","meta":{"_acf_changed":false,"footnotes":""},"categories":[],"tags":[],"class_list":["post-63","page","type-page","status-publish","hentry"],"acf":[],"_links":{"self":[{"href":"https:\/\/semmelweis.hu\/raoulwallenberg\/wp-json\/wp\/v2\/pages\/63","targetHints":{"allow":["GET"]}}],"collection":[{"href":"https:\/\/semmelweis.hu\/raoulwallenberg\/wp-json\/wp\/v2\/pages"}],"about":[{"href":"https:\/\/semmelweis.hu\/raoulwallenberg\/wp-json\/wp\/v2\/types\/page"}],"author":[{"embeddable":true,"href":"https:\/\/semmelweis.hu\/raoulwallenberg\/wp-json\/wp\/v2\/users\/101765"}],"replies":[{"embeddable":true,"href":"https:\/\/semmelweis.hu\/raoulwallenberg\/wp-json\/wp\/v2\/comments?post=63"}],"version-history":[{"count":5,"href":"https:\/\/semmelweis.hu\/raoulwallenberg\/wp-json\/wp\/v2\/pages\/63\/revisions"}],"predecessor-version":[{"id":1049,"href":"https:\/\/semmelweis.hu\/raoulwallenberg\/wp-json\/wp\/v2\/pages\/63\/revisions\/1049"}],"up":[{"embeddable":true,"href":"https:\/\/semmelweis.hu\/raoulwallenberg\/wp-json\/wp\/v2\/pages\/59"}],"wp:attachment":[{"href":"https:\/\/semmelweis.hu\/raoulwallenberg\/wp-json\/wp\/v2\/media?parent=63"}],"wp:term":[{"taxonomy":"category","embeddable":true,"href":"https:\/\/semmelweis.hu\/raoulwallenberg\/wp-json\/wp\/v2\/categories?post=63"},{"taxonomy":"post_tag","embeddable":true,"href":"https:\/\/semmelweis.hu\/raoulwallenberg\/wp-json\/wp\/v2\/tags?post=63"}],"curies":[{"name":"wp","href":"https:\/\/api.w.org\/{rel}","templated":true}]}}