{"id":56,"date":"2020-12-28T15:32:35","date_gmt":"2020-12-28T14:32:35","guid":{"rendered":"http:\/\/semmelweis.hu\/raoulwallenberg\/?page_id=56"},"modified":"2025-09-25T17:17:36","modified_gmt":"2025-09-25T15:17:36","slug":"osztalyok","status":"publish","type":"page","link":"https:\/\/semmelweis.hu\/raoulwallenberg\/iskolankrol\/osztalyok\/","title":{"rendered":"Oszt\u00e1lyok"},"content":{"rendered":"<p style=\"text-align: center\"><strong>Nappali (tanul\u00f3i jogviszony) oszt\u00e1lyok<\/strong><br \/>\n<strong>2025\/2026. tan\u00e9v<\/strong><\/p>\n<p>&nbsp;<\/p>\n<table style=\"width: 100%;height: 1833px\" cellspacing=\"0\">\n<tbody>\n<tr style=\"height: 53px\">\n<td style=\"width: 15.461%;height: 53px\">\n<p class=\"s3\"><strong><span class=\"s4\">Oszt\u00e1ly neve<\/span><\/strong><\/p>\n<\/td>\n<td style=\"width: 40.8186%;height: 53px\">\n<p class=\"s3\"><strong><span class=\"s4\">\u00c1gazat\/Szakma<\/span><\/strong><\/p>\n<\/td>\n<td style=\"width: 29.8653%;height: 53px\">\n<p class=\"s3\"><strong><span class=\"s4\">Oszt\u00e1lyf\u0151n\u00f6k<\/span><\/strong><\/p>\n<\/td>\n<\/tr>\n<tr>\n<td style=\"width: 15.461%\">\n<p class=\"s5\">R-9.A<\/p>\n<\/td>\n<td style=\"width: 40.8186%\">\n<p class=\"s6\">szoci\u00e1lis technikum<\/p>\n<\/td>\n<td style=\"width: 29.8653%\">\n<p class=\"s6\">Laczk\u00f3 Soma B\u00e1lint<\/p>\n<\/td>\n<\/tr>\n<tr>\n<td style=\"width: 15.461%\">\n<p class=\"s5\">R-9.B<\/p>\n<\/td>\n<td style=\"width: 40.8186%\">\n<p class=\"s6\">oktat\u00e1s technikum<\/p>\n<\/td>\n<td style=\"width: 29.8653%\">\n<p class=\"s6\">Mikul\u00e1s Krisztina Mariann<\/p>\n<\/td>\n<\/tr>\n<tr>\n<td style=\"width: 15.461%\">\n<p class=\"s5\">R-9.C<\/p>\n<\/td>\n<td style=\"width: 40.8186%\">\n<p class=\"s6\">eg\u00e9szs\u00e9g\u00fcgy technikum &#8211; okleveles \u00e1ltal\u00e1nos \u00e1pol\u00f3<\/p>\n<\/td>\n<td style=\"width: 29.8653%\">\n<p class=\"s6\">Simon Anna<\/p>\n<\/td>\n<\/tr>\n<tr>\n<td style=\"width: 15.461%\">\n<p class=\"s5\">R-9.D<\/p>\n<\/td>\n<td style=\"width: 40.8186%\">\n<p class=\"s6\">eg\u00e9szs\u00e9g\u00fcgy technikum<\/p>\n<\/td>\n<td style=\"width: 29.8653%\">\n<p class=\"s6\">Szil\u00e1gyi Patr\u00edcia Vikt\u00f3ria<\/p>\n<\/td>\n<\/tr>\n<tr>\n<td style=\"width: 15.461%\">\n<p class=\"s5\">R-9.E<\/p>\n<\/td>\n<td style=\"width: 40.8186%\">\n<p class=\"s6\">eg\u00e9szs\u00e9g\u00fcgy technikum<\/p>\n<\/td>\n<td style=\"width: 29.8653%\">\n<p class=\"s6\">Sz\u00e1lteleki Szilvia<\/p>\n<\/td>\n<\/tr>\n<tr>\n<td style=\"width: 15.461%\">\n<p class=\"s5\">R-9.F<\/p>\n<\/td>\n<td style=\"width: 40.8186%\">\n<p class=\"s6\">eg\u00e9szs\u00e9g\u00fcgy technikum<\/p>\n<\/td>\n<td style=\"width: 29.8653%\">\n<p class=\"s6\">Gy\u00f6rffy Anna<\/p>\n<\/td>\n<\/tr>\n<tr style=\"height: 53px\">\n<td style=\"width: 15.461%;height: 53px\">\n<p class=\"s5\">R-10.A<\/p>\n<\/td>\n<td style=\"width: 40.8186%;height: 53px\">\n<p class=\"s6\">szoci\u00e1lis technikum<\/p>\n<\/td>\n<td style=\"width: 29.8653%;height: 53px\">\n<p class=\"s6\">Szalay-Lehelv\u00e1ri Alexandra<\/p>\n<\/td>\n<\/tr>\n<tr style=\"height: 53px\">\n<td style=\"width: 15.461%;height: 53px\">\n<p class=\"s5\">R-10.B<\/p>\n<\/td>\n<td style=\"width: 40.8186%;height: 53px\">\n<p class=\"s6\">oktat\u00e1s technikum<\/p>\n<\/td>\n<td style=\"width: 29.8653%;height: 53px\">\n<p class=\"s6\">B\u00e1nyai Edit<\/p>\n<\/td>\n<\/tr>\n<tr style=\"height: 53px\">\n<td style=\"width: 15.461%;height: 53px\">\n<p class=\"s5\">R-10.C<\/p>\n<\/td>\n<td style=\"width: 40.8186%;height: 53px\">\n<p class=\"s6\">eg\u00e9szs\u00e9g\u00fcgy technikum &#8211; okleveles \u00e1ltal\u00e1nos \u00e1pol\u00f3<\/p>\n<\/td>\n<td style=\"width: 29.8653%;height: 53px\">\n<p class=\"s6\">Zelena Katalin<\/p>\n<\/td>\n<\/tr>\n<tr style=\"height: 53px\">\n<td style=\"width: 15.461%;height: 53px\">\n<p class=\"s5\">R-10.D<\/p>\n<\/td>\n<td style=\"width: 40.8186%;height: 53px\">\n<p class=\"s6\">eg\u00e9szs\u00e9g\u00fcgy technikum &#8211; \u00e1ltal\u00e1nos \u00e1pol\u00f3<\/p>\n<\/td>\n<td style=\"width: 29.8653%;height: 53px\">\n<p class=\"s6\">Szemerein\u00e9 Drabb M\u00f3nika Taj-j\u00fc<\/p>\n<\/td>\n<\/tr>\n<tr style=\"height: 53px\">\n<td style=\"width: 15.461%;height: 53px\">\n<p class=\"s5\">R-10.E<\/p>\n<\/td>\n<td style=\"width: 40.8186%;height: 53px\">\n<p class=\"s6\">eg\u00e9szs\u00e9g\u00fcgy technikum<\/p>\n<\/td>\n<td style=\"width: 29.8653%;height: 53px\">\n<p class=\"s6\">J\u00e1rmi Mikl\u00f3s<\/p>\n<\/td>\n<\/tr>\n<tr style=\"height: 53px\">\n<td style=\"width: 15.461%;height: 53px\">\n<p class=\"s5\">R-10.F<\/p>\n<\/td>\n<td style=\"width: 40.8186%;height: 53px\">\n<p class=\"s6\">eg\u00e9szs\u00e9g\u00fcgy technikum<\/p>\n<\/td>\n<td style=\"width: 29.8653%;height: 53px\">\n<p class=\"s6\">N\u00e9meth Ferenc<\/p>\n<\/td>\n<\/tr>\n<tr>\n<td style=\"width: 15.461%\">\n<p class=\"s5\">R-10.G<\/p>\n<\/td>\n<td style=\"width: 40.8186%\">\n<p class=\"s6\">pedag\u00f3gia szakgimn\u00e1zium<\/p>\n<\/td>\n<td style=\"width: 29.8653%\">\n<p class=\"s6\">Dobos Katalin<\/p>\n<\/td>\n<\/tr>\n<tr>\n<td style=\"width: 15.461%\">\n<p class=\"s5\">R-11.A<\/p>\n<\/td>\n<td style=\"width: 40.8186%\">\n<p class=\"s6\">szoci\u00e1lis technikum<\/p>\n<\/td>\n<td style=\"width: 29.8653%\">\n<p class=\"s6\">D\u00f3czi Enik\u0151<\/p>\n<\/td>\n<\/tr>\n<tr>\n<td style=\"width: 15.461%\">\n<p class=\"s5\">R-11.B<\/p>\n<\/td>\n<td style=\"width: 40.8186%\">\n<p class=\"s6\">oktat\u00e1s technikum<\/p>\n<\/td>\n<td style=\"width: 29.8653%\">\n<p class=\"s6\">Eszesn\u00e9 Bulyovszki Anita<\/p>\n<\/td>\n<\/tr>\n<tr>\n<td style=\"width: 15.461%\">\n<p class=\"s5\">R-11.C<\/p>\n<\/td>\n<td style=\"width: 40.8186%\">\n<p class=\"s6\">eg\u00e9szs\u00e9g\u00fcgy technikum<\/p>\n<\/td>\n<td style=\"width: 29.8653%\">\n<p class=\"s6\">Kov\u00e1cs Tam\u00e1s<\/p>\n<\/td>\n<\/tr>\n<tr>\n<td style=\"width: 15.461%\">\n<p class=\"s5\">R-11.D<\/p>\n<\/td>\n<td style=\"width: 40.8186%\">\n<p class=\"s6\">eg\u00e9szs\u00e9g\u00fcgy technikum<\/p>\n<\/td>\n<td style=\"width: 29.8653%\">\n<p class=\"s6\">P\u00e1sztor Szabolcs<\/p>\n<\/td>\n<\/tr>\n<tr>\n<td style=\"width: 15.461%\">\n<p class=\"s5\">R-11.E<\/p>\n<\/td>\n<td style=\"width: 40.8186%\">\n<p class=\"s6\">eg\u00e9szs\u00e9g\u00fcgy technikum<\/p>\n<\/td>\n<td style=\"width: 29.8653%\">\n<p class=\"s6\">Kollarics Andrea<\/p>\n<\/td>\n<\/tr>\n<tr>\n<td style=\"width: 15.461%\">\n<p class=\"s5\">R-3\/11.F<\/p>\n<\/td>\n<td style=\"width: 40.8186%\">\n<p class=\"s6\">eg\u00e9szs\u00e9g\u00fcgy szakk\u00e9pz\u0151 iskola<\/p>\n<\/td>\n<td style=\"width: 29.8653%\">\n<p class=\"s6\">Fazekas Marianna<\/p>\n<\/td>\n<\/tr>\n<tr style=\"height: 1 cm\">\n<td style=\"width: 15.461%;height: 52px\">\n<p class=\"s5\">R-12.A<\/p>\n<\/td>\n<td style=\"width: 40.8186%;height: 52px\">\n<p class=\"s6\">szoci\u00e1lis technikum<\/p>\n<\/td>\n<td style=\"width: 29.8653%;height: 52px\">\n<p class=\"s6\">Sz\u00e9csi \u00c1gnes<\/p>\n<\/td>\n<\/tr>\n<tr style=\"height: 1 cm\">\n<td style=\"width: 15.461%;height: 43px\">\n<p class=\"s5\">R-12.B<\/p>\n<\/td>\n<td style=\"width: 40.8186%;height: 43px\">\n<p class=\"s6\">pedag\u00f3gia szakgimn\u00e1zium<\/p>\n<\/td>\n<td style=\"width: 29.8653%;height: 43px\">\n<p class=\"s6\">P\u00f3schn\u00e9 Lehotai Erzs\u00e9bet<\/p>\n<\/td>\n<\/tr>\n<tr style=\"height: 1 cm\">\n<td style=\"width: 15.461%;height: 48px\">\n<p class=\"s5\">R-12.C<\/p>\n<\/td>\n<td style=\"width: 40.8186%;height: 48px\">\n<p class=\"s6\">eg\u00e9szs\u00e9g\u00fcgy technikum<\/p>\n<\/td>\n<td style=\"width: 29.8653%;height: 48px\">\n<p class=\"s6\">Major S\u00e1ndor<\/p>\n<\/td>\n<\/tr>\n<tr style=\"height: 1 cm\">\n<td style=\"width: 15.461%;height: 48px\">\n<p class=\"s5\">R-12.D<\/p>\n<\/td>\n<td style=\"width: 40.8186%;height: 48px\">\n<p class=\"s6\">eg\u00e9szs\u00e9g\u00fcgy technikum<\/p>\n<\/td>\n<td style=\"width: 29.8653%;height: 48px\">\n<p class=\"s6\">Erd\u00e9sz Rita<\/p>\n<\/td>\n<\/tr>\n<tr style=\"height: 1 cm\">\n<td style=\"width: 15.461%;height: 37px\">\n<p class=\"s5\">R-12.E<\/p>\n<\/td>\n<td style=\"width: 40.8186%;height: 37px\">\n<p class=\"s6\">eg\u00e9szs\u00e9g\u00fcgy technikum<\/p>\n<\/td>\n<td style=\"width: 29.8653%;height: 37px\">\n<p class=\"s6\">Kov\u00e1csn\u00e9 Gl\u00f3zik Inez<\/p>\n<\/td>\n<\/tr>\n<tr style=\"height: 1 cm\">\n<td style=\"width: 15.461%;height: 45px\">\n<p class=\"s5\">R-12.F<\/p>\n<\/td>\n<td style=\"width: 40.8186%;height: 45px\">\n<p class=\"s6\">eg\u00e9szs\u00e9g\u00fcgy technikum<\/p>\n<\/td>\n<td style=\"width: 29.8653%;height: 45px\">\n<p class=\"s6\">Erd\u00e9lyi P\u00e9ter L\u00e1szl\u00f3<\/p>\n<\/td>\n<\/tr>\n<tr style=\"height: 1 cm\">\n<td style=\"width: 15.461%;height: 46px\">\n<p class=\"s5\">R-13.Go<\/p>\n<\/td>\n<td style=\"width: 40.8186%;height: 46px\">\n<p class=\"s6\">szoci\u00e1lis technikum<\/p>\n<\/td>\n<td style=\"width: 29.8653%;height: 46px\">\n<p class=\"s6\">Palotai Ilona<\/p>\n<\/td>\n<\/tr>\n<tr style=\"height: 1 cm\">\n<td style=\"width: 15.461%;height: 43px\">\n<p class=\"s5\">R-13-2\/14.\u00c1<\/p>\n<\/td>\n<td style=\"width: 40.8186%;height: 43px\">\n<p class=\"s6\">\u00e1ltal\u00e1nos \u00e1pol\u00f3<\/p>\n<\/td>\n<td style=\"width: 29.8653%;height: 43px\">\n<p class=\"s6\">Buk\u00f3 Ren\u00e1ta<\/p>\n<\/td>\n<\/tr>\n<tr style=\"height: 1 cm\">\n<td style=\"width: 15.461%;height: 53px\">\n<p class=\"s5\">R-13.Csgy<\/p>\n<\/td>\n<td style=\"width: 40.8186%;height: 53px\">\n<p class=\"s7\">csecsem\u0151- \u00e9s gyermek\u00e1pol\u00f3<\/p>\n<\/td>\n<td style=\"width: 29.8653%;height: 53px\">\n<p class=\"s6\">Sinka Mikl\u00f3s Istv\u00e1nn\u00e9<\/p>\n<\/td>\n<\/tr>\n<tr style=\"height: 1 cm\">\n<td style=\"width: 15.461%;height: 53px\">\n<p class=\"s5\">R-13-2\/14.Fo<\/p>\n<\/td>\n<td style=\"width: 40.8186%;height: 53px\">\n<p class=\"s7\">eg\u00e9szs\u00e9g\u00fcgyi asszisztens &#8211; fog\u00e1szati asszisztens<\/p>\n<\/td>\n<td style=\"width: 29.8653%;height: 53px\">\n<p class=\"s6\">Szabados T\u00edmea<\/p>\n<\/td>\n<\/tr>\n<tr style=\"height: 1 cm\">\n<td style=\"width: 15.461%;height: 51px\">\n<p class=\"s5\">R-13-2\/14.Gya<\/p>\n<\/td>\n<td style=\"width: 40.8186%;height: 51px\">\n<p class=\"s7\">eg\u00e9szs\u00e9g\u00fcgyi asszisztens &#8211; gy\u00f3gyszert\u00e1ri asszisztens<\/p>\n<\/td>\n<td style=\"width: 29.8653%;height: 51px\">\n<p class=\"s6\">N\u00e9meth Krisztina<\/p>\n<\/td>\n<\/tr>\n<tr style=\"height: 1 cm\">\n<td style=\"width: 15.461%;height: 49px\">\n<p class=\"s5\">R-13-2\/14.Gym<\/p>\n<\/td>\n<td style=\"width: 40.8186%;height: 49px\">\n<p class=\"s6\">rehabilit\u00e1ci\u00f3s terapeuta &#8211; gy\u00f3gymassz\u0151r<\/p>\n<\/td>\n<td style=\"width: 29.8653%;height: 49px\">\n<p class=\"s6\">Szarv\u00e1k Andr\u00e1s<\/p>\n<\/td>\n<\/tr>\n<tr style=\"height: 1 cm\">\n<td style=\"width: 15.461%;height: 47px\">\n<p class=\"s5\">R-13.-2\/14.M\u00e1<\/p>\n<\/td>\n<td style=\"width: 40.8186%;height: 47px\">\n<p class=\"s6\">ment\u0151\u00e1pol\u00f3<\/p>\n<\/td>\n<td style=\"width: 29.8653%;height: 47px\">\n<p>Izs\u00e1k Anik\u00f3<\/p>\n<\/td>\n<\/tr>\n<tr style=\"height: 1 cm\">\n<td style=\"width: 15.461%;height: 43px\">\n<p class=\"s5\">R-14.-3\/15.\u00c1<\/p>\n<\/td>\n<td style=\"width: 40.8186%;height: 43px\">\n<p class=\"s7\">\u00e1ltal\u00e1nos \u00e1pol\u00f3<\/p>\n<\/td>\n<td style=\"width: 29.8653%;height: 43px\">\n<p>Zelena Katalin<\/p>\n<\/td>\n<\/tr>\n<tr style=\"height: 1 cm\">\n<td style=\"width: 15.461%;height: 50px\">\n<p class=\"s5\">R-13.Gyp<\/p>\n<\/td>\n<td style=\"width: 40.8186%;height: 50px\">\n<p class=\"s7\">gy\u00f3gypedag\u00f3gia asszisztens<\/p>\n<\/td>\n<td style=\"width: 29.8653%;height: 50px\">\n<p>Szab\u00f3 Ildik\u00f3 Ilona<\/p>\n<\/td>\n<\/tr>\n<tr style=\"height: 1 cm\">\n<td style=\"width: 15.461%;height: 53px\">\n<p class=\"s5\">R-13.Pa<\/p>\n<\/td>\n<td style=\"width: 40.8186%;height: 53px\">\n<p class=\"s7\">pedag\u00f3giai asszisztens<\/p>\n<\/td>\n<td style=\"width: 29.8653%;height: 53px\">\n<p class=\"s6\">P\u00e1l Gabriella<\/p>\n<\/td>\n<\/tr>\n<tr style=\"height: 1 cm\">\n<td style=\"width: 15.461%;height: 63px\">\n<p class=\"s5\">R-1\/13.E\u00fc\/A<\/p>\n<\/td>\n<td style=\"width: 40.8186%;height: 63px\">\n<p class=\"s7\">eg\u00e9szs\u00e9g\u00fcgyi technikum<\/p>\n<\/td>\n<td style=\"width: 29.8653%;height: 63px\">Dr. Bodorn\u00e9 Kontra Orsolya<\/td>\n<\/tr>\n<tr style=\"height: 1 cm\">\n<td style=\"width: 15.461%;height: 10px\">\n<p class=\"s5\">R-1\/13.E\u00fc\/B<\/p>\n<\/td>\n<td style=\"width: 40.8186%;height: 10px\">\n<p class=\"s7\">eg\u00e9szs\u00e9g\u00fcgyi technikum<\/p>\n<\/td>\n<td style=\"width: 29.8653%;height: 10px\">Hal\u00e1szn\u00e9 R\u00e1cz Erika<\/td>\n<\/tr>\n<tr>\n<td style=\"width: 15.461%\">\n<p class=\"s5\">R-Ksz\/13.Ped<\/p>\n<\/td>\n<td style=\"width: 40.8186%\">\n<p class=\"s7\">pedag\u00f3giai munkat\u00e1rs<\/p>\n<\/td>\n<td style=\"width: 29.8653%\">Ball\u00e1n\u00e9 Cs\u00e1nyi Krisztina<\/td>\n<\/tr>\n<\/tbody>\n<\/table>\n<p>&nbsp;<\/p>\n","protected":false},"excerpt":{"rendered":"<p>Nappali (tanul\u00f3i jogviszony) oszt\u00e1lyok 2025\/2026. tan\u00e9v &nbsp; Oszt\u00e1ly neve \u00c1gazat\/Szakma Oszt\u00e1lyf\u0151n\u00f6k R-9.A szoci\u00e1lis technikum Laczk\u00f3 Soma B\u00e1lint R-9.B oktat\u00e1s technikum Mikul\u00e1s Krisztina Mariann R-9.C eg\u00e9szs\u00e9g\u00fcgy technikum &#8211; okleveles \u00e1ltal\u00e1nos \u00e1pol\u00f3 Simon Anna R-9.D eg\u00e9szs\u00e9g\u00fcgy technikum Szil\u00e1gyi Patr\u00edcia Vikt\u00f3ria R-9.E eg\u00e9szs\u00e9g\u00fcgy technikum Sz\u00e1lteleki Szilvia R-9.F eg\u00e9szs\u00e9g\u00fcgy technikum Gy\u00f6rffy Anna R-10.A szoci\u00e1lis technikum Szalay-Lehelv\u00e1ri Alexandra R-10.B oktat\u00e1s &hellip;<\/p>\n","protected":false},"author":101765,"featured_media":0,"parent":29,"menu_order":6,"comment_status":"closed","ping_status":"closed","template":"","meta":{"_acf_changed":false,"footnotes":""},"categories":[],"tags":[],"class_list":["post-56","page","type-page","status-publish","hentry"],"acf":[],"_links":{"self":[{"href":"https:\/\/semmelweis.hu\/raoulwallenberg\/wp-json\/wp\/v2\/pages\/56","targetHints":{"allow":["GET"]}}],"collection":[{"href":"https:\/\/semmelweis.hu\/raoulwallenberg\/wp-json\/wp\/v2\/pages"}],"about":[{"href":"https:\/\/semmelweis.hu\/raoulwallenberg\/wp-json\/wp\/v2\/types\/page"}],"author":[{"embeddable":true,"href":"https:\/\/semmelweis.hu\/raoulwallenberg\/wp-json\/wp\/v2\/users\/101765"}],"replies":[{"embeddable":true,"href":"https:\/\/semmelweis.hu\/raoulwallenberg\/wp-json\/wp\/v2\/comments?post=56"}],"version-history":[{"count":11,"href":"https:\/\/semmelweis.hu\/raoulwallenberg\/wp-json\/wp\/v2\/pages\/56\/revisions"}],"predecessor-version":[{"id":2466,"href":"https:\/\/semmelweis.hu\/raoulwallenberg\/wp-json\/wp\/v2\/pages\/56\/revisions\/2466"}],"up":[{"embeddable":true,"href":"https:\/\/semmelweis.hu\/raoulwallenberg\/wp-json\/wp\/v2\/pages\/29"}],"wp:attachment":[{"href":"https:\/\/semmelweis.hu\/raoulwallenberg\/wp-json\/wp\/v2\/media?parent=56"}],"wp:term":[{"taxonomy":"category","embeddable":true,"href":"https:\/\/semmelweis.hu\/raoulwallenberg\/wp-json\/wp\/v2\/categories?post=56"},{"taxonomy":"post_tag","embeddable":true,"href":"https:\/\/semmelweis.hu\/raoulwallenberg\/wp-json\/wp\/v2\/tags?post=56"}],"curies":[{"name":"wp","href":"https:\/\/api.w.org\/{rel}","templated":true}]}}