{"id":51,"date":"2020-12-28T15:27:04","date_gmt":"2020-12-28T14:27:04","guid":{"rendered":"http:\/\/semmelweis.hu\/raoulwallenberg\/?page_id=51"},"modified":"2025-09-14T22:03:04","modified_gmt":"2025-09-14T20:03:04","slug":"munkakozossegek","status":"publish","type":"page","link":"https:\/\/semmelweis.hu\/raoulwallenberg\/iskolankrol\/munkakozossegek\/","title":{"rendered":"Munkak\u00f6z\u00f6ss\u00e9gek"},"content":{"rendered":"<h3>Szakmai k\u00f6z\u00f6ss\u00e9gek \u2013 munkak\u00f6z\u00f6ss\u00e9gek<\/h3>\n<table style=\"border-collapse: collapse;width: 100%;height: 439px\">\n<tbody>\n<tr style=\"height: 33px\">\n<td style=\"width: 50%;height: 33px\"><strong>Munkak\u00f6z\u00f6ss\u00e9g neve<\/strong><\/td>\n<td style=\"width: 50%;height: 33px\"><strong>Munkak\u00f6z\u00f6ss\u00e9g-vezet\u0151<\/strong><\/td>\n<\/tr>\n<tr style=\"height: 33px\">\n<td style=\"width: 50%;height: 33px\">Hum\u00e1n (magyar, t\u00f6rt\u00e9nelem)<\/td>\n<td style=\"width: 50%;height: 33px\">P\u00f3schn\u00e9 Lehotai Erzs\u00e9bet<\/td>\n<\/tr>\n<tr style=\"height: 33px\">\n<td style=\"width: 50%;height: 33px\">Re\u00e1l (matematika, informatika, term\u00e9szettudom\u00e1nyok)<\/td>\n<td style=\"width: 50%;height: 33px\">Kov\u00e1cs Tam\u00e1s<\/td>\n<\/tr>\n<tr style=\"height: 33px\">\n<td style=\"width: 50%;height: 33px\">Idegen nyelv (angol, n\u00e9met)<\/td>\n<td style=\"width: 50%;height: 33px\">B\u00e1rdonicsek Kl\u00e1ra<\/td>\n<\/tr>\n<tr style=\"height: 33px\">\n<td style=\"width: 50%;height: 33px\">Testnevel\u00e9s-m\u0171v\u00e9szetek<\/td>\n<td style=\"width: 50%;height: 33px\">Erd\u00e9sz Rita<\/td>\n<\/tr>\n<tr style=\"height: 33px\">\n<td style=\"width: 50%;height: 33px\">Oszt\u00e1lyf\u0151n\u00f6ki<\/td>\n<td style=\"width: 50%;height: 33px\">Zelena Katalin<\/td>\n<\/tr>\n<tr style=\"height: 33px\">\n<td style=\"width: 50%;height: 33px\">Pedag\u00f3gia-szoci\u00e1lis<\/td>\n<td style=\"width: 50%;height: 33px\">Sz\u00e9csi \u00c1gnes<\/td>\n<\/tr>\n<tr style=\"height: 33px\">\n<td style=\"width: 50%;height: 33px\">Eg\u00e9szs\u00e9g\u00fcgy<\/td>\n<td style=\"width: 50%;height: 33px\">Buk\u00f3 Ren\u00e1ta<\/td>\n<\/tr>\n<tr style=\"height: 33px\">\n<td style=\"width: 50%;height: 33px\">Projekt \u00e9s Di\u00e1k\u00f6nkorm\u00e1nyzatot seg\u00edt\u0151 tan\u00e1r<\/td>\n<td style=\"width: 50%;height: 33px\">Sz\u00e1lteleki Szilvia<\/td>\n<\/tr>\n<tr style=\"height: 33px\">\n<td style=\"width: 50%;height: 33px\">\u00a0<\/td>\n<td style=\"width: 50%;height: 33px\">\u00a0<\/td>\n<\/tr>\n<tr style=\"height: 33px\">\n<td style=\"width: 50%;height: 33px\">Pszichol\u00f3gus<\/td>\n<td style=\"width: 50%;height: 33px\">Benda Vikt\u00f3ria<\/td>\n<\/tr>\n<\/tbody>\n<\/table>\n<p>&nbsp;<\/p>\n<p>&nbsp;<\/p>\n<p>&nbsp;<\/p>\n","protected":false},"excerpt":{"rendered":"<p>Szakmai k\u00f6z\u00f6ss\u00e9gek \u2013 munkak\u00f6z\u00f6ss\u00e9gek<\/p>\n<p>Munkak\u00f6z\u00f6ss\u00e9g neve<br \/>\nMunkak\u00f6z\u00f6ss\u00e9g-vezet\u0151<\/p>\n<p>Hum\u00e1n (magyar, t\u00f6rt\u00e9nelem)<br \/>\nP\u00f3schn\u00e9 Lehotai Erzs\u00e9bet<\/p>\n<p>Re\u00e1l (matematika, informatika, term\u00e9szettudom\u00e1nyok)<br \/>\nKov\u00e1cs Tam\u00e1s<\/p>\n<p>Idegen nyelv (angol, n\u00e9met)<br \/>\nB\u00e1rdonicsek Kl\u00e1ra<\/p>\n<p>Testnevel\u00e9s-m\u0171v\u00e9szetek<br \/>\nErd\u00e9sz Rita<\/p>\n<p>Oszt\u00e1lyf\u0151n\u00f6ki<br \/>\nZelena Katalin<\/p>\n<p>Pedag\u00f3gia-szoci\u00e1lis<br \/>\nSz\u00e9csi \u00c1gnes<\/p>\n<p>Eg\u00e9szs\u00e9g\u00fcgy<br \/>\nBuk\u00f3 Ren\u00e1ta<\/p>\n<p>Projekt \u00e9s Di\u00e1k\u00f6nkorm\u00e1nyzatot seg\u00edt\u0151 tan\u00e1r<br \/>\nSz\u00e1lteleki Szilvia<\/p>\n<p>\u00a0<br \/>\n\u00a0<\/p>\n<p>Pszichol\u00f3gus<br \/>\nBenda Vikt\u00f3ria<\/p>\n<p>&nbsp;<br \/>\n&nbsp;<br \/>\n&nbsp;<\/p>\n","protected":false},"author":101765,"featured_media":0,"parent":29,"menu_order":5,"comment_status":"closed","ping_status":"closed","template":"","meta":{"_acf_changed":false,"footnotes":""},"categories":[],"tags":[],"class_list":["post-51","page","type-page","status-publish","hentry"],"acf":[],"_links":{"self":[{"href":"https:\/\/semmelweis.hu\/raoulwallenberg\/wp-json\/wp\/v2\/pages\/51","targetHints":{"allow":["GET"]}}],"collection":[{"href":"https:\/\/semmelweis.hu\/raoulwallenberg\/wp-json\/wp\/v2\/pages"}],"about":[{"href":"https:\/\/semmelweis.hu\/raoulwallenberg\/wp-json\/wp\/v2\/types\/page"}],"author":[{"embeddable":true,"href":"https:\/\/semmelweis.hu\/raoulwallenberg\/wp-json\/wp\/v2\/users\/101765"}],"replies":[{"embeddable":true,"href":"https:\/\/semmelweis.hu\/raoulwallenberg\/wp-json\/wp\/v2\/comments?post=51"}],"version-history":[{"count":10,"href":"https:\/\/semmelweis.hu\/raoulwallenberg\/wp-json\/wp\/v2\/pages\/51\/revisions"}],"predecessor-version":[{"id":2452,"href":"https:\/\/semmelweis.hu\/raoulwallenberg\/wp-json\/wp\/v2\/pages\/51\/revisions\/2452"}],"up":[{"embeddable":true,"href":"https:\/\/semmelweis.hu\/raoulwallenberg\/wp-json\/wp\/v2\/pages\/29"}],"wp:attachment":[{"href":"https:\/\/semmelweis.hu\/raoulwallenberg\/wp-json\/wp\/v2\/media?parent=51"}],"wp:term":[{"taxonomy":"category","embeddable":true,"href":"https:\/\/semmelweis.hu\/raoulwallenberg\/wp-json\/wp\/v2\/categories?post=51"},{"taxonomy":"post_tag","embeddable":true,"href":"https:\/\/semmelweis.hu\/raoulwallenberg\/wp-json\/wp\/v2\/tags?post=51"}],"curies":[{"name":"wp","href":"https:\/\/api.w.org\/{rel}","templated":true}]}}