{"id":457,"date":"2020-12-29T10:28:47","date_gmt":"2020-12-29T09:28:47","guid":{"rendered":"http:\/\/semmelweis.hu\/raoulwallenberg\/?page_id=457"},"modified":"2026-03-17T16:48:57","modified_gmt":"2026-03-17T15:48:57","slug":"kozponti-felveteli-vizsga","status":"publish","type":"page","link":"https:\/\/semmelweis.hu\/raoulwallenberg\/nyolcadikosoknak\/kozponti-felveteli-vizsga\/","title":{"rendered":"K\u00f6zponti felv\u00e9teli vizsga, pontsz\u00e1m\u00edt\u00e1s \u00e9s rangsorol\u00e1s"},"content":{"rendered":"<p>JELENTKEZ\u00c9S A K\u00d6ZPONTI \u00cdR\u00c1SBELI FELV\u00c9TELI VIZSG\u00c1RA<\/p>\n<p style=\"text-align: justify\">A k\u00f6zponti \u00edr\u00e1sbeli felv\u00e9teli vizsg\u00e1ra minden olyan k\u00f6z\u00e9pfok\u00fa int\u00e9zm\u00e9nybe jelentkezhetsz, amelyik szerepel az Oktat\u00e1si Hivatal \u00edr\u00e1sbeli vizsg\u00e1t szervez\u0151 iskol\u00e1k jegyz\u00e9k\u00e9n (www.oktatas.hu).<\/p>\n<p style=\"text-align: justify\">\u00c9rdemes a lak\u00f3helyhez k\u00f6zeli k\u00f6z\u00e9piskol\u00e1t v\u00e1lasztanod az \u00edr\u00e1sbeli meg\u00edr\u00e1s\u00e1hoz.<\/p>\n<p style=\"text-align: justify\">A jelentkez\u00e9st 2025. december 1\u2013ig kell eljuttatni a felv\u00e9telit szervez\u0151 k\u00f6z\u00e9piskol\u00e1ba. A jelentkez\u00e9s tartalmazza:<\/p>\n<p style=\"text-align: justify\">&#8211;\u00a0\u00a0\u00a0\u00a0\u00a0\u00a0 kit\u00f6lt\u00f6tt tanul\u00f3i jelentkez\u00e9si lapot<br \/>\n&#8211;\u00a0 \u00a0sz\u00fcl\u0151i k\u00e9relem: ha valamelyik vizsgatant\u00e1rgyb\u00f3l felment\u00e9sed van az \u00e9rt\u00e9kel\u00e9s al\u00f3l, vagy hosszabb id\u0151t, seg\u00e9deszk\u00f6z haszn\u00e1lat\u00e1t javasolt\u00e1k a szakv\u00e9lem\u00e9nyben<br \/>\n&#8211;\u00a0 \u00a0 \u00a0szakv\u00e9lem\u00e9ny m\u00e1solata, ha valamelyik vizsgatant\u00e1rgyb\u00f3l felment\u00e9sed van az \u00e9rt\u00e9kel\u00e9s al\u00f3l, vagy hosszabb id\u0151t, seg\u00e9deszk\u00f6z haszn\u00e1lat\u00e1t javasolt\u00e1k a szakv\u00e9lem\u00e9nyben<\/p>\n<p style=\"text-align: justify\">Iskol\u00e1nk mindk\u00e9t t\u00e1rgyb\u00f3l, matematik\u00e1b\u00f3l \u00e9s magyarb\u00f3l is el\u0151\u00edrja a k\u00f6zponti felv\u00e9teli meg\u00edr\u00e1s\u00e1t a technikumi felv\u00e9telhez. Ha az egyik t\u00e1rgyb\u00f3l (pl. matematik\u00e1b\u00f3l) mentess\u00e9ged van az \u00e9rt\u00e9kel\u00e9s \u00e9s min\u0151s\u00edt\u00e9s al\u00f3l, a dolgozatot akkor is meg kell \u00edrni, de az eredm\u00e9nyt mi nem vessz\u00fck figyelembe.<\/p>\n<p style=\"text-align: justify\">Iskol\u00e1nkban a 9. \u00e9vfolyamos k\u00f6zponti \u00edr\u00e1sbeli vizsg\u00e1t lehet meg\u00edrni. Ha itt szeretn\u00e9l vizsg\u00e1zni, a jelentkez\u00e9si lapon a k\u00f6vetkez\u0151ket t\u00fcntesd fel:<\/p>\n<p style=\"text-align: justify\">OM azonos\u00edt\u00f3 k\u00f3dja: <strong>203078<\/strong><\/p>\n<p style=\"text-align: justify\">Int\u00e9zm\u00e9ny neve: <strong>Semmelweis Egyetem Raoul Wallenberg T\u00f6bbc\u00e9l\u00fa Szakk\u00e9pz\u0151 Int\u00e9zm\u00e9nye<\/strong><\/p>\n<p style=\"text-align: justify\">Int\u00e9zm\u00e9ny c\u00edme: <strong>1068 Budapest, Rippl-R\u00f3nai u. 22-26.<\/strong><\/p>\n<p style=\"text-align: justify\">Az \u00edr\u00e1sbeli vizsga id\u0151pontja: <strong>2026. janu\u00e1r 24., 10:00<\/strong><\/p>\n<p style=\"text-align: justify\">2&#215;45 perc 15 perc sz\u00fcnettel (magyar nyelv \u00e9s matematika)<\/p>\n<p style=\"text-align: justify\">Kijav\u00edtott feladatlapok megtekint\u00e9se iskol\u00e1nkban: <strong>2026. janu\u00e1r 30., 7:30- 15:30 \u00f3r\u00e1ig.<\/strong><\/p>\n<p style=\"text-align: justify\">\u00c9rt\u00e9kel\u0151 lapok \u00e1tad\u00e1sa, szem\u00e9lyesen, iskol\u00e1nkban: <strong>2026. febru\u00e1r 06., 07:30-15:30 \u00f3r\u00e1ig.<\/strong><\/p>\n<p><a href=\"https:\/\/semmelweis.hu\/raoulwallenberg\/files\/2026\/03\/Pontszamitas-es-rangsorolas.pdf\">Pontsz\u00e1m\u00edt\u00e1s \u00e9s rangsorol\u00e1s<\/a><\/p>\n<p>&nbsp;<\/p>\n","protected":false},"excerpt":{"rendered":"<p>JELENTKEZ\u00c9S A K\u00d6ZPONTI \u00cdR\u00c1SBELI FELV\u00c9TELI VIZSG\u00c1RA A k\u00f6zponti \u00edr\u00e1sbeli felv\u00e9teli vizsg\u00e1ra minden olyan k\u00f6z\u00e9pfok\u00fa int\u00e9zm\u00e9nybe jelentkezhetsz, amelyik szerepel az Oktat\u00e1si Hivatal \u00edr\u00e1sbeli vizsg\u00e1t szervez\u0151 iskol\u00e1k jegyz\u00e9k\u00e9n (www.oktatas.hu). \u00c9rdemes a lak\u00f3helyhez k\u00f6zeli k\u00f6z\u00e9piskol\u00e1t v\u00e1lasztanod az \u00edr\u00e1sbeli meg\u00edr\u00e1s\u00e1hoz. A jelentkez\u00e9st 2025. december 1\u2013ig kell eljuttatni a felv\u00e9telit szervez\u0151 k\u00f6z\u00e9piskol\u00e1ba. A jelentkez\u00e9s tartalmazza: &#8211;\u00a0\u00a0\u00a0\u00a0\u00a0\u00a0 kit\u00f6lt\u00f6tt tanul\u00f3i jelentkez\u00e9si lapot &hellip;<\/p>\n","protected":false},"author":101765,"featured_media":0,"parent":438,"menu_order":3,"comment_status":"closed","ping_status":"closed","template":"","meta":{"_acf_changed":false,"footnotes":""},"categories":[],"tags":[],"class_list":["post-457","page","type-page","status-publish","hentry"],"acf":[],"_links":{"self":[{"href":"https:\/\/semmelweis.hu\/raoulwallenberg\/wp-json\/wp\/v2\/pages\/457","targetHints":{"allow":["GET"]}}],"collection":[{"href":"https:\/\/semmelweis.hu\/raoulwallenberg\/wp-json\/wp\/v2\/pages"}],"about":[{"href":"https:\/\/semmelweis.hu\/raoulwallenberg\/wp-json\/wp\/v2\/types\/page"}],"author":[{"embeddable":true,"href":"https:\/\/semmelweis.hu\/raoulwallenberg\/wp-json\/wp\/v2\/users\/101765"}],"replies":[{"embeddable":true,"href":"https:\/\/semmelweis.hu\/raoulwallenberg\/wp-json\/wp\/v2\/comments?post=457"}],"version-history":[{"count":11,"href":"https:\/\/semmelweis.hu\/raoulwallenberg\/wp-json\/wp\/v2\/pages\/457\/revisions"}],"predecessor-version":[{"id":2612,"href":"https:\/\/semmelweis.hu\/raoulwallenberg\/wp-json\/wp\/v2\/pages\/457\/revisions\/2612"}],"up":[{"embeddable":true,"href":"https:\/\/semmelweis.hu\/raoulwallenberg\/wp-json\/wp\/v2\/pages\/438"}],"wp:attachment":[{"href":"https:\/\/semmelweis.hu\/raoulwallenberg\/wp-json\/wp\/v2\/media?parent=457"}],"wp:term":[{"taxonomy":"category","embeddable":true,"href":"https:\/\/semmelweis.hu\/raoulwallenberg\/wp-json\/wp\/v2\/categories?post=457"},{"taxonomy":"post_tag","embeddable":true,"href":"https:\/\/semmelweis.hu\/raoulwallenberg\/wp-json\/wp\/v2\/tags?post=457"}],"curies":[{"name":"wp","href":"https:\/\/api.w.org\/{rel}","templated":true}]}}