{"id":440,"date":"2020-12-29T10:21:56","date_gmt":"2020-12-29T09:21:56","guid":{"rendered":"http:\/\/semmelweis.hu\/raoulwallenberg\/?page_id=440"},"modified":"2024-10-16T13:51:55","modified_gmt":"2024-10-16T11:51:55","slug":"gyik","status":"publish","type":"page","link":"https:\/\/semmelweis.hu\/raoulwallenberg\/nyolcadikosoknak\/gyik\/","title":{"rendered":"GYIK &#8211; Nyolcadikosoknak"},"content":{"rendered":"<p style=\"text-align: justify\"><strong>Nem tal\u00e1lom a gyermekemet az ideiglenes felv\u00e9teli list\u00e1n. Hol \u00e9rdekl\u0151dhetek?<\/strong><\/p>\n<p style=\"text-align: justify\"><em>K\u00e9sz\u00edtse el\u0151 gyermeke oktat\u00e1si azonos\u00edt\u00f3j\u00e1t. Telefon\u00e1ljon (1) 215 7579 sz\u00e1mon, k\u00e9rje a Tanul\u00f3i titk\u00e1rs\u00e1got. Az \u00fcgyint\u00e9z\u0151 seg\u00edt majd megoldani a probl\u00e9m\u00e1t.<\/em><\/p>\n<p style=\"text-align: justify\"><strong>L\u00e1nyom ugyanannyi pontot szerzett, mint a bar\u00e1tn\u0151je, a rangsorban m\u00e9gis kett\u0151vel h\u00e1tr\u00e9bb van. Hogy lehet ez?<\/strong><\/p>\n<p style=\"text-align: justify\"><em>Az egyenl\u0151 pontsz\u00e1mot el\u00e9rt jelentkez\u0151ket is rangsorolnunk kell, hiszen nem ker\u00fclhet be egy helyen h\u00e1rom tanul\u00f3. Egyenl\u0151 pontsz\u00e1m eset\u00e9n a jogszab\u00e1ly \u00e9rtelm\u00e9ben figyelembe kell venn\u00fcnk a halmozottan h\u00e1tr\u00e1nyos helyzetet, a lakhelyet \u00e9s a saj\u00e1tos helyzetet, tov\u00e1bbi egyenl\u0151s\u00e9g eset\u00e9n bizonyos tant\u00e1rgyakb\u00f3l el\u00e9rt eredm\u00e9ny\u00e9t. Az egyenl\u0151 pontsz\u00e1m eset\u00e9n val\u00f3 rangsorol\u00e1s elveit honlapunkon a NYOLCADIKOSOKNAK\/A FELV\u00c9TELI ELJ\u00c1R\u00c1S RENDJE c. r\u00e9szben olvashatja.<\/em><\/p>\n<p style=\"text-align: justify\"><strong>Milyen helyzetben \u00e9rdemes sorrendet m\u00f3dos\u00edtani?<\/strong><\/p>\n<p style=\"text-align: justify\"><em>\u00c1ltal\u00e1ban csak akkor \u00e9rdemes a sorrenden m\u00f3dos\u00edtani, ha a gyereke tov\u00e1bbtanul\u00e1si sz\u00e1nd\u00e9ka megv\u00e1ltozott. Amennyiben \u00d6n\u00f6k nagyj\u00e1b\u00f3l re\u00e1lisan m\u00e9rt\u00e9k fel a gyermek\u00fck k\u00e9pess\u00e9geit \u00e9s eredm\u00e9nyeit, j\u00f3 es\u00e9llyel bejut abba az oszt\u00e1lyba, amelyet els\u0151 helyen jel\u00f6lt meg. A jelentkez\u00e9skor nyilv\u00e1n alaposan m\u00e9rlegelt\u00e9k a terveiket \u00e9s az iskol\u00e1k, tagozatok \u00e1ltal k\u00edn\u00e1lt k\u00e9pz\u00e9si lehet\u0151s\u00e9geket. \u00c9rdemes most \u00e1tgondolni, vajon az az\u00f3ta eltelt n\u00e9h\u00e1ny h\u00e9tben jutottak-e olyan \u00faj inform\u00e1ci\u00f3 birtok\u00e1ba, ami indokoln\u00e1 a v\u00e1ltoztat\u00e1st. Puszt\u00e1n a rangsor miatt, nem val\u00f3sz\u00edn\u0171, hogy \u00e9rdemes sorrendet m\u00f3dos\u00edtani.<\/em><\/p>\n<p style=\"text-align: justify\"><strong>Ki kap \u00f6szt\u00f6nd\u00edjat?<\/strong><\/p>\n<p style=\"text-align: justify\"><em>\u00a0Szakk\u00e9pz\u00e9si \u00f6szt\u00f6nd\u00edjra jogosult az a tanul\u00f3, aki<\/em><\/p>\n<ul style=\"text-align: justify\">\n<li><em>tanul\u00f3i jogviszonnyal rendelkezik,<\/em><\/li>\n<li><em>adott \u00e9vfolyam technikumi vagy szakk\u00e9pz\u0151 iskolai tanul\u00f3ja,<\/em><\/li>\n<li><em>nem \u00e9vism\u00e9tl\u0151,<\/em><\/li>\n<li><em>igazolatlan mulaszt\u00e1sainak sz\u00e1ma nem \u00e9ri el a 6 \u00f3r\u00e1t.<\/em><\/li>\n<\/ul>\n<p style=\"text-align: justify\"><strong>Kiz\u00e1r\u00f3 ok-e a felv\u00e9teln\u00e9l, ha a jelentkez\u0151 SNI-s?<\/strong><\/p>\n<p style=\"text-align: justify\"><em>Iskol\u00e1nk az \u201eEgy\u00e9b pszich\u00e9s fejl\u0151d\u00e9si zavar\u201d probl\u00e9m\u00e1val k\u00fczd\u0151 tanul\u00f3kat tudja fogadni, ha a szakv\u00e9lem\u00e9ny alapj\u00e1n a tanul\u00f3 integr\u00e1ltan (a t\u00f6bbi tanul\u00f3val egy\u00fctt) nevelhet\u0151.<\/em><\/p>\n<p style=\"text-align: justify\"><strong>Hogyan fognak zajlani a p\u00e1lyaalkalmass\u00e1gi besz\u00e9lget\u00e9sek?<\/strong><\/p>\n<p style=\"text-align: justify\"><em>A p\u00e1lyaalkalmass\u00e1gi besz\u00e9lget\u00e9seket az iskol\u00e1ban szem\u00e9lyesen tartjuk. A honlapunkon adunk majd t\u00e1j\u00e9koztat\u00e1st arr\u00f3l, hogy kinek, mikor kell j\u00f6nnie.<\/em><\/p>\n<p style=\"text-align: justify\"><strong>Ha a jelentkez\u0151 diszkalkulia miatt felmentett matekb\u00f3l, felment\u00e9st kaphat-e a matek k\u00f6zponti felv\u00e9teli al\u00f3l?<\/strong><\/p>\n<p style=\"text-align: justify\"><em>A jelenlegi jogszab\u00e1lyok szerint a k\u00f6zponti \u00edr\u00e1sbeli felv\u00e9teli vizsg\u00e1t szervez\u0151 int\u00e9zm\u00e9ny igazgat\u00f3ja nem adhat ilyen felment\u00e9st. A felv\u00e9telit meg\u00edrja, de a felv\u00e9teli jelentkez\u00e9si laphoz csatolja a felment\u00e9s alapj\u00e1ul szolg\u00e1l\u00f3 szakv\u00e9lem\u00e9nyt \u00e9s egy k\u00e9relmet, hogy a matematika eredm\u00e9nyt ne vegy\u00fck figyelembe. Ilyenkor a magyar pontsz\u00e1mot megdupl\u00e1zzuk, teh\u00e1t gyermeke nem ker\u00fcl h\u00e1tr\u00e1nyba a t\u00f6bbiekkel szemben.<\/em><\/p>\n<p style=\"text-align: justify\"><strong>Fiam a Raoulban, a 1002 tagozaton a 170., egy m\u00e1sik iskol\u00e1ban a 23. lett. A m\u00e1sik iskol\u00e1ban \u00edgy biztosan felveszik, ez\u00e9rt m\u00f3dos\u00edtottuk a jelentkez\u00e9si sorrendet, el\u0151r\u00e9bb sorolva a m\u00e1sik iskol\u00e1t. Ha a pontsz\u00e1m elegend\u0151 a felv\u00e9telhez, el\u0151fordulhat, hogy m\u00e9gis beker\u00fcl\u00fcnk a Raoulba?<\/strong><\/p>\n<p style=\"text-align: justify\"><em>Sajnos nem, mert a Felv\u00e9teli K\u00f6zpont besorolja az el\u0151r\u00e9bb megjel\u00f6lt oszt\u00e1lyba\/iskol\u00e1ba, amennyiben ott felvehet\u0151 min\u0151s\u00edt\u00e9st kapott \u00e9s az ottani rangsor alapj\u00e1n bef\u00e9r a felvehet\u0151 keretbe.<\/em><\/p>\n<p style=\"text-align: justify\"><strong>Gyermekemet a 1004 tagozaton a 71. helyre rangsorolt\u00e1k. Van-e es\u00e9ly\u00fcnk a bejut\u00e1sra?<\/strong><\/p>\n<p style=\"text-align: justify\"><em>Igen, ha a 1004 tagozat az \u00f6n\u00f6k jelentkez\u00e9si sorrendj\u00e9ben az els\u0151 helyen \u00e1ll. Az itt el\u00e9rt 78. hely azt jelenti, hogy nagy es\u00e9llyel bejut az oktat\u00e1s technikumi oszt\u00e1lyba, hiszen \u2013 ahogy a t\u00f6bb\u00e9ves tapasztalat azt mutatja \u2013 sokan t\u00f6bb tagozatunkat, vagy m\u00e1s iskol\u00e1t is megjel\u00f6ltek, \u00e9s ez\u00e9rt ak\u00e1r 30 \u2013 40 jelentkez\u0151 is \u201ekiesik\u201d a rangsor elej\u00e9r\u0151l.<\/em><\/p>\n<p style=\"text-align: justify\"><em>Ha a tagozatot (iskol\u00e1nkat) a m\u00e1sodik helyen jel\u00f6lt\u00e9k meg, a 78. helyr\u0151l is bejuthat a jelentkez\u0151, de ennek az es\u00e9lye kisebb, mint az el\u0151z\u0151 esetben, ugyanis ha az els\u0151nek jel\u00f6lt helyen beker\u00fcl a felvettek k\u00f6z\u00e9, akkor a tov\u00e1bbi megjel\u00f6lt tagozatokat m\u00e1r nem veszik figyelembe.<\/em><\/p>\n<p style=\"text-align: justify\"><strong>Van-e az iskol\u00e1nak koll\u00e9giuma?<\/strong><\/p>\n<p style=\"text-align: justify\"><em>Iskol\u00e1nknak nincs saj\u00e1t koll\u00e9giuma, de sok\u00e9ves, szoros egy\u00fcttm\u0171k\u00f6d\u00e9s\u00fcnk van t\u00f6bb, k\u00f6zeli koll\u00e9giummal is. Ha felv\u00e9telt nyert, az els\u0151 sz\u00fcl\u0151i \u00e9rtekezleten szem\u00e9lyesen is tal\u00e1lkozhat a koll\u00e9giumok k\u00e9pvisel\u0151ivel \u00e9s t\u00e1j\u00e9koztat\u00e1st kaphat a szolg\u00e1ltat\u00e1saikr\u00f3l, s\u0151t azonnal jelentkezhet is.<\/em><\/p>\n","protected":false},"excerpt":{"rendered":"<p>Nem tal\u00e1lom a gyermekemet az ideiglenes felv\u00e9teli list\u00e1n. Hol \u00e9rdekl\u0151dhetek? K\u00e9sz\u00edtse el\u0151 gyermeke oktat\u00e1si azonos\u00edt\u00f3j\u00e1t. Telefon\u00e1ljon (1) 215 7579 sz\u00e1mon, k\u00e9rje a Tanul\u00f3i titk\u00e1rs\u00e1got. Az \u00fcgyint\u00e9z\u0151 seg\u00edt majd megoldani a probl\u00e9m\u00e1t. L\u00e1nyom ugyanannyi pontot szerzett, mint a bar\u00e1tn\u0151je, a rangsorban m\u00e9gis kett\u0151vel h\u00e1tr\u00e9bb van. Hogy lehet ez? Az egyenl\u0151 pontsz\u00e1mot el\u00e9rt jelentkez\u0151ket is rangsorolnunk kell, &hellip;<\/p>\n","protected":false},"author":101765,"featured_media":0,"parent":438,"menu_order":2,"comment_status":"closed","ping_status":"closed","template":"","meta":{"_acf_changed":false,"footnotes":""},"categories":[],"tags":[],"class_list":["post-440","page","type-page","status-publish","hentry"],"acf":[],"_links":{"self":[{"href":"https:\/\/semmelweis.hu\/raoulwallenberg\/wp-json\/wp\/v2\/pages\/440","targetHints":{"allow":["GET"]}}],"collection":[{"href":"https:\/\/semmelweis.hu\/raoulwallenberg\/wp-json\/wp\/v2\/pages"}],"about":[{"href":"https:\/\/semmelweis.hu\/raoulwallenberg\/wp-json\/wp\/v2\/types\/page"}],"author":[{"embeddable":true,"href":"https:\/\/semmelweis.hu\/raoulwallenberg\/wp-json\/wp\/v2\/users\/101765"}],"replies":[{"embeddable":true,"href":"https:\/\/semmelweis.hu\/raoulwallenberg\/wp-json\/wp\/v2\/comments?post=440"}],"version-history":[{"count":7,"href":"https:\/\/semmelweis.hu\/raoulwallenberg\/wp-json\/wp\/v2\/pages\/440\/revisions"}],"predecessor-version":[{"id":2159,"href":"https:\/\/semmelweis.hu\/raoulwallenberg\/wp-json\/wp\/v2\/pages\/440\/revisions\/2159"}],"up":[{"embeddable":true,"href":"https:\/\/semmelweis.hu\/raoulwallenberg\/wp-json\/wp\/v2\/pages\/438"}],"wp:attachment":[{"href":"https:\/\/semmelweis.hu\/raoulwallenberg\/wp-json\/wp\/v2\/media?parent=440"}],"wp:term":[{"taxonomy":"category","embeddable":true,"href":"https:\/\/semmelweis.hu\/raoulwallenberg\/wp-json\/wp\/v2\/categories?post=440"},{"taxonomy":"post_tag","embeddable":true,"href":"https:\/\/semmelweis.hu\/raoulwallenberg\/wp-json\/wp\/v2\/tags?post=440"}],"curies":[{"name":"wp","href":"https:\/\/api.w.org\/{rel}","templated":true}]}}