{"id":43,"date":"2020-12-28T13:30:21","date_gmt":"2020-12-28T12:30:21","guid":{"rendered":"http:\/\/semmelweis.hu\/raoulwallenberg\/?page_id=43"},"modified":"2026-02-05T18:55:02","modified_gmt":"2026-02-05T17:55:02","slug":"iskolavezetes","status":"publish","type":"page","link":"https:\/\/semmelweis.hu\/raoulwallenberg\/iskolankrol\/iskolavezetes\/","title":{"rendered":"Iskolavezet\u00e9s"},"content":{"rendered":"<table style=\"border-collapse: collapse;width: 100%\">\n<tbody>\n<tr>\n<td style=\"width: 22.1831%\"><span style=\"font-size: 12pt\"><strong>Gavall\u00e9rn\u00e9 Kancsal \u00c1gnes<\/strong><\/span><\/td>\n<td style=\"width: 21.3783%\"><span style=\"font-size: 12pt\">igazgat\u00f3<\/span><\/td>\n<td style=\"width: 9.90943%\"><span style=\"font-size: 12pt\">215- 8213<\/span><\/td>\n<td style=\"width: 46.5292%\"><span style=\"font-size: 12pt;color: #0000ff\">gavallerne.kancsal.agnes@semmelweis.hu<\/span><\/td>\n<\/tr>\n<tr>\n<td style=\"width: 22.1831%\"><span style=\"font-size: 12pt\"><strong>Szarv\u00e1k Andr\u00e1s<\/strong><\/span><\/td>\n<td style=\"width: 21.3783%\"><span style=\"font-size: 12pt\">\u00e1ltal\u00e1nos igazgat\u00f3helyettes<\/span><\/td>\n<td style=\"width: 9.90943%\"><span style=\"font-size: 12pt\">215-7579\/109<\/span><\/td>\n<td style=\"width: 46.5292%\"><span style=\"font-size: 12pt;color: #0000ff\">szarvak.andras@semmelweis.hu<\/span><\/td>\n<\/tr>\n<tr>\n<td style=\"width: 22.1831%\"><span style=\"font-size: 12pt\"><strong>Matl\u00e1kn\u00e9 Csizmadia Gy\u00f6rgyi<\/strong><\/span><\/td>\n<td style=\"width: 21.3783%\"><span style=\"font-size: 12pt\">szakmai igazgat\u00f3helyettes<\/span><\/td>\n<td style=\"width: 9.90943%\"><span style=\"font-size: 12pt\">215-7579\/116<\/span><\/td>\n<td style=\"width: 46.5292%\"><span style=\"font-size: 12pt;color: #0000ff\">csizmadia.gyorgyi@semmelweis.hu<\/span><\/td>\n<\/tr>\n<tr>\n<td style=\"width: 22.1831%\"><span style=\"font-size: 12pt\"><strong>Szab\u00f3 Ildik\u00f3 Ilona<\/strong><\/span><\/td>\n<td style=\"width: 21.3783%\"><span style=\"font-size: 12pt\">nevel\u00e9si igazgat\u00f3helyettes<\/span><\/td>\n<td style=\"width: 9.90943%\"><span style=\"font-size: 12pt\">215-7579\/103<\/span><\/td>\n<td style=\"width: 46.5292%\"><span style=\"font-size: 12pt;color: #0000ff\">szabo.ildiko1@semmelweis.hu<\/span><\/td>\n<\/tr>\n<tr>\n<td style=\"width: 22.1831%\"><span style=\"font-size: 12pt\"><strong>Sz\u00e1nt\u00f3-Rajmon Anik\u00f3<\/strong><\/span><\/td>\n<td style=\"width: 21.3783%\"><span style=\"font-size: 12pt\">gyakorlati oktat\u00e1svezet\u0151<\/span><\/td>\n<td style=\"width: 9.90943%\"><span style=\"font-size: 12pt\">215-7579\/117<\/span><\/td>\n<td style=\"width: 46.5292%\"><span style=\"color: #0000ff\"><span style=\"font-size: 16px\">szanto.rajmon.aniko@semmelweis.hu<\/span><\/span><\/td>\n<\/tr>\n<\/tbody>\n<\/table>\n<p>&nbsp;<\/p>\n","protected":false},"excerpt":{"rendered":"<p>Gavall\u00e9rn\u00e9 Kancsal \u00c1gnes<br \/>\nigazgat\u00f3<br \/>\n215- 8213<br \/>\ngavallerne.kancsal.agnes@semmelweis.hu<\/p>\n<p>Szarv\u00e1k Andr\u00e1s<br \/>\n\u00e1ltal\u00e1nos igazgat\u00f3helyettes<br \/>\n215-7579\/109<br \/>\nszarvak.andras@semmelweis.hu<\/p>\n<p>Matl\u00e1kn\u00e9 Csizmadia Gy\u00f6rgyi<br \/>\nszakmai igazgat\u00f3helyettes<br \/>\n215-7579\/116<br \/>\ncsizmadia.gyorgyi@semmelweis.hu<\/p>\n<p>Szab\u00f3 Ildik\u00f3 Ilona<br \/>\nnevel\u00e9si igazgat\u00f3helyettes<br \/>\n215-7579\/103<br \/>\nszabo.ildiko1@semmelweis.hu<\/p>\n<p>Sz\u00e1nt\u00f3-Rajmon Anik\u00f3<br \/>\ngyakorlati oktat\u00e1svezet\u0151<br \/>\n215-7579\/117<br \/>\nszanto.rajmon.aniko@semmelweis.hu<\/p>\n<p>&nbsp;<\/p>\n","protected":false},"author":101765,"featured_media":0,"parent":29,"menu_order":3,"comment_status":"closed","ping_status":"closed","template":"","meta":{"_acf_changed":false,"footnotes":""},"categories":[],"tags":[],"class_list":["post-43","page","type-page","status-publish","hentry"],"acf":[],"_links":{"self":[{"href":"https:\/\/semmelweis.hu\/raoulwallenberg\/wp-json\/wp\/v2\/pages\/43","targetHints":{"allow":["GET"]}}],"collection":[{"href":"https:\/\/semmelweis.hu\/raoulwallenberg\/wp-json\/wp\/v2\/pages"}],"about":[{"href":"https:\/\/semmelweis.hu\/raoulwallenberg\/wp-json\/wp\/v2\/types\/page"}],"author":[{"embeddable":true,"href":"https:\/\/semmelweis.hu\/raoulwallenberg\/wp-json\/wp\/v2\/users\/101765"}],"replies":[{"embeddable":true,"href":"https:\/\/semmelweis.hu\/raoulwallenberg\/wp-json\/wp\/v2\/comments?post=43"}],"version-history":[{"count":11,"href":"https:\/\/semmelweis.hu\/raoulwallenberg\/wp-json\/wp\/v2\/pages\/43\/revisions"}],"predecessor-version":[{"id":2583,"href":"https:\/\/semmelweis.hu\/raoulwallenberg\/wp-json\/wp\/v2\/pages\/43\/revisions\/2583"}],"up":[{"embeddable":true,"href":"https:\/\/semmelweis.hu\/raoulwallenberg\/wp-json\/wp\/v2\/pages\/29"}],"wp:attachment":[{"href":"https:\/\/semmelweis.hu\/raoulwallenberg\/wp-json\/wp\/v2\/media?parent=43"}],"wp:term":[{"taxonomy":"category","embeddable":true,"href":"https:\/\/semmelweis.hu\/raoulwallenberg\/wp-json\/wp\/v2\/categories?post=43"},{"taxonomy":"post_tag","embeddable":true,"href":"https:\/\/semmelweis.hu\/raoulwallenberg\/wp-json\/wp\/v2\/tags?post=43"}],"curies":[{"name":"wp","href":"https:\/\/api.w.org\/{rel}","templated":true}]}}