{"id":399,"date":"2020-12-28T19:30:10","date_gmt":"2020-12-28T18:30:10","guid":{"rendered":"http:\/\/semmelweis.hu\/raoulwallenberg\/?page_id=399"},"modified":"2021-02-10T14:59:42","modified_gmt":"2021-02-10T13:59:42","slug":"szinjatszokor","status":"publish","type":"page","link":"https:\/\/semmelweis.hu\/raoulwallenberg\/tanuloinknak\/szinjatszokor\/","title":{"rendered":"Sz\u00ednj\u00e1tsz\u00f3k\u00f6r"},"content":{"rendered":"<p>Mindenki szeret j\u00e1tszani, mindenki szeret m\u00e1s b\u0151r\u00e9be b\u00fajni. Izgalmas dolog megform\u00e1lni egy szerepet, kifejezni m\u00e1sok \u00e9rz\u00e9seit. Iskol\u00e1nk m\u00e1r sok \u00e9ve rendelkezik egy sz\u00ednj\u00e1tsz\u00f3 \u201et\u00e1rsulattal\u201d, de ez a k\u00f6r mindig v\u00e1ltoz\u00f3 volt: di\u00e1kok j\u00f6ttek, elballagtak, volt, aki kedves eml\u00e9kekkel t\u00e1vozott, sikereket elk\u00f6nyvelve mag\u00e1nak, \u00e9s volt, aki visszat\u00e9rt. Visszat\u00e9rt az\u00e9rt, hogy \u00fajra a sz\u00ednpadon legyen, megtapsolj\u00e1k \u0151t, \u00e9s boldogan figyelje az \u00f6sszecsuk\u00f3d\u00f3 f\u00fcgg\u00f6ny\u00f6n t\u00fali \u00fcnnepl\u00e9st. Az elballagott tanul\u00f3k hely\u00e9be \u00fajak j\u00f6ttek, akik egy-egy sz\u00edndarab siker\u00e9t l\u00e1tva szerett\u00e9k volna kipr\u00f3b\u00e1lni magukat. A \u201esz\u00edn\u00e9szi munka\u201d mellett sz\u00fcks\u00e9g volt berendez\u0151kre, jelmeztervez\u0151kre, g\u00e9p\u00edr\u00f3kra stb, teh\u00e1t akinek l\u00e1mpal\u00e1za volt a sz\u00ednpadon, az is tal\u00e1lt helyet a t\u00e1rsulatban.<\/p>\n<p><a href=\"https:\/\/semmelweis.hu\/raoulwallenberg\/files\/2020\/12\/szinj1.png\"><img loading=\"lazy\" decoding=\"async\" class=\"aligncenter wp-image-401 size-full\" src=\"https:\/\/semmelweis.hu\/raoulwallenberg\/files\/2020\/12\/szinj1.png\" alt=\"\" width=\"400\" height=\"300\" \/><\/a>Az iskolai sz\u00ednj\u00e1tsz\u00f3 k\u00f6r k\u00e9t \u00e9ve egy kicsit v\u00e1ltoztatott a profilj\u00e1n: addig f\u0151leg zen\u00e9s bemutat\u00f3kat n\u00e9zhetett meg a nagy\u00e9rdem\u0171, akkor egy klasszikus m\u0171 \u00e1tdolgoz\u00e1s\u00e1t vitt\u00fck sz\u00ednpadra: Dickens Kar\u00e1csonyi \u00e9nek c\u00edm\u0171 m\u0171v\u00e9t az \u00e9nekkarral kieg\u00e9sz\u00fclve adtuk el\u0151. A sikeren felbuzdulva \u00e9v v\u00e9g\u00e9re is tervezt\u00fcnk egy darabot, kett\u0151 lett bel\u0151le: egy g\u00f6r\u00f6g kom\u00e9di\u00e1n (L\u00fcszisztrat\u00e9) der\u00fclhetett a k\u00f6z\u00f6ns\u00e9g egy klasszikus musical-interpret\u00e1ci\u00f3 mellett.<\/p>\n<p>Tavalyi bemutat\u00f3nk egy klasszikus novella \u00e1tirata volt, (O\u2019Henry: A h\u00e1romkir\u00e1lyok aj\u00e1nd\u00e9ka) meg\u00faj\u00edtott szakk\u00f6ri tags\u00e1ggal. Nagy \u00f6r\u00f6m\u00f6mre kolleg\u00e1k is kezdtek szerepet v\u00e1llalni a vil\u00e1got jelent\u0151 deszk\u00e1kon, bizony\u00edtva, hogy a l\u00e1mpal\u00e1z nem csak a di\u00e1kok el\u0151joga\u2026\u00c9v v\u00e9g\u00e9n kider\u00fclt a sz\u00ednpadon, hogy Eliza Doolitle megh\u00f3d\u00edtotta a mufurc Henry Higgins sz\u00edv\u00e9t (My Fair Lady).<\/p>\n<p><a href=\"https:\/\/semmelweis.hu\/raoulwallenberg\/files\/2020\/12\/szinj1.png\"><img loading=\"lazy\" decoding=\"async\" class=\"aligncenter wp-image-401 size-full\" src=\"https:\/\/semmelweis.hu\/raoulwallenberg\/files\/2020\/12\/szinj1.png\" alt=\"\" width=\"400\" height=\"300\" \/><\/a>A musical sikere ut\u00e1n t\u00f6bben kedvet kaptak ahhoz, hogy a k\u00f6vetkez\u0151 sz\u00edndarabban is f\u00f6ll\u00e9pjenek- ez volt Az Operah\u00e1z Fantomja. Nem akartuk a filmet \u00e9s a musicalt m\u00e1solni \u2013 mi magunk \u00edrtuk a forgat\u00f3k\u00f6nyvet. B\u00fcszk\u00e9k is vagyunk r\u00e1, hogy siker\u00fclt m\u00e1shogy l\u00e1ttatni ezt a romantikus figur\u00e1t.<br \/>\u00c9v v\u00e9g\u00e9n a Hair c\u00edm\u0171 musicalt gondoltuk \u00fajra. Hissz\u00fck \u00e9s valljuk, hogy a tolerancia, a szeretet, az elfogad\u00e1s- ami ennek az iskol\u00e1nak a hitvall\u00e1sa- mindenki sz\u00e1m\u00e1ra \u00e9rthet\u0151 \u00e9s \u00e1t\u00e9rezhet\u0151 \u00fczenetet hordozott az el\u0151ad\u00e1st n\u00e9zve. Ez a sz\u00edndarab \u00f6sszek\u00f6t\u00f6tte a tan\u00e1ri kart \u00e9s a di\u00e1kokat, nek\u00fcnk nosztalgia volt, sz\u00e1mukra pedig a szabads\u00e1gv\u00e1gy himnusza.<\/p>\n<p><a href=\"https:\/\/semmelweis.hu\/raoulwallenberg\/files\/2020\/12\/szinj3.png\"><img loading=\"lazy\" decoding=\"async\" class=\"aligncenter wp-image-402 size-full\" src=\"https:\/\/semmelweis.hu\/raoulwallenberg\/files\/2020\/12\/szinj3.png\" alt=\"\" width=\"350\" height=\"262\" \/><\/a>M\u00e1r m\u00e1snap t\u00f6bben j\u00f6ttek a \u201et\u00e1rsulatb\u00f3l\u201d, hogy mi lesz a k\u00f6vetkez\u0151 bemutat\u00f3.<\/p>\n<p>Igen, egy sz\u00ednj\u00e1tsz\u00f3 k\u00f6r\u00f6n sokat kell sz\u00f6veget tanulni. Figyelni kell, hogy mikor j\u00f6ssz Te. Alkalmazkodni kell. Ha nem vil\u00e1gos egy-egy mondat jelent\u00e9se, seg\u00edt\u00fcnk egym\u00e1snak meg\u00e9rteni azt. Ha sz\u00f6vegk\u00f6nyvet \u00edrsz, napokig r\u00e1g\u00f3dsz egy-egy mondaton. Van, amikor egy kell\u00e9k \u2013 p\u00e9ld\u00e1ul a Fantom maszkja- \u00f3r\u00e1kig k\u00e9sz\u00fcl. De addig besz\u00e9lget\u00fcnk, mert arra ritk\u00e1n van id\u0151 \u00e9s alkalom. Ha a m\u00e1sik t\u00e9ved, seg\u00edteni kell Neki, hogy a v\u00e9geredm\u00e9ny jobb legyen, hogy ut\u00e1na boldogan boruljatok egym\u00e1s nyak\u00e1ba. Hidd el, egy sz\u00ednj\u00e1tsz\u00f3k\u00f6r nagyon j\u00f3 iskola, mert sok mindent tanulunk egym\u00e1st\u00f3l.<\/p>\n<p><strong>V\u00e1runk. A sz\u00ednpadon \u00e9s a n\u00e9z\u0151t\u00e9ren egyar\u00e1nt.<\/strong><\/p>\n<p><em>Kov\u00e1csn\u00e9 Gl\u00f3zik Inez &#8211; sz\u00ednj\u00e1tsz\u00f3k\u00f6r-vezet\u0151<\/em><\/p>\n","protected":false},"excerpt":{"rendered":"<p>Mindenki szeret j\u00e1tszani, mindenki szeret m\u00e1s b\u0151r\u00e9be b\u00fajni. Izgalmas dolog megform\u00e1lni egy szerepet, kifejezni m\u00e1sok \u00e9rz\u00e9seit. Iskol\u00e1nk m\u00e1r sok \u00e9ve rendelkezik egy sz\u00ednj\u00e1tsz\u00f3 \u201et\u00e1rsulattal\u201d, de ez a k\u00f6r mindig v\u00e1ltoz\u00f3 volt: di\u00e1kok j\u00f6ttek, elballagtak, volt, aki kedves eml\u00e9kekkel t\u00e1vozott, sikereket elk\u00f6nyvelve mag\u00e1nak, \u00e9s volt, aki visszat\u00e9rt. Visszat\u00e9rt az\u00e9rt, hogy \u00fajra a sz\u00ednpadon legyen, megtapsolj\u00e1k \u0151t, &hellip;<\/p>\n","protected":false},"author":101765,"featured_media":0,"parent":294,"menu_order":8,"comment_status":"closed","ping_status":"closed","template":"","meta":{"_acf_changed":false,"footnotes":""},"categories":[],"tags":[],"class_list":["post-399","page","type-page","status-publish","hentry"],"acf":[],"_links":{"self":[{"href":"https:\/\/semmelweis.hu\/raoulwallenberg\/wp-json\/wp\/v2\/pages\/399","targetHints":{"allow":["GET"]}}],"collection":[{"href":"https:\/\/semmelweis.hu\/raoulwallenberg\/wp-json\/wp\/v2\/pages"}],"about":[{"href":"https:\/\/semmelweis.hu\/raoulwallenberg\/wp-json\/wp\/v2\/types\/page"}],"author":[{"embeddable":true,"href":"https:\/\/semmelweis.hu\/raoulwallenberg\/wp-json\/wp\/v2\/users\/101765"}],"replies":[{"embeddable":true,"href":"https:\/\/semmelweis.hu\/raoulwallenberg\/wp-json\/wp\/v2\/comments?post=399"}],"version-history":[{"count":4,"href":"https:\/\/semmelweis.hu\/raoulwallenberg\/wp-json\/wp\/v2\/pages\/399\/revisions"}],"predecessor-version":[{"id":588,"href":"https:\/\/semmelweis.hu\/raoulwallenberg\/wp-json\/wp\/v2\/pages\/399\/revisions\/588"}],"up":[{"embeddable":true,"href":"https:\/\/semmelweis.hu\/raoulwallenberg\/wp-json\/wp\/v2\/pages\/294"}],"wp:attachment":[{"href":"https:\/\/semmelweis.hu\/raoulwallenberg\/wp-json\/wp\/v2\/media?parent=399"}],"wp:term":[{"taxonomy":"category","embeddable":true,"href":"https:\/\/semmelweis.hu\/raoulwallenberg\/wp-json\/wp\/v2\/categories?post=399"},{"taxonomy":"post_tag","embeddable":true,"href":"https:\/\/semmelweis.hu\/raoulwallenberg\/wp-json\/wp\/v2\/tags?post=399"}],"curies":[{"name":"wp","href":"https:\/\/api.w.org\/{rel}","templated":true}]}}