{"id":389,"date":"2020-12-28T19:22:00","date_gmt":"2020-12-28T18:22:00","guid":{"rendered":"http:\/\/semmelweis.hu\/raoulwallenberg\/?page_id=389"},"modified":"2025-11-14T12:27:04","modified_gmt":"2025-11-14T11:27:04","slug":"kozossegi-szolgalat","status":"publish","type":"page","link":"https:\/\/semmelweis.hu\/raoulwallenberg\/tanuloinknak\/kozossegi-szolgalat\/","title":{"rendered":"K\u00f6z\u00f6ss\u00e9gi szolg\u00e1lat"},"content":{"rendered":"<p><strong>Mi\u00e9rt hasznos?<\/strong><br \/>\nSzem\u00e9lyis\u00e9g fejleszt\u0151 hat\u00e1s\u00fa.<br \/>\n\u00c9rz\u00e9keny\u00edt.<br \/>\nKapcsolatokat \u00e9p\u00edt.<br \/>\nJ\u00f3 gyakorlatszerz\u00e9si lehet\u0151s\u00e9g.<br \/>\nEr\u0151s\u00edti a t\u00e1rsadalmi felel\u0151ss\u00e9gv\u00e1llal\u00e1st.<\/p>\n<p><strong>K\u00f6z\u00f6ss\u00e9gi szolg\u00e1lattal kapcsolatos rendelkez\u00e9sek:<\/strong><br \/>\nIskola feladata: Megszervezni a k\u00f6z\u00f6ss\u00e9gi szolg\u00e1lat dokument\u00e1l\u00e1s\u00e1t, az iratkezel\u00e9si szab\u00e1lyok szerint.<\/p>\n<ul>\n<li>Az iskola (oszt\u00e1lyf\u0151n\u00f6k, vagy ez\u00e9rt felel\u0151s szem\u00e9ly) tarthat felk\u00e9sz\u00edt\u0151 foglalkoz\u00e1st a k\u00f6z\u00f6ss\u00e9gi szolg\u00e1latr\u00f3l, mely el\u0151k\u00e9sz\u00edti a di\u00e1kok tev\u00e9kenys\u00e9g\u00e9t \u00e9s besz\u00e1m\u00edthat\u00f3 a k\u00f6z\u00f6ss\u00e9gi szolg\u00e1lati 50 \u00f3r\u00e1ba. Ugyan\u00edgy, levezet\u0151, besz\u00e1mol\u00f3 \u00f3r\u00e1t is c\u00e9lszer\u0171 tartani, ahol a di\u00e1kok besz\u00e1molhatnak tapasztalataikr\u00f3l, tan\u00e1ccsal l\u00e1thatj\u00e1k el t\u00e1rsaikat.<\/li>\n<\/ul>\n<p><strong>Id\u0151t\u00e9nyez\u0151k:<\/strong><\/p>\n<ul>\n<li>A k\u00f6z\u00f6ss\u00e9gi szolg\u00e1lat id\u0151tartama 9 \u2013 11. \u00e9vfolyamig.<\/li>\n<li>V\u00e9gs\u0151 d\u00e1tumk\u00e9nt az \u00e9retts\u00e9gire jelentkez\u00e9s d\u00e1tuma szerepelhet!<\/li>\n<li>\u00d6sszesen 50 \u00f3r\u00e1ban kell v\u00e9gezni (ebb\u0151l 5 bevezet\u0151 \u00e9s 5 levezet\u0151 \u00f3r\u00e1t lehet tartani).<\/li>\n<li>A k\u00f6z\u00f6ss\u00e9gi munka elsz\u00e1molhat\u00f3 id\u0151tartama minimum 60 perc, maximum 180 perc\/alkalom!<\/li>\n<\/ul>\n<p><strong>Tev\u00e9kenys\u00e9g form\u00e1k:<\/strong><br \/>\na\/ eg\u00e9szs\u00e9g\u00fcgyi<br \/>\nb\/ szoci\u00e1lis \u00e9s j\u00f3t\u00e9konys\u00e1gi<br \/>\nc\/ oktat\u00e1si<br \/>\nd\/ kultur\u00e1lis, k\u00f6z\u00f6ss\u00e9gi<br \/>\ne\/ k\u00f6rnyezet \u00e9s term\u00e9szetv\u00e9delmi<br \/>\nf\/ katasztr\u00f3fav\u00e9delmi<br \/>\ng\/ \u00f3vod\u00e1skor\u00fa, saj\u00e1tos nevel\u00e9si ig\u00e9ny\u0171 gyermekekkel, tanul\u00f3kkal, id\u0151sekkel sport ill. szabadid\u0151s tev\u00e9kenys\u00e9g<br \/>\nAz a\/ \u00e9s b\/ pontban le\u00edrt tev\u00e9kenys\u00e9gekn\u00e9l, a k\u00f6z\u00f6ss\u00e9gi munka sz\u00ednhely\u00e9n mentor v\u00e1laszt\u00e1sa k\u00f6telez\u0151 (a\/) illetve aj\u00e1nlott (b\/)!<\/p>\n<p><strong>Dokument\u00e1ci\u00f3:<\/strong><\/p>\n<p>MIKOR, HOL, MENNYI IDEIG, MILYEN TEV\u00c9KENYS\u00c9GET?<\/p>\n<ul>\n<li>Jelentkez\u00e9si lap, amely tartalmazza a k\u00f6z\u00f6ss\u00e9gi szolg\u00e1lat ter\u00fclet\u00e9t, idej\u00e9t \u00e9s a sz\u00fcl\u0151i beleegyez\u0151 nyilatkozatot.<\/li>\n<li>K\u00f6z\u00f6ss\u00e9gi szolg\u00e1lati napl\u00f3<\/li>\n<li>T\u00f6rzslap \u00e9s oszt\u00e1lynapl\u00f3: az oszt\u00e1lyf\u0151n\u00f6knek ezekben a dokumentumokban is vezetni kell az \u00e9ves elv\u00e9gzett k\u00f6z\u00f6ss\u00e9gi tev\u00e9kenys\u00e9get.<\/li>\n<li>\u00c9retts\u00e9gi \u00e9v\u00e9ben az iskola a k\u00f6z\u00f6ss\u00e9gi szolg\u00e1lat teljes\u00edt\u00e9s\u00e9r\u0151l 2 p\u00e9ld\u00e1nyban igazol\u00e1st ad.<\/li>\n<li>Az iskola az iratkezel\u00e9si szab\u00e1lyzatot k\u00f6vetve a dokument\u00e1ci\u00f3t r\u00f6gz\u00edti.<\/li>\n<li>Egy\u00fcttm\u0171k\u00f6d\u00e9si meg\u00e1llapod\u00e1s: iskol\u00e1n k\u00edv\u00fcli k\u00fcls\u0151 szervezet, (ill. mentor bevon\u00e1sakor) a felek egy\u00fcttm\u0171k\u00f6d\u00e9s\u00e9r\u0151l meg\u00e1llapod\u00e1st kell k\u00f6tni, mely tartalmazza a felek adatait, a v\u00e1llalt k\u00f6telezetts\u00e9get, az id\u0151tartamot, a mentor nev\u00e9t \u00e9s feladat\u00e1t!<\/li>\n<\/ul>\n<p>A tanul\u00f3 dokument\u00e1ci\u00f3s k\u00f6telezetts\u00e9gei:<\/p>\n<ul>\n<li>A k\u00f6z\u00f6ss\u00e9gi munka megkezd\u00e9sekor egy arra rendszeres\u00edtett, az iskola \u00e1ltal hiteles\u00edtett napl\u00f3t nyit \u2013 K\u00f6z\u00f6ss\u00e9gi szolg\u00e1lati napl\u00f3 -, melyben vezeti az alapvet\u0151 inform\u00e1ci\u00f3kon k\u00edv\u00fcl a tapasztalatait, \u00e9szrev\u00e9teleit!<\/li>\n<li>Minden alkalommal mag\u00e1val viszi a k\u00f6z\u00f6ss\u00e9gi szolg\u00e1lati napl\u00f3t, melyet a munka v\u00e9gezt\u00e9vel a helysz\u00ednen al\u00e1\u00edrat, hiteles\u00edttet!<br \/>\n(Amennyiben a di\u00e1k saj\u00e1t maga int\u00e9zi a fogad\u00f3 szervezettel a kapcsolatfelv\u00e9telt, stb. akkor az egy\u00fcttm\u0171k\u00f6d\u00e9si meg\u00e1llapod\u00e1st is szerencs\u00e9s, ha mag\u00e1val viszi \u00e9s kit\u00f6lteti.)<\/li>\n<\/ul>\n<p>\nLet\u00f6lthet\u0151 dokumentumok:<\/p>\n<p>Jelentkez\u00e9si lap \u00e9s sz\u00fcl\u0151i beleegyez\u0151 nyilatkozat: szerkeszthet\u0151 <a href=\"https:\/\/semmelweis.hu\/raoulwallenberg\/files\/2025\/11\/jelentkezesi_lap_kozossegi_szolg.docx\">jelentkezesi_lap_kozossegi_szolg<\/a><br \/>\nEgy\u00fcttm\u0171k\u00f6d\u00e9si meg\u00e1llapod\u00e1s: szerkeszthet\u0151 <a href=\"https:\/\/semmelweis.hu\/raoulwallenberg\/files\/2025\/11\/Egyuttmukodesi-szerzodes.doc\">Egy\u00fcttm\u00fck\u0151d\u00e9si szerz\u0151d\u00e9s<\/a><\/p>\n","protected":false},"excerpt":{"rendered":"<p>Mi\u00e9rt hasznos? Szem\u00e9lyis\u00e9g fejleszt\u0151 hat\u00e1s\u00fa. \u00c9rz\u00e9keny\u00edt. Kapcsolatokat \u00e9p\u00edt. J\u00f3 gyakorlatszerz\u00e9si lehet\u0151s\u00e9g. Er\u0151s\u00edti a t\u00e1rsadalmi felel\u0151ss\u00e9gv\u00e1llal\u00e1st. K\u00f6z\u00f6ss\u00e9gi szolg\u00e1lattal kapcsolatos rendelkez\u00e9sek: Iskola feladata: Megszervezni a k\u00f6z\u00f6ss\u00e9gi szolg\u00e1lat dokument\u00e1l\u00e1s\u00e1t, az iratkezel\u00e9si szab\u00e1lyok szerint. Az iskola (oszt\u00e1lyf\u0151n\u00f6k, vagy ez\u00e9rt felel\u0151s szem\u00e9ly) tarthat felk\u00e9sz\u00edt\u0151 foglalkoz\u00e1st a k\u00f6z\u00f6ss\u00e9gi szolg\u00e1latr\u00f3l, mely el\u0151k\u00e9sz\u00edti a di\u00e1kok tev\u00e9kenys\u00e9g\u00e9t \u00e9s besz\u00e1m\u00edthat\u00f3 a k\u00f6z\u00f6ss\u00e9gi szolg\u00e1lati 50 \u00f3r\u00e1ba. &hellip;<\/p>\n","protected":false},"author":101765,"featured_media":0,"parent":294,"menu_order":2,"comment_status":"closed","ping_status":"closed","template":"","meta":{"_acf_changed":false,"footnotes":""},"categories":[],"tags":[],"class_list":["post-389","page","type-page","status-publish","hentry"],"acf":[],"_links":{"self":[{"href":"https:\/\/semmelweis.hu\/raoulwallenberg\/wp-json\/wp\/v2\/pages\/389","targetHints":{"allow":["GET"]}}],"collection":[{"href":"https:\/\/semmelweis.hu\/raoulwallenberg\/wp-json\/wp\/v2\/pages"}],"about":[{"href":"https:\/\/semmelweis.hu\/raoulwallenberg\/wp-json\/wp\/v2\/types\/page"}],"author":[{"embeddable":true,"href":"https:\/\/semmelweis.hu\/raoulwallenberg\/wp-json\/wp\/v2\/users\/101765"}],"replies":[{"embeddable":true,"href":"https:\/\/semmelweis.hu\/raoulwallenberg\/wp-json\/wp\/v2\/comments?post=389"}],"version-history":[{"count":6,"href":"https:\/\/semmelweis.hu\/raoulwallenberg\/wp-json\/wp\/v2\/pages\/389\/revisions"}],"predecessor-version":[{"id":2541,"href":"https:\/\/semmelweis.hu\/raoulwallenberg\/wp-json\/wp\/v2\/pages\/389\/revisions\/2541"}],"up":[{"embeddable":true,"href":"https:\/\/semmelweis.hu\/raoulwallenberg\/wp-json\/wp\/v2\/pages\/294"}],"wp:attachment":[{"href":"https:\/\/semmelweis.hu\/raoulwallenberg\/wp-json\/wp\/v2\/media?parent=389"}],"wp:term":[{"taxonomy":"category","embeddable":true,"href":"https:\/\/semmelweis.hu\/raoulwallenberg\/wp-json\/wp\/v2\/categories?post=389"},{"taxonomy":"post_tag","embeddable":true,"href":"https:\/\/semmelweis.hu\/raoulwallenberg\/wp-json\/wp\/v2\/tags?post=389"}],"curies":[{"name":"wp","href":"https:\/\/api.w.org\/{rel}","templated":true}]}}