{"id":382,"date":"2020-12-28T19:13:57","date_gmt":"2020-12-28T18:13:57","guid":{"rendered":"http:\/\/semmelweis.hu\/raoulwallenberg\/?page_id=382"},"modified":"2021-02-10T14:59:25","modified_gmt":"2021-02-10T13:59:25","slug":"pszichologus","status":"publish","type":"page","link":"https:\/\/semmelweis.hu\/raoulwallenberg\/tanuloinknak\/pszichologus\/","title":{"rendered":"Pszichol\u00f3gus"},"content":{"rendered":"<p>PSZICHOL\u00d3GUS SZOLG\u00c1LTAT\u00c1SOK<\/p>\n<p>Sz\u00edvesen seg\u00edtek Neked, ha&#8230;<\/p>\n<p><strong>az iskol\u00e1ban<img loading=\"lazy\" decoding=\"async\" class=\"size-full wp-image-383 alignright\" src=\"https:\/\/semmelweis.hu\/raoulwallenberg\/files\/2020\/12\/pszichologus1.png\" alt=\"\" width=\"100\" height=\"100\" \/><\/strong><\/p>\n<ul>\n<li>nehezen tudsz koncentr\u00e1lni<\/li>\n<li>nem \u00fagy megy a tanul\u00e1s, ahogy szeretn\u00e9d<\/li>\n<li>nagyon izgulsz felel\u00e9sek, dolgozatok el\u0151tt<\/li>\n<li>nem \u00e9rzed j\u00f3l magad<\/li>\n<li>nem tudod milyen iskol\u00e1t, milyen szakm\u00e1t v\u00e1lassz \u00e9retts\u00e9gi ut\u00e1n<\/li>\n<\/ul>\n<p><strong>otthon<\/strong><\/p>\n<ul>\n<li>\u00fagy \u00e9rzed senki sem \u00e9rt meg<\/li>\n<li>nem tudod, hogy besz\u00e9lhetn\u00e9l meg valamit a sz\u00fcleiddel<\/li>\n<li>elvesztett\u00e9l valakit<\/li>\n<li>nem \u00e9rzed j\u00f3l magad<\/li>\n<\/ul>\n<p><strong>p\u00e1rkapcsolatban<\/strong><\/p>\n<ul>\n<li>szak\u00edtottatok \u00e9s nem tudod, hogyan tov\u00e1bb<\/li>\n<li>valami zavar van a kapcsolatotokban<\/li>\n<\/ul>\n<p>Ha ilyen vagy hasonl\u00f3 k\u00e9rd\u00e9sek foglalkoztatnak \u00e9s \u00fagy \u00e9rzed, j\u00f3 lenne \u00e1tbesz\u00e9lni, m\u00e1s szemsz\u00f6gb\u0151l \u00e1tgondolni \u2013 gyere meghallgatlak!<\/p>\n<p><strong>212-es szoba Benda Vikt\u00f3ria &#8211; PSZICHOL\u00d3GUS <\/strong><\/p>\n<p>E-mail: <a href=\"mailto:bendaviki@r-wallenberg.hu\">bendaviki@r-wallenberg.hu<\/a><\/p>\n<p>Id\u0151pont: h\u00e9tf\u0151n 8:00 \u2013 15:00, p\u00e9nteken 9:00 \u2013 14:00<\/p>\n","protected":false},"excerpt":{"rendered":"<p>PSZICHOL\u00d3GUS SZOLG\u00c1LTAT\u00c1SOK Sz\u00edvesen seg\u00edtek Neked, ha&#8230; az iskol\u00e1ban nehezen tudsz koncentr\u00e1lni nem \u00fagy megy a tanul\u00e1s, ahogy szeretn\u00e9d nagyon izgulsz felel\u00e9sek, dolgozatok el\u0151tt nem \u00e9rzed j\u00f3l magad nem tudod milyen iskol\u00e1t, milyen szakm\u00e1t v\u00e1lassz \u00e9retts\u00e9gi ut\u00e1n otthon \u00fagy \u00e9rzed senki sem \u00e9rt meg nem tudod, hogy besz\u00e9lhetn\u00e9l meg valamit a sz\u00fcleiddel elvesztett\u00e9l valakit nem \u00e9rzed &hellip;<\/p>\n","protected":false},"author":101765,"featured_media":0,"parent":294,"menu_order":6,"comment_status":"closed","ping_status":"closed","template":"","meta":{"_acf_changed":false,"footnotes":""},"categories":[],"tags":[],"class_list":["post-382","page","type-page","status-publish","hentry"],"acf":[],"_links":{"self":[{"href":"https:\/\/semmelweis.hu\/raoulwallenberg\/wp-json\/wp\/v2\/pages\/382","targetHints":{"allow":["GET"]}}],"collection":[{"href":"https:\/\/semmelweis.hu\/raoulwallenberg\/wp-json\/wp\/v2\/pages"}],"about":[{"href":"https:\/\/semmelweis.hu\/raoulwallenberg\/wp-json\/wp\/v2\/types\/page"}],"author":[{"embeddable":true,"href":"https:\/\/semmelweis.hu\/raoulwallenberg\/wp-json\/wp\/v2\/users\/101765"}],"replies":[{"embeddable":true,"href":"https:\/\/semmelweis.hu\/raoulwallenberg\/wp-json\/wp\/v2\/comments?post=382"}],"version-history":[{"count":1,"href":"https:\/\/semmelweis.hu\/raoulwallenberg\/wp-json\/wp\/v2\/pages\/382\/revisions"}],"predecessor-version":[{"id":384,"href":"https:\/\/semmelweis.hu\/raoulwallenberg\/wp-json\/wp\/v2\/pages\/382\/revisions\/384"}],"up":[{"embeddable":true,"href":"https:\/\/semmelweis.hu\/raoulwallenberg\/wp-json\/wp\/v2\/pages\/294"}],"wp:attachment":[{"href":"https:\/\/semmelweis.hu\/raoulwallenberg\/wp-json\/wp\/v2\/media?parent=382"}],"wp:term":[{"taxonomy":"category","embeddable":true,"href":"https:\/\/semmelweis.hu\/raoulwallenberg\/wp-json\/wp\/v2\/categories?post=382"},{"taxonomy":"post_tag","embeddable":true,"href":"https:\/\/semmelweis.hu\/raoulwallenberg\/wp-json\/wp\/v2\/tags?post=382"}],"curies":[{"name":"wp","href":"https:\/\/api.w.org\/{rel}","templated":true}]}}